{"id":10431,"date":"2020-11-18T15:54:04","date_gmt":"2020-11-18T14:54:04","guid":{"rendered":"https:\/\/goerdeler.lspb.de\/wordpress\/?page_id=10431"},"modified":"2022-11-16T10:21:55","modified_gmt":"2022-11-16T09:21:55","slug":"tag-der-offenen-tuer","status":"publish","type":"page","link":"https:\/\/goerdeler.lspb.de\/wordpress\/tag-der-offenen-tuer\/","title":{"rendered":"Das Goerdeler-Gymnasium digital"},"content":{"rendered":"\n<div class=\"wp-block-columns is-layout-flex wp-container-core-columns-is-layout-9d6595d7 wp-block-columns-is-layout-flex\">\n<div class=\"wp-block-column is-layout-flow wp-block-column-is-layout-flow\" style=\"flex-basis:10%\"><\/div>\n\n\n\n<div class=\"wp-block-column is-layout-flow wp-block-column-is-layout-flow\" style=\"flex-basis:80%\"><\/div>\n\n\n\n<div class=\"wp-block-column is-layout-flow wp-block-column-is-layout-flow\" style=\"flex-basis:10%\"><\/div>\n<\/div>\n\n\n\n<h2 class=\"has-background wp-block-heading\" style=\"background-color:#e5e9ec\">Lern- und Lebensraum Goerdeler-Gymnasium<\/h2>\n\n\n\n<iframe loading=\"lazy\" width=\"950\" height=\"535\" src=\"https:\/\/www.youtube.com\/embed\/ooRcb7mcsIA?rel=0\" frameborder=\"0\" allow=\"accelerometer; encrypted-media; gyroscope; picture-in-picture\" allowfullscreen=\"\">\n<\/iframe>\n\n\n\n<h4 class=\"has-text-align-center has-background wp-block-heading\" style=\"background-color:#e5e9ec\">? <a href=\"https:\/\/goerdeler.lspb.de\/wordpress\/wp-content\/uploads\/Goerdeler-ABC.pdf\" data-type=\"attachment\" data-id=\"13045\">Das Goerdeler-ABC<\/a><\/h4>\n\n\n\n<div class=\"wp-block-columns is-layout-flex wp-container-core-columns-is-layout-9d6595d7 wp-block-columns-is-layout-flex\">\n<div class=\"wp-block-column is-layout-flow wp-block-column-is-layout-flow\">\n<h3 class=\"has-text-align-center has-luminous-vivid-amber-background-color has-background wp-block-heading\">Mein 5. Schuljahr am GGP<\/h3>\n\n\n\n<iframe loading=\"lazy\" width=\"450\" height=\"260\" src=\"https:\/\/www.youtube.com\/embed\/zw2xNtB6hZE?rel=0\" frameborder=\"0\" allow=\"accelerometer; encrypted-media; gyroscope; picture-in-picture\" allowfullscreen=\"\">\n<\/iframe>\n\n\n\n<iframe loading=\"lazy\" width=\"450\" height=\"260\" src=\"https:\/\/www.youtube.com\/embed\/DX5qIz68oz8?rel=0\" frameborder=\"0\" allow=\"accelerometer; encrypted-media; gyroscope; picture-in-picture\" allowfullscreen=\"\">\n<\/iframe>\n\n\n\n<p class=\"has-text-align-center has-luminous-vivid-amber-background-color has-background\">? <a href=\"https:\/\/goerdeler.lspb.de\/wordpress\/mint\/\">Alle Informationen zu MINT am Goerdeler<\/a><\/p>\n\n\n\n<iframe loading=\"lazy\" width=\"450\" height=\"260\" src=\"https:\/\/www.youtube.com\/embed\/fcsRaZbT76Q?rel=0\" frameborder=\"0\" allow=\"accelerometer; encrypted-media; gyroscope; picture-in-picture\" allowfullscreen=\"\">\n<\/iframe>\n\n\n\n<p class=\"has-text-align-center has-luminous-vivid-amber-background-color has-background\">? <a href=\"https:\/\/goerdeler.lspb.de\/wordpress\/unsere-schule\/blaeserklasse\/\">Alle Informationen zur Bl\u00e4serklasse<\/a><\/p>\n<\/div>\n\n\n\n<div class=\"wp-block-column is-layout-flow wp-block-column-is-layout-flow\">\n<h3 class=\"has-text-align-center has-black-color has-vivid-green-cyan-background-color has-text-color has-background wp-block-heading\">Neu in der gymnasialen Oberstufe<\/h3>\n\n\n\n<iframe loading=\"lazy\" width=\"450\" height=\"260\" src=\"https:\/\/www.youtube.com\/embed\/rYns2dqwRVc?rel=0\" frameborder=\"0\" allow=\"accelerometer; encrypted-media; gyroscope; picture-in-picture\" allowfullscreen=\"\">\n<\/iframe>\n\n\n\n<p class=\"has-text-align-center has-vivid-green-cyan-background-color has-background\">? <a href=\"https:\/\/goerdeler.lspb.de\/wordpress\/wp-content\/uploads\/Praesentation-Buendelungsjahrgang.pdf\" data-type=\"attachment\" data-id=\"13040\">Dein Weg zum Abitur 2026<\/a><\/p>\n<\/div>\n<\/div>\n\n\n\n<h2 class=\"has-background wp-block-heading\" style=\"background-color:#e5e9ec\">Einige F\u00e4cher und Klassen stellen sich vor<\/h2>\n\n\n\n<div class=\"wp-block-columns is-layout-flex wp-container-core-columns-is-layout-9d6595d7 wp-block-columns-is-layout-flex\">\n<div class=\"wp-block-column is-layout-flow wp-block-column-is-layout-flow\">\n<h3 class=\"has-text-align-center has-luminous-vivid-amber-background-color has-background wp-block-heading\">&#8230;f\u00fcr die 5. Klasse<\/h3>\n\n\n\n<iframe loading=\"lazy\" width=\"450\" height=\"260\" src=\"https:\/\/www.youtube.com\/embed\/CWPwrrshzvI?rel=0\" frameborder=\"0\" allow=\"accelerometer; encrypted-media; gyroscope; picture-in-picture\" allowfullscreen=\"\">\n<\/iframe>\n\n\n\n<p class=\"has-text-align-center has-luminous-vivid-amber-background-color has-background\">? <a href=\"https:\/\/goerdeler.lspb.de\/wordpress\/unterricht\/biologie\/\">Zur Fachseite <em>Biologie<\/em><\/a><\/p>\n\n\n\n<iframe loading=\"lazy\" width=\"450\" height=\"260\" src=\"https:\/\/www.youtube.com\/embed\/T3kgUU88FkE?rel=0\" frameborder=\"0\" allow=\"accelerometer; encrypted-media; gyroscope; picture-in-picture\" allowfullscreen=\"\">\n<\/iframe>\n\n\n\n<p class=\"has-text-align-center has-luminous-vivid-amber-background-color has-background\">? <a href=\"https:\/\/goerdeler.lspb.de\/wordpress\/unterricht\/deutsch\/\">zur Fachseite <em>Deutsch<\/em><\/a><\/p>\n\n\n\n<iframe loading=\"lazy\" width=\"450\" height=\"260\" src=\"https:\/\/www.youtube.com\/embed\/J-PeQ3Sda2c?rel=0\" frameborder=\"0\" allow=\"accelerometer; encrypted-media; gyroscope; picture-in-picture\" allowfullscreen=\"\">\n<\/iframe>\n\n\n\n<iframe loading=\"lazy\" width=\"450\" height=\"260\" src=\"https:\/\/www.youtube.com\/embed\/K6XpvhOWCgw?rel=0\" frameborder=\"0\" allow=\"accelerometer; encrypted-media; gyroscope; picture-in-picture\" allowfullscreen=\"\">\n<\/iframe>\n\n\n\n<p class=\"has-text-align-center has-luminous-vivid-amber-background-color has-background\">? <a href=\"https:\/\/goerdeler.lspb.de\/wordpress\/unterricht\/englisch\/\">zur Fachseite <em>Englisch<\/em><\/a><\/p>\n<\/div>\n\n\n\n<div class=\"wp-block-column is-layout-flow wp-block-column-is-layout-flow\">\n<h3 class=\"has-text-align-center has-vivid-green-cyan-background-color has-background wp-block-heading\">&#8230;f\u00fcr die Oberstufe<\/h3>\n\n\n\n<iframe loading=\"lazy\" width=\"450\" height=\"260\" src=\"https:\/\/www.youtube.com\/embed\/qpDwlyGdoEA?rel=0\" frameborder=\"0\" allow=\"accelerometer; encrypted-media; gyroscope; picture-in-picture\" allowfullscreen=\"\">\n<\/iframe>\n\n\n\n<p class=\"has-text-align-center has-vivid-green-cyan-background-color has-background\">? <a href=\"https:\/\/goerdeler.lspb.de\/wordpress\/unterricht\/chemie\/\">Zur Fachseite <em>Chemie<\/em><\/a><\/p>\n\n\n\n<iframe loading=\"lazy\" width=\"450\" height=\"260\" src=\"https:\/\/www.youtube.com\/embed\/9LXam3EfEg8?rel=0\" frameborder=\"0\" allow=\"accelerometer; encrypted-media; gyroscope; picture-in-picture\" allowfullscreen=\"\">\n<\/iframe>\n\n\n\n<p class=\"has-text-align-center has-vivid-green-cyan-background-color has-background\">? <a href=\"https:\/\/goerdeler.lspb.de\/wordpress\/unterricht\/englisch\/\">zur Fachseite <em>Englisch<\/em><\/a><\/p>\n\n\n\n<iframe loading=\"lazy\" width=\"450\" height=\"260\" src=\"https:\/\/www.youtube.com\/embed\/_V5KmoIWMvQ?rel=0\" frameborder=\"0\" allow=\"accelerometer; encrypted-media; gyroscope; picture-in-picture\" allowfullscreen=\"\">\n<\/iframe>\n\n\n\n<iframe loading=\"lazy\" width=\"450\" height=\"260\" src=\"https:\/\/www.youtube.com\/embed\/JygPoCI72SM?rel=0\" frameborder=\"0\" allow=\"accelerometer; encrypted-media; gyroscope; picture-in-picture\" allowfullscreen=\"\">\n<\/iframe>\n\n\n\n<p class=\"has-text-align-center has-vivid-green-cyan-background-color has-background\">? <a href=\"https:\/\/goerdeler.lspb.de\/wordpress\/unterricht\/spanisch\/\">Zur Fachseite <em>Spanisch<\/em><\/a><\/p>\n<\/div>\n<\/div>\n\n\n\n<div class=\"wp-block-columns is-layout-flex wp-container-core-columns-is-layout-9d6595d7 wp-block-columns-is-layout-flex\">\n<div class=\"wp-block-column is-layout-flow wp-block-column-is-layout-flow\">\n<iframe loading=\"lazy\" width=\"450\" height=\"260\" src=\"https:\/\/www.youtube.com\/embed\/FfWgX93u6r8?rel=0\" frameborder=\"0\" allow=\"accelerometer; encrypted-media; gyroscope; picture-in-picture\" allowfullscreen=\"\">\n<\/iframe>\n\n\n\n<iframe loading=\"lazy\" width=\"450\" height=\"260\" src=\"https:\/\/www.youtube.com\/embed\/aBwVgI6Qa90?rel=0\" frameborder=\"0\" allow=\"accelerometer; encrypted-media; gyroscope; picture-in-picture\" allowfullscreen=\"\">\n<\/iframe>\n\n\n\n<p class=\"has-text-align-center has-luminous-vivid-amber-background-color has-background\">?<a href=\"https:\/\/goerdeler.lspb.de\/wordpress\/unterricht\/kunst\"> Zur Fachseite <em>Kunst<\/em><\/a><\/p>\n<\/div>\n\n\n\n<div class=\"wp-block-column is-layout-flow wp-block-column-is-layout-flow\">\n<iframe loading=\"lazy\" width=\"450\" height=\"260\" src=\"https:\/\/www.youtube.com\/embed\/xcp1YwUZioo?rel=0\" frameborder=\"0\" allow=\"accelerometer; encrypted-media; gyroscope; picture-in-picture\" allowfullscreen=\"\">\n<\/iframe>\n\n\n\n<iframe loading=\"lazy\" width=\"450\" height=\"260\" src=\"https:\/\/www.youtube.com\/embed\/ITfAyu_2hdo?rel=0\" frameborder=\"0\" allow=\"accelerometer; encrypted-media; gyroscope; picture-in-picture\" allowfullscreen=\"\">\n<\/iframe>\n\n\n\n<p class=\"has-text-align-center has-vivid-green-cyan-background-color has-background\">? <a href=\"https:\/\/goerdeler.lspb.de\/wordpress\/unterricht\/kunst\">Zur Fachseite <em>Kunst<\/em><\/a><\/p>\n<\/div>\n<\/div>\n\n\n\n<p>Wenn Sie sich \u00fcber die weiteren F\u00e4cher des Goerdeler-Gymnasiums informieren m\u00f6chten, finden Sie im Men\u00fc unter &#8222;Unterricht &gt; F\u00e4cher&#8220; alle weiteren Informationen.<\/p>\n\n\n\n<div class=\"wp-block-columns is-layout-flex wp-container-core-columns-is-layout-9d6595d7 wp-block-columns-is-layout-flex\">\n<div class=\"wp-block-column has-white-background-color has-background is-layout-flow wp-block-column-is-layout-flow\">\n<h2 class=\"has-text-align-center has-background wp-block-heading\" style=\"background-color:#e5e9ec\">Austausch mit der Attenborough School in Sennelager<\/h2>\n\n\n\n<iframe loading=\"lazy\" width=\"900\" height=\"520\" src=\"https:\/\/www.youtube.com\/embed\/eXNucl_RIsM?rel=0\" frameborder=\"0\" allow=\"accelerometer; encrypted-media; gyroscope; picture-in-picture\" allowfullscreen=\"\">\n<\/iframe>\n<\/div>\n<\/div>\n\n\n\n<div class=\"wp-block-columns is-layout-flex wp-container-core-columns-is-layout-9d6595d7 wp-block-columns-is-layout-flex\">\n<div class=\"wp-block-column is-layout-flow wp-block-column-is-layout-flow\">\n<h2 class=\"has-background wp-block-heading\" style=\"background-color:#e5e9ec\">\u00dcbermittagsbetreuung<\/h2>\n\n\n\n<figure class=\"wp-block-image size-large is-resized is-style-default\"><img loading=\"lazy\" decoding=\"async\" src=\"https:\/\/goerdeler.lspb.de\/wordpress\/wp-content\/uploads\/Uebemittagsbetreuug-1024x724.png\" alt=\"\" class=\"wp-image-10522\" width=\"512\" height=\"362\" srcset=\"https:\/\/goerdeler.lspb.de\/wordpress\/wp-content\/uploads\/Uebemittagsbetreuug-1024x724.png 1024w, https:\/\/goerdeler.lspb.de\/wordpress\/wp-content\/uploads\/Uebemittagsbetreuug-300x212.png 300w, https:\/\/goerdeler.lspb.de\/wordpress\/wp-content\/uploads\/Uebemittagsbetreuug-768x543.png 768w, https:\/\/goerdeler.lspb.de\/wordpress\/wp-content\/uploads\/Uebemittagsbetreuug-1536x1086.png 1536w, https:\/\/goerdeler.lspb.de\/wordpress\/wp-content\/uploads\/Uebemittagsbetreuug.png 1683w\" sizes=\"auto, (max-width: 512px) 100vw, 512px\" \/><\/figure>\n\n\n\n<p class=\"has-text-align-center has-luminous-vivid-amber-background-color has-background\">? <a href=\"https:\/\/goerdeler.lspb.de\/wordpress\/profil\/paed-uebermittagsbetreuung\/\">Zur Info-Seite <em>\u00dcbermittagsbetreuung<\/em><\/a><\/p>\n<\/div>\n\n\n\n<div class=\"wp-block-column is-layout-flow wp-block-column-is-layout-flow\">\n<h2 class=\"has-background wp-block-heading\" style=\"background-color:#e5e9ec\">Berufsorientierung<\/h2>\n\n\n\n<iframe loading=\"lazy\" width=\"450\" height=\"337\" src=\"https:\/\/www.youtube.com\/embed\/tqp7P88AIDI?rel=0\" frameborder=\"0\" allow=\"accelerometer; encrypted-media; gyroscope; picture-in-picture\" allowfullscreen=\"\">\n<\/iframe>\n\n\n\n<p class=\"has-text-align-center has-vivid-green-cyan-background-color has-background\">? <a href=\"https:\/\/goerdeler.lspb.de\/wordpress\/unsere-schule\/berufsorientierungswoche\/\">Zur Info-Seite <em>Berufs- und Studienorientierung<\/em><\/a><\/p>\n<\/div>\n<\/div>\n\n\n\n<div class=\"wp-block-columns is-layout-flex wp-container-core-columns-is-layout-9d6595d7 wp-block-columns-is-layout-flex\">\n<div class=\"wp-block-column is-layout-flow wp-block-column-is-layout-flow\">\n<h3 class=\"has-background wp-block-heading\" style=\"background-color:#e5e9ec\">Unsere Sch\u00fclervertretung<\/h3>\n\n\n\n<iframe loading=\"lazy\" width=\"450\" height=\"260\" src=\"https:\/\/www.youtube.com\/embed\/ZZNIXtK9Jc4?rel=0\" frameborder=\"0\" allow=\"accelerometer; encrypted-media; gyroscope; picture-in-picture\" allowfullscreen=\"\">\n<\/iframe>\n\n\n\n<p class=\"has-text-align-center has-luminous-vivid-amber-background-color has-background\">?<a href=\"https:\/\/goerdeler.lspb.de\/wordpress\/personen\/sv\/\"> Zur SV-Seite<\/a><\/p>\n<\/div>\n\n\n\n<div class=\"wp-block-column is-layout-flow wp-block-column-is-layout-flow\">\n<h3 class=\"has-background wp-block-heading\" style=\"background-color:#e5e9ec\">Elternpflegschaft<\/h3>\n\n\n<div class=\"wp-block-image\">\n<figure class=\"aligncenter size-full is-resized\"><img loading=\"lazy\" decoding=\"async\" src=\"https:\/\/goerdeler.lspb.de\/wordpress\/wp-content\/uploads\/Schulpflegschaft-20-21-Start.png\" alt=\"\" class=\"wp-image-10634\" width=\"500\" height=\"375\" srcset=\"https:\/\/goerdeler.lspb.de\/wordpress\/wp-content\/uploads\/Schulpflegschaft-20-21-Start.png 1000w, https:\/\/goerdeler.lspb.de\/wordpress\/wp-content\/uploads\/Schulpflegschaft-20-21-Start-300x225.png 300w, https:\/\/goerdeler.lspb.de\/wordpress\/wp-content\/uploads\/Schulpflegschaft-20-21-Start-768x576.png 768w, https:\/\/goerdeler.lspb.de\/wordpress\/wp-content\/uploads\/Schulpflegschaft-20-21-Start-585x440.png 585w, https:\/\/goerdeler.lspb.de\/wordpress\/wp-content\/uploads\/Schulpflegschaft-20-21-Start-230x172.png 230w\" sizes=\"auto, (max-width: 500px) 100vw, 500px\" \/><\/figure>\n<\/div>\n\n\n<p class=\"has-text-align-center has-vivid-green-cyan-background-color has-background\">? <a href=\"https:\/\/goerdeler.lspb.de\/wordpress\/wp-content\/uploads\/Praesentation-Schulpflegschaft-20-21.pdf\">Zur Pr\u00e4sentation <em>Die Schulpflegschaft 2020\/2021<\/em><\/a><br><br>? <a href=\"https:\/\/goerdeler.lspb.de\/wordpress\/personen\/eltern\/\">Unsere <em>Einladung zur Mitwirkung an die Eltern<\/em><\/a><\/p>\n<\/div>\n<\/div>\n","protected":false},"excerpt":{"rendered":"<p>Lern- und Lebensraum Goerdeler-Gymnasium ? Das Goerdeler-ABC Mein 5. Schuljahr am GGP ? Alle Informationen zu MINT am Goerdeler ? Alle Informationen zur Bl\u00e4serklasse Neu in der gymnasialen Oberstufe ? Dein Weg zum Abitur 2026 Einige F\u00e4cher und Klassen stellen sich vor &#8230;f\u00fcr die 5. Klasse ? Zur Fachseite Biologie ? zur Fachseite Deutsch ? [&hellip;]<\/p>\n","protected":false},"author":2,"featured_media":0,"parent":0,"menu_order":1,"comment_status":"closed","ping_status":"closed","template":"","meta":{"_themeisle_gutenberg_block_has_review":false,"_mc_calendar":[],"footnotes":""},"class_list":["post-10431","page","type-page","status-publish","hentry"],"_links":{"self":[{"href":"https:\/\/goerdeler.lspb.de\/wordpress\/wp-json\/wp\/v2\/pages\/10431","targetHints":{"allow":["GET"]}}],"collection":[{"href":"https:\/\/goerdeler.lspb.de\/wordpress\/wp-json\/wp\/v2\/pages"}],"about":[{"href":"https:\/\/goerdeler.lspb.de\/wordpress\/wp-json\/wp\/v2\/types\/page"}],"author":[{"embeddable":true,"href":"https:\/\/goerdeler.lspb.de\/wordpress\/wp-json\/wp\/v2\/users\/2"}],"replies":[{"embeddable":true,"href":"https:\/\/goerdeler.lspb.de\/wordpress\/wp-json\/wp\/v2\/comments?post=10431"}],"version-history":[{"count":111,"href":"https:\/\/goerdeler.lspb.de\/wordpress\/wp-json\/wp\/v2\/pages\/10431\/revisions"}],"predecessor-version":[{"id":13059,"href":"https:\/\/goerdeler.lspb.de\/wordpress\/wp-json\/wp\/v2\/pages\/10431\/revisions\/13059"}],"wp:attachment":[{"href":"https:\/\/goerdeler.lspb.de\/wordpress\/wp-json\/wp\/v2\/media?parent=10431"}],"curies":[{"name":"wp","href":"https:\/\/api.w.org\/{rel}","templated":true}]}}