{"id":11085,"date":"2021-04-20T15:37:16","date_gmt":"2021-04-20T13:37:16","guid":{"rendered":"https:\/\/goerdeler.lspb.de\/wordpress\/?page_id=11085"},"modified":"2023-08-22T15:00:45","modified_gmt":"2023-08-22T13:00:45","slug":"schulsozialarbeit","status":"publish","type":"page","link":"https:\/\/goerdeler.lspb.de\/wordpress\/personen\/schulsozialarbeit\/","title":{"rendered":"Schulsozialarbeit"},"content":{"rendered":"\n<p>Neben dem bereits vorhandenen Beratungsangebot der Beratungslehrkr\u00e4fte besteht f\u00fcr die Sch\u00fcler:innen sowie f\u00fcr Eltern und Lehrkr\u00e4fte die M\u00f6glichkeit, Kontakt zur Schulsozialarbeiterin aufzunehmen.<\/p>\n\n\n\n<p>Ich m\u00f6chte mich gerne bei Ihnen\/euch vorstellen.<\/p>\n\n\n<div class=\"wp-block-image\">\n<figure class=\"aligncenter size-large is-resized\"><a href=\"https:\/\/goerdeler.lspb.de\/wordpress\/wp-content\/uploads\/2022-09-06_Osch-scaled.jpg\"><img loading=\"lazy\" decoding=\"async\" src=\"https:\/\/goerdeler.lspb.de\/wordpress\/wp-content\/uploads\/2022-09-06_Osch-1024x768.jpg\" alt=\"\" class=\"wp-image-12753\" style=\"width:512px;height:384px\" width=\"512\" height=\"384\" srcset=\"https:\/\/goerdeler.lspb.de\/wordpress\/wp-content\/uploads\/2022-09-06_Osch-1024x768.jpg 1024w, https:\/\/goerdeler.lspb.de\/wordpress\/wp-content\/uploads\/2022-09-06_Osch-300x225.jpg 300w, https:\/\/goerdeler.lspb.de\/wordpress\/wp-content\/uploads\/2022-09-06_Osch-768x576.jpg 768w, https:\/\/goerdeler.lspb.de\/wordpress\/wp-content\/uploads\/2022-09-06_Osch-1536x1152.jpg 1536w, https:\/\/goerdeler.lspb.de\/wordpress\/wp-content\/uploads\/2022-09-06_Osch-2048x1536.jpg 2048w, https:\/\/goerdeler.lspb.de\/wordpress\/wp-content\/uploads\/2022-09-06_Osch-585x440.jpg 585w, https:\/\/goerdeler.lspb.de\/wordpress\/wp-content\/uploads\/2022-09-06_Osch-230x172.jpg 230w\" sizes=\"auto, (max-width: 512px) 100vw, 512px\" \/><\/a><\/figure>\n<\/div>\n\n\n<div class=\"wp-block-columns is-layout-flex wp-container-core-columns-is-layout-9d6595d7 wp-block-columns-is-layout-flex\">\n<div class=\"wp-block-column is-layout-flow wp-block-column-is-layout-flow\" style=\"flex-basis:100%\"><\/div>\n<\/div>\n\n\n\n<p><\/p>\n\n\n\n<p>Mein Name ist Susanne Oschecker und ich bin im Auftrag der Stadt Paderborn im Bereich der schulbezogenen Sozialarbeit am Goerdeler-Gymnasium t\u00e4tig.<\/p>\n\n\n\n<p>Ich bin begleitend und unterst\u00fctzend Ansprechpartnerin bei Fragen, Sorgen und Herausforderungen innerhalb der Schule und des famili\u00e4ren Umfeldes. Das k\u00f6nnen u. a. Konflikte mit Mitsch\u00fclern oder Lehrern, Mobbing, Schulunlust, Leistungsdruck, Schwierigkeiten beim Wechsel von der Grundschule auf die weiterf\u00fchrende Schule etc. sein.<\/p>\n\n\n\n<p>Zu meinen Aufgaben geh\u00f6ren u.a.:<\/p>\n\n\n\n<ul class=\"wp-block-list\">\n<li>Beratung und Krisenintervention<\/li>\n\n\n\n<li>Individuelle Einzelfallhilfe<\/li>\n\n\n\n<li>Hospitationen im Unterricht<\/li>\n\n\n\n<li>Sozialp\u00e4dagogische Angebote im Klassenverband<\/li>\n\n\n\n<li>Pr\u00e4ventions- und Projektarbeit<\/li>\n\n\n\n<li>Kooperation und Vernetzung mit Beratungsstellen, Jugendamt, Therapeuten, Vereinen etc.<\/li>\n<\/ul>\n\n\n\n<p>Alle Aufgaben und Angebote basieren auf der Grundlage der Freiwilligkeit. Die Beratung ist vertraulich und kostenlos und kann, wenn gew\u00fcnscht, anonym in Anspruch genommen werden.<\/p>\n\n\n\n<p>Die Sch\u00fcler:innen k\u00f6nnen mich jederzeit w\u00e4hrend der Sprechzeiten (siehe unten) aufsuchen. Dar\u00fcber hinaus ist es auch m\u00f6glich, Termine au\u00dferhalb dieser Zeiten zu vereinbaren. Nach Absprache sind auch Hausbesuche m\u00f6glich.<\/p>\n\n\n\n<p>Unsere Beratungsangebote und Kontaktdaten sind kompakt in diesem <a href=\"https:\/\/goerdeler.lspb.de\/wordpress\/wp-content\/uploads\/13_2023_Beratung_Flyer.pdf\">Flyer<\/a> zusammengefasst. <\/p>\n\n\n\n<figure class=\"wp-block-table\"><table><tbody><tr><td>Susannne Oschecker<br><br>Montag \u2013 Mittwoch 8.00 bis 13.00 Uhr<br>Donnerstags nach Vereinbarung<br><br>Raum: C2.28<br>Mobil: 0151 &#8211; 10615298<br>Email: s.oschecker@paderborn.de<\/td><\/tr><\/tbody><\/table><\/figure>\n\n\n\n<p><br><br><\/p>\n\n\n\n<figure class=\"wp-block-gallery has-nested-images columns-default is-cropped wp-block-gallery-1 is-layout-flex wp-block-gallery-is-layout-flex\"><\/figure>\n","protected":false},"excerpt":{"rendered":"<p>Neben dem bereits vorhandenen Beratungsangebot der Beratungslehrkr\u00e4fte besteht f\u00fcr die Sch\u00fcler:innen sowie f\u00fcr Eltern und Lehrkr\u00e4fte die M\u00f6glichkeit, Kontakt zur Schulsozialarbeiterin aufzunehmen. Ich m\u00f6chte mich gerne bei Ihnen\/euch vorstellen. Mein Name ist Susanne Oschecker und ich bin im Auftrag der Stadt Paderborn im Bereich der schulbezogenen Sozialarbeit am Goerdeler-Gymnasium t\u00e4tig. Ich bin begleitend und unterst\u00fctzend [&hellip;]<\/p>\n","protected":false},"author":11,"featured_media":0,"parent":4221,"menu_order":48,"comment_status":"closed","ping_status":"closed","template":"","meta":{"_themeisle_gutenberg_block_has_review":false,"_mc_calendar":[],"footnotes":""},"class_list":["post-11085","page","type-page","status-publish","hentry"],"_links":{"self":[{"href":"https:\/\/goerdeler.lspb.de\/wordpress\/wp-json\/wp\/v2\/pages\/11085","targetHints":{"allow":["GET"]}}],"collection":[{"href":"https:\/\/goerdeler.lspb.de\/wordpress\/wp-json\/wp\/v2\/pages"}],"about":[{"href":"https:\/\/goerdeler.lspb.de\/wordpress\/wp-json\/wp\/v2\/types\/page"}],"author":[{"embeddable":true,"href":"https:\/\/goerdeler.lspb.de\/wordpress\/wp-json\/wp\/v2\/users\/11"}],"replies":[{"embeddable":true,"href":"https:\/\/goerdeler.lspb.de\/wordpress\/wp-json\/wp\/v2\/comments?post=11085"}],"version-history":[{"count":14,"href":"https:\/\/goerdeler.lspb.de\/wordpress\/wp-json\/wp\/v2\/pages\/11085\/revisions"}],"predecessor-version":[{"id":14249,"href":"https:\/\/goerdeler.lspb.de\/wordpress\/wp-json\/wp\/v2\/pages\/11085\/revisions\/14249"}],"up":[{"embeddable":true,"href":"https:\/\/goerdeler.lspb.de\/wordpress\/wp-json\/wp\/v2\/pages\/4221"}],"wp:attachment":[{"href":"https:\/\/goerdeler.lspb.de\/wordpress\/wp-json\/wp\/v2\/media?parent=11085"}],"curies":[{"name":"wp","href":"https:\/\/api.w.org\/{rel}","templated":true}]}}