{"id":11743,"date":"2021-11-08T15:10:33","date_gmt":"2021-11-08T14:10:33","guid":{"rendered":"https:\/\/goerdeler.lspb.de\/wordpress\/?page_id=11743"},"modified":"2021-11-08T16:31:59","modified_gmt":"2021-11-08T15:31:59","slug":"luftsportgemeinschaft-e-v","status":"publish","type":"page","link":"https:\/\/goerdeler.lspb.de\/wordpress\/profil\/kooperationen\/luftsportgemeinschaft-e-v\/","title":{"rendered":"Luftsportgemeinschaft e.V."},"content":{"rendered":"\n<p>Unser Gymnasium ist Tr\u00e4gerschule der Sch\u00fclerfluggemeinschaft in Paderborn. Der Kooperationsvertrag zwischen dem Goerdeler, der Stadt Paderborn als Schultr\u00e4ger und der Luftsportgemeinschaft Paderborn e. V. wurde im Oktober 2021 unterzeichnet.Der Sch\u00fclerfluggemeinschaft k\u00f6nnen sich alle am Segelflug interessierten Paderborner Sch\u00fclerinnen und Sch\u00fclern ab 14 Jahren anschlie\u00dfen. Im Rahmen der Kooperation k\u00f6nnen die Mitglieder der Fluggemeinschaft ab 16 Jahren zudem eine Fluglizenz erwerben.<br>Voraussetzung f\u00fcr die Ausbildung im Segelflug ist die Mitgliedschaft in der Luftsportgemeinschaft Paderborn e. V. am Haxterberg.<\/p>\n\n\n\n<p><a href=\"https:\/\/lsg-paderborn.de\/\" data-type=\"URL\" data-id=\"https:\/\/lsg-paderborn.de\/\">www.lsg-paderborn.de<\/a><\/p>\n","protected":false},"excerpt":{"rendered":"<p>Unser Gymnasium ist Tr\u00e4gerschule der Sch\u00fclerfluggemeinschaft in Paderborn. Der Kooperationsvertrag zwischen dem Goerdeler, der Stadt Paderborn als Schultr\u00e4ger und der Luftsportgemeinschaft Paderborn e. V. wurde im Oktober 2021 unterzeichnet.Der Sch\u00fclerfluggemeinschaft k\u00f6nnen sich alle am Segelflug interessierten Paderborner Sch\u00fclerinnen und Sch\u00fclern ab 14 Jahren anschlie\u00dfen. Im Rahmen der Kooperation k\u00f6nnen die Mitglieder der Fluggemeinschaft ab 16 [&hellip;]<\/p>\n","protected":false},"author":11,"featured_media":11754,"parent":4326,"menu_order":19,"comment_status":"closed","ping_status":"closed","template":"","meta":{"_themeisle_gutenberg_block_has_review":false,"_mc_calendar":[],"footnotes":""},"class_list":["post-11743","page","type-page","status-publish","has-post-thumbnail","hentry"],"_links":{"self":[{"href":"https:\/\/goerdeler.lspb.de\/wordpress\/wp-json\/wp\/v2\/pages\/11743","targetHints":{"allow":["GET"]}}],"collection":[{"href":"https:\/\/goerdeler.lspb.de\/wordpress\/wp-json\/wp\/v2\/pages"}],"about":[{"href":"https:\/\/goerdeler.lspb.de\/wordpress\/wp-json\/wp\/v2\/types\/page"}],"author":[{"embeddable":true,"href":"https:\/\/goerdeler.lspb.de\/wordpress\/wp-json\/wp\/v2\/users\/11"}],"replies":[{"embeddable":true,"href":"https:\/\/goerdeler.lspb.de\/wordpress\/wp-json\/wp\/v2\/comments?post=11743"}],"version-history":[{"count":4,"href":"https:\/\/goerdeler.lspb.de\/wordpress\/wp-json\/wp\/v2\/pages\/11743\/revisions"}],"predecessor-version":[{"id":11755,"href":"https:\/\/goerdeler.lspb.de\/wordpress\/wp-json\/wp\/v2\/pages\/11743\/revisions\/11755"}],"up":[{"embeddable":true,"href":"https:\/\/goerdeler.lspb.de\/wordpress\/wp-json\/wp\/v2\/pages\/4326"}],"wp:featuredmedia":[{"embeddable":true,"href":"https:\/\/goerdeler.lspb.de\/wordpress\/wp-json\/wp\/v2\/media\/11754"}],"wp:attachment":[{"href":"https:\/\/goerdeler.lspb.de\/wordpress\/wp-json\/wp\/v2\/media?parent=11743"}],"curies":[{"name":"wp","href":"https:\/\/api.w.org\/{rel}","templated":true}]}}