{"id":12777,"date":"2022-09-07T08:54:01","date_gmt":"2022-09-07T06:54:01","guid":{"rendered":"https:\/\/goerdeler.lspb.de\/wordpress\/?page_id=12777"},"modified":"2022-09-07T08:58:23","modified_gmt":"2022-09-07T06:58:23","slug":"ag-jugend-praesentiert","status":"publish","type":"page","link":"https:\/\/goerdeler.lspb.de\/wordpress\/profil\/arbeitsgemeinschaften\/ag-jugend-praesentiert\/","title":{"rendered":"AG Jugend pr\u00e4sentiert"},"content":{"rendered":"\n<p>Im Schulalltag geht es immer wieder um das Darstellen von Wissen und Erkl\u00e4ren von Zusammenh\u00e4ngen. Doch wie pr\u00e4sentiere ich mein Fachwissen kompetent und selbstsicher? Was muss ich bei der Planung und Pr\u00e4sentation meines Vortrags beachten? Mit diesen Fragen besch\u00e4ftigten sich die Sch\u00fclerinnen und Sch\u00fcler in der der Jugend-pr\u00e4sentiert-AG.<\/p>\n\n\n\n<p>Anhand von praktischen \u00dcbungen werden Pr\u00e4sentationskompetenzen trainiert und Bewertungskritierien f\u00fcr eine gute Pr\u00e4sentation ermittelt.&nbsp;<\/p>\n\n\n\n<p>Anhand einer individuellen naturwissenschaftlich-technischen Forschungsfrage erstellen die Sch\u00fclerinnen und Sch\u00fcler einen naturwissenschaftlichen, adressatenorientierten Fachvortrag, mit welchem sie beim Bundeswettbewerb Jugend pr\u00e4sentiert teilnehmen k\u00f6nnen.&nbsp;<\/p>\n","protected":false},"excerpt":{"rendered":"<p>Im Schulalltag geht es immer wieder um das Darstellen von Wissen und Erkl\u00e4ren von Zusammenh\u00e4ngen. Doch wie pr\u00e4sentiere ich mein Fachwissen kompetent und selbstsicher? Was muss ich bei der Planung und Pr\u00e4sentation meines Vortrags beachten? Mit diesen Fragen besch\u00e4ftigten sich die Sch\u00fclerinnen und Sch\u00fcler in der der Jugend-pr\u00e4sentiert-AG. Anhand von praktischen \u00dcbungen werden Pr\u00e4sentationskompetenzen trainiert [&hellip;]<\/p>\n","protected":false},"author":2,"featured_media":12780,"parent":4332,"menu_order":15,"comment_status":"closed","ping_status":"closed","template":"","meta":{"_themeisle_gutenberg_block_has_review":false,"_mc_calendar":[],"footnotes":""},"class_list":["post-12777","page","type-page","status-publish","has-post-thumbnail","hentry"],"_links":{"self":[{"href":"https:\/\/goerdeler.lspb.de\/wordpress\/wp-json\/wp\/v2\/pages\/12777","targetHints":{"allow":["GET"]}}],"collection":[{"href":"https:\/\/goerdeler.lspb.de\/wordpress\/wp-json\/wp\/v2\/pages"}],"about":[{"href":"https:\/\/goerdeler.lspb.de\/wordpress\/wp-json\/wp\/v2\/types\/page"}],"author":[{"embeddable":true,"href":"https:\/\/goerdeler.lspb.de\/wordpress\/wp-json\/wp\/v2\/users\/2"}],"replies":[{"embeddable":true,"href":"https:\/\/goerdeler.lspb.de\/wordpress\/wp-json\/wp\/v2\/comments?post=12777"}],"version-history":[{"count":2,"href":"https:\/\/goerdeler.lspb.de\/wordpress\/wp-json\/wp\/v2\/pages\/12777\/revisions"}],"predecessor-version":[{"id":12781,"href":"https:\/\/goerdeler.lspb.de\/wordpress\/wp-json\/wp\/v2\/pages\/12777\/revisions\/12781"}],"up":[{"embeddable":true,"href":"https:\/\/goerdeler.lspb.de\/wordpress\/wp-json\/wp\/v2\/pages\/4332"}],"wp:featuredmedia":[{"embeddable":true,"href":"https:\/\/goerdeler.lspb.de\/wordpress\/wp-json\/wp\/v2\/media\/12780"}],"wp:attachment":[{"href":"https:\/\/goerdeler.lspb.de\/wordpress\/wp-json\/wp\/v2\/media?parent=12777"}],"curies":[{"name":"wp","href":"https:\/\/api.w.org\/{rel}","templated":true}]}}