{"id":12909,"date":"2022-10-17T15:20:34","date_gmt":"2022-10-17T13:20:34","guid":{"rendered":"https:\/\/goerdeler.lspb.de\/wordpress\/?page_id=12909"},"modified":"2023-09-11T15:14:17","modified_gmt":"2023-09-11T13:14:17","slug":"abitur-2026","status":"publish","type":"page","link":"https:\/\/goerdeler.lspb.de\/wordpress\/unsere-schule\/oberstufe\/abitur-2026\/","title":{"rendered":"Abitur 2026"},"content":{"rendered":"\n<h1 class=\"wp-block-heading\">Anmeldung Abitur 2026 (B\u00fcndelungsjahrgang)<\/h1>\n\n\n\n<ul class=\"wp-block-list\">\n<li>Sekretariat&nbsp;&nbsp;<a href=\"mailto:goerdeler@paderborn.de\">goerdeler@paderborn.de<\/a>&nbsp;&nbsp; 05251\/88-14350<\/li>\n<\/ul>\n\n\n\n<h3 class=\"wp-block-heading\">Jahrgangsstufenleitung<\/h3>\n\n\n\n<ul class=\"wp-block-list\">\n<li>Frau Kumlehn, Herr Kost (kom. OS-Koordinator)<\/li>\n<\/ul>\n\n\n\n<h3 class=\"wp-block-heading\">Termine<\/h3>\n\n\n\n<figure class=\"wp-block-table\"><table><tbody><tr><td>27.10.2022, 19:00 AULA<\/td><td>Informationsabend f\u00fcr Eltern und Sch\u00fcler*innen<\/td><\/tr><tr><td>03.12.2022, ab 8:30<\/td><td>Tag der offenen T\u00fcr<\/td><\/tr><tr><td>23.01. &#8211; 27.01.2023<\/td><td>Anmeldewoche f\u00fcr neue Sch\u00fclerinnen und Sch\u00fcler&nbsp;Oberstufe<br>&nbsp;&nbsp;&nbsp;&nbsp; (Anmeldeformulare sind im Sekretariat erh\u00e4ltlich)&nbsp;<\/td><\/tr><tr><td>08.03.2023, 15:30 AULA<\/td><td>Vorstellen der neuen F\u00e4cher in der Oberstufe<\/td><\/tr><tr><td>16.\/17.03.2023<\/td><td>Individuelle Beratung nach Voranmeldung<\/td><\/tr><tr><td>24.03.2023<\/td><td>Letzter Abgabetermin Wahlb\u00f6gen<\/td><\/tr><\/tbody><\/table><\/figure>\n\n\n\n<h3 class=\"wp-block-heading\">Berufsorientierungswoche BOW<\/h3>\n\n\n\n<figure class=\"wp-block-table\"><table><tbody><tr><td>&nbsp;2 Wochen in der Einf\u00fchrungsphase <br>&nbsp;&nbsp;&nbsp;&nbsp; (voraussichtlich die ersten zwei Schulwochen im Januar)<\/td><\/tr><\/tbody><\/table><\/figure>\n\n\n\n<h3 class=\"wp-block-heading\">Studienfahrt<\/h3>\n\n\n\n<figure class=\"wp-block-table\"><table><tbody><tr><td>5 Tage in der Q2<br>&nbsp;&nbsp;&nbsp;&nbsp; (nach den Sommerferien)<\/td><\/tr><\/tbody><\/table><\/figure>\n\n\n\n<h3 class=\"wp-block-heading\">Informationen Abiturjahrgang 2026<\/h3>\n\n\n\n<ul class=\"wp-block-list\">\n<li><a href=\"https:\/\/goerdeler.lspb.de\/wordpress\/wp-content\/uploads\/2022_Oberstufenflyer_offset.pdf\">Informationsflyer der Schule zum B\u00fcndelungsjahrgang<\/a><\/li>\n\n\n\n<li><a href=\"https:\/\/goerdeler.lspb.de\/wordpress\/wp-content\/uploads\/BroschuI\u0300\u0088re-gymnasiale-Oberstufe-web.pdf\">Brosch\u00fcre &#8222;Die gymnasiale Oberstufe an Gymnasien und&nbsp;Gesamtschulen in NRW&#8220;<\/a><\/li>\n\n\n\n<li><a href=\"https:\/\/goerdeler.lspb.de\/wordpress\/wp-content\/uploads\/Praesentation-neue-Faecher-EF.pdf\">Info Sek II Neue F\u00e4cher Gymnasiale Oberstufe Abi 2026<\/a><\/li>\n\n\n\n<li><a href=\"https:\/\/goerdeler.lspb.de\/wordpress\/wp-content\/uploads\/Praesentation-Buendelungsjahrgang-1.pdf\">Digitale Pr\u00e4sentation B\u00fcndelungsjahrgang<\/a><\/li>\n\n\n\n<li><a href=\"https:\/\/goerdeler.lspb.de\/wordpress\/wp-content\/uploads\/iPadKnigge_21_06_14.pdf\">iPad-Knigge<\/a><\/li>\n\n\n\n<li><a href=\"https:\/\/goerdeler.lspb.de\/wordpress\/wp-content\/uploads\/Planungsbogen-EF-Abi-26.pdf\">Planungsbogen f\u00fcr die Einf\u00fchrungsphase<\/a><\/li>\n\n\n\n<li><a href=\"https:\/\/goerdeler.lspb.de\/wordpress\/wp-content\/uploads\/Praesentation-Buendelungsjahrgang-2.pdf\">Elternpflegschaftsversammlung 24.08.2023<\/a><\/li>\n<\/ul>\n\n\n\n<h4 class=\"wp-block-heading has-vivid-cyan-blue-color has-text-color\"><a href=\"https:\/\/www.svws.nrw.de\/download\/lupo-download\"><strong>Laufbahn- und Planungstool Oberstufe LuPO<\/strong><\/a><\/h4>\n\n\n\n<p><\/p>\n","protected":false},"excerpt":{"rendered":"<p>Anmeldung Abitur 2026 (B\u00fcndelungsjahrgang) Jahrgangsstufenleitung Termine 27.10.2022, 19:00 AULA Informationsabend f\u00fcr Eltern und Sch\u00fcler*innen 03.12.2022, ab 8:30 Tag der offenen T\u00fcr 23.01. &#8211; 27.01.2023 Anmeldewoche f\u00fcr neue Sch\u00fclerinnen und Sch\u00fcler&nbsp;Oberstufe&nbsp;&nbsp;&nbsp;&nbsp; (Anmeldeformulare sind im Sekretariat erh\u00e4ltlich)&nbsp; 08.03.2023, 15:30 AULA Vorstellen der neuen F\u00e4cher in der Oberstufe 16.\/17.03.2023 Individuelle Beratung nach Voranmeldung 24.03.2023 Letzter Abgabetermin Wahlb\u00f6gen Berufsorientierungswoche [&hellip;]<\/p>\n","protected":false},"author":11,"featured_media":0,"parent":4278,"menu_order":58,"comment_status":"closed","ping_status":"closed","template":"","meta":{"_themeisle_gutenberg_block_has_review":false,"_mc_calendar":[],"footnotes":""},"class_list":["post-12909","page","type-page","status-publish","hentry"],"_links":{"self":[{"href":"https:\/\/goerdeler.lspb.de\/wordpress\/wp-json\/wp\/v2\/pages\/12909","targetHints":{"allow":["GET"]}}],"collection":[{"href":"https:\/\/goerdeler.lspb.de\/wordpress\/wp-json\/wp\/v2\/pages"}],"about":[{"href":"https:\/\/goerdeler.lspb.de\/wordpress\/wp-json\/wp\/v2\/types\/page"}],"author":[{"embeddable":true,"href":"https:\/\/goerdeler.lspb.de\/wordpress\/wp-json\/wp\/v2\/users\/11"}],"replies":[{"embeddable":true,"href":"https:\/\/goerdeler.lspb.de\/wordpress\/wp-json\/wp\/v2\/comments?post=12909"}],"version-history":[{"count":16,"href":"https:\/\/goerdeler.lspb.de\/wordpress\/wp-json\/wp\/v2\/pages\/12909\/revisions"}],"predecessor-version":[{"id":14484,"href":"https:\/\/goerdeler.lspb.de\/wordpress\/wp-json\/wp\/v2\/pages\/12909\/revisions\/14484"}],"up":[{"embeddable":true,"href":"https:\/\/goerdeler.lspb.de\/wordpress\/wp-json\/wp\/v2\/pages\/4278"}],"wp:attachment":[{"href":"https:\/\/goerdeler.lspb.de\/wordpress\/wp-json\/wp\/v2\/media?parent=12909"}],"curies":[{"name":"wp","href":"https:\/\/api.w.org\/{rel}","templated":true}]}}