{"id":12971,"date":"2022-10-27T11:45:05","date_gmt":"2022-10-27T09:45:05","guid":{"rendered":"https:\/\/goerdeler.lspb.de\/wordpress\/?page_id=12971"},"modified":"2023-08-29T14:13:17","modified_gmt":"2023-08-29T12:13:17","slug":"uebersicht","status":"publish","type":"page","link":"https:\/\/goerdeler.lspb.de\/wordpress\/uebersicht\/","title":{"rendered":"\u00dcbersicht"},"content":{"rendered":"\n<p>Eine \u00dcbersicht \u00fcber die schulischen F\u00f6rderm\u00f6glichkeiten finden Sie <a href=\"https:\/\/goerdeler.lspb.de\/wordpress\/wp-content\/uploads\/GG_uebersicht_schulische_foerdermoeglichkeiten_zur_sicherung_der_lernbiografie_23_24.pdf\">hier<\/a>.<\/p>\n\n\n\n<figure class=\"wp-block-gallery has-nested-images columns-default is-cropped wp-block-gallery-1 is-layout-flex wp-block-gallery-is-layout-flex\"><\/figure>\n","protected":false},"excerpt":{"rendered":"<p>Eine \u00dcbersicht \u00fcber die schulischen F\u00f6rderm\u00f6glichkeiten finden Sie hier.<\/p>\n","protected":false},"author":11,"featured_media":0,"parent":0,"menu_order":0,"comment_status":"closed","ping_status":"closed","template":"","meta":{"_themeisle_gutenberg_block_has_review":false,"_mc_calendar":[],"footnotes":""},"class_list":["post-12971","page","type-page","status-publish","hentry"],"_links":{"self":[{"href":"https:\/\/goerdeler.lspb.de\/wordpress\/wp-json\/wp\/v2\/pages\/12971","targetHints":{"allow":["GET"]}}],"collection":[{"href":"https:\/\/goerdeler.lspb.de\/wordpress\/wp-json\/wp\/v2\/pages"}],"about":[{"href":"https:\/\/goerdeler.lspb.de\/wordpress\/wp-json\/wp\/v2\/types\/page"}],"author":[{"embeddable":true,"href":"https:\/\/goerdeler.lspb.de\/wordpress\/wp-json\/wp\/v2\/users\/11"}],"replies":[{"embeddable":true,"href":"https:\/\/goerdeler.lspb.de\/wordpress\/wp-json\/wp\/v2\/comments?post=12971"}],"version-history":[{"count":2,"href":"https:\/\/goerdeler.lspb.de\/wordpress\/wp-json\/wp\/v2\/pages\/12971\/revisions"}],"predecessor-version":[{"id":14354,"href":"https:\/\/goerdeler.lspb.de\/wordpress\/wp-json\/wp\/v2\/pages\/12971\/revisions\/14354"}],"wp:attachment":[{"href":"https:\/\/goerdeler.lspb.de\/wordpress\/wp-json\/wp\/v2\/media?parent=12971"}],"curies":[{"name":"wp","href":"https:\/\/api.w.org\/{rel}","templated":true}]}}