{"id":12975,"date":"2022-10-27T12:02:40","date_gmt":"2022-10-27T10:02:40","guid":{"rendered":"https:\/\/goerdeler.lspb.de\/wordpress\/?page_id=12975"},"modified":"2025-11-10T13:06:59","modified_gmt":"2025-11-10T12:06:59","slug":"digitale-bildung","status":"publish","type":"page","link":"https:\/\/goerdeler.lspb.de\/wordpress\/unsere-schule\/digitale-bildung\/","title":{"rendered":"Digitale Bildung"},"content":{"rendered":"\n<h2 class=\"wp-block-heading\"><\/h2>\n\n\n\n<p>2020 wurde das Goerdeler Gymnasium (als eine von 49 der 5500 Schulen in NRW) nach erfolgreicher Bewerbung als <strong>\u201eDigitale Schule\u201c<\/strong> ausgezeichnet. Im Jahr 2023 erfolgte die Rezertifizierung. In allen f\u00fcnf nachzuweisenden Kriterien wurden unserer Schule sehr gute Punktzahlen bescheinigt: P\u00e4dagogik und Lernkulturen, Qualifizierung der Lehrkr\u00e4fte, regionale Vernetzung, Konzept und Verstetigung sowie Technik und Ausstattung bewegt sich bei uns nach Aussage des Landes auf h\u00f6chstem Niveau.<\/p>\n\n\n\n<div class=\"wp-block-columns is-layout-flex wp-container-core-columns-is-layout-9d6595d7 wp-block-columns-is-layout-flex\">\n<div class=\"wp-block-column is-layout-flow wp-block-column-is-layout-flow\" style=\"flex-basis:100%\"><div class=\"wp-block-image\">\n<figure class=\"alignleft size-full\"><a href=\"https:\/\/goerdeler.lspb.de\/wordpress\/wp-content\/uploads\/ds-logo-ehrung_20-23.jpg\"><img loading=\"lazy\" decoding=\"async\" width=\"900\" height=\"632\" src=\"https:\/\/goerdeler.lspb.de\/wordpress\/wp-content\/uploads\/ds-logo-ehrung_20-23.jpg\" alt=\"\" class=\"wp-image-14479\" srcset=\"https:\/\/goerdeler.lspb.de\/wordpress\/wp-content\/uploads\/ds-logo-ehrung_20-23.jpg 900w, https:\/\/goerdeler.lspb.de\/wordpress\/wp-content\/uploads\/ds-logo-ehrung_20-23-300x211.jpg 300w, https:\/\/goerdeler.lspb.de\/wordpress\/wp-content\/uploads\/ds-logo-ehrung_20-23-768x539.jpg 768w\" sizes=\"(max-width: 900px) 100vw, 900px\" \/><\/a><\/figure>\n<\/div><\/div>\n<\/div>\n\n\n\n<h2 class=\"wp-block-heading\"><strong>Hardwareausstattung<\/strong><\/h2>\n\n\n\n<h3 class=\"wp-block-heading\">Computerr\u00e4ume<\/h3>\n\n\n\n<p>Die Schule verf\u00fcgt \u00fcber zwei Computerr\u00e4ume, die mit jeweils 16 Sch\u00fclerarbeitspl\u00e4tzen ausgestattet sind. Hier findet neben dem Informatikunterricht auch regelm\u00e4\u00dfig anderer Fachunterricht statt. Der vollwertige Rechnerarbeitsplatz mit gro\u00dfem Bildschirm und Maus ist eine unverzichtbare Erg\u00e4nzung zu mobilen Ger\u00e4ten. Lernende erwerben so die Kompetenz der geeigneten Ger\u00e4teauswahl f\u00fcr bestimmte Anforderungen und erfahren, dass der pers\u00f6nliche Datenbestand \u00fcber eine Cloud von verschiedenen Ger\u00e4ten zug\u00e4nglich ist.<\/p>\n\n\n\n<h3 class=\"wp-block-heading\">Leihlaptops<\/h3>\n\n\n\n<p>Sch\u00fclerinnen und Sch\u00fcler v.a. der Sekundarstufe I haben die M\u00f6glichkeit, sich Lernstatt-Laptops f\u00fcr die au\u00dferunterrichtliche Arbeit zu leihen. Die Ger\u00e4te k\u00f6nnen nur in der Schule verwendet werden. So k\u00f6nnen alle Lernenden, unabh\u00e4ngig von h\u00e4uslicher Hardwareausstattung Hausaufgaben anfertigen und Unterrichtsprojekte fortf\u00fchren. Am Vormittag k\u00f6nnen die Ger\u00e4te f\u00fcr Unterrichtsprojekte eingesetzt werden.<\/p>\n\n\n\n<h3 class=\"wp-block-heading\">iPads in der Schule<\/h3>\n\n\n\n<p>Vier Koffer mit jeweils ca. 15 Tablets stehen f\u00fcr Unterrichtsprojekte zur Verf\u00fcgung. So k\u00f6nnen z.B. Recherchen und die Arbeit an ausgew\u00e4hlten fachspezifischen Apps in allen Unterrichtsr\u00e4umen in den Unterricht integriert werden.<br>Erg\u00e4nzt werden die Koffer, die f\u00fcr den Einsatz in einzelnen Stunden vorgesehen sind, durch Klassens\u00e4tze von zu personalisierenden Ger\u00e4ten. Sie k\u00f6nnen von Klassen f\u00fcr l\u00e4ngere Unterrichtsprojekte eingesetzt werden. Technisch entsprechen diese Ger\u00e4te den Ger\u00e4ten der 1:1 Ausstattung.<\/p>\n\n\n\n<h3 class=\"wp-block-heading\">Dienstger\u00e4te<\/h3>\n\n\n\n<p>Alle Lehrkr\u00e4fte sind von der Lernstatt mit Tablets (iPad) ausgestattet. Mit den Ger\u00e4ten kann auf das p\u00e4dagogische Netzwerk zugegriffen werden, im Unterricht k\u00f6nnen Inhalte pr\u00e4sentiert werden.<\/p>\n\n\n\n<h3 class=\"wp-block-heading\">Pr\u00e4sentationsm\u00f6glichkeiten<\/h3>\n\n\n\n<p>Alle Unterrichtsr\u00e4ume sind mit einem Beamer oder einem Gro\u00dfbildschirm sowie mit einer drahtlosen Bildschnittstelle ausgestattet. Somit k\u00f6nnen alle Lehrkr\u00e4fte und Lernenden ihren Bildschirminhalt f\u00fcr Lerngruppen sichtbar pr\u00e4sentieren.<\/p>\n\n\n\n<h3 class=\"wp-block-heading\">iPad-Jahrg\u00e4nge ab Klasse 9<\/h3>\n\n\n\n<p>In der gymnasialen Oberstufe arbeiten wir mit einer 1:1 Ausstattung mit digitalen Endger\u00e4ten. Da eine Finanzierung \u00fcber den Schultr\u00e4ger oder das Land NRW bisher nicht erfolgen kann, haben wir uns f\u00fcr das Modell der Elternfinanzierung entschieden. Es wird flankiert durch ein Unterst\u00fctzungsprogramm f\u00fcr Elternh\u00e4user, f\u00fcr die die Finanzierung nicht m\u00f6glich ist. ( vgl. iPad-Konzept <a href=\"https:\/\/goerdeler.lspb.de\/wordpress\/wp-content\/uploads\/Elterninfo-06_11_25.pdf\">Link<\/a>).<\/p>\n\n\n\n<figure class=\"wp-block-gallery has-nested-images columns-default is-cropped wp-block-gallery-1 is-layout-flex wp-block-gallery-is-layout-flex\"><\/figure>\n\n\n\n<h3 class=\"wp-block-heading\">Nutzung privater Hardware<\/h3>\n\n\n\n<p>Vorkommende Ger\u00e4tedefekte oder andere organisatorische H\u00fcrden k\u00f6nnen wir mit einem Fundus an schulischen Leihger\u00e4ten \u00fcberbr\u00fccken. Sie sind gleichwertig zu den elternfinanzierten Ger\u00e4ten.<\/p>\n\n\n\n<p>Im Schulgeb\u00e4ude ist die Nutzung privater Hardware nach dem Modell \u201eBYOD &#8211; bring your own device\u201c nicht vorgesehen. Im h\u00e4uslichen Umfeld k\u00f6nnen alle markt\u00fcblichen Ger\u00e4te mit den schulischen Systemen (Cloudspeicher, Softwarelizenzen) verkn\u00fcpft werden (s. Software).<\/p>\n\n\n\n<p><\/p>\n\n\n\n<p><\/p>\n\n\n\n<h2 class=\"wp-block-heading\"><strong>Software &#8211; Lernumgebung<\/strong><\/h2>\n\n\n\n<h3 class=\"wp-block-heading\">Lernstatt Paderborn<\/h3>\n\n\n\n<p>Das Goerdeler Gymnasium ist eine Lernstatt-Schule (<a href=\"https:\/\/www.paderborn.de\/bildung-universitaet\/lernstatt\/index.php\">Infos der Stadt Paderborn<\/a>). Unter diesem Namen stellt der Schultr\u00e4ger eine p\u00e4dagogische IT-Infrastruktur zur Verf\u00fcgung. Die klassische Lernstatt umfasst Systeme, die komplett von einem von der Stadt Paderborn beauftragten Dienstleister zur Verf\u00fcgung gestellt werden. Hier erfolgt die Benutzerverwaltung und alle Lehrenden und Lernenden haben eine Emailadresse. Au\u00dferdem wird ein Cloudspeicher zur Verf\u00fcgung gestellt. Mobile Ger\u00e4te werden \u00fcber ein MDM der Lernstatt verwaltet.<\/p>\n\n\n\n<h3 class=\"wp-block-heading\">Lernstattprojekt Microsoft 365<\/h3>\n\n\n\n<p>Im Rahmen der Lernstatt nutzen wir seit 2020 die Umgebung Microsoft 365 als Lern- und Kommunikationsplattform. Zentral ist hier die Software \u201cTeams\u201d. Mit dem Microsoftkonto steht eine leistungsf\u00e4hige Cloudl\u00f6sung zur Verf\u00fcgung, um Datensicherheit f\u00fcr die eingesetzten mobilen Ger\u00e4te zu erreichen. Sie erm\u00f6glich das kollaborative Arbeiten und das Arbeiten an Aufgaben auf verschiedenen Ger\u00e4ten. Der Lizenzumfang umfasst die <a href=\"https:\/\/learn.microsoft.com\/de-de\/office365\/servicedescriptions\/office-365-platform-service-description\/microsoft-365-education\">A3-Lizenz<\/a>. Somit k\u00f6nnen auch auf privaten Ger\u00e4ten die Officeprogramme von Microsoft vollumf\u00e4nglich und kostenlos installiert und verwendet werden.<br>Voraussetzung f\u00fcr das Erstellen eines pers\u00f6nlichen Microsoftkontos ist die individuelle datenschutzrechtliche Einwilligung.<\/p>\n\n\n\n<h3 class=\"wp-block-heading\">E-Books<\/h3>\n\n\n\n<p>Seit der Einf\u00fchrung der 1:1 Ausstattung mit digitalen Endger\u00e4ten in der Oberstufe haben wir Erfahrungen mit digitalen Schulb\u00fcchern gesammelt. Sie wurden als Erg\u00e4nzung zu den klassischen gedruckten B\u00fcchern eingef\u00fchrt. Bei Neuanschaffungen in den 1:1 ausgestatteten Jahrg\u00e4ngen werden in Zukunft allein die Lizenzen f\u00fcr E-Books beschafft.<\/p>\n\n\n\n<h3 class=\"wp-block-heading\">Digitaler Stundenplan<\/h3>\n\n\n\n<p>\u00dcber die App \u201cUntis\u201d haben die Sch\u00fclerinnen und Sch\u00fcler der Oberstufe (perspektivisch auch der Sek. I) die M\u00f6glichkeit, ihren tagesaktuellen Stundenplan mit Vertretungen, Klausuren u.\u00e4. einzusehen.<\/p>\n\n\n\n<h3 class=\"wp-block-heading\">Fachspezifische Anwendungen<\/h3>\n\n\n\n<p>Neben den hier beschriebenen fach\u00fcbergreifenden Anwendungen bietet die digitale Lernumgebung Raum f\u00fcr zahlreiche fachspezifische Anwendungen. N\u00e4here Informationen finden sich in den jeweiligen Fachcurricula.<br><\/p>\n\n\n\n<p><\/p>\n\n\n\n<p><\/p>\n\n\n\n<h2 class=\"wp-block-heading\"><strong>P\u00e4dagogischer Einsatz<\/strong><\/h2>\n\n\n\n<p>Auf der Basis einer sinnvollen Hard- und Softwareausstattung findet an unserer Schule der unterrichtliche und p\u00e4dagogische Einsatz statt.<br>Zentral verantwortlich sind die Fachschaften, die in ihren schulinternen Lehrpl\u00e4nen festgelegt haben, in welchen konkreten Unterrichtsprojekten Kompetenzen hinsichtlich der Digitalisierung vermittelt werden. Details lassen sich den jeweiligen Curricula entnehmen.<br>Eine \u00fcberblicksartige Zusammenfassung und Beschreibung der handlungsleitenden Gedanken findet sich im <a href=\"https:\/\/goerdeler.lspb.de\/wordpress\/wp-content\/uploads\/medienkonzept.pdf\">schulischen Medienkonzept.<\/a><\/p>\n\n\n\n<p>Einige grundlegende und f\u00e4cher\u00fcbergreifende konzeptuelle Entscheidungen und Konzepte sind in gesonderten Dokumenten dargestellt:<\/p>\n\n\n\n<ul class=\"wp-block-list\">\n<li>Das iPad-Konzept regelt den allgemeinen p\u00e4dagogischen Einsatz Ger\u00e4ten in der 1:1 Ausstattung: <a href=\"https:\/\/goerdeler.lspb.de\/wordpress\/wp-content\/uploads\/GG_paed_Konzept_iPad_2025.pdf\">iPad-Konzept<\/a><\/li>\n<\/ul>\n\n\n\n<ul class=\"wp-block-list\">\n<li>Unabh\u00e4ngig von konkreten Ger\u00e4ten haben wir uns im Umgang mit der digitalen kommunikations-Infrastruktur eine \u201cNetiquette\u201d auferlegt: <a href=\"https:\/\/goerdeler.lspb.de\/wordpress\/wp-content\/uploads\/Netiquette_2020.pdf\">Netiquette<\/a><\/li>\n<\/ul>\n\n\n\n<h3 class=\"wp-block-heading\"><br>F\u00e4cher\u00fcbergreifendes Curriculum \u201cDigitale Basiskompetenzen\u201d<\/h3>\n\n\n\n<p>Im September 2023 hat das Kollegium ein Programm erarbeitet, das sich zur Aufgabe macht, klassische Digitalkompetenzen, wie den Umgang mit Textverarbeitung, Tabellenkalkulation, Bildschirmpr\u00e4sentation, Internetrecherche mit Suchmaschinen, Umgang mit der Kommunikations-Infrastruktur vertieft zu vermitteln. Zahlreiche im Schulprogramm verankerte Projekte, wie Klassenfahrten und Wandertage bieten Gelegenheit, sie mit digitalen Instrumenten vor- und nachzubereiten. So entsteht z.B. eine Pr\u00e4sentation zur Vorbereitung der Berlinfahrt oder ein Textdokument zur Darstellung des auf einem Wandertag erlebten. Im Detail ist das Konzept hier dargelegt: <a href=\"https:\/\/goerdeler.lspb.de\/wordpress\/wp-content\/uploads\/Spiralcurriculum-Office-und-Co.pdf\">Digitale Basiskompetenzen<\/a><\/p>\n\n\n\n<h2 class=\"wp-block-heading\">Veranstaltungen und Ereignisse<\/h2>\n\n\n<div class=\"wp-block-themeisle-blocks-posts-grid\" id=\"wp-block-themeisle-blocks-posts-grid-83b46267\"><div class=\"is-list\"><div class=\"o-posts-grid-post-blog o-posts-grid-post-plain\"><div class=\"o-posts-grid-post\"><div class=\"o-posts-grid-post-image\"><a href=\"https:\/\/goerdeler.lspb.de\/wordpress\/virtueller-besuch-der-toleranzraeume\/\"><img loading=\"lazy\" decoding=\"async\" width=\"900\" height=\"675\" src=\"https:\/\/goerdeler.lspb.de\/wordpress\/wp-content\/uploads\/1-4.jpg\" class=\"attachment-full size-full\" alt=\"Virtueller Besuch der ToleranzR\u00e4ume\" srcset=\"https:\/\/goerdeler.lspb.de\/wordpress\/wp-content\/uploads\/1-4.jpg 900w, https:\/\/goerdeler.lspb.de\/wordpress\/wp-content\/uploads\/1-4-300x225.jpg 300w, https:\/\/goerdeler.lspb.de\/wordpress\/wp-content\/uploads\/1-4-768x576.jpg 768w, https:\/\/goerdeler.lspb.de\/wordpress\/wp-content\/uploads\/1-4-585x440.jpg 585w, https:\/\/goerdeler.lspb.de\/wordpress\/wp-content\/uploads\/1-4-230x172.jpg 230w\" sizes=\"(max-width: 900px) 100vw, 900px\" \/><\/a><\/div><div class=\"o-posts-grid-post-body\"><h4 class=\"o-posts-grid-post-title\"><a href=\"https:\/\/goerdeler.lspb.de\/wordpress\/virtueller-besuch-der-toleranzraeume\/\">Virtueller Besuch der ToleranzR\u00e4ume<\/a><\/h4><div class=\"o-posts-grid-post-description\"><p>Was ist Toleranz? Wie begegne ich anderen mit Respekt? Wie l\u00f6sen wir Konflikte ohne Gewalt? Und wo liegen die Grenzen der Toleranz? Mit diesen und weiteren Fragen l\u00e4dt die erfolgreiche Ausstellung ToleranzR\u00e4ume zum Nachdenken ein und m\u00f6chte neue Pers\u2026<\/p><\/div><\/div><\/div><\/div><div class=\"o-posts-grid-post-blog o-posts-grid-post-plain\"><div class=\"o-posts-grid-post\"><div class=\"o-posts-grid-post-image\"><a href=\"https:\/\/goerdeler.lspb.de\/wordpress\/ifb-unterricht-exkursion-des-jg-7-zur-stadtbibliothek\/\"><img loading=\"lazy\" decoding=\"async\" width=\"900\" height=\"675\" src=\"https:\/\/goerdeler.lspb.de\/wordpress\/wp-content\/uploads\/2025-07-02_Stabi_1-1.jpg\" class=\"attachment-full size-full\" alt=\"IFB-Unterricht: Exkursion des Jg. 7 zur Stadtbibliothek\u00a0\u00a0\" srcset=\"https:\/\/goerdeler.lspb.de\/wordpress\/wp-content\/uploads\/2025-07-02_Stabi_1-1.jpg 900w, https:\/\/goerdeler.lspb.de\/wordpress\/wp-content\/uploads\/2025-07-02_Stabi_1-1-300x225.jpg 300w, https:\/\/goerdeler.lspb.de\/wordpress\/wp-content\/uploads\/2025-07-02_Stabi_1-1-768x576.jpg 768w, https:\/\/goerdeler.lspb.de\/wordpress\/wp-content\/uploads\/2025-07-02_Stabi_1-1-585x440.jpg 585w, https:\/\/goerdeler.lspb.de\/wordpress\/wp-content\/uploads\/2025-07-02_Stabi_1-1-230x172.jpg 230w\" sizes=\"(max-width: 900px) 100vw, 900px\" \/><\/a><\/div><div class=\"o-posts-grid-post-body\"><h4 class=\"o-posts-grid-post-title\"><a href=\"https:\/\/goerdeler.lspb.de\/wordpress\/ifb-unterricht-exkursion-des-jg-7-zur-stadtbibliothek\/\">IFB-Unterricht: Exkursion des Jg. 7 zur Stadtbibliothek\u00a0\u00a0<\/a><\/h4><div class=\"o-posts-grid-post-description\"><p>Nachdem im Mai die Klassen 7c und 7d im Rahmen des IFB-Unterrichtes Exkursionen in der Stadtbibliothek unternommen hatten, waren j\u00fcngst die Klassen 7a und 7b an der Reihe. Zu Fu\u00df ging es bei gutem Wetter an der Pader entlang bis zur Stadtbibliothek. \u2026<\/p><\/div><\/div><\/div><\/div><div class=\"o-posts-grid-post-blog o-posts-grid-post-plain\"><div class=\"o-posts-grid-post\"><div class=\"o-posts-grid-post-image\"><a href=\"https:\/\/goerdeler.lspb.de\/wordpress\/workshops-zur-digitalen-sicherheit-in-der-stadtbibliothek\/\"><img loading=\"lazy\" decoding=\"async\" width=\"900\" height=\"675\" src=\"https:\/\/goerdeler.lspb.de\/wordpress\/wp-content\/uploads\/2025-05-25_WorkshopStadtbibliothek_1.jpg\" class=\"attachment-full size-full\" alt=\"Workshops zur digitalen Sicherheit in der Stadtbibliothek\" srcset=\"https:\/\/goerdeler.lspb.de\/wordpress\/wp-content\/uploads\/2025-05-25_WorkshopStadtbibliothek_1.jpg 900w, https:\/\/goerdeler.lspb.de\/wordpress\/wp-content\/uploads\/2025-05-25_WorkshopStadtbibliothek_1-300x225.jpg 300w, https:\/\/goerdeler.lspb.de\/wordpress\/wp-content\/uploads\/2025-05-25_WorkshopStadtbibliothek_1-768x576.jpg 768w, https:\/\/goerdeler.lspb.de\/wordpress\/wp-content\/uploads\/2025-05-25_WorkshopStadtbibliothek_1-585x440.jpg 585w, https:\/\/goerdeler.lspb.de\/wordpress\/wp-content\/uploads\/2025-05-25_WorkshopStadtbibliothek_1-230x172.jpg 230w\" sizes=\"(max-width: 900px) 100vw, 900px\" \/><\/a><\/div><div class=\"o-posts-grid-post-body\"><h4 class=\"o-posts-grid-post-title\"><a href=\"https:\/\/goerdeler.lspb.de\/wordpress\/workshops-zur-digitalen-sicherheit-in-der-stadtbibliothek\/\">Workshops zur digitalen Sicherheit in der Stadtbibliothek<\/a><\/h4><div class=\"o-posts-grid-post-description\"><p>Im Rahmen des IFB-Unterrichtes (IFB = Informatische Grundbildung) nahmen die Klassen 7 k\u00fcrzlich an verschiedenen Workshops zur digitalen Sicherheit in der Stadtbibliothek teil. Im Workshop \u201eDer gl\u00e4serne Mensch\u201c erfuhren die Teilnehmenden, wie viele p\u2026<\/p><\/div><\/div><\/div><\/div><div class=\"o-posts-grid-post-blog o-posts-grid-post-plain\"><div class=\"o-posts-grid-post\"><div class=\"o-posts-grid-post-image\"><a href=\"https:\/\/goerdeler.lspb.de\/wordpress\/neuer-podcast-raum-kreativitaet-medienkompetenz-und-interkulturalitaet\/\"><img loading=\"lazy\" decoding=\"async\" width=\"900\" height=\"552\" src=\"https:\/\/goerdeler.lspb.de\/wordpress\/wp-content\/uploads\/2025-04-11_Goerdeler_Podcastraum_2_HP.jpg\" class=\"attachment-full size-full\" alt=\"Neuer Podcast-Raum: Kreativit\u00e4t, Medienkompetenz und Interkulturalit\u00e4t\" srcset=\"https:\/\/goerdeler.lspb.de\/wordpress\/wp-content\/uploads\/2025-04-11_Goerdeler_Podcastraum_2_HP.jpg 900w, https:\/\/goerdeler.lspb.de\/wordpress\/wp-content\/uploads\/2025-04-11_Goerdeler_Podcastraum_2_HP-300x184.jpg 300w, https:\/\/goerdeler.lspb.de\/wordpress\/wp-content\/uploads\/2025-04-11_Goerdeler_Podcastraum_2_HP-768x471.jpg 768w\" sizes=\"(max-width: 900px) 100vw, 900px\" \/><\/a><\/div><div class=\"o-posts-grid-post-body\"><h4 class=\"o-posts-grid-post-title\"><a href=\"https:\/\/goerdeler.lspb.de\/wordpress\/neuer-podcast-raum-kreativitaet-medienkompetenz-und-interkulturalitaet\/\">Neuer Podcast-Raum: Kreativit\u00e4t, Medienkompetenz und Interkulturalit\u00e4t<\/a><\/h4><div class=\"o-posts-grid-post-description\"><p>\u201eSpeak, share, inspire\u201c steht an der Wand unseres neu eingerichteten Podcast-Raumes. Damit sind zentrale Ziele des Projektes bereits benannt. Sch\u00fcler:innen sollen hier digital und kreativ zusammenarbeiten, interkulturelle Dialoge f\u00fchren und mit der E\u2026<\/p><\/div><\/div><\/div><\/div><div class=\"o-posts-grid-post-blog o-posts-grid-post-plain\"><div class=\"o-posts-grid-post\"><div class=\"o-posts-grid-post-image\"><a href=\"https:\/\/goerdeler.lspb.de\/wordpress\/erfolgreicher-safer-internet-day-2025\/\"><img loading=\"lazy\" decoding=\"async\" width=\"900\" height=\"675\" src=\"https:\/\/goerdeler.lspb.de\/wordpress\/wp-content\/uploads\/2025-02-16_SID_1.jpg\" class=\"attachment-full size-full\" alt=\"Erfolgreicher Safer Internet Day 2025\" srcset=\"https:\/\/goerdeler.lspb.de\/wordpress\/wp-content\/uploads\/2025-02-16_SID_1.jpg 900w, https:\/\/goerdeler.lspb.de\/wordpress\/wp-content\/uploads\/2025-02-16_SID_1-300x225.jpg 300w, https:\/\/goerdeler.lspb.de\/wordpress\/wp-content\/uploads\/2025-02-16_SID_1-768x576.jpg 768w, https:\/\/goerdeler.lspb.de\/wordpress\/wp-content\/uploads\/2025-02-16_SID_1-585x440.jpg 585w, https:\/\/goerdeler.lspb.de\/wordpress\/wp-content\/uploads\/2025-02-16_SID_1-230x172.jpg 230w\" sizes=\"(max-width: 900px) 100vw, 900px\" \/><\/a><\/div><div class=\"o-posts-grid-post-body\"><h4 class=\"o-posts-grid-post-title\"><a href=\"https:\/\/goerdeler.lspb.de\/wordpress\/erfolgreicher-safer-internet-day-2025\/\">Erfolgreicher Safer Internet Day 2025<\/a><\/h4><div class=\"o-posts-grid-post-description\"><p>Der Safer Internet Day hat am Goerdeler-Gymnasium eine lange Tradition. Bereits seit 11 Jahren nehmen wir j\u00e4hrlich mit verschiedenen Aktionen teil. Am 11. Februar 2025, dem diesj\u00e4hrigen Safer Internet Day (kurz: SID), waren alle Klassen der Jahrg\u00e4nge\u2026<\/p><\/div><\/div><\/div><\/div><div class=\"o-posts-grid-post-blog o-posts-grid-post-plain\"><div class=\"o-posts-grid-post\"><div class=\"o-posts-grid-post-image\"><a href=\"https:\/\/goerdeler.lspb.de\/wordpress\/ipad-einfuehrung-in-klasse-9\/\"><img loading=\"lazy\" decoding=\"async\" width=\"900\" height=\"512\" src=\"https:\/\/goerdeler.lspb.de\/wordpress\/wp-content\/uploads\/Teaser-Digitalisierung-e1732546804516.png\" class=\"attachment-full size-full\" alt=\"iPad-Einf\u00fchrung in Klasse 9\" \/><\/a><\/div><div class=\"o-posts-grid-post-body\"><h4 class=\"o-posts-grid-post-title\"><a href=\"https:\/\/goerdeler.lspb.de\/wordpress\/ipad-einfuehrung-in-klasse-9\/\">iPad-Einf\u00fchrung in Klasse 9<\/a><\/h4><div class=\"o-posts-grid-post-description\"><p>In der letzten Woche fand ein Elternabend zur iPad-Einf\u00fchrung in Klasse 9 statt. Die dort verwendeten Pr\u00e4sentationen k\u00f6nnen Sie nun hier herunterladen.<\/p><\/div><\/div><\/div><\/div><\/div> <\/div>","protected":false},"excerpt":{"rendered":"<p>2020 wurde das Goerdeler Gymnasium (als eine von 49 der 5500 Schulen in NRW) nach erfolgreicher Bewerbung als \u201eDigitale Schule\u201c ausgezeichnet. Im Jahr 2023 erfolgte die Rezertifizierung. In allen f\u00fcnf nachzuweisenden Kriterien wurden unserer Schule sehr gute Punktzahlen bescheinigt: P\u00e4dagogik und Lernkulturen, Qualifizierung der Lehrkr\u00e4fte, regionale Vernetzung, Konzept und Verstetigung sowie Technik und Ausstattung bewegt [&hellip;]<\/p>\n","protected":false},"author":11,"featured_media":0,"parent":4252,"menu_order":18,"comment_status":"closed","ping_status":"closed","template":"","meta":{"_themeisle_gutenberg_block_has_review":false,"_mc_calendar":[],"footnotes":""},"class_list":["post-12975","page","type-page","status-publish","hentry"],"_links":{"self":[{"href":"https:\/\/goerdeler.lspb.de\/wordpress\/wp-json\/wp\/v2\/pages\/12975","targetHints":{"allow":["GET"]}}],"collection":[{"href":"https:\/\/goerdeler.lspb.de\/wordpress\/wp-json\/wp\/v2\/pages"}],"about":[{"href":"https:\/\/goerdeler.lspb.de\/wordpress\/wp-json\/wp\/v2\/types\/page"}],"author":[{"embeddable":true,"href":"https:\/\/goerdeler.lspb.de\/wordpress\/wp-json\/wp\/v2\/users\/11"}],"replies":[{"embeddable":true,"href":"https:\/\/goerdeler.lspb.de\/wordpress\/wp-json\/wp\/v2\/comments?post=12975"}],"version-history":[{"count":16,"href":"https:\/\/goerdeler.lspb.de\/wordpress\/wp-json\/wp\/v2\/pages\/12975\/revisions"}],"predecessor-version":[{"id":18583,"href":"https:\/\/goerdeler.lspb.de\/wordpress\/wp-json\/wp\/v2\/pages\/12975\/revisions\/18583"}],"up":[{"embeddable":true,"href":"https:\/\/goerdeler.lspb.de\/wordpress\/wp-json\/wp\/v2\/pages\/4252"}],"wp:attachment":[{"href":"https:\/\/goerdeler.lspb.de\/wordpress\/wp-json\/wp\/v2\/media?parent=12975"}],"curies":[{"name":"wp","href":"https:\/\/api.w.org\/{rel}","templated":true}]}}