{"id":13056,"date":"2022-11-16T10:38:25","date_gmt":"2022-11-16T09:38:25","guid":{"rendered":"https:\/\/goerdeler.lspb.de\/wordpress\/?page_id=13056"},"modified":"2025-08-27T21:02:49","modified_gmt":"2025-08-27T19:02:49","slug":"sporthelfer","status":"publish","type":"page","link":"https:\/\/goerdeler.lspb.de\/wordpress\/profil\/arbeitsgemeinschaften\/sporthelfer\/","title":{"rendered":"Sporthelfer"},"content":{"rendered":"\n<p>Die Ausbildung f\u00fcr Sporthelfer richtet sich an Sch\u00fcler:innen der Jahrg\u00e4nge 8 bis 10, die ein Interesse haben Bewegungs-, Spiel- und Sportangebote f\u00fcr Kinder und Jugendliche in der Schule oder im\u00a0Sportverein zu organisieren und zu betreuen. Die Sporthelferausbildung wird anerkannt als erster Baustein in der Qualifikation auf dem Weg der \u00dcbungsleiter- bzw. Trainerausbildung. Die Ausbildung umfasst ca. 35 Wochenstunden, dabei erlangen die Sch\u00fclerinnen und Sch\u00fcler die F\u00e4higkeit selbst\u00e4ndig eine AG zu leiten, in der \u00dcbermittagsbetreuung zu arbeiten, Pausensport anzubieten oder die Lehrer an sportorientierten Wandertagen oder Schulfahrten zu unterst\u00fctzen. Ferner werden sie bei eigenen Schulsportfesten eingebunden und k\u00f6nnen bei Schulwettk\u00e4mpfen eingesetzt werden. Ein Erste-Hilfe Kurs, der bei einem Erwerb des F\u00fchrerscheins anerkannt wird, rundet die Ausbildung ab. Jeder Absolvent erh\u00e4lt eine offizielle Bescheinigung vom LSB NRW und ein Sporthelfer T-Shirt. Das Engagement der ausgebildeten Sporthelfer wird jeweils auf dem Schulzeugnis dokumentiert und kann so auch auf beruflicher Basis positiv Einfluss nehmen. Die Sporthelfer-Ausbildung wird von Herrn Schumacher und Frau Witte  koordiniert und durchgef\u00fchrt und findet regelm\u00e4\u00dfig mittwochs in der Mittagspause statt. Herr Schumacher steht jederzeit f\u00fcr R\u00fcckfragen zur Verf\u00fcgung.<\/p>\n\n\n\n<figure class=\"wp-block-image\"><img decoding=\"async\" src=\"https:\/\/goerdeler.lspb.de\/wordpress\/wp-content\/uploads\/2024-06-03_Sporthelfer1.jpg\" alt=\"\"\/><\/figure>\n\n\n\n<p id=\"block-3d6b267f-5b31-4dc9-a1ea-65c98285baf3\"><\/p>\n\n\n\n<p id=\"block-7a5d7bb8-d272-420f-addb-e68557642b4b\">Erfolgreiche Absolvent:innen der Sporthelfer:innen-Ausbildung im Schuljahr 2023\/24<\/p>\n","protected":false},"excerpt":{"rendered":"<p>Die Ausbildung f\u00fcr Sporthelfer richtet sich an Sch\u00fcler:innen der Jahrg\u00e4nge 8 bis 10, die ein Interesse haben Bewegungs-, Spiel- und Sportangebote f\u00fcr Kinder und Jugendliche in der Schule oder im\u00a0Sportverein zu organisieren und zu betreuen. Die Sporthelferausbildung wird anerkannt als erster Baustein in der Qualifikation auf dem Weg der \u00dcbungsleiter- bzw. Trainerausbildung. Die Ausbildung umfasst [&hellip;]<\/p>\n","protected":false},"author":2,"featured_media":0,"parent":4332,"menu_order":0,"comment_status":"closed","ping_status":"closed","template":"","meta":{"_themeisle_gutenberg_block_has_review":false,"_mc_calendar":[],"footnotes":""},"class_list":["post-13056","page","type-page","status-publish","hentry"],"_links":{"self":[{"href":"https:\/\/goerdeler.lspb.de\/wordpress\/wp-json\/wp\/v2\/pages\/13056","targetHints":{"allow":["GET"]}}],"collection":[{"href":"https:\/\/goerdeler.lspb.de\/wordpress\/wp-json\/wp\/v2\/pages"}],"about":[{"href":"https:\/\/goerdeler.lspb.de\/wordpress\/wp-json\/wp\/v2\/types\/page"}],"author":[{"embeddable":true,"href":"https:\/\/goerdeler.lspb.de\/wordpress\/wp-json\/wp\/v2\/users\/2"}],"replies":[{"embeddable":true,"href":"https:\/\/goerdeler.lspb.de\/wordpress\/wp-json\/wp\/v2\/comments?post=13056"}],"version-history":[{"count":6,"href":"https:\/\/goerdeler.lspb.de\/wordpress\/wp-json\/wp\/v2\/pages\/13056\/revisions"}],"predecessor-version":[{"id":18045,"href":"https:\/\/goerdeler.lspb.de\/wordpress\/wp-json\/wp\/v2\/pages\/13056\/revisions\/18045"}],"up":[{"embeddable":true,"href":"https:\/\/goerdeler.lspb.de\/wordpress\/wp-json\/wp\/v2\/pages\/4332"}],"wp:attachment":[{"href":"https:\/\/goerdeler.lspb.de\/wordpress\/wp-json\/wp\/v2\/media?parent=13056"}],"curies":[{"name":"wp","href":"https:\/\/api.w.org\/{rel}","templated":true}]}}