{"id":13103,"date":"2022-11-27T13:26:51","date_gmt":"2022-11-27T12:26:51","guid":{"rendered":"https:\/\/goerdeler.lspb.de\/wordpress\/?page_id=13103"},"modified":"2022-11-27T13:28:31","modified_gmt":"2022-11-27T12:28:31","slug":"veranstaltungstechnik-ag","status":"publish","type":"page","link":"https:\/\/goerdeler.lspb.de\/wordpress\/profil\/arbeitsgemeinschaften\/veranstaltungstechnik-ag\/","title":{"rendered":"Veranstaltungstechnik-AG"},"content":{"rendered":"\n<p>Die Aula ist f\u00fcr unsere Schule immer wieder Herzst\u00fcck von Veranstaltungen \u2013 seien es Informationsabende, Konzerte oder die Abiturfeiern.&nbsp;<\/p>\n\n\n\n<p>Die Veranstaltungstechnik-AG \u00fcbernimmt bei vielen dieser Events den technischen Hintergrund. Wir planen Beleuchtung und Ton, entwickeln Konzepte f\u00fcr jede Veranstaltung, w\u00e4hlen aus unserer umfangreichen Ausstattung die richtigen Komponenten aus, bauen diese auf und sorgen f\u00fcr eine stimmungsreiche Atmosph\u00e4re bei allen Feierlichkeiten und gr\u00f6\u00dferen Veranstaltungen in unserer Aula und au\u00dferhalb.&nbsp;<\/p>\n\n\n\n<p>Insbesondere im Bereich Licht k\u00f6nnen wir dabei auf eine sehr moderne Ausstattung zur\u00fcckgreifen, die wir im Laufe der Jahre aufgebaut haben. Von LED-Spots \u00fcber LED-Bars bis zu beweglichen Scheinwerfern (sog. Moving Heads) k\u00f6nnen wir aus dem Vollen sch\u00f6pfen, entwickeln und programmieren Lichtszenen und aufw\u00e4ndige computergesteuerte dynamische Effekte. Die Pflege dieser umfangreichen technischen Ausstattung ist ebenfalls unsere Sache und wir sind stolz darauf sagen zu k\u00f6nnen, dass unsere AG die Au\u00dfenwirkung unserer Schule immer wieder erfolgreich mitpr\u00e4gt und in der Schullandschaft der Region in dieser Form einzigartig ist.<\/p>\n\n\n\n<p>Die AG steht allen interessierten Sch\u00fclerinnen und Sch\u00fclern ab der 8. Klasse offen. Wir haben hohen Teamgeist und ausgepr\u00e4gtes Verantwortungsgef\u00fchl, damit unsere Schule sich immer im wahrsten Wortsinn im rechten Licht pr\u00e4sentiert.<\/p>\n\n\n\n<p>Die AG trifft sich je nach anstehenden Veranstaltungen nach Bedarf. Herr Hilwerling (<a href=\"mailto:uhilwer1@lspb.de\">uhilwer1@lspb.de<\/a>) steht als Ansprechpartner zur Verf\u00fcgung.&nbsp;<\/p>\n","protected":false},"excerpt":{"rendered":"<p>Die Aula ist f\u00fcr unsere Schule immer wieder Herzst\u00fcck von Veranstaltungen \u2013 seien es Informationsabende, Konzerte oder die Abiturfeiern.&nbsp; Die Veranstaltungstechnik-AG \u00fcbernimmt bei vielen dieser Events den technischen Hintergrund. Wir planen Beleuchtung und Ton, entwickeln Konzepte f\u00fcr jede Veranstaltung, w\u00e4hlen aus unserer umfangreichen Ausstattung die richtigen Komponenten aus, bauen diese auf und sorgen f\u00fcr eine [&hellip;]<\/p>\n","protected":false},"author":2,"featured_media":13101,"parent":4332,"menu_order":0,"comment_status":"closed","ping_status":"closed","template":"","meta":{"_themeisle_gutenberg_block_has_review":false,"_mc_calendar":[],"footnotes":""},"class_list":["post-13103","page","type-page","status-publish","has-post-thumbnail","hentry"],"_links":{"self":[{"href":"https:\/\/goerdeler.lspb.de\/wordpress\/wp-json\/wp\/v2\/pages\/13103","targetHints":{"allow":["GET"]}}],"collection":[{"href":"https:\/\/goerdeler.lspb.de\/wordpress\/wp-json\/wp\/v2\/pages"}],"about":[{"href":"https:\/\/goerdeler.lspb.de\/wordpress\/wp-json\/wp\/v2\/types\/page"}],"author":[{"embeddable":true,"href":"https:\/\/goerdeler.lspb.de\/wordpress\/wp-json\/wp\/v2\/users\/2"}],"replies":[{"embeddable":true,"href":"https:\/\/goerdeler.lspb.de\/wordpress\/wp-json\/wp\/v2\/comments?post=13103"}],"version-history":[{"count":2,"href":"https:\/\/goerdeler.lspb.de\/wordpress\/wp-json\/wp\/v2\/pages\/13103\/revisions"}],"predecessor-version":[{"id":13105,"href":"https:\/\/goerdeler.lspb.de\/wordpress\/wp-json\/wp\/v2\/pages\/13103\/revisions\/13105"}],"up":[{"embeddable":true,"href":"https:\/\/goerdeler.lspb.de\/wordpress\/wp-json\/wp\/v2\/pages\/4332"}],"wp:featuredmedia":[{"embeddable":true,"href":"https:\/\/goerdeler.lspb.de\/wordpress\/wp-json\/wp\/v2\/media\/13101"}],"wp:attachment":[{"href":"https:\/\/goerdeler.lspb.de\/wordpress\/wp-json\/wp\/v2\/media?parent=13103"}],"curies":[{"name":"wp","href":"https:\/\/api.w.org\/{rel}","templated":true}]}}