{"id":13266,"date":"2022-12-07T10:49:34","date_gmt":"2022-12-07T09:49:34","guid":{"rendered":"https:\/\/goerdeler.lspb.de\/wordpress\/?page_id=13266"},"modified":"2023-08-16T16:54:53","modified_gmt":"2023-08-16T14:54:53","slug":"delf","status":"publish","type":"page","link":"https:\/\/goerdeler.lspb.de\/wordpress\/profil\/arbeitsgemeinschaften\/delf\/","title":{"rendered":"DELF"},"content":{"rendered":"\n<div id=\"wp-block-themeisle-blocks-advanced-columns-46607371\" class=\"wp-block-themeisle-blocks-advanced-columns has-1-columns has-desktop-equal-layout has-tablet-equal-layout has-mobile-equal-layout has-vertical-unset\"><div class=\"wp-block-themeisle-blocks-advanced-columns-overlay\"><\/div><div class=\"innerblocks-wrap\">\n<div id=\"wp-block-themeisle-blocks-advanced-column-3a638e75\" class=\"wp-block-themeisle-blocks-advanced-column\">\n<p>Wir bieten erfolgreich seit \u00fcber 15 Jahren Vorbereitungskurse mit vier Niveaustufen (A1,A2, B1, B2) f\u00fcr die Sprachpr\u00fcfungen an. Es werden\u00a0vier Sprachkompetenzen ge\u00fcbt: H\u00f6rverstehen, Leseverstehen, Schreiben, Sprechen.<\/p>\n\n\n\n<p>Das Diplom wird vom franz\u00f6sischen Staat ausgestellt und ist weltweit und lebenslang g\u00fcltig. Weitere Informationen finden Sie auf unserer <a href=\"https:\/\/goerdeler.lspb.de\/wordpress\/unterricht\/franzoesisch\/#Projekte\">Homepage<\/a> und <a href=\"https:\/\/www.institutfrancais.de\/deutschland\/franzoesisch-lernen\/alle-sprachzertifikate\/delf-dalf\">hier.<\/a><\/p>\n\n\n\n<figure class=\"wp-block-embed is-type-wp-embed is-provider-goerdeler-gymnasium wp-block-embed-goerdeler-gymnasium\"><div class=\"wp-block-embed__wrapper\">\n<blockquote class=\"wp-embedded-content\" data-secret=\"gmD3mZC0zY\"><a href=\"https:\/\/goerdeler.lspb.de\/wordpress\/erfolgreiche-sprachpruefungen-delf-2023\/\">Erfolgreiche Sprachpr\u00fcfungen &#8211; DELF 2023<\/a><\/blockquote><iframe loading=\"lazy\" class=\"wp-embedded-content\" sandbox=\"allow-scripts\" security=\"restricted\" style=\"position: absolute; clip: rect(1px, 1px, 1px, 1px);\" title=\"&#8222;Erfolgreiche Sprachpr\u00fcfungen &#8211; DELF 2023&#8220; &#8212; Goerdeler-Gymnasium\" src=\"https:\/\/goerdeler.lspb.de\/wordpress\/erfolgreiche-sprachpruefungen-delf-2023\/embed\/#?secret=og0Y3zFodF#?secret=gmD3mZC0zY\" data-secret=\"gmD3mZC0zY\" width=\"500\" height=\"282\" frameborder=\"0\" marginwidth=\"0\" marginheight=\"0\" scrolling=\"no\"><\/iframe>\n<\/div><\/figure>\n<\/div>\n<\/div><\/div>\n","protected":false},"excerpt":{"rendered":"","protected":false},"author":2,"featured_media":0,"parent":4332,"menu_order":0,"comment_status":"closed","ping_status":"closed","template":"","meta":{"_themeisle_gutenberg_block_has_review":false,"_mc_calendar":[],"footnotes":""},"class_list":["post-13266","page","type-page","status-publish","hentry"],"_links":{"self":[{"href":"https:\/\/goerdeler.lspb.de\/wordpress\/wp-json\/wp\/v2\/pages\/13266","targetHints":{"allow":["GET"]}}],"collection":[{"href":"https:\/\/goerdeler.lspb.de\/wordpress\/wp-json\/wp\/v2\/pages"}],"about":[{"href":"https:\/\/goerdeler.lspb.de\/wordpress\/wp-json\/wp\/v2\/types\/page"}],"author":[{"embeddable":true,"href":"https:\/\/goerdeler.lspb.de\/wordpress\/wp-json\/wp\/v2\/users\/2"}],"replies":[{"embeddable":true,"href":"https:\/\/goerdeler.lspb.de\/wordpress\/wp-json\/wp\/v2\/comments?post=13266"}],"version-history":[{"count":5,"href":"https:\/\/goerdeler.lspb.de\/wordpress\/wp-json\/wp\/v2\/pages\/13266\/revisions"}],"predecessor-version":[{"id":14202,"href":"https:\/\/goerdeler.lspb.de\/wordpress\/wp-json\/wp\/v2\/pages\/13266\/revisions\/14202"}],"up":[{"embeddable":true,"href":"https:\/\/goerdeler.lspb.de\/wordpress\/wp-json\/wp\/v2\/pages\/4332"}],"wp:attachment":[{"href":"https:\/\/goerdeler.lspb.de\/wordpress\/wp-json\/wp\/v2\/media?parent=13266"}],"curies":[{"name":"wp","href":"https:\/\/api.w.org\/{rel}","templated":true}]}}