{"id":13269,"date":"2022-12-07T10:57:10","date_gmt":"2022-12-07T09:57:10","guid":{"rendered":"https:\/\/goerdeler.lspb.de\/wordpress\/?page_id=13269"},"modified":"2022-12-07T10:57:10","modified_gmt":"2022-12-07T09:57:10","slug":"niederlaendisch-ag","status":"publish","type":"page","link":"https:\/\/goerdeler.lspb.de\/wordpress\/profil\/arbeitskreise\/niederlaendisch-ag\/","title":{"rendered":"Niederl\u00e4ndisch-AG"},"content":{"rendered":"\n<p>Wozu denn \u00fcberhaupt Niederl\u00e4ndisch? &#8211; werden sich einige fragen.<\/p>\n\n\n\n<p>Nun, Niederl\u00e4ndisch \u2013 oder \u201eAlgemeen Nederlands\u201c wird nicht nur in den Niederlanden (umgangssprachlich auch als Holland bekannt&nbsp;) als Amtssprache gesprochen, sondern auch von den \u201ezuiderburen\u201c im s\u00fcdlichen Nachbarland Belgien. Dort spricht n\u00e4mlich die Mehrheit der Belgier, ca. 60%, ebenfalls \u201eNederlands\u201c oder \u201eVlaams\u201c, wie man im fl\u00e4mischen Teil Belgiens zu sagen pflegt.&nbsp;<\/p>\n\n\n\n<p>Wir k\u00f6nnen sogar noch s\u00fcdlicher fliegen \u2013 naar Zuid-Afrika: Dort spricht man eine alte Variante des Niederl\u00e4ndischen, auch \u201eAfrikaans\u201c genannt, welches im benachbarten Namibia ebenso gut neben Englisch verstanden wird.<\/p>\n\n\n\n<p>Die Sch\u00fcler:innen des Goerdeler-Gymnasiums lernen direkt an Texten das Schriftbild und die Grammatik integrativ. Es f\u00e4llt sofort die sprachliche Verwandtschaft zum Deutschen und Englischen auf. So dient die Niederl\u00e4ndisch-AG sogar dem kontrastiven Sprachbewusstsein und so mancher Sch\u00fcler:in aus dem l\u00e4ndlichen Umfeld erinnert sich an \u201eplattdeutschsprechende\u201c Gro\u00dfeltern.<\/p>\n\n\n\n<p>Neben der Texterschlie\u00dfung geht es nat\u00fcrlich auch um die Anwendung in Alltagssituationen: sich vorstellen, einkaufen, nach dem Weg fragen, kleinere Gespr\u00e4che f\u00fchren etc.&nbsp;<\/p>\n\n\n\n<p>\u00dcbrigens stehen gerade \u201enederlandstalige universiteiten\u201c f\u00fcr deutsche Abiturienten hoch im Kurs, zumal man dort keinen NC kennt, sondern mit einem NL-Sprachdiplom (B2\/C1) an den Universit\u00e4ten studieren darf.&nbsp;&nbsp;&nbsp;&nbsp;&nbsp;\u201eGoed te weten\u201c!!<\/p>\n\n\n\n<p>Het logo toont de drie hoofttalen: Nederlands-Vlaams-Afrikaans en specifieke symbolen van deze landen: tulpen, pralinen en dierenwereld.<\/p>\n\n\n<div class=\"wp-block-image\">\n<figure class=\"aligncenter size-full is-resized\"><a href=\"https:\/\/goerdeler.lspb.de\/wordpress\/wp-content\/uploads\/Niederlaendisch-AG.png\"><img loading=\"lazy\" decoding=\"async\" src=\"https:\/\/goerdeler.lspb.de\/wordpress\/wp-content\/uploads\/Niederlaendisch-AG.png\" alt=\"\" class=\"wp-image-13270\" width=\"280\" height=\"255\" srcset=\"https:\/\/goerdeler.lspb.de\/wordpress\/wp-content\/uploads\/Niederlaendisch-AG.png 902w, https:\/\/goerdeler.lspb.de\/wordpress\/wp-content\/uploads\/Niederlaendisch-AG-300x274.png 300w, https:\/\/goerdeler.lspb.de\/wordpress\/wp-content\/uploads\/Niederlaendisch-AG-768x702.png 768w\" sizes=\"auto, (max-width: 280px) 100vw, 280px\" \/><\/a><\/figure>\n<\/div>","protected":false},"excerpt":{"rendered":"<p>Wozu denn \u00fcberhaupt Niederl\u00e4ndisch? &#8211; werden sich einige fragen. Nun, Niederl\u00e4ndisch \u2013 oder \u201eAlgemeen Nederlands\u201c wird nicht nur in den Niederlanden (umgangssprachlich auch als Holland bekannt&nbsp;) als Amtssprache gesprochen, sondern auch von den \u201ezuiderburen\u201c im s\u00fcdlichen Nachbarland Belgien. Dort spricht n\u00e4mlich die Mehrheit der Belgier, ca. 60%, ebenfalls \u201eNederlands\u201c oder \u201eVlaams\u201c, wie man im fl\u00e4mischen [&hellip;]<\/p>\n","protected":false},"author":2,"featured_media":0,"parent":4346,"menu_order":0,"comment_status":"closed","ping_status":"closed","template":"","meta":{"_themeisle_gutenberg_block_has_review":false,"_mc_calendar":[],"footnotes":""},"class_list":["post-13269","page","type-page","status-publish","hentry"],"_links":{"self":[{"href":"https:\/\/goerdeler.lspb.de\/wordpress\/wp-json\/wp\/v2\/pages\/13269","targetHints":{"allow":["GET"]}}],"collection":[{"href":"https:\/\/goerdeler.lspb.de\/wordpress\/wp-json\/wp\/v2\/pages"}],"about":[{"href":"https:\/\/goerdeler.lspb.de\/wordpress\/wp-json\/wp\/v2\/types\/page"}],"author":[{"embeddable":true,"href":"https:\/\/goerdeler.lspb.de\/wordpress\/wp-json\/wp\/v2\/users\/2"}],"replies":[{"embeddable":true,"href":"https:\/\/goerdeler.lspb.de\/wordpress\/wp-json\/wp\/v2\/comments?post=13269"}],"version-history":[{"count":2,"href":"https:\/\/goerdeler.lspb.de\/wordpress\/wp-json\/wp\/v2\/pages\/13269\/revisions"}],"predecessor-version":[{"id":13272,"href":"https:\/\/goerdeler.lspb.de\/wordpress\/wp-json\/wp\/v2\/pages\/13269\/revisions\/13272"}],"up":[{"embeddable":true,"href":"https:\/\/goerdeler.lspb.de\/wordpress\/wp-json\/wp\/v2\/pages\/4346"}],"wp:attachment":[{"href":"https:\/\/goerdeler.lspb.de\/wordpress\/wp-json\/wp\/v2\/media?parent=13269"}],"curies":[{"name":"wp","href":"https:\/\/api.w.org\/{rel}","templated":true}]}}