{"id":13275,"date":"2022-12-07T15:35:53","date_gmt":"2022-12-07T14:35:53","guid":{"rendered":"https:\/\/goerdeler.lspb.de\/wordpress\/?page_id=13275"},"modified":"2025-10-01T19:15:55","modified_gmt":"2025-10-01T17:15:55","slug":"kunst-ag-klasse-5-efupcycling-designgegenstaende-und-kunstobjekte-aus-muell-abfallmaterialien-gestalten","status":"publish","type":"page","link":"https:\/\/goerdeler.lspb.de\/wordpress\/kunst-ag-klasse-5-efupcycling-designgegenstaende-und-kunstobjekte-aus-muell-abfallmaterialien-gestalten\/","title":{"rendered":"Kunst AG"},"content":{"rendered":"\n<p class=\"has-text-align-center\"><\/p>\n\n\n\n<p class=\"has-text-align-center\"><strong><br><\/strong><strong>Kunst AG, Upcycling!<\/strong><\/p>\n\n\n\n<p class=\"has-text-align-center\"><strong>Kreative Gestaltungen aus Alltagsmaterialien, Verpackungsm\u00fcll und Fundst\u00fccken<\/strong><\/p>\n\n\n\n<p class=\"has-text-align-center\"><strong>Bist du kreativ? Sammelst du gerne?<\/strong><br><strong>Hast du Freude am k\u00fcnstlerischen Gestalten?<\/strong><\/p>\n\n\n\n<p class=\"has-text-align-center\">&#8230; Dann komm zur Kunst AG!<\/p>\n\n\n\n<p class=\"has-text-align-center\">Wir lassen neue Dinge aus\u00a0<strong>Alltagsmaterialien<\/strong><br><strong>Verpackungen<\/strong>\u00a0und\u00a0<strong>Fundst\u00fccken<\/strong>\u00a0entstehen<\/p>\n\n\n\n<p class=\"has-text-align-center\"><strong>Materialien:<\/strong><\/p>\n\n\n\n<p class=\"has-text-align-center\">Zeitungspapier, B\u00fccher, Prospekte, Landkarten, Tetra Paks, <br>Dosen, Toilettenpapierrollen, Eierkartons, Gl\u00e4ser, Naturmaterialien, etc&#8230;<\/p>\n\n\n\n<p class=\"has-text-align-center\"><strong>Projekte:<\/strong><br>Blument\u00f6pfe, Stiftehalter, Windlichter, Verpackungen, Anh\u00e4nger, <br>Mobiles, Geschenk- und Dekorationsartikel zu Festen und Jahreszeiten <br>&#8230; UND VIELES MEHR!!!<\/p>\n\n\n\n<p class=\"has-text-align-center\"><strong>F\u00fcr wen?<\/strong> Klasse 5-10<\/p>\n\n\n\n<p class=\"has-text-align-center\"><strong>Leitung:<\/strong> Frau Lehnert<\/p>\n\n\n\n<p class=\"has-text-align-center\"><strong>Termine:<\/strong><\/p>\n\n\n\n<p class=\"has-text-align-center\">Donnerstags: A-Woche<br>Uhrzeit: 13:15-14:45 Uhr<\/p>\n\n\n\n<p class=\"has-text-align-center\"><strong>Ort:<\/strong><br>Raum: KU1<\/p>\n\n\n\n<p class=\"has-text-align-center\"><strong>R\u00fcckfragen:<\/strong><br>Frau Lehnert (Teams \/ E-Mail)<\/p>\n","protected":false},"excerpt":{"rendered":"<p>Kunst AG, Upcycling! Kreative Gestaltungen aus Alltagsmaterialien, Verpackungsm\u00fcll und Fundst\u00fccken Bist du kreativ? Sammelst du gerne?Hast du Freude am k\u00fcnstlerischen Gestalten? &#8230; Dann komm zur Kunst AG! Wir lassen neue Dinge aus\u00a0AlltagsmaterialienVerpackungen\u00a0und\u00a0Fundst\u00fccken\u00a0entstehen Materialien: Zeitungspapier, B\u00fccher, Prospekte, Landkarten, Tetra Paks, Dosen, Toilettenpapierrollen, Eierkartons, Gl\u00e4ser, Naturmaterialien, etc&#8230; Projekte:Blument\u00f6pfe, Stiftehalter, Windlichter, Verpackungen, Anh\u00e4nger, Mobiles, Geschenk- und Dekorationsartikel zu [&hellip;]<\/p>\n","protected":false},"author":11,"featured_media":0,"parent":0,"menu_order":0,"comment_status":"closed","ping_status":"closed","template":"","meta":{"_themeisle_gutenberg_block_has_review":false,"_mc_calendar":[],"footnotes":""},"class_list":["post-13275","page","type-page","status-publish","hentry"],"_links":{"self":[{"href":"https:\/\/goerdeler.lspb.de\/wordpress\/wp-json\/wp\/v2\/pages\/13275","targetHints":{"allow":["GET"]}}],"collection":[{"href":"https:\/\/goerdeler.lspb.de\/wordpress\/wp-json\/wp\/v2\/pages"}],"about":[{"href":"https:\/\/goerdeler.lspb.de\/wordpress\/wp-json\/wp\/v2\/types\/page"}],"author":[{"embeddable":true,"href":"https:\/\/goerdeler.lspb.de\/wordpress\/wp-json\/wp\/v2\/users\/11"}],"replies":[{"embeddable":true,"href":"https:\/\/goerdeler.lspb.de\/wordpress\/wp-json\/wp\/v2\/comments?post=13275"}],"version-history":[{"count":13,"href":"https:\/\/goerdeler.lspb.de\/wordpress\/wp-json\/wp\/v2\/pages\/13275\/revisions"}],"predecessor-version":[{"id":18348,"href":"https:\/\/goerdeler.lspb.de\/wordpress\/wp-json\/wp\/v2\/pages\/13275\/revisions\/18348"}],"wp:attachment":[{"href":"https:\/\/goerdeler.lspb.de\/wordpress\/wp-json\/wp\/v2\/media?parent=13275"}],"curies":[{"name":"wp","href":"https:\/\/api.w.org\/{rel}","templated":true}]}}