{"id":13299,"date":"2022-12-13T11:59:25","date_gmt":"2022-12-13T10:59:25","guid":{"rendered":"https:\/\/goerdeler.lspb.de\/wordpress\/?page_id=13299"},"modified":"2024-09-13T07:26:23","modified_gmt":"2024-09-13T05:26:23","slug":"pflanzen-ag","status":"publish","type":"page","link":"https:\/\/goerdeler.lspb.de\/wordpress\/profil\/arbeitsgemeinschaften\/pflanzen-ag\/","title":{"rendered":"Pflanzen-AG"},"content":{"rendered":"\n<p><strong>\u201ePflanzen schaffen ein angenehmes Schulklima!\u201c \u2013&nbsp;Motto des Innenraumbegr\u00fcnungsprojektes<\/strong><\/p>\n\n\n\n<p>Unter dem Motto \u201ePflanzen schaffen ein angenehmes Schulklima\u201c trug das Projekt \u201eInnenraumbegr\u00fcnung\u201c&nbsp;von Herrn Fern\u00e1ndez D\u00edaz in der Projektwoche 2022 einen wichtigen Teil dazu bei, dass das Goerdeler gr\u00fcner und sch\u00f6ner wurde. Durch die Kooperation mit Blumen Pfeifer, Lechuza und vielen Sch\u00fclerinnen und Sch\u00fclern wurde die Schule in der Projektwoche vor den Sommerferien begr\u00fcnt. In den Sommerferien reifte dann die Idee der Pflanzen-AG heran. Diese wurde von Herrn Fern\u00e1ndez D\u00edaz und dem Sch\u00fcler Eric Vus nach den Sommerferien 2022 gegr\u00fcndet.<\/p>\n\n\n\n<p>Ab 2023 \u00fcbernahm Frau Barth die Leitung der Pflanzen-AG. In Zusammenarbeit mit der SV wurde der Schulteich neu angelegt und rund 100 Pflanzen, Geh\u00f6lze und Str\u00e4ucher unter Anleitung der Baumschule Jurgelucks aus Bad Lippspringe gepflanzt. Die Pflanzen-AG hat damit ihren Aufgabenbereich auch auf die Begr\u00fcnung des Schulgel\u00e4ndes ausgeweitet.<\/p>\n\n\n\n<p>Im Rahmen der Projektwoche 2024 konnte unter der Leitung von Frau Engelbert und Frau Barth der Au\u00dfenbereich des Schulteichs umgestaltet werden. Zusammen mit den Sch\u00fclerinnen und Sch\u00fclern wurden Komposter aufgestellt, Beete und Wege angelegt und B\u00e4nke aufgestellt. Aus der Projektwoche heraus ist dann mithilfe der tatkr\u00e4ftigen Unterst\u00fctzung von Herrn Ricus das Goerdeler-Bienen-Projekt entstanden. Herr Ricus hat dem Goerdeler-Gymnasium Paderborn zwei seiner Bienenst\u00f6cke gespendet, die Pflege dieser \u00fcbernommen und das Angebot in Aussicht gestellt, den Sch\u00fclerinnen und Sch\u00fclern das Imkern n\u00e4herzubringen.<br>Als\u00a0grundlegendes Ziel der AG\u00a0gilt,\u00a0alle in die Gestaltung der Schule miteinzubeziehen\u00a0und somit ein Bewusstsein f\u00fcr Begr\u00fcnung des Schulkomplexes und deren positive Auswirkungen auf die Umwelt zu schaffen.<\/p>\n\n\n\n<p><em>Was euch erwartet:<\/em><\/p>\n\n\n\n<p>\u2013 Schulteichpflege und Pflege der Gr\u00fcnanlagen<br>\u2013 Hochbeete bauen und Gem\u00fcse f\u00fcr den eigenen Bedarf anbauen<br>\u2013 Innenraumbegr\u00fcnung (Pflanzenpflege und Pflanzenanzucht),<br>\u2013 selbst\u00e4ndiges Planen und Umsetzen von Projekten in kleinen Arbeitsgruppen<\/p>\n\n\n\n<p>Dank einer gro\u00dfz\u00fcgigen Spende von Herrn Bonorden, der tatkr\u00e4ftigen Unterst\u00fctzung der Baumschule Jurgelucks aus Bad Lippspringe und der tatkr\u00e4fitgen Unterst\u00fctzung bei der Pflege unserer Goerdeler-Bienen durch Herrn Ricus sind wir dem Ziel, die Schule sch\u00f6ner, gr\u00fcner und nachhaltiger zu gestalten, schon um einiges n\u00e4hergekommen.<\/p>\n\n\n\n<p class=\"has-text-align-center\">Diese Projekte k\u00f6nnen jedoch nur Umsetzung finden, wenn viele flei\u00dfige H\u00e4nde mit anpacken.<br><strong>Alle sind willkommen<\/strong> und k\u00f6nnen jederzeit vorbeikommen und mitmachen!<\/p>\n\n\n\n<p class=\"has-text-align-center\"><strong>Termin: mittwochs, 7. Stunde (13.10- 14:00 Uhr) Raum: ehemaliger SV-Raum<\/strong><\/p>\n\n\n\n<p class=\"has-text-align-center\">Wir freuen uns \u00fcber tatkr\u00e4ftige H\u00e4nde!<br>F\u00fcr weitere Fragen sind wir \u00fcber E-Mail oder Teams erreichbar:<\/p>\n\n\n\n<p class=\"has-text-align-center\">Frau Sarah Barth (<a href=\"mailto:sbarth1@lspb.de\"><strong>sbarth1@lspb.de<\/strong><\/a>) und Frau Ira Engelbert (<a href=\"mailto:iengelb1@lspb.de\">iengelb1@lspb.de<\/a>)<\/p>\n\n\n\n<p class=\"has-text-align-center\">und Eric Vus (Sch\u00fcler und Gr\u00fcnder der Pflanzen-AG)<\/p>\n\n\n\n<figure class=\"wp-block-gallery has-nested-images columns-default is-cropped wp-block-gallery-1 is-layout-flex wp-block-gallery-is-layout-flex\">\n<figure class=\"wp-block-image size-large\"><a href=\"https:\/\/goerdeler.lspb.de\/wordpress\/wp-content\/uploads\/PflanzenAG1.jpeg\"><img loading=\"lazy\" decoding=\"async\" width=\"900\" height=\"949\" data-id=\"13303\" src=\"https:\/\/goerdeler.lspb.de\/wordpress\/wp-content\/uploads\/PflanzenAG1.jpeg\" alt=\"\" class=\"wp-image-13303\" srcset=\"https:\/\/goerdeler.lspb.de\/wordpress\/wp-content\/uploads\/PflanzenAG1.jpeg 900w, https:\/\/goerdeler.lspb.de\/wordpress\/wp-content\/uploads\/PflanzenAG1-285x300.jpeg 285w, https:\/\/goerdeler.lspb.de\/wordpress\/wp-content\/uploads\/PflanzenAG1-768x810.jpeg 768w\" sizes=\"auto, (max-width: 900px) 100vw, 900px\" \/><\/a><\/figure>\n\n\n\n<figure class=\"wp-block-image size-large\"><a href=\"https:\/\/goerdeler.lspb.de\/wordpress\/wp-content\/uploads\/PflanzenAG4.jpeg\"><img loading=\"lazy\" decoding=\"async\" width=\"900\" height=\"476\" data-id=\"13300\" src=\"https:\/\/goerdeler.lspb.de\/wordpress\/wp-content\/uploads\/PflanzenAG4.jpeg\" alt=\"\" class=\"wp-image-13300\" srcset=\"https:\/\/goerdeler.lspb.de\/wordpress\/wp-content\/uploads\/PflanzenAG4.jpeg 900w, https:\/\/goerdeler.lspb.de\/wordpress\/wp-content\/uploads\/PflanzenAG4-300x159.jpeg 300w, https:\/\/goerdeler.lspb.de\/wordpress\/wp-content\/uploads\/PflanzenAG4-768x406.jpeg 768w\" sizes=\"auto, (max-width: 900px) 100vw, 900px\" \/><\/a><\/figure>\n\n\n\n<figure class=\"wp-block-image size-large\"><a href=\"https:\/\/goerdeler.lspb.de\/wordpress\/wp-content\/uploads\/PflanzenAG2.jpeg\"><img loading=\"lazy\" decoding=\"async\" width=\"900\" height=\"427\" data-id=\"13302\" src=\"https:\/\/goerdeler.lspb.de\/wordpress\/wp-content\/uploads\/PflanzenAG2.jpeg\" alt=\"\" class=\"wp-image-13302\" srcset=\"https:\/\/goerdeler.lspb.de\/wordpress\/wp-content\/uploads\/PflanzenAG2.jpeg 900w, https:\/\/goerdeler.lspb.de\/wordpress\/wp-content\/uploads\/PflanzenAG2-300x142.jpeg 300w, https:\/\/goerdeler.lspb.de\/wordpress\/wp-content\/uploads\/PflanzenAG2-768x364.jpeg 768w\" sizes=\"auto, (max-width: 900px) 100vw, 900px\" \/><\/a><\/figure>\n\n\n\n<figure class=\"wp-block-image size-large\"><a href=\"https:\/\/goerdeler.lspb.de\/wordpress\/wp-content\/uploads\/2023-06-17_Abiturentlassfeier_64HP.jpg\"><img loading=\"lazy\" decoding=\"async\" width=\"900\" height=\"597\" data-id=\"14002\" src=\"https:\/\/goerdeler.lspb.de\/wordpress\/wp-content\/uploads\/2023-06-17_Abiturentlassfeier_64HP.jpg\" alt=\"\" class=\"wp-image-14002\" srcset=\"https:\/\/goerdeler.lspb.de\/wordpress\/wp-content\/uploads\/2023-06-17_Abiturentlassfeier_64HP.jpg 900w, https:\/\/goerdeler.lspb.de\/wordpress\/wp-content\/uploads\/2023-06-17_Abiturentlassfeier_64HP-300x199.jpg 300w, https:\/\/goerdeler.lspb.de\/wordpress\/wp-content\/uploads\/2023-06-17_Abiturentlassfeier_64HP-768x509.jpg 768w\" sizes=\"auto, (max-width: 900px) 100vw, 900px\" \/><\/a><\/figure>\n\n\n\n<figure class=\"wp-block-image size-large\"><a href=\"https:\/\/goerdeler.lspb.de\/wordpress\/wp-content\/uploads\/Medien-1-1.jpeg\"><img loading=\"lazy\" decoding=\"async\" width=\"768\" height=\"1024\" data-id=\"16299\" src=\"https:\/\/goerdeler.lspb.de\/wordpress\/wp-content\/uploads\/Medien-1-1-768x1024.jpeg\" alt=\"\" class=\"wp-image-16299\" srcset=\"https:\/\/goerdeler.lspb.de\/wordpress\/wp-content\/uploads\/Medien-1-1-768x1024.jpeg 768w, https:\/\/goerdeler.lspb.de\/wordpress\/wp-content\/uploads\/Medien-1-1-225x300.jpeg 225w, https:\/\/goerdeler.lspb.de\/wordpress\/wp-content\/uploads\/Medien-1-1-1152x1536.jpeg 1152w, https:\/\/goerdeler.lspb.de\/wordpress\/wp-content\/uploads\/Medien-1-1.jpeg 1328w\" sizes=\"auto, (max-width: 768px) 100vw, 768px\" \/><\/a><\/figure>\n\n\n\n<figure class=\"wp-block-image size-large\"><a href=\"https:\/\/goerdeler.lspb.de\/wordpress\/wp-content\/uploads\/2023-05-03_Schulteich_Goerdeler_HP.jpg\"><img loading=\"lazy\" decoding=\"async\" width=\"900\" height=\"600\" data-id=\"13808\" src=\"https:\/\/goerdeler.lspb.de\/wordpress\/wp-content\/uploads\/2023-05-03_Schulteich_Goerdeler_HP.jpg\" alt=\"\" class=\"wp-image-13808\" srcset=\"https:\/\/goerdeler.lspb.de\/wordpress\/wp-content\/uploads\/2023-05-03_Schulteich_Goerdeler_HP.jpg 900w, https:\/\/goerdeler.lspb.de\/wordpress\/wp-content\/uploads\/2023-05-03_Schulteich_Goerdeler_HP-300x200.jpg 300w, https:\/\/goerdeler.lspb.de\/wordpress\/wp-content\/uploads\/2023-05-03_Schulteich_Goerdeler_HP-768x512.jpg 768w\" sizes=\"auto, (max-width: 900px) 100vw, 900px\" \/><\/a><\/figure>\n\n\n\n<figure class=\"wp-block-image size-large\"><a href=\"https:\/\/goerdeler.lspb.de\/wordpress\/wp-content\/uploads\/Image-23-scaled.jpeg\"><img loading=\"lazy\" decoding=\"async\" width=\"1024\" height=\"331\" data-id=\"16298\" src=\"https:\/\/goerdeler.lspb.de\/wordpress\/wp-content\/uploads\/Image-23-1024x331.jpeg\" alt=\"\" class=\"wp-image-16298\" srcset=\"https:\/\/goerdeler.lspb.de\/wordpress\/wp-content\/uploads\/Image-23-1024x331.jpeg 1024w, https:\/\/goerdeler.lspb.de\/wordpress\/wp-content\/uploads\/Image-23-300x97.jpeg 300w, https:\/\/goerdeler.lspb.de\/wordpress\/wp-content\/uploads\/Image-23-768x248.jpeg 768w, https:\/\/goerdeler.lspb.de\/wordpress\/wp-content\/uploads\/Image-23-1536x496.jpeg 1536w, https:\/\/goerdeler.lspb.de\/wordpress\/wp-content\/uploads\/Image-23-2048x661.jpeg 2048w\" sizes=\"auto, (max-width: 1024px) 100vw, 1024px\" \/><\/a><\/figure>\n<\/figure>\n\n\n","protected":false},"excerpt":{"rendered":"<p>\u201ePflanzen schaffen ein angenehmes Schulklima!\u201c \u2013&nbsp;Motto des Innenraumbegr\u00fcnungsprojektes Unter dem Motto \u201ePflanzen schaffen ein angenehmes Schulklima\u201c trug das Projekt \u201eInnenraumbegr\u00fcnung\u201c&nbsp;von Herrn Fern\u00e1ndez D\u00edaz in der Projektwoche 2022 einen wichtigen Teil dazu bei, dass das Goerdeler gr\u00fcner und sch\u00f6ner wurde. Durch die Kooperation mit Blumen Pfeifer, Lechuza und vielen Sch\u00fclerinnen und Sch\u00fclern wurde die Schule in [&hellip;]<\/p>\n","protected":false},"author":2,"featured_media":0,"parent":4332,"menu_order":0,"comment_status":"closed","ping_status":"closed","template":"","meta":{"_themeisle_gutenberg_block_has_review":false,"_mc_calendar":[],"footnotes":""},"class_list":["post-13299","page","type-page","status-publish","hentry"],"_links":{"self":[{"href":"https:\/\/goerdeler.lspb.de\/wordpress\/wp-json\/wp\/v2\/pages\/13299","targetHints":{"allow":["GET"]}}],"collection":[{"href":"https:\/\/goerdeler.lspb.de\/wordpress\/wp-json\/wp\/v2\/pages"}],"about":[{"href":"https:\/\/goerdeler.lspb.de\/wordpress\/wp-json\/wp\/v2\/types\/page"}],"author":[{"embeddable":true,"href":"https:\/\/goerdeler.lspb.de\/wordpress\/wp-json\/wp\/v2\/users\/2"}],"replies":[{"embeddable":true,"href":"https:\/\/goerdeler.lspb.de\/wordpress\/wp-json\/wp\/v2\/comments?post=13299"}],"version-history":[{"count":7,"href":"https:\/\/goerdeler.lspb.de\/wordpress\/wp-json\/wp\/v2\/pages\/13299\/revisions"}],"predecessor-version":[{"id":16300,"href":"https:\/\/goerdeler.lspb.de\/wordpress\/wp-json\/wp\/v2\/pages\/13299\/revisions\/16300"}],"up":[{"embeddable":true,"href":"https:\/\/goerdeler.lspb.de\/wordpress\/wp-json\/wp\/v2\/pages\/4332"}],"wp:attachment":[{"href":"https:\/\/goerdeler.lspb.de\/wordpress\/wp-json\/wp\/v2\/media?parent=13299"}],"curies":[{"name":"wp","href":"https:\/\/api.w.org\/{rel}","templated":true}]}}