{"id":13364,"date":"2023-01-01T17:57:33","date_gmt":"2023-01-01T16:57:33","guid":{"rendered":"https:\/\/goerdeler.lspb.de\/wordpress\/?page_id=13364"},"modified":"2024-09-30T17:27:34","modified_gmt":"2024-09-30T15:27:34","slug":"frankreich-austausch","status":"publish","type":"page","link":"https:\/\/goerdeler.lspb.de\/wordpress\/profil\/schueleraustausch\/frankreich-austausch\/","title":{"rendered":"Frankreich-Austausch"},"content":{"rendered":"\n<figure class=\"wp-block-image size-large\"><a href=\"https:\/\/goerdeler.lspb.de\/wordpress\/wp-content\/uploads\/Frankreichaustausch.jpg\"><img loading=\"lazy\" decoding=\"async\" width=\"1024\" height=\"141\" src=\"https:\/\/goerdeler.lspb.de\/wordpress\/wp-content\/uploads\/Frankreichaustausch-1024x141.jpg\" alt=\"\" class=\"wp-image-14111\" srcset=\"https:\/\/goerdeler.lspb.de\/wordpress\/wp-content\/uploads\/Frankreichaustausch-1024x141.jpg 1024w, https:\/\/goerdeler.lspb.de\/wordpress\/wp-content\/uploads\/Frankreichaustausch-300x41.jpg 300w, https:\/\/goerdeler.lspb.de\/wordpress\/wp-content\/uploads\/Frankreichaustausch-768x106.jpg 768w, https:\/\/goerdeler.lspb.de\/wordpress\/wp-content\/uploads\/Frankreichaustausch.jpg 1250w\" sizes=\"(max-width: 1024px) 100vw, 1024px\" \/><\/a><\/figure>\n\n\n\n<p><\/p>\n\n\n\n<p>Im laufenden Schuljahr 2024\/25 findet der Austausch mit der franz\u00f6sischen Schule, dem Coll\u00e8ge Roger Vercel in Paderborns Partnerstadt Le Mans (<a href=\"https:\/\/clg-rogervercel.sarthe.e-lyco.fr\">https:\/\/clg-rogervercel.sarthe.e-lyco.fr<\/a> ), zum zweiten Mal statt: Das Goerdeler besucht mit 16 Sch\u00fcler:innen vom 02.-09. Oktober 2024 Le Mans. Der Gegenbesuch in Paderborn erfolgt vom 27. M\u00e4rz bis zum 03. April 2025.<br><br>Im Schuljahr 2022\/23 fand der Austausch erstmals statt: Nachdem im Herbst 2021 der Kontakt gekn\u00fcpft werden konnte, fand im Herbst 2022 die erste Begegnung in Paderborn statt.<br>Im Februar 2023 brachen dann 30 Acht- und Neuntkl\u00e4ssler:innen unserer Schule nach Le Mans auf und verbrachten dort eine erlebnisreiche Woche mit und bei ihren Austauschpartner:innen.<\/p>\n\n\n\n<p><\/p>\n\n\n\n<figure class=\"wp-block-gallery has-nested-images columns-default is-cropped wp-block-gallery-1 is-layout-flex wp-block-gallery-is-layout-flex\">\n<figure class=\"wp-block-image size-large\"><a href=\"https:\/\/goerdeler.lspb.de\/wordpress\/wp-content\/uploads\/FRankreich_1.jpg\"><img loading=\"lazy\" decoding=\"async\" width=\"900\" height=\"675\" data-id=\"14113\" src=\"https:\/\/goerdeler.lspb.de\/wordpress\/wp-content\/uploads\/FRankreich_1.jpg\" alt=\"\" class=\"wp-image-14113\" srcset=\"https:\/\/goerdeler.lspb.de\/wordpress\/wp-content\/uploads\/FRankreich_1.jpg 900w, https:\/\/goerdeler.lspb.de\/wordpress\/wp-content\/uploads\/FRankreich_1-300x225.jpg 300w, https:\/\/goerdeler.lspb.de\/wordpress\/wp-content\/uploads\/FRankreich_1-768x576.jpg 768w, https:\/\/goerdeler.lspb.de\/wordpress\/wp-content\/uploads\/FRankreich_1-585x440.jpg 585w, https:\/\/goerdeler.lspb.de\/wordpress\/wp-content\/uploads\/FRankreich_1-230x172.jpg 230w\" sizes=\"(max-width: 900px) 100vw, 900px\" \/><\/a><\/figure>\n\n\n\n<figure class=\"wp-block-image size-large\"><a href=\"https:\/\/goerdeler.lspb.de\/wordpress\/wp-content\/uploads\/Frankreich_2.jpg\"><img loading=\"lazy\" decoding=\"async\" width=\"900\" height=\"675\" data-id=\"14112\" src=\"https:\/\/goerdeler.lspb.de\/wordpress\/wp-content\/uploads\/Frankreich_2.jpg\" alt=\"\" class=\"wp-image-14112\" srcset=\"https:\/\/goerdeler.lspb.de\/wordpress\/wp-content\/uploads\/Frankreich_2.jpg 900w, https:\/\/goerdeler.lspb.de\/wordpress\/wp-content\/uploads\/Frankreich_2-300x225.jpg 300w, https:\/\/goerdeler.lspb.de\/wordpress\/wp-content\/uploads\/Frankreich_2-768x576.jpg 768w, https:\/\/goerdeler.lspb.de\/wordpress\/wp-content\/uploads\/Frankreich_2-585x440.jpg 585w, https:\/\/goerdeler.lspb.de\/wordpress\/wp-content\/uploads\/Frankreich_2-230x172.jpg 230w\" sizes=\"(max-width: 900px) 100vw, 900px\" \/><\/a><\/figure>\n<\/figure>\n\n\n\n<h2 class=\"wp-block-heading\">Veranstaltungen und Ereignisse<\/h2>\n\n\n<div class=\"wp-block-themeisle-blocks-posts-grid\" id=\"wp-block-themeisle-blocks-posts-grid-71d3ea5a\"><div class=\"is-list\"><div class=\"o-posts-grid-post-blog o-posts-grid-post-plain\"><div class=\"o-posts-grid-post\"><div class=\"o-posts-grid-post-image\"><a href=\"https:\/\/goerdeler.lspb.de\/wordpress\/unvergessliche-woche-in-frankreich\/\"><img loading=\"lazy\" decoding=\"async\" width=\"900\" height=\"574\" src=\"https:\/\/goerdeler.lspb.de\/wordpress\/wp-content\/uploads\/2024_LeMans_Collage_1.jpg\" class=\"attachment-full size-full\" alt=\"Unvergessliche Woche in Frankreich\" srcset=\"https:\/\/goerdeler.lspb.de\/wordpress\/wp-content\/uploads\/2024_LeMans_Collage_1.jpg 900w, https:\/\/goerdeler.lspb.de\/wordpress\/wp-content\/uploads\/2024_LeMans_Collage_1-300x191.jpg 300w, https:\/\/goerdeler.lspb.de\/wordpress\/wp-content\/uploads\/2024_LeMans_Collage_1-768x490.jpg 768w\" sizes=\"(max-width: 900px) 100vw, 900px\" \/><\/a><\/div><div class=\"o-posts-grid-post-body\"><h4 class=\"o-posts-grid-post-title\"><a href=\"https:\/\/goerdeler.lspb.de\/wordpress\/unvergessliche-woche-in-frankreich\/\">Unvergessliche Woche in Frankreich<\/a><\/h4><div class=\"o-posts-grid-post-description\"><p>Zur diesj\u00e4hrigen Austauschfahrt mit dem Coll\u00e8ge Roger Vercel startete am 2. Oktober ein kleiner Bus \u2026<\/p><\/div><\/div><\/div><\/div><div class=\"o-posts-grid-post-blog o-posts-grid-post-plain\"><div class=\"o-posts-grid-post\"><div class=\"o-posts-grid-post-image\"><a href=\"https:\/\/goerdeler.lspb.de\/wordpress\/bienvenue-a-paderborn\/\"><img loading=\"lazy\" decoding=\"async\" width=\"1200\" height=\"900\" src=\"https:\/\/goerdeler.lspb.de\/wordpress\/wp-content\/uploads\/Frankreichaustausch-1.jpg\" class=\"attachment-full size-full\" alt=\"Bienvenue \u00e0 Paderborn !\" srcset=\"https:\/\/goerdeler.lspb.de\/wordpress\/wp-content\/uploads\/Frankreichaustausch-1.jpg 1200w, https:\/\/goerdeler.lspb.de\/wordpress\/wp-content\/uploads\/Frankreichaustausch-1-300x225.jpg 300w, https:\/\/goerdeler.lspb.de\/wordpress\/wp-content\/uploads\/Frankreichaustausch-1-1024x768.jpg 1024w, https:\/\/goerdeler.lspb.de\/wordpress\/wp-content\/uploads\/Frankreichaustausch-1-768x576.jpg 768w, https:\/\/goerdeler.lspb.de\/wordpress\/wp-content\/uploads\/Frankreichaustausch-1-585x440.jpg 585w, https:\/\/goerdeler.lspb.de\/wordpress\/wp-content\/uploads\/Frankreichaustausch-1-230x172.jpg 230w\" sizes=\"(max-width: 1200px) 100vw, 1200px\" \/><\/a><\/div><div class=\"o-posts-grid-post-body\"><h4 class=\"o-posts-grid-post-title\"><a href=\"https:\/\/goerdeler.lspb.de\/wordpress\/bienvenue-a-paderborn\/\">Bienvenue \u00e0 Paderborn !<\/a><\/h4><div class=\"o-posts-grid-post-description\"><p>Am Abend des 23. September 2022 war es endlich so weit: Die ersten 25 Sch\u00fclerinnen und Sch\u00fcler unser\u2026<\/p><\/div><\/div><\/div><\/div><div class=\"o-posts-grid-post-blog o-posts-grid-post-plain\"><div class=\"o-posts-grid-post\"><div class=\"o-posts-grid-post-image\"><a href=\"https:\/\/goerdeler.lspb.de\/wordpress\/30-schuelerinnen-nach-ereignisreicher-austauschfahrt-aus-le-mans-zurueck\/\"><img loading=\"lazy\" decoding=\"async\" width=\"900\" height=\"675\" src=\"https:\/\/goerdeler.lspb.de\/wordpress\/wp-content\/uploads\/2023-02-23_LeMans_1_Austauschgruppe_Rathaus.jpg\" class=\"attachment-full size-full\" alt=\"30 Sch\u00fcler:innen nach ereignisreicher Austauschfahrt aus Le Mans zur\u00fcck\" srcset=\"https:\/\/goerdeler.lspb.de\/wordpress\/wp-content\/uploads\/2023-02-23_LeMans_1_Austauschgruppe_Rathaus.jpg 900w, https:\/\/goerdeler.lspb.de\/wordpress\/wp-content\/uploads\/2023-02-23_LeMans_1_Austauschgruppe_Rathaus-300x225.jpg 300w, https:\/\/goerdeler.lspb.de\/wordpress\/wp-content\/uploads\/2023-02-23_LeMans_1_Austauschgruppe_Rathaus-768x576.jpg 768w, https:\/\/goerdeler.lspb.de\/wordpress\/wp-content\/uploads\/2023-02-23_LeMans_1_Austauschgruppe_Rathaus-585x440.jpg 585w, https:\/\/goerdeler.lspb.de\/wordpress\/wp-content\/uploads\/2023-02-23_LeMans_1_Austauschgruppe_Rathaus-230x172.jpg 230w\" sizes=\"(max-width: 900px) 100vw, 900px\" \/><\/a><\/div><div class=\"o-posts-grid-post-body\"><h4 class=\"o-posts-grid-post-title\"><a href=\"https:\/\/goerdeler.lspb.de\/wordpress\/30-schuelerinnen-nach-ereignisreicher-austauschfahrt-aus-le-mans-zurueck\/\">30 Sch\u00fcler:innen nach ereignisreicher Austauschfahrt aus Le Mans zur\u00fcck<\/a><\/h4><div class=\"o-posts-grid-post-description\"><p>Nach einem ereignisreichen einw\u00f6chigen Aufenthalt in ihren franz\u00f6sischen Gastfamilien sind 30 Sch\u00fcle\u2026<\/p><\/div><\/div><\/div><\/div><div class=\"o-posts-grid-post-blog o-posts-grid-post-plain\"><div class=\"o-posts-grid-post\"><div class=\"o-posts-grid-post-image\"><a href=\"https:\/\/goerdeler.lspb.de\/wordpress\/l-amitie-franco-allemande-austausch-mit-dem-college-roger-vercel-in-le-mans\/\"><img loading=\"lazy\" decoding=\"async\" width=\"900\" height=\"516\" src=\"https:\/\/goerdeler.lspb.de\/wordpress\/wp-content\/uploads\/Austausch_Frankreich.jpg\" class=\"attachment-full size-full\" alt=\"L\u2018 Amiti\u00e9 franco-allemande \u2013 Austausch mit dem Coll\u00e8ge Roger Vercel in Le Mans\" srcset=\"https:\/\/goerdeler.lspb.de\/wordpress\/wp-content\/uploads\/Austausch_Frankreich.jpg 900w, https:\/\/goerdeler.lspb.de\/wordpress\/wp-content\/uploads\/Austausch_Frankreich-300x172.jpg 300w, https:\/\/goerdeler.lspb.de\/wordpress\/wp-content\/uploads\/Austausch_Frankreich-768x440.jpg 768w\" sizes=\"(max-width: 900px) 100vw, 900px\" \/><\/a><\/div><div class=\"o-posts-grid-post-body\"><h4 class=\"o-posts-grid-post-title\"><a href=\"https:\/\/goerdeler.lspb.de\/wordpress\/l-amitie-franco-allemande-austausch-mit-dem-college-roger-vercel-in-le-mans\/\">L\u2018 Amiti\u00e9 franco-allemande \u2013 Austausch mit dem Coll\u00e8ge Roger Vercel in Le Mans<\/a><\/h4><div class=\"o-posts-grid-post-description\"><p>Von diesem September an startet ein freiwilliger Austausch der 8. und 9. Klassen unserer Schule mit \u2026<\/p><\/div><\/div><\/div><\/div><\/div> <\/div>\n\n\n<p><\/p>\n","protected":false},"excerpt":{"rendered":"<p>Im laufenden Schuljahr 2024\/25 findet der Austausch mit der franz\u00f6sischen Schule, dem Coll\u00e8ge Roger Vercel in Paderborns Partnerstadt Le Mans (https:\/\/clg-rogervercel.sarthe.e-lyco.fr ), zum zweiten Mal statt: Das Goerdeler besucht mit 16 Sch\u00fcler:innen vom 02.-09. Oktober 2024 Le Mans. Der Gegenbesuch in Paderborn erfolgt vom 27. M\u00e4rz bis zum 03. April 2025. Im Schuljahr 2022\/23 fand [&hellip;]<\/p>\n","protected":false},"author":2,"featured_media":0,"parent":3632,"menu_order":0,"comment_status":"closed","ping_status":"closed","template":"","meta":{"_themeisle_gutenberg_block_has_review":false,"_mc_calendar":[],"footnotes":""},"class_list":["post-13364","page","type-page","status-publish","hentry"],"_links":{"self":[{"href":"https:\/\/goerdeler.lspb.de\/wordpress\/wp-json\/wp\/v2\/pages\/13364","targetHints":{"allow":["GET"]}}],"collection":[{"href":"https:\/\/goerdeler.lspb.de\/wordpress\/wp-json\/wp\/v2\/pages"}],"about":[{"href":"https:\/\/goerdeler.lspb.de\/wordpress\/wp-json\/wp\/v2\/types\/page"}],"author":[{"embeddable":true,"href":"https:\/\/goerdeler.lspb.de\/wordpress\/wp-json\/wp\/v2\/users\/2"}],"replies":[{"embeddable":true,"href":"https:\/\/goerdeler.lspb.de\/wordpress\/wp-json\/wp\/v2\/comments?post=13364"}],"version-history":[{"count":11,"href":"https:\/\/goerdeler.lspb.de\/wordpress\/wp-json\/wp\/v2\/pages\/13364\/revisions"}],"predecessor-version":[{"id":16441,"href":"https:\/\/goerdeler.lspb.de\/wordpress\/wp-json\/wp\/v2\/pages\/13364\/revisions\/16441"}],"up":[{"embeddable":true,"href":"https:\/\/goerdeler.lspb.de\/wordpress\/wp-json\/wp\/v2\/pages\/3632"}],"wp:attachment":[{"href":"https:\/\/goerdeler.lspb.de\/wordpress\/wp-json\/wp\/v2\/media?parent=13364"}],"curies":[{"name":"wp","href":"https:\/\/api.w.org\/{rel}","templated":true}]}}