{"id":13441,"date":"2023-02-01T11:15:18","date_gmt":"2023-02-01T10:15:18","guid":{"rendered":"https:\/\/goerdeler.lspb.de\/wordpress\/?page_id=13441"},"modified":"2023-09-05T16:03:11","modified_gmt":"2023-09-05T14:03:11","slug":"fussball-ag","status":"publish","type":"page","link":"https:\/\/goerdeler.lspb.de\/wordpress\/profil\/arbeitsgemeinschaften\/fussball-ag\/","title":{"rendered":"Fu\u00dfball-AG"},"content":{"rendered":"\n<div id=\"wp-block-themeisle-blocks-advanced-columns-34fb4392\" class=\"wp-block-themeisle-blocks-advanced-columns has-1-columns has-desktop-equal-layout has-tablet-equal-layout has-mobile-equal-layout has-vertical-unset\"><div class=\"wp-block-themeisle-blocks-advanced-columns-overlay\"><\/div><div class=\"innerblocks-wrap\">\n<div id=\"wp-block-themeisle-blocks-advanced-column-49b4aafb\" class=\"wp-block-themeisle-blocks-advanced-column\">\n<p>In der Fu\u00dfball-AG spielen wir jede Woche in der Halle Fu\u00dfball. Zu Beginn machen wir zusammen ein kurzes Aufw\u00e4rmtraining. Alles, was ihr mitbringen m\u00fcsst, ist Sportkleidung, Begeisterung f\u00fcr den Fu\u00dfball, Fairness und Teamgeist.<\/p>\n\n\n\n<p>Die AG richtet sich ausschlie\u00dflich an die Stufen 5 und 6 und findet jeden Dienstag in der Mittagspause (13:10\u00a0\u2013\u00a013:55 Uhr) in der Sporthalle statt (Treffpunkt: Eingang Sporthalle). Es empfiehlt sich an diesem Tag etwas mehr Wasser mitzubringen. Die Fu\u00dfball-AG wird von Sch\u00fclern der Jahrgangstufe Q1 geleitet.<\/p>\n<\/div>\n<\/div><\/div>\n","protected":false},"excerpt":{"rendered":"","protected":false},"author":11,"featured_media":0,"parent":4332,"menu_order":0,"comment_status":"closed","ping_status":"closed","template":"","meta":{"_themeisle_gutenberg_block_has_review":false,"_mc_calendar":[],"footnotes":""},"class_list":["post-13441","page","type-page","status-publish","hentry"],"_links":{"self":[{"href":"https:\/\/goerdeler.lspb.de\/wordpress\/wp-json\/wp\/v2\/pages\/13441","targetHints":{"allow":["GET"]}}],"collection":[{"href":"https:\/\/goerdeler.lspb.de\/wordpress\/wp-json\/wp\/v2\/pages"}],"about":[{"href":"https:\/\/goerdeler.lspb.de\/wordpress\/wp-json\/wp\/v2\/types\/page"}],"author":[{"embeddable":true,"href":"https:\/\/goerdeler.lspb.de\/wordpress\/wp-json\/wp\/v2\/users\/11"}],"replies":[{"embeddable":true,"href":"https:\/\/goerdeler.lspb.de\/wordpress\/wp-json\/wp\/v2\/comments?post=13441"}],"version-history":[{"count":2,"href":"https:\/\/goerdeler.lspb.de\/wordpress\/wp-json\/wp\/v2\/pages\/13441\/revisions"}],"predecessor-version":[{"id":14431,"href":"https:\/\/goerdeler.lspb.de\/wordpress\/wp-json\/wp\/v2\/pages\/13441\/revisions\/14431"}],"up":[{"embeddable":true,"href":"https:\/\/goerdeler.lspb.de\/wordpress\/wp-json\/wp\/v2\/pages\/4332"}],"wp:attachment":[{"href":"https:\/\/goerdeler.lspb.de\/wordpress\/wp-json\/wp\/v2\/media?parent=13441"}],"curies":[{"name":"wp","href":"https:\/\/api.w.org\/{rel}","templated":true}]}}