{"id":14155,"date":"2023-08-09T15:46:22","date_gmt":"2023-08-09T13:46:22","guid":{"rendered":"https:\/\/goerdeler.lspb.de\/wordpress\/?page_id=14155"},"modified":"2023-08-09T15:46:23","modified_gmt":"2023-08-09T13:46:23","slug":"paderborn-dolphins","status":"publish","type":"page","link":"https:\/\/goerdeler.lspb.de\/wordpress\/paderborn-dolphins\/","title":{"rendered":"Paderborn Dolphins"},"content":{"rendered":"\n<p>Seit Fr\u00fchjahr 2023 kooperiert unsere Schule mit den Footballern der Paderborn Dolphins. Im Rahmen der Kooperation gibt es eine Reihe an regelm\u00e4\u00dfigen Aktionen geben, die das ohnehin schon attraktive Sportprofil unserer Schule noch erweitern.<\/p>\n\n\n\n<figure class=\"wp-block-image size-full\"><a href=\"https:\/\/goerdeler.lspb.de\/wordpress\/wp-content\/uploads\/2023-02-21_Kooperation_Goerdeler_Dolphins.jpg\"><img loading=\"lazy\" decoding=\"async\" width=\"900\" height=\"675\" src=\"https:\/\/goerdeler.lspb.de\/wordpress\/wp-content\/uploads\/2023-02-21_Kooperation_Goerdeler_Dolphins.jpg\" alt=\"\" class=\"wp-image-13513\" srcset=\"https:\/\/goerdeler.lspb.de\/wordpress\/wp-content\/uploads\/2023-02-21_Kooperation_Goerdeler_Dolphins.jpg 900w, https:\/\/goerdeler.lspb.de\/wordpress\/wp-content\/uploads\/2023-02-21_Kooperation_Goerdeler_Dolphins-300x225.jpg 300w, https:\/\/goerdeler.lspb.de\/wordpress\/wp-content\/uploads\/2023-02-21_Kooperation_Goerdeler_Dolphins-768x576.jpg 768w, https:\/\/goerdeler.lspb.de\/wordpress\/wp-content\/uploads\/2023-02-21_Kooperation_Goerdeler_Dolphins-585x440.jpg 585w, https:\/\/goerdeler.lspb.de\/wordpress\/wp-content\/uploads\/2023-02-21_Kooperation_Goerdeler_Dolphins-230x172.jpg 230w\" sizes=\"auto, (max-width: 900px) 100vw, 900px\" \/><\/a><\/figure>\n\n\n\n<p>Das Bild zeigt die Verantwortlichen bei der Unterzeichnung des Kooperationsvertrages (v.l.n.r.): Sportlehrer Florian Schumacher, Schulleiterin Manuela Ziemer sowie Louis Waldmann und Hendrik Schr\u00f6der (Paderborn Dolphins).<br><\/p>\n\n\n\n<p><strong>Folgende Angebote gibt es ab Fr\u00fchjahr 2023:<\/strong><\/p>\n\n\n\n<ul class=\"wp-block-list\">\n<li><strong>Einbindung von Football in den Sportunterricht der Klassen 8  <\/strong><br>Hierbei wird es in Klasse 8 ein im Schul-Curriculum verankertes Unterrichtsvorhaben \u201e(Flag)-Football\u201c, geleitet von Trainern der Dolphins, geben.<\/li>\n<\/ul>\n\n\n\n<ul class=\"wp-block-list\">\n<li><strong>Austausch und Besuch der Dolphins-Sportanlagen<\/strong>  <br>Im Rahmen der Sporthelfer:innen-Ausbildung am Goerdeler-Gymnasium \/ im Rahmen des Sport-LKs k\u00f6nnen Besuche bei den Dolphins durchgef\u00fchrt werden, um einen tieferen Einblick in die Sportart Football zu erhalten.<\/li>\n<\/ul>\n\n\n\n<ul class=\"wp-block-list\">\n<li><strong>Koordination von \u201eSchnuppertrainings\u201c<\/strong> <br>Regelm\u00e4\u00dfige Schnuppertrainingseinheiten werden von den Dolphins angeboten. Interessierte Sch\u00fcler:innen unserer Schule k\u00f6nnen sich diesbez\u00fcglich an Herrn Schumacher wenden.<\/li>\n<\/ul>\n\n\n\n<ul class=\"wp-block-list\">\n<li><strong>Besuch von Bundesligaspielen der Dolphins<\/strong><br>In regelm\u00e4\u00dfigen Abst\u00e4nden sollen Besuche interessierter Sch\u00fcler:innen bei Heimspielen der Dolphins durchgef\u00fchrt werden. Auch dies wird von Herrn Schumacher koordiniert.<\/li>\n<\/ul>\n","protected":false},"excerpt":{"rendered":"<p>Seit Fr\u00fchjahr 2023 kooperiert unsere Schule mit den Footballern der Paderborn Dolphins. Im Rahmen der Kooperation gibt es eine Reihe an regelm\u00e4\u00dfigen Aktionen geben, die das ohnehin schon attraktive Sportprofil unserer Schule noch erweitern. Das Bild zeigt die Verantwortlichen bei der Unterzeichnung des Kooperationsvertrages (v.l.n.r.): Sportlehrer Florian Schumacher, Schulleiterin Manuela Ziemer sowie Louis Waldmann und [&hellip;]<\/p>\n","protected":false},"author":14,"featured_media":0,"parent":0,"menu_order":0,"comment_status":"closed","ping_status":"closed","template":"","meta":{"_themeisle_gutenberg_block_has_review":false,"_mc_calendar":[],"footnotes":""},"class_list":["post-14155","page","type-page","status-publish","hentry"],"_links":{"self":[{"href":"https:\/\/goerdeler.lspb.de\/wordpress\/wp-json\/wp\/v2\/pages\/14155","targetHints":{"allow":["GET"]}}],"collection":[{"href":"https:\/\/goerdeler.lspb.de\/wordpress\/wp-json\/wp\/v2\/pages"}],"about":[{"href":"https:\/\/goerdeler.lspb.de\/wordpress\/wp-json\/wp\/v2\/types\/page"}],"author":[{"embeddable":true,"href":"https:\/\/goerdeler.lspb.de\/wordpress\/wp-json\/wp\/v2\/users\/14"}],"replies":[{"embeddable":true,"href":"https:\/\/goerdeler.lspb.de\/wordpress\/wp-json\/wp\/v2\/comments?post=14155"}],"version-history":[{"count":1,"href":"https:\/\/goerdeler.lspb.de\/wordpress\/wp-json\/wp\/v2\/pages\/14155\/revisions"}],"predecessor-version":[{"id":14156,"href":"https:\/\/goerdeler.lspb.de\/wordpress\/wp-json\/wp\/v2\/pages\/14155\/revisions\/14156"}],"wp:attachment":[{"href":"https:\/\/goerdeler.lspb.de\/wordpress\/wp-json\/wp\/v2\/media?parent=14155"}],"curies":[{"name":"wp","href":"https:\/\/api.w.org\/{rel}","templated":true}]}}