{"id":14158,"date":"2023-08-09T15:54:49","date_gmt":"2023-08-09T13:54:49","guid":{"rendered":"https:\/\/goerdeler.lspb.de\/wordpress\/?page_id=14158"},"modified":"2023-08-09T15:56:48","modified_gmt":"2023-08-09T13:56:48","slug":"untouchables-paderborn","status":"publish","type":"page","link":"https:\/\/goerdeler.lspb.de\/wordpress\/untouchables-paderborn\/","title":{"rendered":"Untouchables Paderborn"},"content":{"rendered":"\n<p>Unsere Schule arbeitet mit den Baseballern von den Untouchables Paderborn zusammen. Schulleiterin Manuela Ziemer und Bj\u00f6rn Schonlau als Vertreter der Gesch\u00e4ftsstelle der Untouchables unterzeichneten im Dezember 2022  einen Kooperationsvertrag. <br><\/p>\n\n\n\n<figure class=\"wp-block-image size-full\"><a href=\"https:\/\/goerdeler.lspb.de\/wordpress\/wp-content\/uploads\/2022-12-15_Kooperation_Untouchables_Goerdeler_HP.jpg\"><img loading=\"lazy\" decoding=\"async\" width=\"900\" height=\"677\" src=\"https:\/\/goerdeler.lspb.de\/wordpress\/wp-content\/uploads\/2022-12-15_Kooperation_Untouchables_Goerdeler_HP.jpg\" alt=\"\" class=\"wp-image-13310\" srcset=\"https:\/\/goerdeler.lspb.de\/wordpress\/wp-content\/uploads\/2022-12-15_Kooperation_Untouchables_Goerdeler_HP.jpg 900w, https:\/\/goerdeler.lspb.de\/wordpress\/wp-content\/uploads\/2022-12-15_Kooperation_Untouchables_Goerdeler_HP-300x226.jpg 300w, https:\/\/goerdeler.lspb.de\/wordpress\/wp-content\/uploads\/2022-12-15_Kooperation_Untouchables_Goerdeler_HP-768x578.jpg 768w, https:\/\/goerdeler.lspb.de\/wordpress\/wp-content\/uploads\/2022-12-15_Kooperation_Untouchables_Goerdeler_HP-585x440.jpg 585w, https:\/\/goerdeler.lspb.de\/wordpress\/wp-content\/uploads\/2022-12-15_Kooperation_Untouchables_Goerdeler_HP-230x172.jpg 230w\" sizes=\"auto, (max-width: 900px) 100vw, 900px\" \/><\/a><\/figure>\n\n\n\n<p><\/p>\n\n\n\n<p><strong>Folgend Angebote gibt es ab Fr\u00fchjahr 2023:<\/strong><\/p>\n\n\n\n<p><\/p>\n\n\n\n<ul class=\"wp-block-list\">\n<li><strong>Einbindung von Baseball in den Sportunterricht der Klassen 6. <\/strong><br>Hierbei wird es in Klasse 6 ein im Schul-Curriculum verankertes Unterrichtsvorhaben \u201eBaseball\u201c, geleitet von Trainern der Untouchables, geben.<\/li>\n<\/ul>\n\n\n\n<ul class=\"wp-block-list\">\n<li><strong>Austausch und Besuch der Untouchables-Sportanlagen<\/strong><br>Im Rahmen der Sporthelfer:innen-Ausbildung am Goerdeler-Gymnasium \/ im Rahmen des Sport-LKs k\u00f6nnen Besuche bei den Untouchables durchgef\u00fchrt werden, um einen tieferen Einblick in die Sportart Baseball zu erhalten.<\/li>\n<\/ul>\n\n\n\n<ul class=\"wp-block-list\">\n<li><strong>Koordination von \u201eSchnuppertrainings\u201c<\/strong><br>Regelm\u00e4\u00dfige Schnuppertrainingseinheiten werden von den Untouchables angeboten. Interessierte Sch\u00fcler:innen unserer Schule k\u00f6nnen sich diesbez\u00fcglich an Herrn Schumacher wenden.<\/li>\n<\/ul>\n\n\n\n<ul class=\"wp-block-list\">\n<li><strong>Besuch von Bundesligaspielen der Untouchables<\/strong><br>In regelm\u00e4\u00dfigen Abst\u00e4nden sollen Besuche interessierter Sch\u00fcler:innen bei Heimspielen der Untouchables durchgef\u00fchrt werden. Auch dies wird von Herrn Schumacher koordiniert.<\/li>\n<\/ul>\n","protected":false},"excerpt":{"rendered":"<p>Unsere Schule arbeitet mit den Baseballern von den Untouchables Paderborn zusammen. Schulleiterin Manuela Ziemer und Bj\u00f6rn Schonlau als Vertreter der Gesch\u00e4ftsstelle der Untouchables unterzeichneten im Dezember 2022 einen Kooperationsvertrag. Folgend Angebote gibt es ab Fr\u00fchjahr 2023:<\/p>\n","protected":false},"author":14,"featured_media":0,"parent":0,"menu_order":0,"comment_status":"closed","ping_status":"closed","template":"","meta":{"_themeisle_gutenberg_block_has_review":false,"_mc_calendar":[],"footnotes":""},"class_list":["post-14158","page","type-page","status-publish","hentry"],"_links":{"self":[{"href":"https:\/\/goerdeler.lspb.de\/wordpress\/wp-json\/wp\/v2\/pages\/14158","targetHints":{"allow":["GET"]}}],"collection":[{"href":"https:\/\/goerdeler.lspb.de\/wordpress\/wp-json\/wp\/v2\/pages"}],"about":[{"href":"https:\/\/goerdeler.lspb.de\/wordpress\/wp-json\/wp\/v2\/types\/page"}],"author":[{"embeddable":true,"href":"https:\/\/goerdeler.lspb.de\/wordpress\/wp-json\/wp\/v2\/users\/14"}],"replies":[{"embeddable":true,"href":"https:\/\/goerdeler.lspb.de\/wordpress\/wp-json\/wp\/v2\/comments?post=14158"}],"version-history":[{"count":4,"href":"https:\/\/goerdeler.lspb.de\/wordpress\/wp-json\/wp\/v2\/pages\/14158\/revisions"}],"predecessor-version":[{"id":14163,"href":"https:\/\/goerdeler.lspb.de\/wordpress\/wp-json\/wp\/v2\/pages\/14158\/revisions\/14163"}],"wp:attachment":[{"href":"https:\/\/goerdeler.lspb.de\/wordpress\/wp-json\/wp\/v2\/media?parent=14158"}],"curies":[{"name":"wp","href":"https:\/\/api.w.org\/{rel}","templated":true}]}}