{"id":14289,"date":"2023-08-26T10:35:05","date_gmt":"2023-08-26T08:35:05","guid":{"rendered":"https:\/\/goerdeler.lspb.de\/wordpress\/?page_id=14289"},"modified":"2023-08-26T10:35:05","modified_gmt":"2023-08-26T08:35:05","slug":"vorlesewettbewerb","status":"publish","type":"page","link":"https:\/\/goerdeler.lspb.de\/wordpress\/vorlesewettbewerb\/","title":{"rendered":"Vorlesewettbewerb"},"content":{"rendered":"\n<h3 class=\"wp-block-heading\"><\/h3>\n\n\n\n<p>J\u00e4hrlich beteiligt sich unsere Schule am Vorlesewettbewerb des B\u00f6rsenvereins des Deutschen Buchhandels f\u00fcr die Jahrgangsstufe 6. <br><br>Zun\u00e4chst wird der schulinterne Vorlesewettbewerb durchgef\u00fchrt. Dabei findet ein klasseninterner Vorentscheid statt, dessen zwei Sieger:innen die Klasse im Schulwettbewerb vertreten. <br>Der Schulsieger der sechsten Klassen darf unsere Schule dann im Regionalwettbewerb vertreten.<\/p>\n\n\n\n<p><a href=\"http:\/\/www.vorlesewettbewerb.de\/\">http:\/\/www.vorlesewettbewerb.de\/<\/a><\/p>\n","protected":false},"excerpt":{"rendered":"<p>J\u00e4hrlich beteiligt sich unsere Schule am Vorlesewettbewerb des B\u00f6rsenvereins des Deutschen Buchhandels f\u00fcr die Jahrgangsstufe 6. Zun\u00e4chst wird der schulinterne Vorlesewettbewerb durchgef\u00fchrt. Dabei findet ein klasseninterner Vorentscheid statt, dessen zwei Sieger:innen die Klasse im Schulwettbewerb vertreten. Der Schulsieger der sechsten Klassen darf unsere Schule dann im Regionalwettbewerb vertreten. http:\/\/www.vorlesewettbewerb.de\/<\/p>\n","protected":false},"author":14,"featured_media":0,"parent":0,"menu_order":0,"comment_status":"closed","ping_status":"closed","template":"","meta":{"_themeisle_gutenberg_block_has_review":false,"_mc_calendar":[],"footnotes":""},"class_list":["post-14289","page","type-page","status-publish","hentry"],"_links":{"self":[{"href":"https:\/\/goerdeler.lspb.de\/wordpress\/wp-json\/wp\/v2\/pages\/14289","targetHints":{"allow":["GET"]}}],"collection":[{"href":"https:\/\/goerdeler.lspb.de\/wordpress\/wp-json\/wp\/v2\/pages"}],"about":[{"href":"https:\/\/goerdeler.lspb.de\/wordpress\/wp-json\/wp\/v2\/types\/page"}],"author":[{"embeddable":true,"href":"https:\/\/goerdeler.lspb.de\/wordpress\/wp-json\/wp\/v2\/users\/14"}],"replies":[{"embeddable":true,"href":"https:\/\/goerdeler.lspb.de\/wordpress\/wp-json\/wp\/v2\/comments?post=14289"}],"version-history":[{"count":4,"href":"https:\/\/goerdeler.lspb.de\/wordpress\/wp-json\/wp\/v2\/pages\/14289\/revisions"}],"predecessor-version":[{"id":14293,"href":"https:\/\/goerdeler.lspb.de\/wordpress\/wp-json\/wp\/v2\/pages\/14289\/revisions\/14293"}],"wp:attachment":[{"href":"https:\/\/goerdeler.lspb.de\/wordpress\/wp-json\/wp\/v2\/media?parent=14289"}],"curies":[{"name":"wp","href":"https:\/\/api.w.org\/{rel}","templated":true}]}}