{"id":14389,"date":"2023-09-01T12:52:35","date_gmt":"2023-09-01T10:52:35","guid":{"rendered":"https:\/\/goerdeler.lspb.de\/wordpress\/?page_id=14389"},"modified":"2026-02-24T16:07:26","modified_gmt":"2026-02-24T15:07:26","slug":"erasmus","status":"publish","type":"page","link":"https:\/\/goerdeler.lspb.de\/wordpress\/erasmus\/","title":{"rendered":"Erasmus+"},"content":{"rendered":"\n<h2 class=\"wp-block-heading\"><strong>Eine Eintrittskarte f\u00fcr Europa: Erasmus +<\/strong><\/h2>\n\n\n\n<p>Das Goerdeler-Gymnasium ist seit 2023 als Erasmus+ Schule akkreditiert.<br>Diese Akkreditierung ist zun\u00e4chst g\u00fcltig bis 2027. Sie \u00f6ffnet unseren Sch\u00fcler:innen und Lehrkr\u00e4ften die T\u00fcr zu einer Welt internationaler M\u00f6glichkeiten und Erfahrungen.<\/p>\n\n\n\n<div class=\"wp-block-columns is-layout-flex wp-container-core-columns-is-layout-9d6595d7 wp-block-columns-is-layout-flex\">\n<div class=\"wp-block-column is-layout-flow wp-block-column-is-layout-flow\" style=\"flex-basis:66.66%\">\n<figure class=\"wp-block-image size-full\"><a href=\"https:\/\/goerdeler.lspb.de\/wordpress\/wp-content\/uploads\/Erasmus_with_baseline-left_pos_RGB_EN-scaled.jpg\"><img loading=\"lazy\" decoding=\"async\" width=\"2560\" height=\"877\" src=\"https:\/\/goerdeler.lspb.de\/wordpress\/wp-content\/uploads\/Erasmus_with_baseline-left_pos_RGB_EN-scaled.jpg\" alt=\"\" class=\"wp-image-18633\" srcset=\"https:\/\/goerdeler.lspb.de\/wordpress\/wp-content\/uploads\/Erasmus_with_baseline-left_pos_RGB_EN-scaled.jpg 2560w, https:\/\/goerdeler.lspb.de\/wordpress\/wp-content\/uploads\/Erasmus_with_baseline-left_pos_RGB_EN-300x103.jpg 300w, https:\/\/goerdeler.lspb.de\/wordpress\/wp-content\/uploads\/Erasmus_with_baseline-left_pos_RGB_EN-1024x351.jpg 1024w, https:\/\/goerdeler.lspb.de\/wordpress\/wp-content\/uploads\/Erasmus_with_baseline-left_pos_RGB_EN-768x263.jpg 768w, https:\/\/goerdeler.lspb.de\/wordpress\/wp-content\/uploads\/Erasmus_with_baseline-left_pos_RGB_EN-1536x526.jpg 1536w, https:\/\/goerdeler.lspb.de\/wordpress\/wp-content\/uploads\/Erasmus_with_baseline-left_pos_RGB_EN-2048x702.jpg 2048w\" sizes=\"(max-width: 2560px) 100vw, 2560px\" \/><\/a><\/figure>\n<\/div>\n\n\n\n<div class=\"wp-block-column is-layout-flow wp-block-column-is-layout-flow\" style=\"flex-basis:33.33%\">\n<figure class=\"wp-block-image size-full\"><a href=\"https:\/\/goerdeler.lspb.de\/wordpress\/wp-content\/uploads\/DE_V_Kofinanziert_von_der_Europaeischen_Union_Web_blau.jpg\"><img loading=\"lazy\" decoding=\"async\" width=\"768\" height=\"778\" src=\"https:\/\/goerdeler.lspb.de\/wordpress\/wp-content\/uploads\/DE_V_Kofinanziert_von_der_Europaeischen_Union_Web_blau.jpg\" alt=\"\" class=\"wp-image-14416\" srcset=\"https:\/\/goerdeler.lspb.de\/wordpress\/wp-content\/uploads\/DE_V_Kofinanziert_von_der_Europaeischen_Union_Web_blau.jpg 768w, https:\/\/goerdeler.lspb.de\/wordpress\/wp-content\/uploads\/DE_V_Kofinanziert_von_der_Europaeischen_Union_Web_blau-296x300.jpg 296w\" sizes=\"(max-width: 768px) 100vw, 768px\" \/><\/a><\/figure>\n<\/div>\n<\/div>\n\n\n\n<p><strong>Was ist Erasmus+?<\/strong><br>Erasmus+ ist ein F\u00f6rderprogramm der Europ\u00e4ischen Union, das pers\u00f6nliche Austauschbegegnungen, digitalen Austausch und gemeinsame Projekte von Sch\u00fcler:innen und Lehrpersonal f\u00f6rdert. Ziel des Programms ist es, Werte wie Integration, Vielfalt, Toleranz, Inklusion und demokratische Teilhabe durch internationale Begegnungen zu st\u00e4rken.<\/p>\n\n\n\n<p><\/p>\n\n\n\n<p><br><strong>Was bedeutet das f\u00fcr unsere Schule?<\/strong><br>Unsere Erasmus+ Akkreditierung ist vergleichbar mit einer Dauerkarte f\u00fcr den Zugang zu F\u00f6rdermitteln. Das bedeutet, dass wir auf finanzielle Unterst\u00fctzung f\u00fcr verschiedene internationale Aktivit\u00e4ten zur\u00fcckgreifen k\u00f6nnen, darunter:<\/p>\n\n\n\n<ul class=\"wp-block-list\">\n<li>Austauschprogramme f\u00fcr Sch\u00fclergruppen von 2 bis 30 Tagen.<\/li>\n\n\n\n<li>Kurzzeitaustausch f\u00fcr einzelne Sch\u00fcler:innen von 2 bis 30 Tagen.<\/li>\n\n\n\n<li>Langzeitaustausch f\u00fcr einzelne Sch\u00fcler:innen von 10 bis 29 Tagen.<\/li>\n\n\n\n<li>Auslandspraktika f\u00fcr Sch\u00fcler:innen von 10 bis 29 Tagen.<\/li>\n\n\n\n<li>Fortbildungen und Hospitationen f\u00fcr Lehrer:innen von 2 bis 60 Tagen.<\/li>\n\n\n\n<li>digitale Vernetzung \u00fcber eTwinning.<\/li>\n<\/ul>\n\n\n\n<p><br><strong>Was bieten wir unseren Sch\u00fcler:innen und Lehrkr\u00e4ften?<\/strong><\/p>\n\n\n\n<ul class=\"wp-block-list\">\n<li>Internationale Sch\u00fcleraustauschprogramme, um neue Kulturen zu entdecken und Freundschaften weltweit zu kn\u00fcpfen.<\/li>\n\n\n\n<li>Sprachlernfahrten, um Fremdsprachenkenntnisse zu vertiefen und interkulturelle Kompetenzen zu entwickeln.<\/li>\n\n\n\n<li>Praktika im Ausland, um Berufserfahrung und internationale Perspektiven zu sammeln.<\/li>\n\n\n\n<li>Fortbildungen und Hospitationen f\u00fcr Lehrer:innen, um innovative p\u00e4dagogische Ans\u00e4tze und Best Practices aus anderen L\u00e4ndern kennenzulernen.<\/li>\n\n\n\n<li>Digitale Zusammenarbeit und Projekte \u00fcber eTwinning, um globale Vernetzung und kreativen Austausch zu f\u00f6rdern.<\/li>\n<\/ul>\n\n\n\n<p><\/p>\n\n\n\n<p><strong>Warum gemeinsam Europa mit Erasmus+ entdecken?<\/strong><br>Erasmus+, unser europ\u00e4isches Programm, er\u00f6ffnet unseren Sch\u00fcler:innen eine breite internationale Bildung. Durch europ\u00e4ische Austauschbegegnungen formen wir eigenverantwortliche Weltb\u00fcrger:innen, die sich in einer globalen, multikulturellen und digitalen Welt sicher bewegen.<br>Die Teilnahme an Austauschprogrammen erm\u00f6glicht es unseren Sch\u00fcler:innen, mit Offenheit und Toleranz anderen Kulturen zu begegnen. Es f\u00f6rdert den interkulturellen Dialog und bereichert ihr Verst\u00e4ndnis der Welt.&#8220;<\/p>\n\n\n\n<p>Bei Fragen oder Interesse zu Teilnahme am Erasmus+ Programm ist <a href=\"mailto:mdelgad1@lspb.de\">Frau Delgado<\/a> Ihre und eure Ansprechpartnerin.<\/p>\n\n\n\n<figure class=\"wp-block-image size-full\"><a href=\"https:\/\/goerdeler.lspb.de\/wordpress\/wp-content\/uploads\/2023_04_19_ErasmusPlus_Goerdeler_HP.jpg\"><img loading=\"lazy\" decoding=\"async\" width=\"900\" height=\"600\" src=\"https:\/\/goerdeler.lspb.de\/wordpress\/wp-content\/uploads\/2023_04_19_ErasmusPlus_Goerdeler_HP.jpg\" alt=\"\" class=\"wp-image-13710\" srcset=\"https:\/\/goerdeler.lspb.de\/wordpress\/wp-content\/uploads\/2023_04_19_ErasmusPlus_Goerdeler_HP.jpg 900w, https:\/\/goerdeler.lspb.de\/wordpress\/wp-content\/uploads\/2023_04_19_ErasmusPlus_Goerdeler_HP-300x200.jpg 300w, https:\/\/goerdeler.lspb.de\/wordpress\/wp-content\/uploads\/2023_04_19_ErasmusPlus_Goerdeler_HP-768x512.jpg 768w\" sizes=\"(max-width: 900px) 100vw, 900px\" \/><\/a><\/figure>\n\n\n\n<p><br><strong>Weitere Informationen \/ Links:<\/strong><\/p>\n\n\n\n<p><a href=\"https:\/\/erasmusplus.schule\/\">Hier <\/a>geht es zur Erasmus + Schule Homepage.<br><br><a href=\"https:\/\/goerdeler.lspb.de\/wordpress\/mit-erasmus-in-europa-unterwegs\/\">Bericht<\/a> \u00fcber die Akkreditierung des Goerdeler-Gymnasiums.<br><br><strong>Mit Erasmus+ an einer Einzelmobilit\u00e4t teilnehmen<\/strong><\/p>\n\n\n\n<p>Das Erasmus+ Programm erm\u00f6glicht es unseren Sch\u00fcler:innen, f\u00fcr eine gewisse Zeit alleine an einer Partnerschule im Ausland zu leben, dort am Unterricht teilzunehmen und den Alltag in einer Gastfamilie kennenzulernen. Durch diesen pers\u00f6nlichen Austausch erleben sie eine andere Lebensweise nicht nur als G\u00e4ste, sondern auch&nbsp;als Teil einer Gemeinschaft.<br>Dabei entdecken sie Neues \u00fcber sich selbst und andere Kulturen. Sie erleben, wie Menschen in anderen L\u00e4ndern Schule, Freundschaft, Familie und Zusammenleben gestalten \u2013 oft mit anderen Traditionen, Regeln oder Sichtweisen. So lernen sie, offen auf andere zuzugehen, Unterschiede zu respektieren und Verantwortung f\u00fcr sich und das Miteinander zu \u00fcbernehmen.<br>Eine Einzelmobilit\u00e4t f\u00f6rdert nicht nur sprachliche und interkulturelle Kompetenzen, sondern st\u00e4rkt auch Werte wie <strong>Respekt, Mitbestimmung, Toleranz und Zusammenarbeit<\/strong> \u2013 ganz unmittelbar im Alltag, nicht im Klassenzimmer. Viele Sch\u00fcler:innen berichten, dass sie durch ihre Zeit im Ausland selbstst\u00e4ndiger, sicherer und offener geworden sind und sich heute mehr als Teil eines europ\u00e4ischen Miteinanders f\u00fchlen.<\/p>\n\n\n\n<p>Hier<strong> berichten einige Teilnehmer:innen<\/strong> von ihren Erfahrungen im Rahmen einer Einzelmobilit\u00e4t:<br><a href=\"https:\/\/goerdeler.lspb.de\/wordpress\/wp-content\/uploads\/Erasmus_Kurzzeitmobilitaet_Italien_Bericht-von-Neus-und-Carl.pdf\">Italien (2 Sch\u00fclerinnen, 2025)<\/a><br><br><\/p>\n\n\n\n\n\n<p><br><br><strong>Mit Erasmus+ ein Praktikum in Europa absolvieren<\/strong><\/p>\n\n\n\n<p>Das Erasmus+ Programm der EU bietet unseren Sch\u00fcler:innen die M\u00f6glichkeit, im europ\u00e4ischen Ausland ein Praktikum zu absolvieren. Dabei sammeln sie wertvolle berufliche Erfahrungen, verbessern ihre Sprachkenntnisse und erweitern ihre interkulturellen Kompetenzen \u2013 wichtige F\u00e4higkeiten f\u00fcr die globalisierte Arbeitswelt.<br>Mehrere unserer Sch\u00fcler:innen haben diese Chance bereits genutzt und dabei nicht nur fachlich, sondern auch pers\u00f6nlich viel gewonnen. Sie st\u00e4rkten ihr Selbstvertrauen, indem sie die Herausforderungen des Alltags im Ausland meisterten. Besonders pr\u00e4gend war f\u00fcr viele die Erfahrung, Verantwortung f\u00fcr sich selbst zu \u00fcbernehmen. Diese Selbstst\u00e4ndigkeit hat ihre pers\u00f6nliche und berufliche Entwicklung wesentlich gef\u00f6rdert.<br>Hier beschreiben einige der bisherigen Absolventen ihre Erfahrungen in einem Praktikumsbericht:<br><br><a href=\"https:\/\/goerdeler.lspb.de\/wordpress\/wp-content\/uploads\/2026-02-24_Erasmus_Praktikum_Norwegen.pdf\">Nordnorwegen (5 Sch\u00fcler:innen, 2026) <\/a><br><a href=\"https:\/\/goerdeler.lspb.de\/wordpress\/wp-content\/uploads\/Erasmus_Praktikum_2025_Schladming.pdf\">\u00d6sterreich (2 Sch\u00fcler, 2025)<\/a><br><a href=\"https:\/\/goerdeler.lspb.de\/wordpress\/wp-content\/uploads\/2025_Erasmuspraktikum_Norwegen.pdf\">Nordnorwegen ( 5 Sch\u00fcler:innen, 2025)<\/a><br><a href=\"https:\/\/goerdeler.lspb.de\/wordpress\/wp-content\/uploads\/Wittenberg_Erasmuspraktikum_Dublin_2024.pdf\">Irland (Nora Wittenberg, 2024)<\/a><br><a href=\"https:\/\/goerdeler.lspb.de\/wordpress\/wp-content\/uploads\/Hoffmann_Erasmuspraktikum_Schladming2024-1.pdf\">\u00d6sterreich (Tim Hoffmann, 2024)<\/a><\/p>\n\n\n\n<figure class=\"wp-block-gallery has-nested-images columns-default is-cropped wp-block-gallery-1 is-layout-flex wp-block-gallery-is-layout-flex\"><\/figure>\n\n\n\n<h2 class=\"wp-block-heading\">Veranstaltungen und Ereignisse<\/h2>\n\n\n<div class=\"wp-block-themeisle-blocks-posts-grid\" id=\"wp-block-themeisle-blocks-posts-grid-e285ee6c\"><div class=\"is-list\"><div class=\"o-posts-grid-post-blog o-posts-grid-post-plain\"><div class=\"o-posts-grid-post\"><div class=\"o-posts-grid-post-image\"><a href=\"https:\/\/goerdeler.lspb.de\/wordpress\/erasmus-in-portugal-unsere-projektwoche-in-barroselas\/\"><img loading=\"lazy\" decoding=\"async\" width=\"898\" height=\"675\" src=\"https:\/\/goerdeler.lspb.de\/wordpress\/wp-content\/uploads\/Portugal_01.jpg\" class=\"attachment-full size-full\" alt=\"Erasmus+ in Portugal \u2013 Unsere Projektwoche in Barroselas\" srcset=\"https:\/\/goerdeler.lspb.de\/wordpress\/wp-content\/uploads\/Portugal_01.jpg 898w, https:\/\/goerdeler.lspb.de\/wordpress\/wp-content\/uploads\/Portugal_01-300x226.jpg 300w, https:\/\/goerdeler.lspb.de\/wordpress\/wp-content\/uploads\/Portugal_01-768x577.jpg 768w, https:\/\/goerdeler.lspb.de\/wordpress\/wp-content\/uploads\/Portugal_01-585x440.jpg 585w, https:\/\/goerdeler.lspb.de\/wordpress\/wp-content\/uploads\/Portugal_01-230x172.jpg 230w\" sizes=\"(max-width: 898px) 100vw, 898px\" \/><\/a><\/div><div class=\"o-posts-grid-post-body\"><h4 class=\"o-posts-grid-post-title\"><a href=\"https:\/\/goerdeler.lspb.de\/wordpress\/erasmus-in-portugal-unsere-projektwoche-in-barroselas\/\">Erasmus+ in Portugal \u2013 Unsere Projektwoche in Barroselas<\/a><\/h4><div class=\"o-posts-grid-post-description\"><p>Vom 8. bis 14. Februar 2026 durften wir als sechs Sch\u00fcler:innen der Q1 an der dritten Mobilit\u00e4t unseres Erasmus+ und eTwinning-Projekts \u201eFake or Real? How AI is Changing the Game\u201c in Barroselas (Portugal) teilnehmen. Gemeinsam mit Jugendlichen aus Sp\u2026<\/p><\/div><\/div><\/div><\/div><div class=\"o-posts-grid-post-blog o-posts-grid-post-plain\"><div class=\"o-posts-grid-post\"><div class=\"o-posts-grid-post-image\"><a href=\"https:\/\/goerdeler.lspb.de\/wordpress\/podcast-fuer-ein-praktikum-nach-norwegen-2026\/\"><img loading=\"lazy\" decoding=\"async\" width=\"900\" height=\"639\" src=\"https:\/\/goerdeler.lspb.de\/wordpress\/wp-content\/uploads\/Podcast_Logo_Beitragsbild.jpg\" class=\"attachment-full size-full\" alt=\"Podcast: F\u00fcr ein Praktikum nach Norwegen (2026)\" srcset=\"https:\/\/goerdeler.lspb.de\/wordpress\/wp-content\/uploads\/Podcast_Logo_Beitragsbild.jpg 900w, https:\/\/goerdeler.lspb.de\/wordpress\/wp-content\/uploads\/Podcast_Logo_Beitragsbild-300x213.jpg 300w, https:\/\/goerdeler.lspb.de\/wordpress\/wp-content\/uploads\/Podcast_Logo_Beitragsbild-768x545.jpg 768w\" sizes=\"(max-width: 900px) 100vw, 900px\" \/><\/a><\/div><div class=\"o-posts-grid-post-body\"><h4 class=\"o-posts-grid-post-title\"><a href=\"https:\/\/goerdeler.lspb.de\/wordpress\/podcast-fuer-ein-praktikum-nach-norwegen-2026\/\">Podcast: F\u00fcr ein Praktikum nach Norwegen (2026)<\/a><\/h4><div class=\"o-posts-grid-post-description\"><p>Ein Praktikum auf einer Huskyfarm in der Arktis &#8211; dieses besondere Erlebnis konnten wir, eine Gruppe von f\u00fcnf Sch\u00fclerinnen und Sch\u00fclern des Goerdeler-Gymnasiums, vom 8. bis 22. Februar 2026 bei Pirate Husky in der n\u00f6rdlichsten Region Norwegens,\u2026<\/p><\/div><\/div><\/div><\/div><div class=\"o-posts-grid-post-blog o-posts-grid-post-plain\"><div class=\"o-posts-grid-post\"><div class=\"o-posts-grid-post-image\"><a href=\"https:\/\/goerdeler.lspb.de\/wordpress\/podcast-fuer-ein-praktikum-nach-norwegen-2025\/\"><img loading=\"lazy\" decoding=\"async\" width=\"900\" height=\"639\" src=\"https:\/\/goerdeler.lspb.de\/wordpress\/wp-content\/uploads\/Podcast_Logo_Beitragsbild.jpg\" class=\"attachment-full size-full\" alt=\"Podcast: F\u00fcr ein Praktikum nach Norwegen (2025)\" srcset=\"https:\/\/goerdeler.lspb.de\/wordpress\/wp-content\/uploads\/Podcast_Logo_Beitragsbild.jpg 900w, https:\/\/goerdeler.lspb.de\/wordpress\/wp-content\/uploads\/Podcast_Logo_Beitragsbild-300x213.jpg 300w, https:\/\/goerdeler.lspb.de\/wordpress\/wp-content\/uploads\/Podcast_Logo_Beitragsbild-768x545.jpg 768w\" sizes=\"(max-width: 900px) 100vw, 900px\" \/><\/a><\/div><div class=\"o-posts-grid-post-body\"><h4 class=\"o-posts-grid-post-title\"><a href=\"https:\/\/goerdeler.lspb.de\/wordpress\/podcast-fuer-ein-praktikum-nach-norwegen-2025\/\">Podcast: F\u00fcr ein Praktikum nach Norwegen (2025)<\/a><\/h4><div class=\"o-posts-grid-post-description\"><p>K\u00f6nnt ihr euch vorstellen, einen Tourismusbetrieb in der Arktis aufzubauen? K\u00f6nnt ihr euch ein (Arbeits-)Leben in Nordnorwegen vorstellen zwischen Mitternachtssonne und Polarnacht? Im Januar 2025 reisten zwei Sch\u00fclerinnen aus der zehnten Klasse und d\u2026<\/p><\/div><\/div><\/div><\/div><div class=\"o-posts-grid-post-blog o-posts-grid-post-plain\"><div class=\"o-posts-grid-post\"><div class=\"o-posts-grid-post-image\"><a href=\"https:\/\/goerdeler.lspb.de\/wordpress\/podcast-fake-or-real-how-ai-is-changing-the-game-ii\/\"><img loading=\"lazy\" decoding=\"async\" width=\"900\" height=\"639\" src=\"https:\/\/goerdeler.lspb.de\/wordpress\/wp-content\/uploads\/Podcast_Logo_Beitragsbild.jpg\" class=\"attachment-full size-full\" alt=\"Podcast: Fake or Real? \u2013 How AI Is Changing the Game II\" srcset=\"https:\/\/goerdeler.lspb.de\/wordpress\/wp-content\/uploads\/Podcast_Logo_Beitragsbild.jpg 900w, https:\/\/goerdeler.lspb.de\/wordpress\/wp-content\/uploads\/Podcast_Logo_Beitragsbild-300x213.jpg 300w, https:\/\/goerdeler.lspb.de\/wordpress\/wp-content\/uploads\/Podcast_Logo_Beitragsbild-768x545.jpg 768w\" sizes=\"(max-width: 900px) 100vw, 900px\" \/><\/a><\/div><div class=\"o-posts-grid-post-body\"><h4 class=\"o-posts-grid-post-title\"><a href=\"https:\/\/goerdeler.lspb.de\/wordpress\/podcast-fake-or-real-how-ai-is-changing-the-game-ii\/\">Podcast: Fake or Real? \u2013 How AI Is Changing the Game II<\/a><\/h4><div class=\"o-posts-grid-post-description\"><p>Was ist echt \u2013 und was manipuliert?Im Podcast zum Erasmus+ Projekt \u201eFake or Real? \u2013 How AI Is Changing the Game\u201c setzen sich Sch\u00fclerinnen und Sch\u00fcler kritisch mit K\u00fcnstlicher Intelligenz, Deepfakes und Fake News auseinander. Der Podcast wurde w\u00e4hrend\u2026<\/p><\/div><\/div><\/div><\/div><div class=\"o-posts-grid-post-blog o-posts-grid-post-plain\"><div class=\"o-posts-grid-post\"><div class=\"o-posts-grid-post-image\"><a href=\"https:\/\/goerdeler.lspb.de\/wordpress\/podcast-fake-or-real-how-ai-is-changing-the-game-i\/\"><img loading=\"lazy\" decoding=\"async\" width=\"900\" height=\"639\" src=\"https:\/\/goerdeler.lspb.de\/wordpress\/wp-content\/uploads\/Podcast_Logo_Beitragsbild.jpg\" class=\"attachment-full size-full\" alt=\"Podcast: Fake or Real? \u2013 How AI Is Changing the Game I\" srcset=\"https:\/\/goerdeler.lspb.de\/wordpress\/wp-content\/uploads\/Podcast_Logo_Beitragsbild.jpg 900w, https:\/\/goerdeler.lspb.de\/wordpress\/wp-content\/uploads\/Podcast_Logo_Beitragsbild-300x213.jpg 300w, https:\/\/goerdeler.lspb.de\/wordpress\/wp-content\/uploads\/Podcast_Logo_Beitragsbild-768x545.jpg 768w\" sizes=\"(max-width: 900px) 100vw, 900px\" \/><\/a><\/div><div class=\"o-posts-grid-post-body\"><h4 class=\"o-posts-grid-post-title\"><a href=\"https:\/\/goerdeler.lspb.de\/wordpress\/podcast-fake-or-real-how-ai-is-changing-the-game-i\/\">Podcast: Fake or Real? \u2013 How AI Is Changing the Game I<\/a><\/h4><div class=\"o-posts-grid-post-description\"><p>Was ist echt \u2013 und was manipuliert?Im Podcast zum Erasmus+ Projekt \u201eFake or Real? \u2013 How AI Is Changing the Game\u201c setzen sich Sch\u00fclerinnen und Sch\u00fcler kritisch mit K\u00fcnstlicher Intelligenz, Deepfakes und Fake News auseinander. Der Podcast wurde w\u00e4hrend\u2026<\/p><\/div><\/div><\/div><\/div><div class=\"o-posts-grid-post-blog o-posts-grid-post-plain\"><div class=\"o-posts-grid-post\"><div class=\"o-posts-grid-post-image\"><a href=\"https:\/\/goerdeler.lspb.de\/wordpress\/erasmus-praktikum-auf-einer-huskyfarm-in-nordnorwegen\/\"><img loading=\"lazy\" decoding=\"async\" width=\"900\" height=\"675\" src=\"https:\/\/goerdeler.lspb.de\/wordpress\/wp-content\/uploads\/Norwegen_1.jpg\" class=\"attachment-full size-full\" alt=\"Erasmus+-Praktikum auf einer Huskyfarm in Nordnorwegen\" srcset=\"https:\/\/goerdeler.lspb.de\/wordpress\/wp-content\/uploads\/Norwegen_1.jpg 900w, https:\/\/goerdeler.lspb.de\/wordpress\/wp-content\/uploads\/Norwegen_1-300x225.jpg 300w, https:\/\/goerdeler.lspb.de\/wordpress\/wp-content\/uploads\/Norwegen_1-768x576.jpg 768w, https:\/\/goerdeler.lspb.de\/wordpress\/wp-content\/uploads\/Norwegen_1-585x440.jpg 585w, https:\/\/goerdeler.lspb.de\/wordpress\/wp-content\/uploads\/Norwegen_1-230x172.jpg 230w\" sizes=\"(max-width: 900px) 100vw, 900px\" \/><\/a><\/div><div class=\"o-posts-grid-post-body\"><h4 class=\"o-posts-grid-post-title\"><a href=\"https:\/\/goerdeler.lspb.de\/wordpress\/erasmus-praktikum-auf-einer-huskyfarm-in-nordnorwegen\/\">Erasmus+-Praktikum auf einer Huskyfarm in Nordnorwegen<\/a><\/h4><div class=\"o-posts-grid-post-description\"><p>Vom 8.2.2026 bis zum 22.2.2026 absolvierten zwei Sch\u00fclerinnen und drei Sch\u00fcler des Goerdeler-Gymnasiums ein Praktikum mit dem Schwerpunkt \u201earktischer Tourismus\u201c in der Finnmark, der n\u00f6rdlichsten Region Norwegens. Bei der Firma \u201ePirate Husky\u201c lernten \u2026<\/p><\/div><\/div><\/div><\/div><\/div> <\/div>","protected":false},"excerpt":{"rendered":"<p>Eine Eintrittskarte f\u00fcr Europa: Erasmus + Das Goerdeler-Gymnasium ist seit 2023 als Erasmus+ Schule akkreditiert.Diese Akkreditierung ist zun\u00e4chst g\u00fcltig bis 2027. Sie \u00f6ffnet unseren Sch\u00fcler:innen und Lehrkr\u00e4ften die T\u00fcr zu einer Welt internationaler M\u00f6glichkeiten und Erfahrungen. Was ist Erasmus+?Erasmus+ ist ein F\u00f6rderprogramm der Europ\u00e4ischen Union, das pers\u00f6nliche Austauschbegegnungen, digitalen Austausch und gemeinsame Projekte von Sch\u00fcler:innen [&hellip;]<\/p>\n","protected":false},"author":14,"featured_media":0,"parent":0,"menu_order":0,"comment_status":"closed","ping_status":"closed","template":"","meta":{"_themeisle_gutenberg_block_has_review":false,"_mc_calendar":[],"footnotes":""},"class_list":["post-14389","page","type-page","status-publish","hentry"],"_links":{"self":[{"href":"https:\/\/goerdeler.lspb.de\/wordpress\/wp-json\/wp\/v2\/pages\/14389","targetHints":{"allow":["GET"]}}],"collection":[{"href":"https:\/\/goerdeler.lspb.de\/wordpress\/wp-json\/wp\/v2\/pages"}],"about":[{"href":"https:\/\/goerdeler.lspb.de\/wordpress\/wp-json\/wp\/v2\/types\/page"}],"author":[{"embeddable":true,"href":"https:\/\/goerdeler.lspb.de\/wordpress\/wp-json\/wp\/v2\/users\/14"}],"replies":[{"embeddable":true,"href":"https:\/\/goerdeler.lspb.de\/wordpress\/wp-json\/wp\/v2\/comments?post=14389"}],"version-history":[{"count":24,"href":"https:\/\/goerdeler.lspb.de\/wordpress\/wp-json\/wp\/v2\/pages\/14389\/revisions"}],"predecessor-version":[{"id":19289,"href":"https:\/\/goerdeler.lspb.de\/wordpress\/wp-json\/wp\/v2\/pages\/14389\/revisions\/19289"}],"wp:attachment":[{"href":"https:\/\/goerdeler.lspb.de\/wordpress\/wp-json\/wp\/v2\/media?parent=14389"}],"curies":[{"name":"wp","href":"https:\/\/api.w.org\/{rel}","templated":true}]}}