{"id":14618,"date":"2023-10-19T14:58:41","date_gmt":"2023-10-19T12:58:41","guid":{"rendered":"https:\/\/goerdeler.lspb.de\/wordpress\/?page_id=14618"},"modified":"2023-10-19T15:01:00","modified_gmt":"2023-10-19T13:01:00","slug":"nrw-technikum","status":"publish","type":"page","link":"https:\/\/goerdeler.lspb.de\/wordpress\/nrw-technikum\/","title":{"rendered":"NRW-Technikum"},"content":{"rendered":"\n<p>Seit dem Schuljahr 2023\/24 sind wir Partnerschule des NRW-Technikums. <br>Das NRW-Technikum ist ein sechsmonatiges Programm (September bis Februar) f\u00fcr Abiturientinnen, die sich f\u00fcr einen oder mehrere MINT-Bereiche (Mathematik, Informatik, Naturwissenschaften, Technik) interessieren, aber noch unsicher sind, ob so ein Studium das Richtige f\u00fcr sie ist.<br>Die Technikantinnen haben die M\u00f6glichkeit, nach ihrem (Fach-)Abitur ohne Risiko und Verpflichtung ein MINT-Studium und einen MINT-Beruf auszuprobieren. W\u00e4hrend des Programms erfahren sie, wie ein Studium im Allgemeinen abl\u00e4uft, was es konkret bedeutet, ein MINT-Fach zu studieren und welche beruflichen T\u00e4tigkeiten man als Mathematikerin, (Wirtschafts-)Informatikerin, Physikerin, Chemikerin oder Ingenieurin aus\u00fcben kann.<br>Weitere Informationen: <a href=\"https:\/\/nrw-technikum.de\/\">https:\/\/nrw-technikum.de\/<\/a><br><br>Ansprechpartner f\u00fcr die Kooperation sind am Goerdeler-Gymnasium Herr Bayerle und Frau Kemper. <\/p>\n","protected":false},"excerpt":{"rendered":"<p>Seit dem Schuljahr 2023\/24 sind wir Partnerschule des NRW-Technikums. Das NRW-Technikum ist ein sechsmonatiges Programm (September bis Februar) f\u00fcr Abiturientinnen, die sich f\u00fcr einen oder mehrere MINT-Bereiche (Mathematik, Informatik, Naturwissenschaften, Technik) interessieren, aber noch unsicher sind, ob so ein Studium das Richtige f\u00fcr sie ist.Die Technikantinnen haben die M\u00f6glichkeit, nach ihrem (Fach-)Abitur ohne Risiko und [&hellip;]<\/p>\n","protected":false},"author":14,"featured_media":14619,"parent":0,"menu_order":0,"comment_status":"closed","ping_status":"closed","template":"","meta":{"_themeisle_gutenberg_block_has_review":false,"_mc_calendar":[],"footnotes":""},"class_list":["post-14618","page","type-page","status-publish","has-post-thumbnail","hentry"],"_links":{"self":[{"href":"https:\/\/goerdeler.lspb.de\/wordpress\/wp-json\/wp\/v2\/pages\/14618","targetHints":{"allow":["GET"]}}],"collection":[{"href":"https:\/\/goerdeler.lspb.de\/wordpress\/wp-json\/wp\/v2\/pages"}],"about":[{"href":"https:\/\/goerdeler.lspb.de\/wordpress\/wp-json\/wp\/v2\/types\/page"}],"author":[{"embeddable":true,"href":"https:\/\/goerdeler.lspb.de\/wordpress\/wp-json\/wp\/v2\/users\/14"}],"replies":[{"embeddable":true,"href":"https:\/\/goerdeler.lspb.de\/wordpress\/wp-json\/wp\/v2\/comments?post=14618"}],"version-history":[{"count":4,"href":"https:\/\/goerdeler.lspb.de\/wordpress\/wp-json\/wp\/v2\/pages\/14618\/revisions"}],"predecessor-version":[{"id":14626,"href":"https:\/\/goerdeler.lspb.de\/wordpress\/wp-json\/wp\/v2\/pages\/14618\/revisions\/14626"}],"wp:featuredmedia":[{"embeddable":true,"href":"https:\/\/goerdeler.lspb.de\/wordpress\/wp-json\/wp\/v2\/media\/14619"}],"wp:attachment":[{"href":"https:\/\/goerdeler.lspb.de\/wordpress\/wp-json\/wp\/v2\/media?parent=14618"}],"curies":[{"name":"wp","href":"https:\/\/api.w.org\/{rel}","templated":true}]}}