{"id":14810,"date":"2023-12-01T09:19:03","date_gmt":"2023-12-01T08:19:03","guid":{"rendered":"https:\/\/goerdeler.lspb.de\/wordpress\/?page_id=14810"},"modified":"2024-01-24T07:58:06","modified_gmt":"2024-01-24T06:58:06","slug":"etwinning","status":"publish","type":"page","link":"https:\/\/goerdeler.lspb.de\/wordpress\/etwinning\/","title":{"rendered":"eTwinning"},"content":{"rendered":"\n<p><strong>Vielf\u00e4ltiges und globales Lernen durch eTwinning<\/strong><\/p>\n\n\n\n<p>Seit November 2023 nutzt das Goerdeler-Gymnasium die <strong>eTwinning-Plattform<\/strong>, um durch <strong>interkulturellen Austausch<\/strong> den Sch\u00fcler:innen neue und weite Perspektiven auf die Welt zu erm\u00f6glichen. Durch die Teilnahme an internationalen Projekten haben unsere Sch\u00fcleri:nnen die Chance, mit Gleichaltrigen aus anderen L\u00e4ndern in Kontakt zu treten, gemeinsam zu lernen und dadurch ihre <strong>interkulturellen Kompetenzen<\/strong> zu st\u00e4rken.<\/p>\n\n\n\n<p><strong>Was ist eTwinning?<\/strong><\/p>\n\n\n\n<p><em>eTwinning<\/em> ist eine von der Europ\u00e4ischen Kommission gef\u00f6rderte Online-Plattform, die Lehrkr\u00e4ften in Europa die M\u00f6glichkeit bietet, grenz\u00fcberschreitende Partnerschaften zu etablieren und gemeinsame Bildungsprojekte zu entwickeln.<br>Diese Plattform erleichtert die Vernetzung von Schulen und Lehrkr\u00e4ften in verschiedenen europ\u00e4ischen L\u00e4ndern, um die Zusammenarbeit im Bildungsbereich zu f\u00f6rdern.<\/p>\n\n\n\n<p><br><\/p>\n\n\n\n<figure class=\"wp-block-image size-full\"><a href=\"https:\/\/goerdeler.lspb.de\/wordpress\/wp-content\/uploads\/logo_etwinning.png\"><img loading=\"lazy\" decoding=\"async\" width=\"666\" height=\"223\" src=\"https:\/\/goerdeler.lspb.de\/wordpress\/wp-content\/uploads\/logo_etwinning.png\" alt=\"\" class=\"wp-image-14811\" srcset=\"https:\/\/goerdeler.lspb.de\/wordpress\/wp-content\/uploads\/logo_etwinning.png 666w, https:\/\/goerdeler.lspb.de\/wordpress\/wp-content\/uploads\/logo_etwinning-300x100.png 300w\" sizes=\"(max-width: 666px) 100vw, 666px\" \/><\/a><\/figure>\n\n\n\n<h2 class=\"wp-block-heading\"><strong>Erstes kollaboratives, internationales eTwinning-Projekt am Goerdeler-Gymnasium<\/strong><\/h2>\n\n\n\n<p>Das Goerdeler-Gymnasium arbeitet derzeit mit drei europ\u00e4ischen Schulen im Rahmen des eTwinning-Projekts <strong>&#8222;Global Citizens: Nurturing Empathy, Heritage, and Environmental Awareness&#8220; <\/strong>zusammen:<\/p>\n\n\n\n<p><a href=\"https:\/\/iesalandalus.org\/joomla\/\"><strong>IES \u201eAl \u00c0ndalus\u201c<\/strong> <\/a>(Almer\u00eda, Spanien) <\/p>\n\n\n\n<p><strong><a href=\"https:\/\/aeb.edu.pt\/\">Agrupamento de Escolas de Barroselas<\/a><\/strong> (Barroselas, Portugal) <\/p>\n\n\n\n<p><strong><a href=\"https:\/\/www.erzsebetvarosiiskola.hu\/\">Erzs\u00e9betv\u00e1ros Billingual Primary School and Vacational Art School<\/a><\/strong> (Budapest, Ungarn) <\/p>\n\n\n\n<p><strong>Inhalt des Projekts:<\/strong><br>Diese partnerschaftliche Kooperation der vier Schulen erm\u00f6glicht einen intensiven interkulturellen Austausch und f\u00f6rdert ein tiefes Verst\u00e4ndnis f\u00fcr Empathie, kulturelles Erbe und Umweltbewusstsein.<br>Das Hauptziel dieses <strong>eTwinning-Projekts<\/strong> ist es, den Sch\u00fcler:innen ein umfassendes Verst\u00e4ndnis zu vermitteln, das das kulturelle Erbe Europas betont und gleichzeitig das Bewusstsein f\u00fcr Umweltprobleme und interkulturelles Verst\u00e4ndnis st\u00e4rkt.<\/p>\n\n\n\n<p><strong>Arbeiten online im TwinSpace und in Pr\u00e4senz:<\/strong><br>Die Sch\u00fcler:innen des Projektkurses Spanisch werden von November 2023 bis M\u00e4rz 2024 gemeinsam mit ihren internationalen Mitsch\u00fcler:innen sowohl online als auch in Pr\u00e4senz an verschiedenen Aufgaben zu den oben genannten Themen arbeiten.<br>Geplant ist, dass die Sch\u00fcler:innen w\u00e4hrend ihrer internationalen Online-Arbeitsphasen unterschiedliche Skripte verfassen, die sie dann bei den pers\u00f6nlichen Treffen in den jeweiligen L\u00e4ndern in Videosequenzen umsetzen.<br>Diese Videosequenzen werden anschlie\u00dfend ausgewertet, sortiert und zu einem Endprodukt zusammengestellt, das ihre intensive Auseinandersetzung mit den genannten Themen widerspiegelt.<\/p>\n\n\n\n<p><strong><br>Gemeinsam das Europ\u00e4ische kulturelle Erbe entdecken sowie \u00f6kologische Schutzgebiete besuchen<\/strong><\/p>\n\n\n\n<p>W\u00e4hrend der gegenseitigen Besuche haben die Sch\u00fcler:innen die Gelegenheit, bedeutende Weltkulturerbest\u00e4tten wie die <strong><em>Alhambra<\/em><\/strong> in Granada, Spanien, die Synagoge von <strong><em>Doh\u00e1ny utca<\/em><\/strong> in Budapest, Ungarn, und \u00f6kologische Schutzgebiete wie den Naturpark <strong><em>Peneda-Ger\u00eas<\/em><\/strong> in Portugal zu erkunden.<br>Diese Exkursionen sind darauf ausgerichtet, die Anerkennung f\u00fcr historische und nat\u00fcrliche Denkm\u00e4ler zu f\u00f6rdern und das Interesse an deren Schutz und Erhaltung zu wecken.<br>Sie bieten den Sch\u00fcler:innen die M\u00f6glichkeit, historische und \u00f6kologische Bedeutungen aus erster Hand zu erleben und zu erforschen. Diese Erfahrungen sensibilisieren nicht nur f\u00fcr die Vielfalt Europas, sondern tragen auch zur St\u00e4rkung sozialer Kompetenzen bei.<\/p>\n\n\n\n<p><strong>Projektstart:<br><\/strong>Am 7. November 2023 fand eine Videokonferenz zwischen den vier L\u00e4ndern statt, bei der zun\u00e4chst Juan Borras, Lehrer an der spanischen Schule, die Teilnehmer:innen \u00fcber die Ziele und Aufgaben des Projekts informierte. Anschlie\u00dfend pr\u00e4sentierten die Sch\u00fcler:innen ihre Schulen (<a href=\"https:\/\/goerdeler.lspb.de\/wordpress\/wp-content\/uploads\/Goerdeler-Gymnasium-eTwinning-Projekt-\u2013-Kopie.pdf\">hier<\/a> die Pr\u00e4sentation unseres Gymnasiums).<br>Danach wurden das Wissen \u00fcber die vorgestellten L\u00e4nder in einem Kahoot-Spiel unter Beweis gestellt. Den ersten Platz belegte Artur Wagner, Sch\u00fcler des Goerdeler-Gymnasiums.<\/p>\n\n\n\n<figure class=\"wp-block-gallery has-nested-images columns-default is-cropped wp-block-gallery-1 is-layout-flex wp-block-gallery-is-layout-flex\">\n<figure class=\"wp-block-image size-large\"><a href=\"https:\/\/goerdeler.lspb.de\/wordpress\/wp-content\/uploads\/MicrosoftTeams-image-100.jpg\"><img loading=\"lazy\" decoding=\"async\" width=\"1024\" height=\"496\" data-id=\"14903\" src=\"https:\/\/goerdeler.lspb.de\/wordpress\/wp-content\/uploads\/MicrosoftTeams-image-100.jpg\" alt=\"\" class=\"wp-image-14903\" srcset=\"https:\/\/goerdeler.lspb.de\/wordpress\/wp-content\/uploads\/MicrosoftTeams-image-100.jpg 1024w, https:\/\/goerdeler.lspb.de\/wordpress\/wp-content\/uploads\/MicrosoftTeams-image-100-300x145.jpg 300w, https:\/\/goerdeler.lspb.de\/wordpress\/wp-content\/uploads\/MicrosoftTeams-image-100-768x372.jpg 768w\" sizes=\"(max-width: 1024px) 100vw, 1024px\" \/><\/a><\/figure>\n<\/figure>\n\n\n\n<p><strong>Weitere Schritte:<\/strong><\/p>\n\n\n\n<ul class=\"wp-block-list\">\n<li>Alle Sch\u00fcler:innen, die am Projekt beteiligt sind, werden bis zum 30.11.2023 ihre Steckbriefe im Twinnspace hochladen, um sich gegenseitig kennenzulernen. Dar\u00fcber hinaus werden die Sch\u00fcler bis zu diesem Datum Logos entwerfen, die die Themen des Projekts repr\u00e4sentieren. Nach einer internen Sch\u00fclerabstimmung werden zwei Logos des Projektkurses Spanisch f\u00fcr den Logo-Wettbewerb ausgew\u00e4hlt. Folgende Logos wurden von Janet Luu f\u00fcr das Wettbewerb erstellt:<\/li>\n<\/ul>\n\n\n\n<figure class=\"wp-block-gallery has-nested-images columns-default is-cropped wp-block-gallery-2 is-layout-flex wp-block-gallery-is-layout-flex\">\n<figure class=\"wp-block-image size-large\"><a href=\"https:\/\/goerdeler.lspb.de\/wordpress\/wp-content\/uploads\/Logo1.jpg\"><img loading=\"lazy\" decoding=\"async\" width=\"801\" height=\"790\" data-id=\"14900\" src=\"https:\/\/goerdeler.lspb.de\/wordpress\/wp-content\/uploads\/Logo1.jpg\" alt=\"\" class=\"wp-image-14900\" srcset=\"https:\/\/goerdeler.lspb.de\/wordpress\/wp-content\/uploads\/Logo1.jpg 801w, https:\/\/goerdeler.lspb.de\/wordpress\/wp-content\/uploads\/Logo1-300x296.jpg 300w, https:\/\/goerdeler.lspb.de\/wordpress\/wp-content\/uploads\/Logo1-768x757.jpg 768w\" sizes=\"(max-width: 801px) 100vw, 801px\" \/><\/a><\/figure>\n\n\n\n<figure class=\"wp-block-image size-large\"><a href=\"https:\/\/goerdeler.lspb.de\/wordpress\/wp-content\/uploads\/Logo2.jpg\"><img loading=\"lazy\" decoding=\"async\" width=\"767\" height=\"773\" data-id=\"14901\" src=\"https:\/\/goerdeler.lspb.de\/wordpress\/wp-content\/uploads\/Logo2.jpg\" alt=\"\" class=\"wp-image-14901\" srcset=\"https:\/\/goerdeler.lspb.de\/wordpress\/wp-content\/uploads\/Logo2.jpg 767w, https:\/\/goerdeler.lspb.de\/wordpress\/wp-content\/uploads\/Logo2-298x300.jpg 298w, https:\/\/goerdeler.lspb.de\/wordpress\/wp-content\/uploads\/Logo2-150x150.jpg 150w\" sizes=\"(max-width: 767px) 100vw, 767px\" \/><\/a><\/figure>\n<\/figure>\n\n\n\n<ul class=\"wp-block-list\">\n<li>Im Dezember wird die zweite Videokonferenz stattfinden, bei der zun\u00e4chst die Wahl des erfolgt. Anschlie\u00dfend werden die Sch\u00fcler:innen in internationale Arbeitsgruppen eingeteilt, um in einem gesch\u00fctzten Online-Klassenzimmer an ihrer ersten Aufgabe zu arbeiten. Diese Aufgabe beinhaltet die Vorbereitung f\u00fcr die Arbeit w\u00e4hrend der Austauschbegegnung, die dann vom 4. bis 9. Februar 2024 in Almer\u00eda, Spanien, stattfinden wird.<\/li>\n<\/ul>\n\n\n\n<ul class=\"wp-block-list\">\n<li>Im Verlauf des Schuljahres sind weitere Videokonferenzen sowie Online-Arbeitstreffen geplant. Das zweite pers\u00f6nliche Treffen in Budapest ist f\u00fcr April vorgesehen. Das Goerdeler-Gymnasium wird im September seine G\u00e4ste empfangen.<\/li>\n<\/ul>\n\n\n\n<figure class=\"wp-block-gallery has-nested-images columns-default is-cropped wp-block-gallery-3 is-layout-flex wp-block-gallery-is-layout-flex\">\n<figure class=\"wp-block-image size-large\"><a href=\"https:\/\/goerdeler.lspb.de\/wordpress\/wp-content\/uploads\/MicrosoftTeams-image-101.jpg\"><img loading=\"lazy\" decoding=\"async\" width=\"1024\" height=\"632\" data-id=\"14904\" src=\"https:\/\/goerdeler.lspb.de\/wordpress\/wp-content\/uploads\/MicrosoftTeams-image-101.jpg\" alt=\"\" class=\"wp-image-14904\" srcset=\"https:\/\/goerdeler.lspb.de\/wordpress\/wp-content\/uploads\/MicrosoftTeams-image-101.jpg 1024w, https:\/\/goerdeler.lspb.de\/wordpress\/wp-content\/uploads\/MicrosoftTeams-image-101-300x185.jpg 300w, https:\/\/goerdeler.lspb.de\/wordpress\/wp-content\/uploads\/MicrosoftTeams-image-101-768x474.jpg 768w\" sizes=\"(max-width: 1024px) 100vw, 1024px\" \/><\/a><\/figure>\n\n\n\n<figure class=\"wp-block-image size-large\"><a href=\"https:\/\/goerdeler.lspb.de\/wordpress\/wp-content\/uploads\/MicrosoftTeams-image-102.jpg\"><img loading=\"lazy\" decoding=\"async\" width=\"1024\" height=\"568\" data-id=\"14905\" src=\"https:\/\/goerdeler.lspb.de\/wordpress\/wp-content\/uploads\/MicrosoftTeams-image-102.jpg\" alt=\"\" class=\"wp-image-14905\" srcset=\"https:\/\/goerdeler.lspb.de\/wordpress\/wp-content\/uploads\/MicrosoftTeams-image-102.jpg 1024w, https:\/\/goerdeler.lspb.de\/wordpress\/wp-content\/uploads\/MicrosoftTeams-image-102-300x166.jpg 300w, https:\/\/goerdeler.lspb.de\/wordpress\/wp-content\/uploads\/MicrosoftTeams-image-102-768x426.jpg 768w\" sizes=\"(max-width: 1024px) 100vw, 1024px\" \/><\/a><\/figure>\n\n\n\n<figure class=\"wp-block-image size-large\"><a href=\"https:\/\/goerdeler.lspb.de\/wordpress\/wp-content\/uploads\/MicrosoftTeams-image-103.jpg\"><img loading=\"lazy\" decoding=\"async\" width=\"1024\" height=\"625\" data-id=\"14906\" src=\"https:\/\/goerdeler.lspb.de\/wordpress\/wp-content\/uploads\/MicrosoftTeams-image-103.jpg\" alt=\"\" class=\"wp-image-14906\" srcset=\"https:\/\/goerdeler.lspb.de\/wordpress\/wp-content\/uploads\/MicrosoftTeams-image-103.jpg 1024w, https:\/\/goerdeler.lspb.de\/wordpress\/wp-content\/uploads\/MicrosoftTeams-image-103-300x183.jpg 300w, https:\/\/goerdeler.lspb.de\/wordpress\/wp-content\/uploads\/MicrosoftTeams-image-103-768x469.jpg 768w\" sizes=\"(max-width: 1024px) 100vw, 1024px\" \/><\/a><\/figure>\n<\/figure>\n\n\n\n<p class=\"has-text-align-right\"><em>Text\/Fotos: M. Delgado<\/em><\/p>\n\n\n\n<p><\/p>\n\n\n\n<h2 class=\"wp-block-heading\"><br><strong>Zweites  eTwinning-Projekt: <em>It\u2019s Christmas time! \u2013 How do you celebrate Christmas?<\/em><\/strong><\/h2>\n\n\n\n<p>Im Dezember 2023 arbeitet eine kleine freiwillige Gruppe von 21 Sch\u00fcler:innen aus den Klassen 6c, 8a, und 9c im Rahmen zweier eTwinning-Projekte kollaborativ und digital im Austausch mit anderen europ\u00e4ischen L\u00e4ndern daran, Einblicke in die vielf\u00e4ltigen gemeinsamen und unterschiedlichen kulturellen Weihnachtstraditionen zu erhalten.<\/p>\n\n\n\n<p>Dieses internationale Projekt bietet eine fantastische Gelegenheit f\u00fcr unsere Sch\u00fcler:innen, ihre kulturellen Horizonte zu erweitern, gleichzeitig ihre digitalen F\u00e4higkeiten zu verbessern und durch die kooperative Arbeit der freiwilligen Sch\u00fcler:innen der verschiedenen Jahrgangsstufen 6,8 und 9 auch ihre sozialen Kompetenzen im gemeinsamen Lernen zu schulen.<\/p>\n\n\n\n<p>In den Treffen werden digitale Produkte geplant und erarbeitet, um unsere deutschen Weihnachtstraditionen f\u00fcr die anderen europ\u00e4ischen Schulen darzustellen. Mitte Dezember werden alle teilnehmenden Partnerl\u00e4nder ihre digitalen Produkte auf einer gemeinsamen Plattform hochladen, sodass sich alle diese Produkte anschauen k\u00f6nnen.<\/p>\n\n\n\n<p class=\"has-text-align-left\">Ziel dieses kurzen Projektes ist es, dass die Kinder die Vielfalt der Weihnachtstraditionen in Europa mit ihren gemeinsamen und unterschiedlichen Br\u00e4uchen entdecken und hierbei gleichzeitig mit Spa\u00df die englische Sprache verwenden und ihre digitalen F\u00e4higkeiten schulen.<br><br><em>Text: D. Nolte<\/em><\/p>\n\n\n\n<figure class=\"wp-block-image size-full\"><a href=\"https:\/\/goerdeler.lspb.de\/wordpress\/wp-content\/uploads\/Erasmus-Logo-Kofinanziert.jpg\"><img loading=\"lazy\" decoding=\"async\" width=\"600\" height=\"123\" src=\"https:\/\/goerdeler.lspb.de\/wordpress\/wp-content\/uploads\/Erasmus-Logo-Kofinanziert.jpg\" alt=\"\" class=\"wp-image-14677\" srcset=\"https:\/\/goerdeler.lspb.de\/wordpress\/wp-content\/uploads\/Erasmus-Logo-Kofinanziert.jpg 600w, https:\/\/goerdeler.lspb.de\/wordpress\/wp-content\/uploads\/Erasmus-Logo-Kofinanziert-300x62.jpg 300w\" sizes=\"(max-width: 600px) 100vw, 600px\" \/><\/a><\/figure>\n\n\n\n<h2 class=\"wp-block-heading\">Veranstaltungen und Ereignisse<\/h2>\n\n\n<div class=\"wp-block-themeisle-blocks-posts-grid\" id=\"wp-block-themeisle-blocks-posts-grid-317a3677\"><div class=\"is-list\"><div class=\"o-posts-grid-post-blog o-posts-grid-post-plain\"><div class=\"o-posts-grid-post\"><div class=\"o-posts-grid-post-image\"><a href=\"https:\/\/goerdeler.lspb.de\/wordpress\/erasmus-in-portugal-unsere-projektwoche-in-barroselas\/\"><img loading=\"lazy\" decoding=\"async\" width=\"898\" height=\"675\" src=\"https:\/\/goerdeler.lspb.de\/wordpress\/wp-content\/uploads\/Portugal_01.jpg\" class=\"attachment-full size-full\" alt=\"Erasmus+ in Portugal \u2013 Unsere Projektwoche in Barroselas\" srcset=\"https:\/\/goerdeler.lspb.de\/wordpress\/wp-content\/uploads\/Portugal_01.jpg 898w, https:\/\/goerdeler.lspb.de\/wordpress\/wp-content\/uploads\/Portugal_01-300x226.jpg 300w, https:\/\/goerdeler.lspb.de\/wordpress\/wp-content\/uploads\/Portugal_01-768x577.jpg 768w, https:\/\/goerdeler.lspb.de\/wordpress\/wp-content\/uploads\/Portugal_01-585x440.jpg 585w, https:\/\/goerdeler.lspb.de\/wordpress\/wp-content\/uploads\/Portugal_01-230x172.jpg 230w\" sizes=\"(max-width: 898px) 100vw, 898px\" \/><\/a><\/div><div class=\"o-posts-grid-post-body\"><h4 class=\"o-posts-grid-post-title\"><a href=\"https:\/\/goerdeler.lspb.de\/wordpress\/erasmus-in-portugal-unsere-projektwoche-in-barroselas\/\">Erasmus+ in Portugal \u2013 Unsere Projektwoche in Barroselas<\/a><\/h4><div class=\"o-posts-grid-post-description\"><p>Vom 8. bis 14. Februar 2026 durften wir als sechs Sch\u00fcler:innen der Q1 an der dritten Mobilit\u00e4t unse\u2026<\/p><\/div><\/div><\/div><\/div><div class=\"o-posts-grid-post-blog o-posts-grid-post-plain\"><div class=\"o-posts-grid-post\"><div class=\"o-posts-grid-post-image\"><a href=\"https:\/\/goerdeler.lspb.de\/wordpress\/green-footprints-gemeinsam-die-zukunft-des-tourismus-gestalten\/\"><img loading=\"lazy\" decoding=\"async\" width=\"900\" height=\"675\" src=\"https:\/\/goerdeler.lspb.de\/wordpress\/wp-content\/uploads\/01-10.jpg\" class=\"attachment-full size-full\" alt=\"Green Footprints: Gemeinsam die Zukunft des Tourismus gestalten\" srcset=\"https:\/\/goerdeler.lspb.de\/wordpress\/wp-content\/uploads\/01-10.jpg 900w, https:\/\/goerdeler.lspb.de\/wordpress\/wp-content\/uploads\/01-10-300x225.jpg 300w, https:\/\/goerdeler.lspb.de\/wordpress\/wp-content\/uploads\/01-10-768x576.jpg 768w, https:\/\/goerdeler.lspb.de\/wordpress\/wp-content\/uploads\/01-10-585x440.jpg 585w, https:\/\/goerdeler.lspb.de\/wordpress\/wp-content\/uploads\/01-10-230x172.jpg 230w\" sizes=\"(max-width: 900px) 100vw, 900px\" \/><\/a><\/div><div class=\"o-posts-grid-post-body\"><h4 class=\"o-posts-grid-post-title\"><a href=\"https:\/\/goerdeler.lspb.de\/wordpress\/green-footprints-gemeinsam-die-zukunft-des-tourismus-gestalten\/\">Green Footprints: Gemeinsam die Zukunft des Tourismus gestalten<\/a><\/h4><div class=\"o-posts-grid-post-description\"><p>Am 26.01. reisten dreizehn Sch\u00fcler:innen gemeinsam mit drei Lehrkr\u00e4ften der eTwinning-Partnerschule \u2026<\/p><\/div><\/div><\/div><\/div><div class=\"o-posts-grid-post-blog o-posts-grid-post-plain\"><div class=\"o-posts-grid-post\"><div class=\"o-posts-grid-post-image\"><a href=\"https:\/\/goerdeler.lspb.de\/wordpress\/auszeichnung-mit-dem-europaeischen-etwinning-qualitaetssiegel-2025\/\"><img loading=\"lazy\" decoding=\"async\" width=\"900\" height=\"637\" src=\"https:\/\/goerdeler.lspb.de\/wordpress\/wp-content\/uploads\/Urkunde_esep_project-esep.jpg\" class=\"attachment-full size-full\" alt=\"Auszeichnung mit dem Europ\u00e4ischen eTwinning-Qualit\u00e4tssiegel 2025\" srcset=\"https:\/\/goerdeler.lspb.de\/wordpress\/wp-content\/uploads\/Urkunde_esep_project-esep.jpg 900w, https:\/\/goerdeler.lspb.de\/wordpress\/wp-content\/uploads\/Urkunde_esep_project-esep-300x212.jpg 300w, https:\/\/goerdeler.lspb.de\/wordpress\/wp-content\/uploads\/Urkunde_esep_project-esep-768x544.jpg 768w\" sizes=\"(max-width: 900px) 100vw, 900px\" \/><\/a><\/div><div class=\"o-posts-grid-post-body\"><h4 class=\"o-posts-grid-post-title\"><a href=\"https:\/\/goerdeler.lspb.de\/wordpress\/auszeichnung-mit-dem-europaeischen-etwinning-qualitaetssiegel-2025\/\">Auszeichnung mit dem Europ\u00e4ischen eTwinning-Qualit\u00e4tssiegel 2025<\/a><\/h4><div class=\"o-posts-grid-post-description\"><p>Mit Partnern in ganz Europa zusammenarbeiten, neue mediendidaktische Wege beschreiten und Fremdsprac\u2026<\/p><\/div><\/div><\/div><\/div><div class=\"o-posts-grid-post-blog o-posts-grid-post-plain\"><div class=\"o-posts-grid-post\"><div class=\"o-posts-grid-post-image\"><a href=\"https:\/\/goerdeler.lspb.de\/wordpress\/erasmus-etwinning-projekt-in-stockholm-fake-or-real-how-ai-is-changing-the-game\/\"><img loading=\"lazy\" decoding=\"async\" width=\"900\" height=\"636\" src=\"https:\/\/goerdeler.lspb.de\/wordpress\/wp-content\/uploads\/eTwinning_FakeorReal-1.jpg\" class=\"attachment-full size-full\" alt=\"Erasmus+ \/ eTwinning Projekt in Stockholm: \u201cFake or Real: How AI is changing the game\u201d\" srcset=\"https:\/\/goerdeler.lspb.de\/wordpress\/wp-content\/uploads\/eTwinning_FakeorReal-1.jpg 900w, https:\/\/goerdeler.lspb.de\/wordpress\/wp-content\/uploads\/eTwinning_FakeorReal-1-300x212.jpg 300w, https:\/\/goerdeler.lspb.de\/wordpress\/wp-content\/uploads\/eTwinning_FakeorReal-1-768x543.jpg 768w\" sizes=\"(max-width: 900px) 100vw, 900px\" \/><\/a><\/div><div class=\"o-posts-grid-post-body\"><h4 class=\"o-posts-grid-post-title\"><a href=\"https:\/\/goerdeler.lspb.de\/wordpress\/erasmus-etwinning-projekt-in-stockholm-fake-or-real-how-ai-is-changing-the-game\/\">Erasmus+ \/ eTwinning Projekt in Stockholm: \u201cFake or Real: How AI is changing the game\u201d<\/a><\/h4><div class=\"o-posts-grid-post-description\"><p>Im Anschluss an die Auftaktmobilit\u00e4t in Almer\u00eda (Spanien \u2013 Bericht hier) fand nun die zweite Begegnu\u2026<\/p><\/div><\/div><\/div><\/div><div class=\"o-posts-grid-post-blog o-posts-grid-post-plain\"><div class=\"o-posts-grid-post\"><div class=\"o-posts-grid-post-image\"><a href=\"https:\/\/goerdeler.lspb.de\/wordpress\/etwinning-erasmus-projekt-in-pesaro-kreative-aktionen-fuer-eine-nachhaltige-zukunft\/\"><img loading=\"lazy\" decoding=\"async\" width=\"900\" height=\"675\" src=\"https:\/\/goerdeler.lspb.de\/wordpress\/wp-content\/uploads\/Beitragsbild-1.jpg\" class=\"attachment-full size-full\" alt=\"eTwinning &amp; Erasmus+ Projekt in Pesaro: Kreative Aktionen f\u00fcr eine nachhaltige Zukunft\" srcset=\"https:\/\/goerdeler.lspb.de\/wordpress\/wp-content\/uploads\/Beitragsbild-1.jpg 900w, https:\/\/goerdeler.lspb.de\/wordpress\/wp-content\/uploads\/Beitragsbild-1-300x225.jpg 300w, https:\/\/goerdeler.lspb.de\/wordpress\/wp-content\/uploads\/Beitragsbild-1-768x576.jpg 768w, https:\/\/goerdeler.lspb.de\/wordpress\/wp-content\/uploads\/Beitragsbild-1-585x440.jpg 585w, https:\/\/goerdeler.lspb.de\/wordpress\/wp-content\/uploads\/Beitragsbild-1-230x172.jpg 230w\" sizes=\"(max-width: 900px) 100vw, 900px\" \/><\/a><\/div><div class=\"o-posts-grid-post-body\"><h4 class=\"o-posts-grid-post-title\"><a href=\"https:\/\/goerdeler.lspb.de\/wordpress\/etwinning-erasmus-projekt-in-pesaro-kreative-aktionen-fuer-eine-nachhaltige-zukunft\/\">eTwinning &amp; Erasmus+ Projekt in Pesaro: Kreative Aktionen f\u00fcr eine nachhaltige Zukunft<\/a><\/h4><div class=\"o-posts-grid-post-description\"><p>Zehn Sch\u00fcler:innen des 10. Jahrgangs und zwei Lehrerinnen des Goerdeler-Gymnasiums nahmen im Oktober\u2026<\/p><\/div><\/div><\/div><\/div><div class=\"o-posts-grid-post-blog o-posts-grid-post-plain\"><div class=\"o-posts-grid-post\"><div class=\"o-posts-grid-post-image\"><a href=\"https:\/\/goerdeler.lspb.de\/wordpress\/erasmus-24-25-europass-verleihung-am-zeugnistag\/\"><img loading=\"lazy\" decoding=\"async\" width=\"900\" height=\"675\" src=\"https:\/\/goerdeler.lspb.de\/wordpress\/wp-content\/uploads\/2025_Europass.jpg\" class=\"attachment-full size-full\" alt=\"Erasmus+ 24\/25: Europass-Verleihung am Zeugnistag\" srcset=\"https:\/\/goerdeler.lspb.de\/wordpress\/wp-content\/uploads\/2025_Europass.jpg 900w, https:\/\/goerdeler.lspb.de\/wordpress\/wp-content\/uploads\/2025_Europass-300x225.jpg 300w, https:\/\/goerdeler.lspb.de\/wordpress\/wp-content\/uploads\/2025_Europass-768x576.jpg 768w, https:\/\/goerdeler.lspb.de\/wordpress\/wp-content\/uploads\/2025_Europass-585x440.jpg 585w, https:\/\/goerdeler.lspb.de\/wordpress\/wp-content\/uploads\/2025_Europass-230x172.jpg 230w\" sizes=\"(max-width: 900px) 100vw, 900px\" \/><\/a><\/div><div class=\"o-posts-grid-post-body\"><h4 class=\"o-posts-grid-post-title\"><a href=\"https:\/\/goerdeler.lspb.de\/wordpress\/erasmus-24-25-europass-verleihung-am-zeugnistag\/\">Erasmus+ 24\/25: Europass-Verleihung am Zeugnistag<\/a><\/h4><div class=\"o-posts-grid-post-description\"><p>Am Zeugnistag \u00fcberreichten wir heute mit Stolz die Europass Mobilit\u00e4t-Zertifikate an unsere engagier\u2026<\/p><\/div><\/div><\/div><\/div><\/div> <\/div>","protected":false},"excerpt":{"rendered":"<p>Vielf\u00e4ltiges und globales Lernen durch eTwinning Seit November 2023 nutzt das Goerdeler-Gymnasium die eTwinning-Plattform, um durch interkulturellen Austausch den Sch\u00fcler:innen neue und weite Perspektiven auf die Welt zu erm\u00f6glichen. Durch die Teilnahme an internationalen Projekten haben unsere Sch\u00fcleri:nnen die Chance, mit Gleichaltrigen aus anderen L\u00e4ndern in Kontakt zu treten, gemeinsam zu lernen und dadurch ihre [&hellip;]<\/p>\n","protected":false},"author":14,"featured_media":0,"parent":0,"menu_order":0,"comment_status":"closed","ping_status":"closed","template":"","meta":{"_themeisle_gutenberg_block_has_review":false,"_mc_calendar":[],"footnotes":""},"class_list":["post-14810","page","type-page","status-publish","hentry"],"_links":{"self":[{"href":"https:\/\/goerdeler.lspb.de\/wordpress\/wp-json\/wp\/v2\/pages\/14810","targetHints":{"allow":["GET"]}}],"collection":[{"href":"https:\/\/goerdeler.lspb.de\/wordpress\/wp-json\/wp\/v2\/pages"}],"about":[{"href":"https:\/\/goerdeler.lspb.de\/wordpress\/wp-json\/wp\/v2\/types\/page"}],"author":[{"embeddable":true,"href":"https:\/\/goerdeler.lspb.de\/wordpress\/wp-json\/wp\/v2\/users\/14"}],"replies":[{"embeddable":true,"href":"https:\/\/goerdeler.lspb.de\/wordpress\/wp-json\/wp\/v2\/comments?post=14810"}],"version-history":[{"count":9,"href":"https:\/\/goerdeler.lspb.de\/wordpress\/wp-json\/wp\/v2\/pages\/14810\/revisions"}],"predecessor-version":[{"id":15156,"href":"https:\/\/goerdeler.lspb.de\/wordpress\/wp-json\/wp\/v2\/pages\/14810\/revisions\/15156"}],"wp:attachment":[{"href":"https:\/\/goerdeler.lspb.de\/wordpress\/wp-json\/wp\/v2\/media?parent=14810"}],"curies":[{"name":"wp","href":"https:\/\/api.w.org\/{rel}","templated":true}]}}