{"id":16106,"date":"2024-08-18T13:52:16","date_gmt":"2024-08-18T11:52:16","guid":{"rendered":"https:\/\/goerdeler.lspb.de\/wordpress\/?page_id=16106"},"modified":"2024-08-18T14:02:38","modified_gmt":"2024-08-18T12:02:38","slug":"ahorn-sportpark","status":"publish","type":"page","link":"https:\/\/goerdeler.lspb.de\/wordpress\/ahorn-sportpark\/","title":{"rendered":"Ahorn-Sportpark"},"content":{"rendered":"\n<p>Ab dem Schuljahr 2024\/2025 setzen das Goerdeler-Gymnasium und der Ahorn-Sportpark einen bedeutenden Akzent in der F\u00f6rderung der sportlichen und pers\u00f6nlichen Entwicklung der Sch\u00fcler:innen. Die unmittelbare N\u00e4he der Schule zum Ahorn-Sportpark bietet ideale Voraussetzungen f\u00fcr diese Kooperation, die bereits jetzt den Sportunterricht bereichert.<br><br><\/p>\n\n\n\n<figure class=\"wp-block-image size-large\"><a href=\"https:\/\/goerdeler.lspb.de\/wordpress\/wp-content\/uploads\/csm_logo-ahorn-sportpark__.jpg\"><img loading=\"lazy\" decoding=\"async\" width=\"1024\" height=\"341\" src=\"https:\/\/goerdeler.lspb.de\/wordpress\/wp-content\/uploads\/csm_logo-ahorn-sportpark__-1024x341.jpg\" alt=\"\" class=\"wp-image-16110\" srcset=\"https:\/\/goerdeler.lspb.de\/wordpress\/wp-content\/uploads\/csm_logo-ahorn-sportpark__-1024x341.jpg 1024w, https:\/\/goerdeler.lspb.de\/wordpress\/wp-content\/uploads\/csm_logo-ahorn-sportpark__-300x100.jpg 300w, https:\/\/goerdeler.lspb.de\/wordpress\/wp-content\/uploads\/csm_logo-ahorn-sportpark__-768x256.jpg 768w, https:\/\/goerdeler.lspb.de\/wordpress\/wp-content\/uploads\/csm_logo-ahorn-sportpark__.jpg 1273w\" sizes=\"auto, (max-width: 1024px) 100vw, 1024px\" \/><\/a><\/figure>\n\n\n\n<p>Im Rahmen dieser Zusammenarbeit sind vielf\u00e4ltige Angebote und Aktivit\u00e4ten vereinbart: Sportunterrichtseinheiten des Goerdeler-Gymnasiums, wie zum Beispiel der Leistungskurs Sport, werden regelm\u00e4\u00dfig die erstklassigen Anlagen des Ahorn-Sportparks nutzen. Durch eine Vielzahl sportlicher Aktivit\u00e4ten sollen in enger Zusammenarbeit der Kooperationspartner die Sch\u00fcler:innen des Goerdeler-Gymnasiums dazu ermutigt und unterst\u00fctzt werden, ein lebenslanges Interesse am Sport zu entwickeln und zu pflegen.<\/p>\n\n\n\n<p>So bietet die Kooperation eine Plattform zur F\u00f6rderung der schulischen und sportlichen Entwicklung von Nachwuchsleistungssportlern, wobei die besonderen Herausforderungen einer Doppelbelastung von Schule und Sport ber\u00fccksichtigt werden.<br>Neben der individuellen F\u00f6rderung steht besonders die St\u00e4rkung der Klassengemeinschaft im Fokus. Ein zentrales Element hierbei ist das j\u00e4hrliche Teamtraining f\u00fcr die F\u00fcnftkl\u00e4sslerinnen und F\u00fcnftkl\u00e4ssler. Diese Initiative tr\u00e4gt dazu bei, dass die Sch\u00fcler:innen sich im ersten Jahr in ihrer neuen Schule noch besser eingew\u00f6hnen k\u00f6nnen.<\/p>\n\n\n\n<p>Gemeinsam mit dem Ahorn-Sportpark sind wir zuversichtlich, dass die Kooperation zu einer erfolgreichen und nachhaltigen Entwicklung des Schulsports beitr\u00e4gt.<br><br><a href=\"https:\/\/www.ahorn-sportpark.de\/\">www.ahorn-sportpark.de<\/a><\/p>\n\n\n\n<figure class=\"wp-block-image size-full\"><a href=\"https:\/\/goerdeler.lspb.de\/wordpress\/wp-content\/uploads\/2024_Koop.Ahornsportpark.jpg\"><img loading=\"lazy\" decoding=\"async\" width=\"900\" height=\"604\" src=\"https:\/\/goerdeler.lspb.de\/wordpress\/wp-content\/uploads\/2024_Koop.Ahornsportpark.jpg\" alt=\"\" class=\"wp-image-16115\" srcset=\"https:\/\/goerdeler.lspb.de\/wordpress\/wp-content\/uploads\/2024_Koop.Ahornsportpark.jpg 900w, https:\/\/goerdeler.lspb.de\/wordpress\/wp-content\/uploads\/2024_Koop.Ahornsportpark-300x201.jpg 300w, https:\/\/goerdeler.lspb.de\/wordpress\/wp-content\/uploads\/2024_Koop.Ahornsportpark-768x515.jpg 768w\" sizes=\"auto, (max-width: 900px) 100vw, 900px\" \/><\/a><\/figure>\n","protected":false},"excerpt":{"rendered":"<p>Ab dem Schuljahr 2024\/2025 setzen das Goerdeler-Gymnasium und der Ahorn-Sportpark einen bedeutenden Akzent in der F\u00f6rderung der sportlichen und pers\u00f6nlichen Entwicklung der Sch\u00fcler:innen. Die unmittelbare N\u00e4he der Schule zum Ahorn-Sportpark bietet ideale Voraussetzungen f\u00fcr diese Kooperation, die bereits jetzt den Sportunterricht bereichert. Im Rahmen dieser Zusammenarbeit sind vielf\u00e4ltige Angebote und Aktivit\u00e4ten vereinbart: Sportunterrichtseinheiten des Goerdeler-Gymnasiums, [&hellip;]<\/p>\n","protected":false},"author":14,"featured_media":0,"parent":0,"menu_order":0,"comment_status":"closed","ping_status":"closed","template":"","meta":{"_themeisle_gutenberg_block_has_review":false,"_mc_calendar":[],"footnotes":""},"class_list":["post-16106","page","type-page","status-publish","hentry"],"_links":{"self":[{"href":"https:\/\/goerdeler.lspb.de\/wordpress\/wp-json\/wp\/v2\/pages\/16106","targetHints":{"allow":["GET"]}}],"collection":[{"href":"https:\/\/goerdeler.lspb.de\/wordpress\/wp-json\/wp\/v2\/pages"}],"about":[{"href":"https:\/\/goerdeler.lspb.de\/wordpress\/wp-json\/wp\/v2\/types\/page"}],"author":[{"embeddable":true,"href":"https:\/\/goerdeler.lspb.de\/wordpress\/wp-json\/wp\/v2\/users\/14"}],"replies":[{"embeddable":true,"href":"https:\/\/goerdeler.lspb.de\/wordpress\/wp-json\/wp\/v2\/comments?post=16106"}],"version-history":[{"count":4,"href":"https:\/\/goerdeler.lspb.de\/wordpress\/wp-json\/wp\/v2\/pages\/16106\/revisions"}],"predecessor-version":[{"id":16116,"href":"https:\/\/goerdeler.lspb.de\/wordpress\/wp-json\/wp\/v2\/pages\/16106\/revisions\/16116"}],"wp:attachment":[{"href":"https:\/\/goerdeler.lspb.de\/wordpress\/wp-json\/wp\/v2\/media?parent=16106"}],"curies":[{"name":"wp","href":"https:\/\/api.w.org\/{rel}","templated":true}]}}