{"id":16247,"date":"2024-09-07T19:11:03","date_gmt":"2024-09-07T17:11:03","guid":{"rendered":"https:\/\/goerdeler.lspb.de\/wordpress\/?page_id=16247"},"modified":"2024-10-07T18:05:51","modified_gmt":"2024-10-07T16:05:51","slug":"jugend-praesentiert","status":"publish","type":"page","link":"https:\/\/goerdeler.lspb.de\/wordpress\/jugend-praesentiert\/","title":{"rendered":"Jugend pr\u00e4sentiert"},"content":{"rendered":"\n<p>Der Bundeswettbewerb \u201eJugend pr\u00e4sentiert\u201c bietet allen Sch\u00fclerinnen und Sch\u00fclern des Goerdeler-Gymnasiums die M\u00f6glichkeit, ihre Pr\u00e4sentationsf\u00e4higkeiten unter Beweis zu stellen und dabei zu lernen, wie man komplexe Themen anschaulich und verst\u00e4ndlich vermittelt. In diesem Wettbewerb geht es darum, Antworten auf naturwissenschaftlich relevante Fragestellungen auf anschauliche und fesselnde Weise zu pr\u00e4sentieren.<\/p>\n\n\n\n<p>Die Teilnahme am Wettbewerb er\u00f6ffnet nicht nur die Chance, wertvolle R\u00fcckmeldungen von Expert:innen zu erhalten, sondern auch tolle Preise zu gewinnen, wie z.B. die Teilnahme an Pr\u00e4sentationstrainings und eine Reise zum Bundesfinale nach Berlin. Wer sich erfolgreich auf der Schul- und Landesebene behauptet, hat die M\u00f6glichkeit, sich mit den besten Pr\u00e4sentierenden aus ganz Deutschland zu messen.<\/p>\n\n\n\n<p>Um sicher vorbereitet in den Wettbewerb zu gehen, bieten wir als Jugend-pr\u00e4sentiert-Schule den Sch\u00fclerinnen und Sch\u00fcler intensive Unterst\u00fctzung an, z.B. in der Jugend-pr\u00e4sentiert-AG oder im Wahlpflichtfach \u201eNachhaltig pr\u00e4sentieren \u2013 umweltbewusst handeln\u201c. Hier erlernen und verfeinern die Teilnehmenden Pr\u00e4sentationstechniken, arbeiten Schritt f\u00fcr Schritt an ihrer Pr\u00e4sentation und bereiten sich so optimal auf die Wettbewerbsbedingungen vor.<br><br>Weiterf\u00fchrende Informationen gibt es <a href=\"https:\/\/jugend-praesentiert.de\/sch%C3%BClerinnen\/wettbewerb\/\">hier.<\/a><br><\/p>\n\n\n\n<h2 class=\"wp-block-heading\">Veranstaltungen und Ereignisse<\/h2>\n\n\n<div class=\"wp-block-themeisle-blocks-posts-grid\" id=\"wp-block-themeisle-blocks-posts-grid-e0893ce0\"><div class=\"is-list\"><div class=\"o-posts-grid-post-blog o-posts-grid-post-plain\"><div class=\"o-posts-grid-post\"><div class=\"o-posts-grid-post-image\"><a href=\"https:\/\/goerdeler.lspb.de\/wordpress\/sieben-auf-einen-streich-einzug-in-das-laenderfinale-von-jugend-praesentiert\/\"><img loading=\"lazy\" decoding=\"async\" width=\"900\" height=\"600\" src=\"https:\/\/goerdeler.lspb.de\/wordpress\/wp-content\/uploads\/2026-03-18_JP_2026_Landesfinale_HP.jpg\" class=\"attachment-full size-full\" alt=\"Sieben auf einen Streich: Einzug in das L\u00e4nderfinale von Jugend pr\u00e4sentiert\" srcset=\"https:\/\/goerdeler.lspb.de\/wordpress\/wp-content\/uploads\/2026-03-18_JP_2026_Landesfinale_HP.jpg 900w, https:\/\/goerdeler.lspb.de\/wordpress\/wp-content\/uploads\/2026-03-18_JP_2026_Landesfinale_HP-300x200.jpg 300w, https:\/\/goerdeler.lspb.de\/wordpress\/wp-content\/uploads\/2026-03-18_JP_2026_Landesfinale_HP-768x512.jpg 768w\" sizes=\"(max-width: 900px) 100vw, 900px\" \/><\/a><\/div><div class=\"o-posts-grid-post-body\"><h4 class=\"o-posts-grid-post-title\"><a href=\"https:\/\/goerdeler.lspb.de\/wordpress\/sieben-auf-einen-streich-einzug-in-das-laenderfinale-von-jugend-praesentiert\/\">Sieben auf einen Streich: Einzug in das L\u00e4nderfinale von Jugend pr\u00e4sentiert<\/a><\/h4><div class=\"o-posts-grid-post-description\"><p>Mit spannenden naturwissenschaftlichen Pr\u00e4sentationen \u00fcberzeugten sieben Sch\u00fclerinnen und Sch\u00fcler au\u2026<\/p><\/div><\/div><\/div><\/div><div class=\"o-posts-grid-post-blog o-posts-grid-post-plain\"><div class=\"o-posts-grid-post\"><div class=\"o-posts-grid-post-image\"><a href=\"https:\/\/goerdeler.lspb.de\/wordpress\/bundestreffen-der-jugend-praesentiert-schulen\/\"><img loading=\"lazy\" decoding=\"async\" width=\"900\" height=\"600\" src=\"https:\/\/goerdeler.lspb.de\/wordpress\/wp-content\/uploads\/2025-11-28_Bundestreffen_JP.jpeg\" class=\"attachment-full size-full\" alt=\"Bundestreffen der Jugend pr\u00e4sentiert-Schulen\" srcset=\"https:\/\/goerdeler.lspb.de\/wordpress\/wp-content\/uploads\/2025-11-28_Bundestreffen_JP.jpeg 900w, https:\/\/goerdeler.lspb.de\/wordpress\/wp-content\/uploads\/2025-11-28_Bundestreffen_JP-300x200.jpeg 300w, https:\/\/goerdeler.lspb.de\/wordpress\/wp-content\/uploads\/2025-11-28_Bundestreffen_JP-768x512.jpeg 768w\" sizes=\"(max-width: 900px) 100vw, 900px\" \/><\/a><\/div><div class=\"o-posts-grid-post-body\"><h4 class=\"o-posts-grid-post-title\"><a href=\"https:\/\/goerdeler.lspb.de\/wordpress\/bundestreffen-der-jugend-praesentiert-schulen\/\">Bundestreffen der Jugend pr\u00e4sentiert-Schulen<\/a><\/h4><div class=\"o-posts-grid-post-description\"><p>In Berlin fand am 18. und 19. November 2025 erstmals das Bundestreffen f\u00fcr Multiplikator*innen und S\u2026<\/p><\/div><\/div><\/div><\/div><div class=\"o-posts-grid-post-blog o-posts-grid-post-plain\"><div class=\"o-posts-grid-post\"><div class=\"o-posts-grid-post-image\"><a href=\"https:\/\/goerdeler.lspb.de\/wordpress\/wir-fahren-nach-berlin-dreifacher-einzug-in-das-bundesfinale-von-jugend-praesentiert\/\"><img loading=\"lazy\" decoding=\"async\" width=\"2560\" height=\"1920\" src=\"https:\/\/goerdeler.lspb.de\/wordpress\/wp-content\/uploads\/2025-04-04_JP_Bundesfinale-scaled.jpg\" class=\"attachment-full size-full\" alt=\"Wir fahren nach Berlin! \u2013 Dreifacher Einzug in das Bundesfinale von \u201eJugend pr\u00e4sentiert\u201c\" srcset=\"https:\/\/goerdeler.lspb.de\/wordpress\/wp-content\/uploads\/2025-04-04_JP_Bundesfinale-scaled.jpg 2560w, https:\/\/goerdeler.lspb.de\/wordpress\/wp-content\/uploads\/2025-04-04_JP_Bundesfinale-300x225.jpg 300w, https:\/\/goerdeler.lspb.de\/wordpress\/wp-content\/uploads\/2025-04-04_JP_Bundesfinale-1024x768.jpg 1024w, https:\/\/goerdeler.lspb.de\/wordpress\/wp-content\/uploads\/2025-04-04_JP_Bundesfinale-768x576.jpg 768w, https:\/\/goerdeler.lspb.de\/wordpress\/wp-content\/uploads\/2025-04-04_JP_Bundesfinale-1536x1152.jpg 1536w, https:\/\/goerdeler.lspb.de\/wordpress\/wp-content\/uploads\/2025-04-04_JP_Bundesfinale-2048x1536.jpg 2048w, https:\/\/goerdeler.lspb.de\/wordpress\/wp-content\/uploads\/2025-04-04_JP_Bundesfinale-585x440.jpg 585w, https:\/\/goerdeler.lspb.de\/wordpress\/wp-content\/uploads\/2025-04-04_JP_Bundesfinale-230x172.jpg 230w\" sizes=\"(max-width: 2560px) 100vw, 2560px\" \/><\/a><\/div><div class=\"o-posts-grid-post-body\"><h4 class=\"o-posts-grid-post-title\"><a href=\"https:\/\/goerdeler.lspb.de\/wordpress\/wir-fahren-nach-berlin-dreifacher-einzug-in-das-bundesfinale-von-jugend-praesentiert\/\">Wir fahren nach Berlin! \u2013 Dreifacher Einzug in das Bundesfinale von \u201eJugend pr\u00e4sentiert\u201c<\/a><\/h4><div class=\"o-posts-grid-post-description\"><p>Mit ihren Pr\u00e4sentationen zu den Themen \u201eK\u00f6nnen B\u00e4rtierchen wirklich alles \u00fcberleben?\u201c, \u201eSind Insekte\u2026<\/p><\/div><\/div><\/div><\/div><div class=\"o-posts-grid-post-blog o-posts-grid-post-plain\"><div class=\"o-posts-grid-post\"><div class=\"o-posts-grid-post-image\"><a href=\"https:\/\/goerdeler.lspb.de\/wordpress\/acht-schuelerinnen-im-landesfinale-von-jugend-praesentiert\/\"><img loading=\"lazy\" decoding=\"async\" width=\"900\" height=\"600\" src=\"https:\/\/goerdeler.lspb.de\/wordpress\/wp-content\/uploads\/2024-03-10_Goerdeler_Landesfinale25_HP.jpg\" class=\"attachment-full size-full\" alt=\"Jugend pr\u00e4sentiert: Acht Sch\u00fcler:innen qualifiziert f\u00fcr Landesfinale\" srcset=\"https:\/\/goerdeler.lspb.de\/wordpress\/wp-content\/uploads\/2024-03-10_Goerdeler_Landesfinale25_HP.jpg 900w, https:\/\/goerdeler.lspb.de\/wordpress\/wp-content\/uploads\/2024-03-10_Goerdeler_Landesfinale25_HP-300x200.jpg 300w, https:\/\/goerdeler.lspb.de\/wordpress\/wp-content\/uploads\/2024-03-10_Goerdeler_Landesfinale25_HP-768x512.jpg 768w\" sizes=\"(max-width: 900px) 100vw, 900px\" \/><\/a><\/div><div class=\"o-posts-grid-post-body\"><h4 class=\"o-posts-grid-post-title\"><a href=\"https:\/\/goerdeler.lspb.de\/wordpress\/acht-schuelerinnen-im-landesfinale-von-jugend-praesentiert\/\">Jugend pr\u00e4sentiert: Acht Sch\u00fcler:innen qualifiziert f\u00fcr Landesfinale<\/a><\/h4><div class=\"o-posts-grid-post-description\"><p>Mit spannenden naturwissenschaftlichen Pr\u00e4sentationen \u00fcberzeugten acht Sch\u00fclerinnen und Sch\u00fcler aus \u2026<\/p><\/div><\/div><\/div><\/div><div class=\"o-posts-grid-post-blog o-posts-grid-post-plain\"><div class=\"o-posts-grid-post\"><div class=\"o-posts-grid-post-image\"><a href=\"https:\/\/goerdeler.lspb.de\/wordpress\/jugend-praesentiert-vierfacher-einzug-in-das-landesfinale\/\"><img loading=\"lazy\" decoding=\"async\" width=\"900\" height=\"597\" src=\"https:\/\/goerdeler.lspb.de\/wordpress\/wp-content\/uploads\/2024-03-06_Goerdeler_Landesfinale24_Jp_1.jpg\" class=\"attachment-full size-full\" alt=\"Jugend pr\u00e4sentiert: Vierfacher Einzug in das Landesfinale\" srcset=\"https:\/\/goerdeler.lspb.de\/wordpress\/wp-content\/uploads\/2024-03-06_Goerdeler_Landesfinale24_Jp_1.jpg 900w, https:\/\/goerdeler.lspb.de\/wordpress\/wp-content\/uploads\/2024-03-06_Goerdeler_Landesfinale24_Jp_1-300x199.jpg 300w, https:\/\/goerdeler.lspb.de\/wordpress\/wp-content\/uploads\/2024-03-06_Goerdeler_Landesfinale24_Jp_1-768x509.jpg 768w\" sizes=\"(max-width: 900px) 100vw, 900px\" \/><\/a><\/div><div class=\"o-posts-grid-post-body\"><h4 class=\"o-posts-grid-post-title\"><a href=\"https:\/\/goerdeler.lspb.de\/wordpress\/jugend-praesentiert-vierfacher-einzug-in-das-landesfinale\/\">Jugend pr\u00e4sentiert: Vierfacher Einzug in das Landesfinale<\/a><\/h4><div class=\"o-posts-grid-post-description\"><p>Mit vier naturwissenschaftlichen Pr\u00e4sentationen rund um das Thema Nachhaltigkeit \u00fcberzeugten Jonna K\u2026<\/p><\/div><\/div><\/div><\/div><div class=\"o-posts-grid-post-blog o-posts-grid-post-plain\"><div class=\"o-posts-grid-post\"><div class=\"o-posts-grid-post-image\"><a href=\"https:\/\/goerdeler.lspb.de\/wordpress\/celina-und-maxim-erreichen-das-bundesfinale-von-jugend-praesentiert\/\"><img loading=\"lazy\" decoding=\"async\" width=\"900\" height=\"600\" src=\"https:\/\/goerdeler.lspb.de\/wordpress\/wp-content\/uploads\/2023_03_21_Jugendpraesentiert_Goerdeler_Bundesfinale_HP.jpg\" class=\"attachment-full size-full\" alt=\"Celina und Maxim erreichen das Bundesfinale von \u201eJugend pr\u00e4sentiert\u201c\" srcset=\"https:\/\/goerdeler.lspb.de\/wordpress\/wp-content\/uploads\/2023_03_21_Jugendpraesentiert_Goerdeler_Bundesfinale_HP.jpg 900w, https:\/\/goerdeler.lspb.de\/wordpress\/wp-content\/uploads\/2023_03_21_Jugendpraesentiert_Goerdeler_Bundesfinale_HP-300x200.jpg 300w, https:\/\/goerdeler.lspb.de\/wordpress\/wp-content\/uploads\/2023_03_21_Jugendpraesentiert_Goerdeler_Bundesfinale_HP-768x512.jpg 768w\" sizes=\"(max-width: 900px) 100vw, 900px\" \/><\/a><\/div><div class=\"o-posts-grid-post-body\"><h4 class=\"o-posts-grid-post-title\"><a href=\"https:\/\/goerdeler.lspb.de\/wordpress\/celina-und-maxim-erreichen-das-bundesfinale-von-jugend-praesentiert\/\">Celina und Maxim erreichen das Bundesfinale von \u201eJugend pr\u00e4sentiert\u201c<\/a><\/h4><div class=\"o-posts-grid-post-description\"><p>Mit ihrer Pr\u00e4sentation zum Thema &#8222;Sind Erinnerungen verf\u00e4lschbar?&#8220; bewiesen Celina Krait\u2026<\/p><\/div><\/div><\/div><\/div><\/div> <\/div>\n\n\n<p><\/p>\n","protected":false},"excerpt":{"rendered":"<p>Der Bundeswettbewerb \u201eJugend pr\u00e4sentiert\u201c bietet allen Sch\u00fclerinnen und Sch\u00fclern des Goerdeler-Gymnasiums die M\u00f6glichkeit, ihre Pr\u00e4sentationsf\u00e4higkeiten unter Beweis zu stellen und dabei zu lernen, wie man komplexe Themen anschaulich und verst\u00e4ndlich vermittelt. In diesem Wettbewerb geht es darum, Antworten auf naturwissenschaftlich relevante Fragestellungen auf anschauliche und fesselnde Weise zu pr\u00e4sentieren. Die Teilnahme am Wettbewerb er\u00f6ffnet nicht [&hellip;]<\/p>\n","protected":false},"author":14,"featured_media":0,"parent":0,"menu_order":0,"comment_status":"closed","ping_status":"closed","template":"","meta":{"_themeisle_gutenberg_block_has_review":false,"_mc_calendar":[],"footnotes":""},"class_list":["post-16247","page","type-page","status-publish","hentry"],"_links":{"self":[{"href":"https:\/\/goerdeler.lspb.de\/wordpress\/wp-json\/wp\/v2\/pages\/16247","targetHints":{"allow":["GET"]}}],"collection":[{"href":"https:\/\/goerdeler.lspb.de\/wordpress\/wp-json\/wp\/v2\/pages"}],"about":[{"href":"https:\/\/goerdeler.lspb.de\/wordpress\/wp-json\/wp\/v2\/types\/page"}],"author":[{"embeddable":true,"href":"https:\/\/goerdeler.lspb.de\/wordpress\/wp-json\/wp\/v2\/users\/14"}],"replies":[{"embeddable":true,"href":"https:\/\/goerdeler.lspb.de\/wordpress\/wp-json\/wp\/v2\/comments?post=16247"}],"version-history":[{"count":5,"href":"https:\/\/goerdeler.lspb.de\/wordpress\/wp-json\/wp\/v2\/pages\/16247\/revisions"}],"predecessor-version":[{"id":16498,"href":"https:\/\/goerdeler.lspb.de\/wordpress\/wp-json\/wp\/v2\/pages\/16247\/revisions\/16498"}],"wp:attachment":[{"href":"https:\/\/goerdeler.lspb.de\/wordpress\/wp-json\/wp\/v2\/media?parent=16247"}],"curies":[{"name":"wp","href":"https:\/\/api.w.org\/{rel}","templated":true}]}}