{"id":16333,"date":"2024-09-16T13:58:18","date_gmt":"2024-09-16T11:58:18","guid":{"rendered":"https:\/\/goerdeler.lspb.de\/wordpress\/?page_id=16333"},"modified":"2025-09-23T18:21:24","modified_gmt":"2025-09-23T16:21:24","slug":"schuelerinnengenossenschaft","status":"publish","type":"page","link":"https:\/\/goerdeler.lspb.de\/wordpress\/schuelerinnengenossenschaft\/","title":{"rendered":"Sch\u00fcler:innengenossenschaft FHG"},"content":{"rendered":"\n<p><\/p>\n\n\n<div class=\"wp-block-image\">\n<figure class=\"aligncenter size-medium\"><a href=\"https:\/\/goerdeler.lspb.de\/wordpress\/wp-content\/uploads\/FHG-Logo-gross-2.png\"><img loading=\"lazy\" decoding=\"async\" width=\"300\" height=\"191\" src=\"https:\/\/goerdeler.lspb.de\/wordpress\/wp-content\/uploads\/FHG-Logo-gross-2-300x191.png\" alt=\"\" class=\"wp-image-18209\" srcset=\"https:\/\/goerdeler.lspb.de\/wordpress\/wp-content\/uploads\/FHG-Logo-gross-2-300x191.png 300w, https:\/\/goerdeler.lspb.de\/wordpress\/wp-content\/uploads\/FHG-Logo-gross-2-768x490.png 768w, https:\/\/goerdeler.lspb.de\/wordpress\/wp-content\/uploads\/FHG-Logo-gross-2.png 792w\" sizes=\"auto, (max-width: 300px) 100vw, 300px\" \/><\/a><\/figure>\n<\/div>\n\n\n<p><br><br>Die Sch\u00fcler:innengenossenschaft \u201eFairer Handel Goerdeler\u201c (FHG) entstand aus der Fairtrade-AG, die seit Februar 2024 am Goerdeler-Gymnasium aktiv ist. Seit \u00fcber einem Jahr wird regelm\u00e4\u00dfig ein Verkaufsstand mit fair gehandelten Produkten angeboten, der gut angenommen wird. Zus\u00e4tzlich wird der Stand an besonderen Schulveranstaltungen betrieben, um auch Eltern und Besucher:innen zu erreichen.<br>Zuk\u00fcnftig wird das Sortiment um faire Schulkleidung und Schulmaterialien erweitert.<br><\/p>\n\n\n\n<figure class=\"wp-block-gallery has-nested-images columns-default is-cropped wp-block-gallery-1 is-layout-flex wp-block-gallery-is-layout-flex\">\n<figure class=\"wp-block-image size-large\"><a href=\"https:\/\/goerdeler.lspb.de\/wordpress\/wp-content\/uploads\/2025-07-07_FHG_04.jpg\"><img loading=\"lazy\" decoding=\"async\" width=\"900\" height=\"675\" data-id=\"17890\" src=\"https:\/\/goerdeler.lspb.de\/wordpress\/wp-content\/uploads\/2025-07-07_FHG_04.jpg\" alt=\"\" class=\"wp-image-17890\" srcset=\"https:\/\/goerdeler.lspb.de\/wordpress\/wp-content\/uploads\/2025-07-07_FHG_04.jpg 900w, https:\/\/goerdeler.lspb.de\/wordpress\/wp-content\/uploads\/2025-07-07_FHG_04-300x225.jpg 300w, https:\/\/goerdeler.lspb.de\/wordpress\/wp-content\/uploads\/2025-07-07_FHG_04-768x576.jpg 768w, https:\/\/goerdeler.lspb.de\/wordpress\/wp-content\/uploads\/2025-07-07_FHG_04-585x440.jpg 585w, https:\/\/goerdeler.lspb.de\/wordpress\/wp-content\/uploads\/2025-07-07_FHG_04-230x172.jpg 230w\" sizes=\"auto, (max-width: 900px) 100vw, 900px\" \/><\/a><\/figure>\n\n\n\n<figure class=\"wp-block-image size-large\"><a href=\"https:\/\/goerdeler.lspb.de\/wordpress\/wp-content\/uploads\/2025-07-07_FHG_02.jpg\"><img loading=\"lazy\" decoding=\"async\" width=\"900\" height=\"675\" data-id=\"17891\" src=\"https:\/\/goerdeler.lspb.de\/wordpress\/wp-content\/uploads\/2025-07-07_FHG_02.jpg\" alt=\"\" class=\"wp-image-17891\" srcset=\"https:\/\/goerdeler.lspb.de\/wordpress\/wp-content\/uploads\/2025-07-07_FHG_02.jpg 900w, https:\/\/goerdeler.lspb.de\/wordpress\/wp-content\/uploads\/2025-07-07_FHG_02-300x225.jpg 300w, https:\/\/goerdeler.lspb.de\/wordpress\/wp-content\/uploads\/2025-07-07_FHG_02-768x576.jpg 768w, https:\/\/goerdeler.lspb.de\/wordpress\/wp-content\/uploads\/2025-07-07_FHG_02-585x440.jpg 585w, https:\/\/goerdeler.lspb.de\/wordpress\/wp-content\/uploads\/2025-07-07_FHG_02-230x172.jpg 230w\" sizes=\"auto, (max-width: 900px) 100vw, 900px\" \/><\/a><\/figure>\n<\/figure>\n\n\n\n<p><\/p>\n\n\n\n<p><\/p>\n\n\n\n<p><br>Jede:r ab Klasse 7 kann Teil der Sch\u00fcler:innengenossenschaft werden. Egal ob als Mitarbeitende:r in einer der Abteilungen, oder als echtes Genossenschaftsmitglied.<br>Alle wichtigen Informationen dazu k\u00f6nnen in folgenden Dokumenten nachgelesen werden:<\/p>\n\n\n\n<ul class=\"wp-block-list\">\n<li><a href=\"https:\/\/goerdeler.lspb.de\/wordpress\/wp-content\/uploads\/Satzung_final.pdf\">Satzung<\/a><\/li>\n\n\n\n<li><a href=\"https:\/\/goerdeler.lspb.de\/wordpress\/wp-content\/uploads\/2025_07_02_Beitrittserklaerung.pdf\">Beitrittserkl\u00e4rung<\/a><\/li>\n\n\n\n<li><a href=\"https:\/\/goerdeler.lspb.de\/wordpress\/wp-content\/uploads\/einverstaendnis_gruendungsversammlung.pdf\">Einverst\u00e4ndniserkl\u00e4rung der Erziehungsberechtigten<\/a><\/li>\n\n\n\n<li><a href=\"https:\/\/goerdeler.lspb.de\/wordpress\/wp-content\/uploads\/2025_09_05_FHG_Flyer_Elternabend.pdf\">Infoflyer<\/a><\/li>\n<\/ul>\n\n\n<div class=\"wp-block-image\">\n<figure class=\"aligncenter size-large\"><a href=\"https:\/\/goerdeler.lspb.de\/wordpress\/wp-content\/uploads\/Stellenanzeige.jpg\"><img loading=\"lazy\" decoding=\"async\" width=\"721\" height=\"1024\" src=\"https:\/\/goerdeler.lspb.de\/wordpress\/wp-content\/uploads\/Stellenanzeige-721x1024.jpg\" alt=\"\" class=\"wp-image-18204\" srcset=\"https:\/\/goerdeler.lspb.de\/wordpress\/wp-content\/uploads\/Stellenanzeige-721x1024.jpg 721w, https:\/\/goerdeler.lspb.de\/wordpress\/wp-content\/uploads\/Stellenanzeige-211x300.jpg 211w, https:\/\/goerdeler.lspb.de\/wordpress\/wp-content\/uploads\/Stellenanzeige.jpg 746w\" sizes=\"auto, (max-width: 721px) 100vw, 721px\" \/><\/a><\/figure>\n<\/div>","protected":false},"excerpt":{"rendered":"<p>Die Sch\u00fcler:innengenossenschaft \u201eFairer Handel Goerdeler\u201c (FHG) entstand aus der Fairtrade-AG, die seit Februar 2024 am Goerdeler-Gymnasium aktiv ist. Seit \u00fcber einem Jahr wird regelm\u00e4\u00dfig ein Verkaufsstand mit fair gehandelten Produkten angeboten, der gut angenommen wird. Zus\u00e4tzlich wird der Stand an besonderen Schulveranstaltungen betrieben, um auch Eltern und Besucher:innen zu erreichen.Zuk\u00fcnftig wird das Sortiment um faire [&hellip;]<\/p>\n","protected":false},"author":14,"featured_media":0,"parent":0,"menu_order":0,"comment_status":"closed","ping_status":"closed","template":"","meta":{"_themeisle_gutenberg_block_has_review":false,"_mc_calendar":[],"footnotes":""},"class_list":["post-16333","page","type-page","status-publish","hentry"],"_links":{"self":[{"href":"https:\/\/goerdeler.lspb.de\/wordpress\/wp-json\/wp\/v2\/pages\/16333","targetHints":{"allow":["GET"]}}],"collection":[{"href":"https:\/\/goerdeler.lspb.de\/wordpress\/wp-json\/wp\/v2\/pages"}],"about":[{"href":"https:\/\/goerdeler.lspb.de\/wordpress\/wp-json\/wp\/v2\/types\/page"}],"author":[{"embeddable":true,"href":"https:\/\/goerdeler.lspb.de\/wordpress\/wp-json\/wp\/v2\/users\/14"}],"replies":[{"embeddable":true,"href":"https:\/\/goerdeler.lspb.de\/wordpress\/wp-json\/wp\/v2\/comments?post=16333"}],"version-history":[{"count":23,"href":"https:\/\/goerdeler.lspb.de\/wordpress\/wp-json\/wp\/v2\/pages\/16333\/revisions"}],"predecessor-version":[{"id":18242,"href":"https:\/\/goerdeler.lspb.de\/wordpress\/wp-json\/wp\/v2\/pages\/16333\/revisions\/18242"}],"wp:attachment":[{"href":"https:\/\/goerdeler.lspb.de\/wordpress\/wp-json\/wp\/v2\/media?parent=16333"}],"curies":[{"name":"wp","href":"https:\/\/api.w.org\/{rel}","templated":true}]}}