{"id":17730,"date":"2025-06-30T16:25:46","date_gmt":"2025-06-30T14:25:46","guid":{"rendered":"https:\/\/goerdeler.lspb.de\/wordpress\/?page_id=17730"},"modified":"2026-02-02T11:56:06","modified_gmt":"2026-02-02T10:56:06","slug":"podcasts","status":"publish","type":"page","link":"https:\/\/goerdeler.lspb.de\/wordpress\/podcasts\/","title":{"rendered":"Der Goerdeler-Podcast"},"content":{"rendered":"\n<div class=\"wp-block-columns is-layout-flex wp-container-core-columns-is-layout-9d6595d7 wp-block-columns-is-layout-flex\">\n<div class=\"wp-block-column is-layout-flow wp-block-column-is-layout-flow\" style=\"flex-basis:66.66%\">\n<p>Das Goerdeler-Gymnasium ist seit Anfang 2025 mit einem professionell eingerichteten Podcastraum ausgestattet. Das Studio verf\u00fcgt \u00fcber hochwertige Mikrophone und eine professionelle Hard- und Softwareausstattung. F\u00fcr den mobilen Einsatz stehen ebenfalls Mikrophone zur Verf\u00fcgung. Mit dem Aufbau des Raums wurde auch eine Podcast-AG ins Leben gerufen, die seither mit dem hauseigenen Goerdeler-Podcast \u00fcber alles Wissenswerte berichtet.<\/p>\n\n\n\n<p>Wenn ihr, liebe Sch\u00fcler:innen, an einer Mitarbeit in der Podcast-AG interessiert seid, den Goerdeler-Podcast mitproduzieren und euer technisches Verst\u00e4ndnis hinsichtlich professioneller Audioaufnahmen erweitern wollt, meldet euch gerne bei <a href=\"mailto:dwahl1@lspb.de\">Herrn Wahl<\/a> und werdet Teil unseres Produktionsteams.&nbsp;<\/p>\n<\/div>\n\n\n\n<div class=\"wp-block-column is-layout-flow wp-block-column-is-layout-flow\" style=\"flex-basis:33.33%\">\n<figure class=\"wp-block-image size-large\"><a href=\"https:\/\/goerdeler.lspb.de\/wordpress\/wp-content\/uploads\/GGP-One-World-Map-scaled.png\"><img loading=\"lazy\" decoding=\"async\" width=\"1005\" height=\"1024\" src=\"https:\/\/goerdeler.lspb.de\/wordpress\/wp-content\/uploads\/GGP-One-World-Map-1005x1024.png\" alt=\"\" class=\"wp-image-18904\" srcset=\"https:\/\/goerdeler.lspb.de\/wordpress\/wp-content\/uploads\/GGP-One-World-Map-1005x1024.png 1005w, https:\/\/goerdeler.lspb.de\/wordpress\/wp-content\/uploads\/GGP-One-World-Map-294x300.png 294w, https:\/\/goerdeler.lspb.de\/wordpress\/wp-content\/uploads\/GGP-One-World-Map-768x783.png 768w, https:\/\/goerdeler.lspb.de\/wordpress\/wp-content\/uploads\/GGP-One-World-Map-1507x1536.png 1507w, https:\/\/goerdeler.lspb.de\/wordpress\/wp-content\/uploads\/GGP-One-World-Map-2010x2048.png 2010w\" sizes=\"auto, (max-width: 1005px) 100vw, 1005px\" \/><\/a><\/figure>\n<\/div>\n<\/div>\n\n\n\n<p>Der Goerdeler Podcast erscheint an dieser Stelle in einem Abstand von vier bis sechs Wochen. Viel Spa\u00df beim Zuh\u00f6ren!<br><br><\/p>\n\n\n\n<figure class=\"wp-block-gallery has-nested-images columns-default is-cropped wp-block-gallery-1 is-layout-flex wp-block-gallery-is-layout-flex\">\n<figure class=\"wp-block-image size-large\"><a href=\"https:\/\/goerdeler.lspb.de\/wordpress\/wp-content\/uploads\/2025-04-11_Goerdeler_Podcastraum_HP.jpg\"><img loading=\"lazy\" decoding=\"async\" width=\"900\" height=\"578\" data-id=\"17406\" src=\"https:\/\/goerdeler.lspb.de\/wordpress\/wp-content\/uploads\/2025-04-11_Goerdeler_Podcastraum_HP.jpg\" alt=\"\" class=\"wp-image-17406\" srcset=\"https:\/\/goerdeler.lspb.de\/wordpress\/wp-content\/uploads\/2025-04-11_Goerdeler_Podcastraum_HP.jpg 900w, https:\/\/goerdeler.lspb.de\/wordpress\/wp-content\/uploads\/2025-04-11_Goerdeler_Podcastraum_HP-300x193.jpg 300w, https:\/\/goerdeler.lspb.de\/wordpress\/wp-content\/uploads\/2025-04-11_Goerdeler_Podcastraum_HP-768x493.jpg 768w\" sizes=\"auto, (max-width: 900px) 100vw, 900px\" \/><\/a><\/figure>\n\n\n\n<figure class=\"wp-block-image size-large\"><a href=\"https:\/\/goerdeler.lspb.de\/wordpress\/wp-content\/uploads\/P3140206-1.jpg\"><img loading=\"lazy\" decoding=\"async\" width=\"900\" height=\"675\" data-id=\"18956\" src=\"https:\/\/goerdeler.lspb.de\/wordpress\/wp-content\/uploads\/P3140206-1.jpg\" alt=\"\" class=\"wp-image-18956\" srcset=\"https:\/\/goerdeler.lspb.de\/wordpress\/wp-content\/uploads\/P3140206-1.jpg 900w, https:\/\/goerdeler.lspb.de\/wordpress\/wp-content\/uploads\/P3140206-1-300x225.jpg 300w, https:\/\/goerdeler.lspb.de\/wordpress\/wp-content\/uploads\/P3140206-1-768x576.jpg 768w, https:\/\/goerdeler.lspb.de\/wordpress\/wp-content\/uploads\/P3140206-1-585x440.jpg 585w, https:\/\/goerdeler.lspb.de\/wordpress\/wp-content\/uploads\/P3140206-1-230x172.jpg 230w\" sizes=\"auto, (max-width: 900px) 100vw, 900px\" \/><\/a><\/figure>\n\n\n\n<figure class=\"wp-block-image size-large\"><a href=\"https:\/\/goerdeler.lspb.de\/wordpress\/wp-content\/uploads\/2025-05-20_Pamplona_3.jpg\"><img loading=\"lazy\" decoding=\"async\" width=\"900\" height=\"675\" data-id=\"17575\" src=\"https:\/\/goerdeler.lspb.de\/wordpress\/wp-content\/uploads\/2025-05-20_Pamplona_3.jpg\" alt=\"\" class=\"wp-image-17575\" srcset=\"https:\/\/goerdeler.lspb.de\/wordpress\/wp-content\/uploads\/2025-05-20_Pamplona_3.jpg 900w, https:\/\/goerdeler.lspb.de\/wordpress\/wp-content\/uploads\/2025-05-20_Pamplona_3-300x225.jpg 300w, https:\/\/goerdeler.lspb.de\/wordpress\/wp-content\/uploads\/2025-05-20_Pamplona_3-768x576.jpg 768w, https:\/\/goerdeler.lspb.de\/wordpress\/wp-content\/uploads\/2025-05-20_Pamplona_3-585x440.jpg 585w, https:\/\/goerdeler.lspb.de\/wordpress\/wp-content\/uploads\/2025-05-20_Pamplona_3-230x172.jpg 230w\" sizes=\"auto, (max-width: 900px) 100vw, 900px\" \/><\/a><\/figure>\n<\/figure>\n\n\n<ul class=\"wp-block-latest-posts__list has-dates wp-block-latest-posts\"><li><div class=\"wp-block-latest-posts__featured-image\"><img loading=\"lazy\" decoding=\"async\" width=\"150\" height=\"150\" src=\"https:\/\/goerdeler.lspb.de\/wordpress\/wp-content\/uploads\/Leben-mit-Auschwitz-150x150.jpg\" class=\"attachment-thumbnail size-thumbnail wp-post-image\" alt=\"\" style=\"max-width:75px;max-height:75px;\" \/><\/div><a class=\"wp-block-latest-posts__post-title\" href=\"https:\/\/goerdeler.lspb.de\/wordpress\/autorenlesung-andrea-von-treuenfeld-liest-aus-leben-mit-auschwitz\/\">Autorenlesung: Andrea von Treuenfeld liest aus \u201eLeben mit Auschwitz\u201c<\/a><time datetime=\"2026-03-26T16:32:20+01:00\" class=\"wp-block-latest-posts__post-date\">26. M\u00e4rz 2026<\/time><div class=\"wp-block-latest-posts__post-full-content\"><!-- wp:paragraph -->\n<p>Am 26. M\u00e4rz 2026 hatten Teilnehmende des polnisch-deutschen Austauschs mit unserer Partnerschule in Przemysl die Gelegenheit, einer eindringlichen Autorenlesung von Andrea von Treuenfeld zu lauschen. Die Veranstaltung stand unter dem Zeichen der historischen Erinnerung, des individuellen Lebens in und nach dem Holocaust. Andrea von Treuenfeld war im Rahmen der Internationalen Wochen gegen Rassismus zu Gast in Paderborn.<\/p>\n<!-- \/wp:paragraph -->\n\n<!-- wp:paragraph -->\n<p><strong>Andrea von Treuenfeld<\/strong> gew\u00e4hrt in ihrem Buch <strong>\u201eLeben mit Auschwitz\u201c<\/strong> intime Einblicke in die Erfahrungen von Menschen, deren Lebenswirklichkeit durch die Deportationen und die NS-Geschichte gepr\u00e4gt wurde. Erz\u00e4hlt wurden diese Erfahrungen von der dritten Generation, das hei\u00dft die Enkelkinder berichten von den Erinnerungen und Erz\u00e4hlungen ihrer Gro\u00dfeltern, die den Holocaust \u00fcberlebt hatten. Die Lesung verband pers\u00f6nliche Erz\u00e4hlstimmen, biografische Skizzen und historischen Kontext, um ein vielschichtiges Bild der Geschichte und der biografischen Bew\u00e4ltigung zu zeichnen.<\/p>\n<!-- \/wp:paragraph -->\n\n<!-- wp:paragraph -->\n<p>Ziel ist es, die Erinnerungskultur lebendig zu halten, historische Fakten mit pers\u00f6nlichen Geschichten zu verkn\u00fcpfen und auch in der aktuellen Zeit daf\u00fcr zu sensibilisieren, sich daf\u00fcr einzusetzen, dass sich die Ereignisse nicht wiederholen.<br><br>Nach der Lesung hatten Max und Joris die Gelegenheit, im Podcast-Raum ein Interview mit Andrea von Treuenfeld zu f\u00fchren. Hier ist es zu h\u00f6ren: <br><br><\/p>\n<!-- \/wp:paragraph -->\n\n<!-- wp:audio {\"id\":19482} -->\n<figure class=\"wp-block-audio\"><audio controls src=\"https:\/\/goerdeler.lspb.de\/wordpress\/wp-content\/uploads\/Interview_Frau_von_Treuenfeld-1.mp3\"><\/audio><\/figure>\n<!-- \/wp:audio -->\n\n<!-- wp:paragraph {\"align\":\"right\"} -->\n<p class=\"has-text-align-right\"><em>Text\/Foto: Stephan Hauk<\/em><\/p>\n<!-- \/wp:paragraph -->\n\n<!-- wp:paragraph -->\n<p><\/p>\n<!-- \/wp:paragraph --><\/div><\/li>\n<li><div class=\"wp-block-latest-posts__featured-image\"><img loading=\"lazy\" decoding=\"async\" width=\"150\" height=\"150\" src=\"https:\/\/goerdeler.lspb.de\/wordpress\/wp-content\/uploads\/Podcast_Logo_Beitragsbild-150x150.jpg\" class=\"attachment-thumbnail size-thumbnail wp-post-image\" alt=\"\" style=\"max-width:75px;max-height:75px;\" \/><\/div><a class=\"wp-block-latest-posts__post-title\" href=\"https:\/\/goerdeler.lspb.de\/wordpress\/podcast-fuer-ein-praktikum-nach-norwegen-2026\/\">Podcast: F\u00fcr ein Praktikum nach Norwegen (2026)<\/a><time datetime=\"2026-02-27T09:42:36+01:00\" class=\"wp-block-latest-posts__post-date\">27. Februar 2026<\/time><div class=\"wp-block-latest-posts__post-full-content\"><!-- wp:paragraph -->\n<p>Ein Praktikum auf einer Huskyfarm in der Arktis &#8211; dieses besondere Erlebnis konnten wir, eine Gruppe von f\u00fcnf Sch\u00fclerinnen und Sch\u00fclern des Goerdeler-Gymnasiums, vom 8. bis 22. Februar 2026 bei Pirate Husky in der n\u00f6rdlichsten Region Norwegens, der Finnmark, erleben.<\/p>\n<!-- \/wp:paragraph -->\n\n<!-- wp:paragraph -->\n<p>In unserem Podcast erfahrt ihr alles \u00fcber unsere Erlebnisse in B\u00f8rselv, Hammerfest und Alta. Wir erz\u00e4hlen von unserem Praktikumsalltag, \u00fcber die besten Momente und besonderen Ereignisse. Au\u00dferdem haben wir ein Interview mit Jakob gef\u00fchrt, einem deutschen Mitarbeiter von Pirate Husky, der vor 3,5 Jahren nach Norwegen gezogen ist. In unserem Gespr\u00e4ch beantwortet er unsere Fragen zu den Vor- und Nachteilen des Lebens und Arbeitens in Nordnorwegen.<\/p>\n<!-- \/wp:paragraph -->\n\n<!-- wp:audio {\"id\":19320} -->\n<figure class=\"wp-block-audio\"><audio controls src=\"https:\/\/goerdeler.lspb.de\/wordpress\/wp-content\/uploads\/Erasmus_Norwegen_26.mp3\"><\/audio><\/figure>\n<!-- \/wp:audio --><\/div><\/li>\n<li><div class=\"wp-block-latest-posts__featured-image\"><img loading=\"lazy\" decoding=\"async\" width=\"150\" height=\"150\" src=\"https:\/\/goerdeler.lspb.de\/wordpress\/wp-content\/uploads\/Podcast_Logo_Beitragsbild-150x150.jpg\" class=\"attachment-thumbnail size-thumbnail wp-post-image\" alt=\"\" style=\"max-width:75px;max-height:75px;\" \/><\/div><a class=\"wp-block-latest-posts__post-title\" href=\"https:\/\/goerdeler.lspb.de\/wordpress\/podcast-fuer-ein-praktikum-nach-norwegen-2025\/\">Podcast: F\u00fcr ein Praktikum nach Norwegen (2025)<\/a><time datetime=\"2026-02-27T09:42:18+01:00\" class=\"wp-block-latest-posts__post-date\">27. Februar 2026<\/time><div class=\"wp-block-latest-posts__post-full-content\"><!-- wp:paragraph -->\n<p>K\u00f6nnt ihr euch vorstellen, einen Tourismusbetrieb in der Arktis aufzubauen? K\u00f6nnt ihr euch ein (Arbeits-)Leben in Nordnorwegen vorstellen zwischen Mitternachtssonne und Polarnacht?<\/p>\n<!-- \/wp:paragraph -->\n\n<!-- wp:paragraph -->\n<p>Im Januar 2025 reisten zwei Sch\u00fclerinnen aus der zehnten Klasse und drei Sch\u00fcler aus der EF mit Frau Nowak f\u00fcr ein zweiw\u00f6chiges Betriebspraktikum nach Nordnorwegen zur Firma Pirate Husky, um diesen Fragen nachzugehen. In dieser Podcastfolge teilen sie ihre Erfahrungen aus B\u00f8rselv und Hammerfest.<\/p>\n<!-- \/wp:paragraph -->\n\n<!-- wp:paragraph -->\n<p>Die Teilnehmenden berichten von der Arbeit mit Schlittenhunden in B\u00f8rselv, von Mountain-Hikes und Stadtf\u00fchrungen in Hammerfest. Sie erz\u00e4hlen vom Leben in der Finnmark bei eisigen Temperaturen w\u00e4hrend der Polarnacht zwischen Schlittentouren und Nordlichtern. Zudem reflektieren sie den Umgang Norwegens mit den Minderheiten Sami und Kven sowie die Geschichte der Region im Zweiten Weltkrieg.<\/p>\n<!-- \/wp:paragraph -->\n\n<!-- wp:paragraph -->\n<p>Auch Mitarbeitende von Pirate Husky kommen zu Wort und berichten von ihrem Arbeitsalltag und vom Aufbau eines nachhaltigen Unternehmens in Nordnorwegen.<\/p>\n<!-- \/wp:paragraph -->\n\n<!-- wp:audio {\"id\":19317} -->\n<figure class=\"wp-block-audio\"><audio controls src=\"https:\/\/goerdeler.lspb.de\/wordpress\/wp-content\/uploads\/Erasmus_Norwegen-1.mp3\"><\/audio><\/figure>\n<!-- \/wp:audio --><\/div><\/li>\n<li><div class=\"wp-block-latest-posts__featured-image\"><img loading=\"lazy\" decoding=\"async\" width=\"150\" height=\"150\" src=\"https:\/\/goerdeler.lspb.de\/wordpress\/wp-content\/uploads\/Podcast_Logo_Beitragsbild-150x150.jpg\" class=\"attachment-thumbnail size-thumbnail wp-post-image\" alt=\"\" style=\"max-width:75px;max-height:75px;\" \/><\/div><a class=\"wp-block-latest-posts__post-title\" href=\"https:\/\/goerdeler.lspb.de\/wordpress\/podcast-fake-or-real-how-ai-is-changing-the-game-ii\/\">Podcast: Fake or Real? \u2013 How AI Is Changing the Game II<\/a><time datetime=\"2026-02-27T09:40:57+01:00\" class=\"wp-block-latest-posts__post-date\">27. Februar 2026<\/time><div class=\"wp-block-latest-posts__post-full-content\"><!-- wp:paragraph -->\n<p>Was ist echt \u2013 und was manipuliert?<br>Im Podcast zum Erasmus+ Projekt \u201eFake or Real? \u2013 How AI Is Changing the Game\u201c setzen sich Sch\u00fclerinnen und Sch\u00fcler kritisch mit K\u00fcnstlicher Intelligenz, Deepfakes und Fake News auseinander.<br><br>Der Podcast wurde w\u00e4hrend der zweiten Mobilit\u00e4t in Stockholm (Schweden) aufgenommen. Das Erasmus+ Projekt umfasst mehrere internationale Begegnungen: Bisher fanden Mobilit\u00e4ten in Almer\u00eda (Spanien), Stockholm und Barroselas (Portugal) statt. Ein abschlie\u00dfendes Projekttreffen ist in Paderborn geplant.<br><br>Im Podcast diskutieren die Teilnehmenden die Risiken und Grenzen von KI, sprechen \u00fcber Manipulation durch Deepfakes \u2013 besonders im politischen Kontext \u2013 und dar\u00fcber, warum Medienkompetenz und kritisches Denken heute unverzichtbar sind. Die Sch\u00fclerinnen und Sch\u00fcler teilen zudem pers\u00f6nliche Eindr\u00fccke aus der Projektarbeit und reflektieren, wie Erasmus+ Mobilit\u00e4ten ihre Perspektive auf Technologie, Demokratie und Verantwortung ver\u00e4ndern.<br><br>\ud83c\udf99\ufe0f H\u00f6r rein \u2013 und frag dich: <em>Fake or real?<\/em><br>\ud83d\udc49 Watch out for fake news.<\/p>\n<!-- \/wp:paragraph -->\n\n<!-- wp:audio {\"id\":19314} -->\n<figure class=\"wp-block-audio\"><audio controls src=\"https:\/\/goerdeler.lspb.de\/wordpress\/wp-content\/uploads\/Podcast_Schweden_final-1.mp3\"><\/audio><\/figure>\n<!-- \/wp:audio --><\/div><\/li>\n<li><div class=\"wp-block-latest-posts__featured-image\"><img loading=\"lazy\" decoding=\"async\" width=\"150\" height=\"150\" src=\"https:\/\/goerdeler.lspb.de\/wordpress\/wp-content\/uploads\/Podcast_Logo_Beitragsbild-150x150.jpg\" class=\"attachment-thumbnail size-thumbnail wp-post-image\" alt=\"\" style=\"max-width:75px;max-height:75px;\" \/><\/div><a class=\"wp-block-latest-posts__post-title\" href=\"https:\/\/goerdeler.lspb.de\/wordpress\/podcast-fake-or-real-how-ai-is-changing-the-game-i\/\">Podcast: Fake or Real? \u2013 How AI Is Changing the Game I<\/a><time datetime=\"2026-02-27T09:40:34+01:00\" class=\"wp-block-latest-posts__post-date\">27. Februar 2026<\/time><div class=\"wp-block-latest-posts__post-full-content\"><!-- wp:paragraph -->\n<p>Was ist echt \u2013 und was manipuliert?<br>Im Podcast zum Erasmus+ Projekt \u201eFake or Real? \u2013 How AI Is Changing the Game\u201c setzen sich Sch\u00fclerinnen und Sch\u00fcler kritisch mit K\u00fcnstlicher Intelligenz, Deepfakes und Fake News auseinander.<br><br>Der Podcast wurde w\u00e4hrend der ersten Mobilit\u00e4t in Almer\u00eda (Spanien) aufgenommen. Das Erasmus+ Projekt umfasst mehrere internationale Begegnungen: Bisher fanden Mobilit\u00e4ten in Almer\u00eda und Stockholm statt, weitere Projekttreffen sind im Februar in Barroselas (Portugal) sowie abschlie\u00dfend in Paderborn geplant.<br><br>Im Podcast diskutieren die Teilnehmenden die Risiken und Grenzen von KI, sprechen \u00fcber Manipulation durch Deepfakes \u2013 besonders im politischen Kontext \u2013 und dar\u00fcber, warum Medienkompetenz und kritisches Denken heute unverzichtbar sind. Die Sch\u00fclerinnen und Sch\u00fcler teilen zudem pers\u00f6nliche Eindr\u00fccke aus der Projektarbeit und reflektieren, wie Erasmus+ Mobilit\u00e4ten ihre Perspektive auf Technologie, Demokratie und Verantwortung ver\u00e4ndern.<br><br>\ud83c\udf99\ufe0f H\u00f6r rein \u2013 und frag dich: <em>Fake or real?<\/em><br>\ud83d\udc49 Watch out for fake news.<\/p>\n<!-- \/wp:paragraph -->\n\n<!-- wp:audio {\"id\":19311} -->\n<figure class=\"wp-block-audio\"><audio controls src=\"https:\/\/goerdeler.lspb.de\/wordpress\/wp-content\/uploads\/Almeria_Fake_Real-1.mp3\"><\/audio><\/figure>\n<!-- \/wp:audio -->\n\n<!-- wp:paragraph -->\n<p><\/p>\n<!-- \/wp:paragraph --><\/div><\/li>\n<\/ul>\n\n\n<p><\/p>\n","protected":false},"excerpt":{"rendered":"<p>Das Goerdeler-Gymnasium ist seit Anfang 2025 mit einem professionell eingerichteten Podcastraum ausgestattet. Das Studio verf\u00fcgt \u00fcber hochwertige Mikrophone und eine professionelle Hard- und Softwareausstattung. F\u00fcr den mobilen Einsatz stehen ebenfalls Mikrophone zur Verf\u00fcgung. Mit dem Aufbau des Raums wurde auch eine Podcast-AG ins Leben gerufen, die seither mit dem hauseigenen Goerdeler-Podcast \u00fcber alles Wissenswerte berichtet. [&hellip;]<\/p>\n","protected":false},"author":2,"featured_media":0,"parent":0,"menu_order":0,"comment_status":"closed","ping_status":"closed","template":"","meta":{"_themeisle_gutenberg_block_has_review":false,"_mc_calendar":[],"footnotes":""},"class_list":["post-17730","page","type-page","status-publish","hentry"],"_links":{"self":[{"href":"https:\/\/goerdeler.lspb.de\/wordpress\/wp-json\/wp\/v2\/pages\/17730","targetHints":{"allow":["GET"]}}],"collection":[{"href":"https:\/\/goerdeler.lspb.de\/wordpress\/wp-json\/wp\/v2\/pages"}],"about":[{"href":"https:\/\/goerdeler.lspb.de\/wordpress\/wp-json\/wp\/v2\/types\/page"}],"author":[{"embeddable":true,"href":"https:\/\/goerdeler.lspb.de\/wordpress\/wp-json\/wp\/v2\/users\/2"}],"replies":[{"embeddable":true,"href":"https:\/\/goerdeler.lspb.de\/wordpress\/wp-json\/wp\/v2\/comments?post=17730"}],"version-history":[{"count":12,"href":"https:\/\/goerdeler.lspb.de\/wordpress\/wp-json\/wp\/v2\/pages\/17730\/revisions"}],"predecessor-version":[{"id":19067,"href":"https:\/\/goerdeler.lspb.de\/wordpress\/wp-json\/wp\/v2\/pages\/17730\/revisions\/19067"}],"wp:attachment":[{"href":"https:\/\/goerdeler.lspb.de\/wordpress\/wp-json\/wp\/v2\/media?parent=17730"}],"curies":[{"name":"wp","href":"https:\/\/api.w.org\/{rel}","templated":true}]}}