{"id":17804,"date":"2025-07-07T15:23:27","date_gmt":"2025-07-07T13:23:27","guid":{"rendered":"https:\/\/goerdeler.lspb.de\/wordpress\/?page_id=17804"},"modified":"2025-07-07T15:23:27","modified_gmt":"2025-07-07T13:23:27","slug":"praesentation-der-expertenarbeiten-2025","status":"publish","type":"page","link":"https:\/\/goerdeler.lspb.de\/wordpress\/praesentation-der-expertenarbeiten-2025\/","title":{"rendered":"Pr\u00e4sentation der Expertenarbeiten 2025"},"content":{"rendered":"\n<p>Lernprozesse anzuregen, selbstgesteuertes Lernen zu initiieren, F\u00e4higkeiten und Fertigkeiten zu st\u00e4rken und die eigenen Ergebnisse vor Publikum zu pr\u00e4sentieren sind die Leitideen des \u201eExpertenprojektes\u201c. Das im Rahmen der Individuellen F\u00f6rderung von Janine Busche und Uta Nowak geleitete Projekt wird am Goerdeler im Dreht\u00fcrmodell angeboten. Seit Februar hatten die motivierten Sch\u00fcler:innen zu einem ganz individuell gew\u00e4hlten Sachthema f\u00fcr zwei Stunde pro Woche recherchiert, Informationen ausgewertet, zusammengefasst und zu einer Expertenarbeit ausformuliert. Unterst\u00fctzt wurden sie von ihren jeweiligen Lernpaten aus der eigenen Klasse, die geholfen haben den verpassten Unterrichtsstoff nachzuholen.<\/p>\n\n\n\n<figure class=\"wp-block-gallery has-nested-images columns-default is-cropped wp-block-gallery-1 is-layout-flex wp-block-gallery-is-layout-flex\">\n<figure class=\"wp-block-image size-large\"><a href=\"https:\/\/goerdeler.lspb.de\/wordpress\/wp-content\/uploads\/2025_Expertenprojekt_2.jpeg\"><img loading=\"lazy\" decoding=\"async\" width=\"900\" height=\"675\" data-id=\"17806\" src=\"https:\/\/goerdeler.lspb.de\/wordpress\/wp-content\/uploads\/2025_Expertenprojekt_2.jpeg\" alt=\"\" class=\"wp-image-17806\" srcset=\"https:\/\/goerdeler.lspb.de\/wordpress\/wp-content\/uploads\/2025_Expertenprojekt_2.jpeg 900w, https:\/\/goerdeler.lspb.de\/wordpress\/wp-content\/uploads\/2025_Expertenprojekt_2-300x225.jpeg 300w, https:\/\/goerdeler.lspb.de\/wordpress\/wp-content\/uploads\/2025_Expertenprojekt_2-768x576.jpeg 768w, https:\/\/goerdeler.lspb.de\/wordpress\/wp-content\/uploads\/2025_Expertenprojekt_2-585x440.jpeg 585w, https:\/\/goerdeler.lspb.de\/wordpress\/wp-content\/uploads\/2025_Expertenprojekt_2-230x172.jpeg 230w\" sizes=\"auto, (max-width: 900px) 100vw, 900px\" \/><\/a><\/figure>\n\n\n\n<figure class=\"wp-block-image size-large\"><a href=\"https:\/\/goerdeler.lspb.de\/wordpress\/wp-content\/uploads\/2025_Expertenprojekt_3.jpeg\"><img loading=\"lazy\" decoding=\"async\" width=\"900\" height=\"675\" data-id=\"17807\" src=\"https:\/\/goerdeler.lspb.de\/wordpress\/wp-content\/uploads\/2025_Expertenprojekt_3.jpeg\" alt=\"\" class=\"wp-image-17807\" srcset=\"https:\/\/goerdeler.lspb.de\/wordpress\/wp-content\/uploads\/2025_Expertenprojekt_3.jpeg 900w, https:\/\/goerdeler.lspb.de\/wordpress\/wp-content\/uploads\/2025_Expertenprojekt_3-300x225.jpeg 300w, https:\/\/goerdeler.lspb.de\/wordpress\/wp-content\/uploads\/2025_Expertenprojekt_3-768x576.jpeg 768w, https:\/\/goerdeler.lspb.de\/wordpress\/wp-content\/uploads\/2025_Expertenprojekt_3-585x440.jpeg 585w, https:\/\/goerdeler.lspb.de\/wordpress\/wp-content\/uploads\/2025_Expertenprojekt_3-230x172.jpeg 230w\" sizes=\"auto, (max-width: 900px) 100vw, 900px\" \/><\/a><\/figure>\n\n\n\n<figure class=\"wp-block-image size-large\"><a href=\"https:\/\/goerdeler.lspb.de\/wordpress\/wp-content\/uploads\/2025_Expertenprojekt_4.jpeg\"><img loading=\"lazy\" decoding=\"async\" width=\"900\" height=\"675\" data-id=\"17808\" src=\"https:\/\/goerdeler.lspb.de\/wordpress\/wp-content\/uploads\/2025_Expertenprojekt_4.jpeg\" alt=\"\" class=\"wp-image-17808\" srcset=\"https:\/\/goerdeler.lspb.de\/wordpress\/wp-content\/uploads\/2025_Expertenprojekt_4.jpeg 900w, https:\/\/goerdeler.lspb.de\/wordpress\/wp-content\/uploads\/2025_Expertenprojekt_4-300x225.jpeg 300w, https:\/\/goerdeler.lspb.de\/wordpress\/wp-content\/uploads\/2025_Expertenprojekt_4-768x576.jpeg 768w, https:\/\/goerdeler.lspb.de\/wordpress\/wp-content\/uploads\/2025_Expertenprojekt_4-585x440.jpeg 585w, https:\/\/goerdeler.lspb.de\/wordpress\/wp-content\/uploads\/2025_Expertenprojekt_4-230x172.jpeg 230w\" sizes=\"auto, (max-width: 900px) 100vw, 900px\" \/><\/a><\/figure>\n\n\n\n<figure class=\"wp-block-image size-large\"><a href=\"https:\/\/goerdeler.lspb.de\/wordpress\/wp-content\/uploads\/2025_Expertenprojekt_5.jpeg\"><img loading=\"lazy\" decoding=\"async\" width=\"675\" height=\"900\" data-id=\"17809\" src=\"https:\/\/goerdeler.lspb.de\/wordpress\/wp-content\/uploads\/2025_Expertenprojekt_5.jpeg\" alt=\"\" class=\"wp-image-17809\" srcset=\"https:\/\/goerdeler.lspb.de\/wordpress\/wp-content\/uploads\/2025_Expertenprojekt_5.jpeg 675w, https:\/\/goerdeler.lspb.de\/wordpress\/wp-content\/uploads\/2025_Expertenprojekt_5-225x300.jpeg 225w\" sizes=\"auto, (max-width: 675px) 100vw, 675px\" \/><\/a><\/figure>\n\n\n\n<figure class=\"wp-block-image size-large\"><a href=\"https:\/\/goerdeler.lspb.de\/wordpress\/wp-content\/uploads\/2025_Expertenprojekt_6.jpeg\"><img loading=\"lazy\" decoding=\"async\" width=\"600\" height=\"800\" data-id=\"17810\" src=\"https:\/\/goerdeler.lspb.de\/wordpress\/wp-content\/uploads\/2025_Expertenprojekt_6.jpeg\" alt=\"\" class=\"wp-image-17810\" srcset=\"https:\/\/goerdeler.lspb.de\/wordpress\/wp-content\/uploads\/2025_Expertenprojekt_6.jpeg 600w, https:\/\/goerdeler.lspb.de\/wordpress\/wp-content\/uploads\/2025_Expertenprojekt_6-225x300.jpeg 225w\" sizes=\"auto, (max-width: 600px) 100vw, 600px\" \/><\/a><\/figure>\n\n\n\n<figure class=\"wp-block-image size-large\"><a href=\"https:\/\/goerdeler.lspb.de\/wordpress\/wp-content\/uploads\/2025_Expertenprojekt_7.jpeg\"><img loading=\"lazy\" decoding=\"async\" width=\"675\" height=\"900\" data-id=\"17811\" src=\"https:\/\/goerdeler.lspb.de\/wordpress\/wp-content\/uploads\/2025_Expertenprojekt_7.jpeg\" alt=\"\" class=\"wp-image-17811\" srcset=\"https:\/\/goerdeler.lspb.de\/wordpress\/wp-content\/uploads\/2025_Expertenprojekt_7.jpeg 675w, https:\/\/goerdeler.lspb.de\/wordpress\/wp-content\/uploads\/2025_Expertenprojekt_7-225x300.jpeg 225w\" sizes=\"auto, (max-width: 675px) 100vw, 675px\" \/><\/a><\/figure>\n<\/figure>\n\n\n\n<div style=\"height:40px\" aria-hidden=\"true\" class=\"wp-block-spacer\"><\/div>\n\n\n\n<p>Am Ende des Expertenprojekts stand am 03. Juli die feierliche Pr\u00e4sentationsveranstaltung zur Vorstellung der fertiggestellten Arbeit. Jede Sch\u00fclerin und jeder Sch\u00fcler hielt zu ihrem \/ seinem Thema einen Vortrag, der per Power-Point veranschaulicht wurde. Dabei war die Spannbreite an Themen sehr vielf\u00e4ltig. Rola besch\u00e4ftigte sich mit den Glaubensvorstellungen der Sioux, Aenne mit den Sternen, Hannes referierte zu Drohnen, Emma zum Europapark und Lene pr\u00e4sentierte ihre Ergebnisse zu den Inuit. Rund um das Digitale Manipulation hatte Lavin recherchiert, Elian besch\u00e4ftigte sich mit Pulsaren und Carlotta stellte ihre Expertenarbeit zum Thema Polarlichter vor. Am Ende des gelungenen Pr\u00e4sentationsabends, der mit Saxophon-Musikbeitr\u00e4gen festlich umrahmt wurde, freuten sich die Expert:innen \u00fcber den Applaus der Zuh\u00f6rer:innen und ihre gebundenen Expertenarbeiten.<\/p>\n\n\n\n<figure class=\"wp-block-image size-full\"><a href=\"https:\/\/goerdeler.lspb.de\/wordpress\/wp-content\/uploads\/2025_Expertenprojekt_8.jpeg\"><img loading=\"lazy\" decoding=\"async\" width=\"900\" height=\"675\" src=\"https:\/\/goerdeler.lspb.de\/wordpress\/wp-content\/uploads\/2025_Expertenprojekt_8.jpeg\" alt=\"\" class=\"wp-image-17812\" srcset=\"https:\/\/goerdeler.lspb.de\/wordpress\/wp-content\/uploads\/2025_Expertenprojekt_8.jpeg 900w, https:\/\/goerdeler.lspb.de\/wordpress\/wp-content\/uploads\/2025_Expertenprojekt_8-300x225.jpeg 300w, https:\/\/goerdeler.lspb.de\/wordpress\/wp-content\/uploads\/2025_Expertenprojekt_8-768x576.jpeg 768w, https:\/\/goerdeler.lspb.de\/wordpress\/wp-content\/uploads\/2025_Expertenprojekt_8-585x440.jpeg 585w, https:\/\/goerdeler.lspb.de\/wordpress\/wp-content\/uploads\/2025_Expertenprojekt_8-230x172.jpeg 230w\" sizes=\"auto, (max-width: 900px) 100vw, 900px\" \/><\/a><\/figure>\n\n\n\n<div style=\"height:40px\" aria-hidden=\"true\" class=\"wp-block-spacer\"><\/div>\n\n\n\n<p class=\"has-text-align-right\">Fotos: J.Fritz; Ch. Henneken<\/p>\n\n\n\n<p><\/p>\n","protected":false},"excerpt":{"rendered":"<p>Lernprozesse anzuregen, selbstgesteuertes Lernen zu initiieren, F\u00e4higkeiten und Fertigkeiten zu st\u00e4rken und die eigenen Ergebnisse vor Publikum zu pr\u00e4sentieren sind die Leitideen des \u201eExpertenprojektes\u201c. Das im Rahmen der Individuellen F\u00f6rderung von Janine Busche und Uta Nowak geleitete Projekt wird am Goerdeler im Dreht\u00fcrmodell angeboten. Seit Februar hatten die motivierten Sch\u00fcler:innen zu einem ganz individuell gew\u00e4hlten [&hellip;]<\/p>\n","protected":false},"author":11,"featured_media":0,"parent":0,"menu_order":0,"comment_status":"closed","ping_status":"closed","template":"","meta":{"_themeisle_gutenberg_block_has_review":false,"_mc_calendar":[],"footnotes":""},"class_list":["post-17804","page","type-page","status-publish","hentry"],"_links":{"self":[{"href":"https:\/\/goerdeler.lspb.de\/wordpress\/wp-json\/wp\/v2\/pages\/17804","targetHints":{"allow":["GET"]}}],"collection":[{"href":"https:\/\/goerdeler.lspb.de\/wordpress\/wp-json\/wp\/v2\/pages"}],"about":[{"href":"https:\/\/goerdeler.lspb.de\/wordpress\/wp-json\/wp\/v2\/types\/page"}],"author":[{"embeddable":true,"href":"https:\/\/goerdeler.lspb.de\/wordpress\/wp-json\/wp\/v2\/users\/11"}],"replies":[{"embeddable":true,"href":"https:\/\/goerdeler.lspb.de\/wordpress\/wp-json\/wp\/v2\/comments?post=17804"}],"version-history":[{"count":1,"href":"https:\/\/goerdeler.lspb.de\/wordpress\/wp-json\/wp\/v2\/pages\/17804\/revisions"}],"predecessor-version":[{"id":17813,"href":"https:\/\/goerdeler.lspb.de\/wordpress\/wp-json\/wp\/v2\/pages\/17804\/revisions\/17813"}],"wp:attachment":[{"href":"https:\/\/goerdeler.lspb.de\/wordpress\/wp-json\/wp\/v2\/media?parent=17804"}],"curies":[{"name":"wp","href":"https:\/\/api.w.org\/{rel}","templated":true}]}}