{"id":17853,"date":"2025-07-08T13:37:15","date_gmt":"2025-07-08T11:37:15","guid":{"rendered":"https:\/\/goerdeler.lspb.de\/wordpress\/?page_id=17853"},"modified":"2025-07-08T13:37:16","modified_gmt":"2025-07-08T11:37:16","slug":"gebaeude-und-schulhof","status":"publish","type":"page","link":"https:\/\/goerdeler.lspb.de\/wordpress\/gebaeude-und-schulhof\/","title":{"rendered":"Geb\u00e4ude und Schulhof"},"content":{"rendered":"\n<p><a href=\"https:\/\/goerdeler.lspb.de\/wordpress\/wp-content\/uploads\/Komplett-Logo_ohne-Klassen_2-1.pdf\">Geb\u00e4udeplan<\/a><\/p>\n\n\n\n<p>Der <a href=\"https:\/\/goerdeler.lspb.de\/wordpress\/wp-content\/uploads\/Noerdlicher-Teil_M200.pdf\">n\u00f6rdlicher Teil<\/a> und der <a href=\"https:\/\/goerdeler.lspb.de\/wordpress\/wp-content\/uploads\/Suedlicher-Teil_M200.pdf\">s\u00fcdlicher Teil<\/a> vom Schulhof nach dem geplanten Umbau<\/p>\n\n\n\n<p><\/p>\n","protected":false},"excerpt":{"rendered":"<p>Geb\u00e4udeplan Der n\u00f6rdlicher Teil und der s\u00fcdlicher Teil vom Schulhof nach dem geplanten Umbau<\/p>\n","protected":false},"author":11,"featured_media":0,"parent":0,"menu_order":0,"comment_status":"closed","ping_status":"closed","template":"","meta":{"_themeisle_gutenberg_block_has_review":false,"_mc_calendar":[],"footnotes":""},"class_list":["post-17853","page","type-page","status-publish","hentry"],"_links":{"self":[{"href":"https:\/\/goerdeler.lspb.de\/wordpress\/wp-json\/wp\/v2\/pages\/17853","targetHints":{"allow":["GET"]}}],"collection":[{"href":"https:\/\/goerdeler.lspb.de\/wordpress\/wp-json\/wp\/v2\/pages"}],"about":[{"href":"https:\/\/goerdeler.lspb.de\/wordpress\/wp-json\/wp\/v2\/types\/page"}],"author":[{"embeddable":true,"href":"https:\/\/goerdeler.lspb.de\/wordpress\/wp-json\/wp\/v2\/users\/11"}],"replies":[{"embeddable":true,"href":"https:\/\/goerdeler.lspb.de\/wordpress\/wp-json\/wp\/v2\/comments?post=17853"}],"version-history":[{"count":1,"href":"https:\/\/goerdeler.lspb.de\/wordpress\/wp-json\/wp\/v2\/pages\/17853\/revisions"}],"predecessor-version":[{"id":17857,"href":"https:\/\/goerdeler.lspb.de\/wordpress\/wp-json\/wp\/v2\/pages\/17853\/revisions\/17857"}],"wp:attachment":[{"href":"https:\/\/goerdeler.lspb.de\/wordpress\/wp-json\/wp\/v2\/media?parent=17853"}],"curies":[{"name":"wp","href":"https:\/\/api.w.org\/{rel}","templated":true}]}}