{"id":19172,"date":"2026-02-10T15:47:08","date_gmt":"2026-02-10T14:47:08","guid":{"rendered":"https:\/\/goerdeler.lspb.de\/wordpress\/?page_id=19172"},"modified":"2026-03-24T13:19:52","modified_gmt":"2026-03-24T12:19:52","slug":"unesco-projektschule","status":"publish","type":"page","link":"https:\/\/goerdeler.lspb.de\/wordpress\/unesco-projektschule\/","title":{"rendered":"UNESCO-Projektschule"},"content":{"rendered":"\n<p><strong>Wir sind im Netzwerk der UNESCO \u2013 Projektschulen<\/strong><br>Am Goerdeler-Gymnasium Paderborn liegt uns die Demokratie- und Menschenrechtsbildung in ganz besonderer Weise am Herzen. In den letzten Jahren pr\u00e4gte dieses Einstehen f\u00fcr eine Kultur des Friedens und des Zusammenlebens in Vielfalt unser Schulleben und wir m\u00f6chten diesen Weg gerne und best\u00e4ndig weitergehen.<\/p>\n\n\n\n<p><strong>Der Weg ins Netzwerk<\/strong><br>Daher haben uns Ende 2023 an das Netzwerk der UNESCO-Projektschulen gewandt und um eine Aufnahme als interessierte Schule gebeten, weil die Zielsetzungen des Netzwerks und seine Ideale genau zu der Entwicklung der Schule passen. In vielen Projekten, Aktionen und Aktivit\u00e4ten in und au\u00dferhalb des Unterrichts engagieren wir uns in den Bereichen, die durch die S\u00e4ulen des Leitbildes der UNESCO-Projektschulen besonders veranschaulicht werden.<\/p>\n\n\n\n<figure class=\"wp-block-image size-full\"><a href=\"https:\/\/goerdeler.lspb.de\/wordpress\/wp-content\/uploads\/UNESCO.jpg\"><img loading=\"lazy\" decoding=\"async\" width=\"1386\" height=\"980\" src=\"https:\/\/goerdeler.lspb.de\/wordpress\/wp-content\/uploads\/UNESCO.jpg\" alt=\"\" class=\"wp-image-19419\" srcset=\"https:\/\/goerdeler.lspb.de\/wordpress\/wp-content\/uploads\/UNESCO.jpg 1386w, https:\/\/goerdeler.lspb.de\/wordpress\/wp-content\/uploads\/UNESCO-300x212.jpg 300w, https:\/\/goerdeler.lspb.de\/wordpress\/wp-content\/uploads\/UNESCO-1024x724.jpg 1024w, https:\/\/goerdeler.lspb.de\/wordpress\/wp-content\/uploads\/UNESCO-768x543.jpg 768w\" sizes=\"auto, (max-width: 1386px) 100vw, 1386px\" \/><\/a><\/figure>\n\n\n\n<p><strong>Zusammenarbeit<\/strong><br>Wir haben schon in den letzten beiden Jahren sehr von der Arbeit im Netzwerk profitiert. Im Regionalnetzwerk findet ein produktiver Austausch mit mehreren Projekten statt, wir stimmen uns an UNESCO-Tagen, zum Beispiel am Welttag des Buches mit der Aktion &#8222;gift a poem&#8220; oder zum Tag der Menschenrechte ab und f\u00fchren gemeinsame Projekte durch.<\/p>\n\n\n\n<p>Wir nehmen regelm\u00e4\u00dfig an Sch\u00fcler:innencamps des Netzwerks, z.B. &nbsp;in Verl und Minden teil und haben ein Sch\u00fcler:innencamp in Wewelsburg im Oktober 2025 organisieren und durchf\u00fchren d\u00fcrfen.<\/p>\n\n\n\n<p>Wir besuchen andere Schulen des Netzwerks und waren dabei unter anderem schon an der Laborschule in Bielefeld oder der Nelson-Mandela-Gesamtschule in Bergisch-Gladbach.<\/p>\n\n\n\n<p>Wir bekommen viele Impulse f\u00fcr unsere Arbeit und haben in dem Netzwerk eine Basis gefunden, auf der wir uns mit anderen Schulen, die gleiche Ziele und ein \u00e4hnliches Leitbild haben, austauschen k\u00f6nnen und in der wir eine M\u00f6glichkeit haben, unsere Ideen und Ideale wirksam werden zu lassen.<\/p>\n\n\n\n<p><strong>Wir sind froh, dabei zu sein<\/strong><br>Wie wir uns das vor zwei Jahren erhofft haben, ist das Netzwerk der UNESCO-Projektschulen f\u00fcr uns das Dach, unter dem wir Ideen b\u00fcndeln und das uns hilft, unsere Ziele und Inhalte sichtbar werden zu lassen.<\/p>\n\n\n\n<p><\/p>\n","protected":false},"excerpt":{"rendered":"<p>Wir sind im Netzwerk der UNESCO \u2013 ProjektschulenAm Goerdeler-Gymnasium Paderborn liegt uns die Demokratie- und Menschenrechtsbildung in ganz besonderer Weise am Herzen. In den letzten Jahren pr\u00e4gte dieses Einstehen f\u00fcr eine Kultur des Friedens und des Zusammenlebens in Vielfalt unser Schulleben und wir m\u00f6chten diesen Weg gerne und best\u00e4ndig weitergehen. Der Weg ins NetzwerkDaher haben [&hellip;]<\/p>\n","protected":false},"author":2,"featured_media":0,"parent":0,"menu_order":0,"comment_status":"closed","ping_status":"closed","template":"","meta":{"_themeisle_gutenberg_block_has_review":false,"_mc_calendar":[],"footnotes":""},"class_list":["post-19172","page","type-page","status-publish","hentry"],"_links":{"self":[{"href":"https:\/\/goerdeler.lspb.de\/wordpress\/wp-json\/wp\/v2\/pages\/19172","targetHints":{"allow":["GET"]}}],"collection":[{"href":"https:\/\/goerdeler.lspb.de\/wordpress\/wp-json\/wp\/v2\/pages"}],"about":[{"href":"https:\/\/goerdeler.lspb.de\/wordpress\/wp-json\/wp\/v2\/types\/page"}],"author":[{"embeddable":true,"href":"https:\/\/goerdeler.lspb.de\/wordpress\/wp-json\/wp\/v2\/users\/2"}],"replies":[{"embeddable":true,"href":"https:\/\/goerdeler.lspb.de\/wordpress\/wp-json\/wp\/v2\/comments?post=19172"}],"version-history":[{"count":5,"href":"https:\/\/goerdeler.lspb.de\/wordpress\/wp-json\/wp\/v2\/pages\/19172\/revisions"}],"predecessor-version":[{"id":19421,"href":"https:\/\/goerdeler.lspb.de\/wordpress\/wp-json\/wp\/v2\/pages\/19172\/revisions\/19421"}],"wp:attachment":[{"href":"https:\/\/goerdeler.lspb.de\/wordpress\/wp-json\/wp\/v2\/media?parent=19172"}],"curies":[{"name":"wp","href":"https:\/\/api.w.org\/{rel}","templated":true}]}}