{"id":19177,"date":"2026-02-10T15:48:24","date_gmt":"2026-02-10T14:48:24","guid":{"rendered":"https:\/\/goerdeler.lspb.de\/wordpress\/?page_id=19177"},"modified":"2026-02-12T12:29:16","modified_gmt":"2026-02-12T11:29:16","slug":"zukunftsschulen-nrw","status":"publish","type":"page","link":"https:\/\/goerdeler.lspb.de\/wordpress\/zukunftsschulen-nrw\/","title":{"rendered":"Zukunftsschulen NRW"},"content":{"rendered":"\n<figure class=\"wp-block-image size-full\"><a href=\"https:\/\/goerdeler.lspb.de\/wordpress\/wp-content\/uploads\/Logo-Zukunftschulen-NRW.png\"><img loading=\"lazy\" decoding=\"async\" width=\"427\" height=\"164\" src=\"https:\/\/goerdeler.lspb.de\/wordpress\/wp-content\/uploads\/Logo-Zukunftschulen-NRW.png\" alt=\"\" class=\"wp-image-7181\" srcset=\"https:\/\/goerdeler.lspb.de\/wordpress\/wp-content\/uploads\/Logo-Zukunftschulen-NRW.png 427w, https:\/\/goerdeler.lspb.de\/wordpress\/wp-content\/uploads\/Logo-Zukunftschulen-NRW-300x115.png 300w\" sizes=\"(max-width: 427px) 100vw, 427px\" \/><\/a><\/figure>\n\n\n\n<p><strong>Netzwerk Zukunftsschulen \u2013 gemeinsam \u00dcberg\u00e4nge gestalten<\/strong><strong><\/strong><\/p>\n\n\n\n<p>Unsere Schule ist seit 2017 aktives Mitglied im Netzwerk<a href=\"https:\/\/www.zukunftsschulen.nrw.de\">&nbsp;<strong>Zukunftsschulen NRW<\/strong><\/a><strong> <\/strong>. In enger Kooperation mit dem Grundschulverbund Riemeke-Theodor und der Grundschule Alme in Wewer arbeiten wir daran, den \u00dcbergang von der Grundschule zum Gymnasium unterst\u00fctzend und zukunftsorientiert zu gestalten.<\/p>\n\n\n\n<p>Ein fester Bestandteil dieser Zusammenarbeit sind die j\u00e4hrlichen&nbsp;<strong>Forschertage f\u00fcr den 4. Jahrgang am Goerdeler-Gymnasium<\/strong>&nbsp;sowie ein&nbsp;<strong>Musikworkshop der Bl\u00e4serklasse des Jahrgangs 5 an den kooperierenden Grundschulen<\/strong>. Diese gemeinsamen Projekte erm\u00f6glichen den Sch\u00fclerinnen und Sch\u00fclern fr\u00fche Begegnungen, wecken Neugier und schaffen vertraute Ber\u00fchrungspunkte zwischen den Schulen.<\/p>\n\n\n\n<p>Auch unsere&nbsp;<strong>Medienscouts<\/strong>&nbsp;sind aktiv in die Kooperation eingebunden: Im Peer-to-peer-Verfahren geben sie Workshops und unterst\u00fctzen j\u00fcngere Sch\u00fclerinnen und Sch\u00fcler beim sicheren und verantwortungsvollen Umgang mit digitalen Medien.<\/p>\n\n\n\n<p>Der Schwerpunkt der zuk\u00fcnftigen zweij\u00e4hrigen Kooperation liegt besonders in der Gestaltung des \u00dcbergangs im&nbsp;<strong>sozialen und methodischen Lernen<\/strong>. Dabei sollen gemeinsame digitale Tools der Kooperationsschulen gezielt eingesetzt werden, um die&nbsp;<strong>individuelle F\u00f6rderung der Sch\u00fcler:innen<\/strong>&nbsp;bestm\u00f6glich zu unterst\u00fctzen.<\/p>\n\n\n\n<p>Durch die Arbeit im Netzwerk Zukunftsschulen st\u00e4rken wir die Zusammenarbeit zwischen den Schulen und schaffen f\u00fcr unsere Lernenden einen gut begleiteten, vertrauensvollen Start in einen neuen Lebensabschnitt.<\/p>\n\n\n\n<h2 class=\"wp-block-heading\">Veranstaltungen und Ereignisse<\/h2>\n\n\n<div class=\"is-style-boxed wp-block-themeisle-blocks-posts-grid\" id=\"wp-block-themeisle-blocks-posts-grid-8321c2d2\"><div class=\"is-list\"><div class=\"o-posts-grid-post-blog o-posts-grid-post-plain\"><div class=\"o-posts-grid-post\"><div class=\"o-posts-grid-post-image\"><a href=\"https:\/\/goerdeler.lspb.de\/wordpress\/forschertage-der-almeschule-wewer-und-der-grundschule-riemeke-theodor\/\"><img loading=\"lazy\" decoding=\"async\" width=\"900\" height=\"675\" src=\"https:\/\/goerdeler.lspb.de\/wordpress\/wp-content\/uploads\/1_Forschertage_20250908_105252.jpg\" class=\"attachment-full size-full\" alt=\"Forschertage der Almeschule Wewer und der Grundschule Riemeke-Theodor\" srcset=\"https:\/\/goerdeler.lspb.de\/wordpress\/wp-content\/uploads\/1_Forschertage_20250908_105252.jpg 900w, https:\/\/goerdeler.lspb.de\/wordpress\/wp-content\/uploads\/1_Forschertage_20250908_105252-300x225.jpg 300w, https:\/\/goerdeler.lspb.de\/wordpress\/wp-content\/uploads\/1_Forschertage_20250908_105252-768x576.jpg 768w, https:\/\/goerdeler.lspb.de\/wordpress\/wp-content\/uploads\/1_Forschertage_20250908_105252-585x440.jpg 585w, https:\/\/goerdeler.lspb.de\/wordpress\/wp-content\/uploads\/1_Forschertage_20250908_105252-230x172.jpg 230w\" sizes=\"(max-width: 900px) 100vw, 900px\" \/><\/a><\/div><div class=\"o-posts-grid-post-body\"><h4 class=\"o-posts-grid-post-title\"><a href=\"https:\/\/goerdeler.lspb.de\/wordpress\/forschertage-der-almeschule-wewer-und-der-grundschule-riemeke-theodor\/\">Forschertage der Almeschule Wewer und der Grundschule Riemeke-Theodor<\/a><\/h4><div class=\"o-posts-grid-post-description\"><p>Unter dem Motto \u201eForschen, Staunen, Mitmachen \u2013 Naturwissenschaft hautnah erleben!\u201c hatten auch in diesem Schuljahr Sch\u00fcler:innen der vierten Klassen der Alme-Grundschule Wewer sowie des Grundschulverbunds Riemeke-Theodor die Gelegenheit, das Goerdeler-Gymnasium zu besuchen. An insgesamt sechs Forsc\u2026<\/p><\/div><\/div><\/div><\/div><div class=\"o-posts-grid-post-blog o-posts-grid-post-plain\"><div class=\"o-posts-grid-post\"><div class=\"o-posts-grid-post-image\"><a href=\"https:\/\/goerdeler.lspb.de\/wordpress\/mediensocuts-gestalten-workshops-mit-grundschulkindern\/\"><img loading=\"lazy\" decoding=\"async\" width=\"900\" height=\"675\" src=\"https:\/\/goerdeler.lspb.de\/wordpress\/wp-content\/uploads\/2025-07-03_Medienscouts_1.jpg\" class=\"attachment-full size-full\" alt=\"Medienscouts gestalten Workshops mit Grundsch\u00fcler:innen\" srcset=\"https:\/\/goerdeler.lspb.de\/wordpress\/wp-content\/uploads\/2025-07-03_Medienscouts_1.jpg 900w, https:\/\/goerdeler.lspb.de\/wordpress\/wp-content\/uploads\/2025-07-03_Medienscouts_1-300x225.jpg 300w, https:\/\/goerdeler.lspb.de\/wordpress\/wp-content\/uploads\/2025-07-03_Medienscouts_1-768x576.jpg 768w, https:\/\/goerdeler.lspb.de\/wordpress\/wp-content\/uploads\/2025-07-03_Medienscouts_1-585x440.jpg 585w, https:\/\/goerdeler.lspb.de\/wordpress\/wp-content\/uploads\/2025-07-03_Medienscouts_1-230x172.jpg 230w\" sizes=\"(max-width: 900px) 100vw, 900px\" \/><\/a><\/div><div class=\"o-posts-grid-post-body\"><h4 class=\"o-posts-grid-post-title\"><a href=\"https:\/\/goerdeler.lspb.de\/wordpress\/mediensocuts-gestalten-workshops-mit-grundschulkindern\/\">Medienscouts gestalten Workshops mit Grundsch\u00fcler:innen<\/a><\/h4><div class=\"o-posts-grid-post-description\"><p>Im vierten Jahr in Folge waren die Medienscouts j\u00fcngst wieder bei den Partner-Grundschulen aus dem Netzwerk Zukunftsschulen zu Besuch.In diesem Jahr wurden die Stunden im Rahmen des IFB-Unterrichts (Informatische Grundbildung) in der Jahrgangsstufe 7 mithilfe der Medienscouts aus der Jahrgangsstufe \u2026<\/p><\/div><\/div><\/div><\/div><div class=\"o-posts-grid-post-blog o-posts-grid-post-plain\"><div class=\"o-posts-grid-post\"><div class=\"o-posts-grid-post-image\"><a href=\"https:\/\/goerdeler.lspb.de\/wordpress\/blaeserklasse-on-tour\/\"><img loading=\"lazy\" decoding=\"async\" width=\"900\" height=\"675\" src=\"https:\/\/goerdeler.lspb.de\/wordpress\/wp-content\/uploads\/2023-11-14_Riemeke_HP_1.jpg\" class=\"attachment-full size-full\" alt=\"Bl\u00e4serklasse on Tour\" srcset=\"https:\/\/goerdeler.lspb.de\/wordpress\/wp-content\/uploads\/2023-11-14_Riemeke_HP_1.jpg 900w, https:\/\/goerdeler.lspb.de\/wordpress\/wp-content\/uploads\/2023-11-14_Riemeke_HP_1-300x225.jpg 300w, https:\/\/goerdeler.lspb.de\/wordpress\/wp-content\/uploads\/2023-11-14_Riemeke_HP_1-768x576.jpg 768w, https:\/\/goerdeler.lspb.de\/wordpress\/wp-content\/uploads\/2023-11-14_Riemeke_HP_1-585x440.jpg 585w, https:\/\/goerdeler.lspb.de\/wordpress\/wp-content\/uploads\/2023-11-14_Riemeke_HP_1-230x172.jpg 230w\" sizes=\"(max-width: 900px) 100vw, 900px\" \/><\/a><\/div><div class=\"o-posts-grid-post-body\"><h4 class=\"o-posts-grid-post-title\"><a href=\"https:\/\/goerdeler.lspb.de\/wordpress\/blaeserklasse-on-tour\/\">Bl\u00e4serklasse on Tour<\/a><\/h4><div class=\"o-posts-grid-post-description\"><p>Mitmachkonzerte, Freude an der Musik, Wissensvermittlung zu verschiedenen Instrumenten und Vorstellung unseres Profilangebotes \u201eBl\u00e4serklasse\u201c \u2013 mit dieser Zielsetzung war die Klasse 6b mit ihrem Musiklehrer Thomas Schulze-Athens j\u00fcngst an zwei Grundschulen zu Gast. Am 14.11. besuchte die Bl\u00e4serklass\u2026<\/p><\/div><\/div><\/div><\/div><div class=\"o-posts-grid-post-blog o-posts-grid-post-plain\"><div class=\"o-posts-grid-post\"><div class=\"o-posts-grid-post-image\"><a href=\"https:\/\/goerdeler.lspb.de\/wordpress\/neues-netzwerk-kooperationsvertrag-zukunftsschulen-nrw-unterzeichnet\/\"><img loading=\"lazy\" decoding=\"async\" width=\"900\" height=\"600\" src=\"https:\/\/goerdeler.lspb.de\/wordpress\/wp-content\/uploads\/2020_11_03_Netzwerkschulen.jpg\" class=\"attachment-full size-full\" alt=\"Neues Netzwerk: Kooperationsvertrag \u201eZukunftsschulen NRW\u201c unterzeichnet\" srcset=\"https:\/\/goerdeler.lspb.de\/wordpress\/wp-content\/uploads\/2020_11_03_Netzwerkschulen.jpg 900w, https:\/\/goerdeler.lspb.de\/wordpress\/wp-content\/uploads\/2020_11_03_Netzwerkschulen-300x200.jpg 300w, https:\/\/goerdeler.lspb.de\/wordpress\/wp-content\/uploads\/2020_11_03_Netzwerkschulen-768x512.jpg 768w\" sizes=\"(max-width: 900px) 100vw, 900px\" \/><\/a><\/div><div class=\"o-posts-grid-post-body\"><h4 class=\"o-posts-grid-post-title\"><a href=\"https:\/\/goerdeler.lspb.de\/wordpress\/neues-netzwerk-kooperationsvertrag-zukunftsschulen-nrw-unterzeichnet\/\">Neues Netzwerk: Kooperationsvertrag \u201eZukunftsschulen NRW\u201c unterzeichnet<\/a><\/h4><div class=\"o-posts-grid-post-description\"><p>Wenn Schulleiter, Kollegien und sogar ganze Schulen \u201eabgucken\u201c d\u00fcrfen und wollen, um voneinander zu lernen, dann beginnen sie zu \u201enetzwerken\u201c. Nachdem die Almeschule Wewer und das Goerdeler-Gymnasium bereits 3 Jahre erfolgreich gemeinsam in einem Netzwerk im Rahmen des Projektes \u201eZukunftsschulen NRW\u2026<\/p><\/div><\/div><\/div><\/div><\/div> <\/div>","protected":false},"excerpt":{"rendered":"<p>Netzwerk Zukunftsschulen \u2013 gemeinsam \u00dcberg\u00e4nge gestalten Unsere Schule ist seit 2017 aktives Mitglied im Netzwerk&nbsp;Zukunftsschulen NRW . In enger Kooperation mit dem Grundschulverbund Riemeke-Theodor und der Grundschule Alme in Wewer arbeiten wir daran, den \u00dcbergang von der Grundschule zum Gymnasium unterst\u00fctzend und zukunftsorientiert zu gestalten. Ein fester Bestandteil dieser Zusammenarbeit sind die j\u00e4hrlichen&nbsp;Forschertage f\u00fcr den [&hellip;]<\/p>\n","protected":false},"author":2,"featured_media":0,"parent":0,"menu_order":0,"comment_status":"closed","ping_status":"closed","template":"","meta":{"_themeisle_gutenberg_block_has_review":false,"_mc_calendar":[],"footnotes":""},"class_list":["post-19177","page","type-page","status-publish","hentry"],"_links":{"self":[{"href":"https:\/\/goerdeler.lspb.de\/wordpress\/wp-json\/wp\/v2\/pages\/19177","targetHints":{"allow":["GET"]}}],"collection":[{"href":"https:\/\/goerdeler.lspb.de\/wordpress\/wp-json\/wp\/v2\/pages"}],"about":[{"href":"https:\/\/goerdeler.lspb.de\/wordpress\/wp-json\/wp\/v2\/types\/page"}],"author":[{"embeddable":true,"href":"https:\/\/goerdeler.lspb.de\/wordpress\/wp-json\/wp\/v2\/users\/2"}],"replies":[{"embeddable":true,"href":"https:\/\/goerdeler.lspb.de\/wordpress\/wp-json\/wp\/v2\/comments?post=19177"}],"version-history":[{"count":5,"href":"https:\/\/goerdeler.lspb.de\/wordpress\/wp-json\/wp\/v2\/pages\/19177\/revisions"}],"predecessor-version":[{"id":19217,"href":"https:\/\/goerdeler.lspb.de\/wordpress\/wp-json\/wp\/v2\/pages\/19177\/revisions\/19217"}],"wp:attachment":[{"href":"https:\/\/goerdeler.lspb.de\/wordpress\/wp-json\/wp\/v2\/media?parent=19177"}],"curies":[{"name":"wp","href":"https:\/\/api.w.org\/{rel}","templated":true}]}}