{"id":19274,"date":"2026-02-23T13:34:52","date_gmt":"2026-02-23T12:34:52","guid":{"rendered":"https:\/\/goerdeler.lspb.de\/wordpress\/?page_id=19274"},"modified":"2026-02-23T13:34:53","modified_gmt":"2026-02-23T12:34:53","slug":"sg-handball-paderborn","status":"publish","type":"page","link":"https:\/\/goerdeler.lspb.de\/wordpress\/sg-handball-paderborn\/","title":{"rendered":"SG Handball Paderborn"},"content":{"rendered":"\n<p>Seit  Fr\u00fchjahr 2026 gibt es die Kooperation zwischen dem Goerdeler-Gymnasium und der SG handball Paderborn. <br>Durch die Zusammenarbeit mit der SG Handball Paderborn sollen Sch\u00fcler:innen unserer Schule mit der Sportart vertraut  und f\u00fcr Handball begeistert werden. <br>In Jahrgang 7 gibt es ein Unterrichtsvorhaben \u201eHandball\u201c , das von Trainer:innen der SG Handball Paderborn geleitet wird. Dar\u00fcber hinaus gibt es die M\u00f6glichkeit f\u00fcr Sch\u00fcler:innen des Goerdeler-Gymnasiums, bei der SG Handball Paderborn ein Probetraining zu absolvieren. <br>Im Rahmen der Kooperation ist au\u00dferdem geplant, dass das Sportkollegium der Schule eine Handball-Fortbildung bei der SG absolvieren kann und dass die SG auch bei den Sportfesten und Tagen der offenen T\u00fcr in der Schule pr\u00e4sent ist. Zus\u00e4tzlich gibt es das Angebot, dass Spiele der SG von Sch\u00fcler:innen unserer Schule besucht werden k\u00f6nnen.<br><\/p>\n\n\n\n<figure class=\"wp-block-image size-full\"><a href=\"https:\/\/goerdeler.lspb.de\/wordpress\/wp-content\/uploads\/2026-01-29_Koop_GG_SGHandball_HP.jpg\"><img loading=\"lazy\" decoding=\"async\" width=\"900\" height=\"675\" src=\"https:\/\/goerdeler.lspb.de\/wordpress\/wp-content\/uploads\/2026-01-29_Koop_GG_SGHandball_HP.jpg\" alt=\"\" class=\"wp-image-19056\" srcset=\"https:\/\/goerdeler.lspb.de\/wordpress\/wp-content\/uploads\/2026-01-29_Koop_GG_SGHandball_HP.jpg 900w, https:\/\/goerdeler.lspb.de\/wordpress\/wp-content\/uploads\/2026-01-29_Koop_GG_SGHandball_HP-300x225.jpg 300w, https:\/\/goerdeler.lspb.de\/wordpress\/wp-content\/uploads\/2026-01-29_Koop_GG_SGHandball_HP-768x576.jpg 768w, https:\/\/goerdeler.lspb.de\/wordpress\/wp-content\/uploads\/2026-01-29_Koop_GG_SGHandball_HP-585x440.jpg 585w, https:\/\/goerdeler.lspb.de\/wordpress\/wp-content\/uploads\/2026-01-29_Koop_GG_SGHandball_HP-230x172.jpg 230w\" sizes=\"auto, (max-width: 900px) 100vw, 900px\" \/><\/a><\/figure>\n\n\n\n<p>Als Ansprechpartner f\u00fcr interessierte Sch\u00fcler:innen fungiert Herr Schumacher.  Zur Homepage der SG Handball Paderborn geht es <a href=\"https:\/\/sg-handball-paderborn.de\/\">hier<\/a>.<br><em><br><br><\/em><\/p>\n","protected":false},"excerpt":{"rendered":"<p>Seit Fr\u00fchjahr 2026 gibt es die Kooperation zwischen dem Goerdeler-Gymnasium und der SG handball Paderborn. Durch die Zusammenarbeit mit der SG Handball Paderborn sollen Sch\u00fcler:innen unserer Schule mit der Sportart vertraut und f\u00fcr Handball begeistert werden. In Jahrgang 7 gibt es ein Unterrichtsvorhaben \u201eHandball\u201c , das von Trainer:innen der SG Handball Paderborn geleitet wird. Dar\u00fcber [&hellip;]<\/p>\n","protected":false},"author":14,"featured_media":0,"parent":0,"menu_order":0,"comment_status":"closed","ping_status":"closed","template":"","meta":{"_themeisle_gutenberg_block_has_review":false,"_mc_calendar":[],"footnotes":""},"class_list":["post-19274","page","type-page","status-publish","hentry"],"_links":{"self":[{"href":"https:\/\/goerdeler.lspb.de\/wordpress\/wp-json\/wp\/v2\/pages\/19274","targetHints":{"allow":["GET"]}}],"collection":[{"href":"https:\/\/goerdeler.lspb.de\/wordpress\/wp-json\/wp\/v2\/pages"}],"about":[{"href":"https:\/\/goerdeler.lspb.de\/wordpress\/wp-json\/wp\/v2\/types\/page"}],"author":[{"embeddable":true,"href":"https:\/\/goerdeler.lspb.de\/wordpress\/wp-json\/wp\/v2\/users\/14"}],"replies":[{"embeddable":true,"href":"https:\/\/goerdeler.lspb.de\/wordpress\/wp-json\/wp\/v2\/comments?post=19274"}],"version-history":[{"count":1,"href":"https:\/\/goerdeler.lspb.de\/wordpress\/wp-json\/wp\/v2\/pages\/19274\/revisions"}],"predecessor-version":[{"id":19275,"href":"https:\/\/goerdeler.lspb.de\/wordpress\/wp-json\/wp\/v2\/pages\/19274\/revisions\/19275"}],"wp:attachment":[{"href":"https:\/\/goerdeler.lspb.de\/wordpress\/wp-json\/wp\/v2\/media?parent=19274"}],"curies":[{"name":"wp","href":"https:\/\/api.w.org\/{rel}","templated":true}]}}