{"id":19277,"date":"2026-02-23T13:38:27","date_gmt":"2026-02-23T12:38:27","guid":{"rendered":"https:\/\/goerdeler.lspb.de\/wordpress\/?page_id=19277"},"modified":"2026-02-23T13:38:27","modified_gmt":"2026-02-23T12:38:27","slug":"kreismuseum-wewelsburg","status":"publish","type":"page","link":"https:\/\/goerdeler.lspb.de\/wordpress\/kreismuseum-wewelsburg\/","title":{"rendered":"Kreismuseum Wewelsburg"},"content":{"rendered":"\n<p>Das Kreismuseum Wewelsburg und das Goerdeler-Gymnasium verbindet seit vielen Jahren eine vertrauensvolle und kontinuierliche Zusammenarbeit im Bereich der historisch-politischen Bildung. Diese Kooperation wurde im FEbruar 2026 durch das Unterzeichnen der Vereinbarung Bildungspartner NRW \u201eGedenkst\u00e4tte und Schule\u201c weiter gefestigt.<\/p>\n\n\n\n<p>Regelm\u00e4\u00dfig besuchen die Sch\u00fclerinnen und Sch\u00fcler der 10. Klassen des Goerdeler-Gymnasiums die Gedenkst\u00e4tte Wewelsburg im Rahmen des Unterrichts. Die Auseinandersetzung mit der Geschichte des Nationalsozialismus sowie mit Fragen von Erinnerungskultur, Demokratie und Menschenrechten stellt dabei einen festen Bestandteil des schulischen Bildungsauftrags dar. Dar\u00fcber hinaus hat das Goerdeler-Gymnasium in der Vergangenheit die vom Kreismuseum konzipierte Ausstellung \u201eAnpassung, Ausgrenzung, Instrumentalisierung. Fu\u00dfball in der NS-Zeit\u201c erfolgreich an der Schule pr\u00e4sentiert und so historische Bildungsarbeit in den schulischen Raum getragen.<br><br><\/p>\n\n\n\n<figure class=\"wp-block-image size-full\"><a href=\"https:\/\/goerdeler.lspb.de\/wordpress\/wp-content\/uploads\/2026-02-11_Wewelsburg_Koop_1.jpg\"><img loading=\"lazy\" decoding=\"async\" width=\"900\" height=\"675\" src=\"https:\/\/goerdeler.lspb.de\/wordpress\/wp-content\/uploads\/2026-02-11_Wewelsburg_Koop_1.jpg\" alt=\"\" class=\"wp-image-19243\" srcset=\"https:\/\/goerdeler.lspb.de\/wordpress\/wp-content\/uploads\/2026-02-11_Wewelsburg_Koop_1.jpg 900w, https:\/\/goerdeler.lspb.de\/wordpress\/wp-content\/uploads\/2026-02-11_Wewelsburg_Koop_1-300x225.jpg 300w, https:\/\/goerdeler.lspb.de\/wordpress\/wp-content\/uploads\/2026-02-11_Wewelsburg_Koop_1-768x576.jpg 768w, https:\/\/goerdeler.lspb.de\/wordpress\/wp-content\/uploads\/2026-02-11_Wewelsburg_Koop_1-585x440.jpg 585w, https:\/\/goerdeler.lspb.de\/wordpress\/wp-content\/uploads\/2026-02-11_Wewelsburg_Koop_1-230x172.jpg 230w\" sizes=\"auto, (max-width: 900px) 100vw, 900px\" \/><\/a><\/figure>\n\n\n\n<p>Zuk\u00fcnftig soll die Zusammenarbeit weiter vertieft werden. Geplant ist insbesondere, die Gedenkst\u00e4tte Wewelsburg verst\u00e4rkt als au\u00dferschulischen Lernort f\u00fcr Projektkurse der gymnasialen Oberstufe zu nutzen. Damit sollen forschend-entdeckende Lernformen erm\u00f6glicht und eine nachhaltige Auseinandersetzung mit historischen und gesellschaftspolitischen Fragestellungen gef\u00f6rdert werden.<\/p>\n\n\n\n<p>Ein weiterer Baustein der Kooperation ist die Ausleihe der Ausstellung \u201eHaftgrund: \u00a7 175 \u2013 Vergessene Schicksale des KZ Niederhagen\u201c, die im Mai und Juni 2026 am Goerdeler-Gymnasium gezeigt werden soll. Beide Institutionen verstehen diese Kooperation als langfristige Partnerschaft, die historisches Lernen, demokratische Bildung und gesellschaftliches Engagement f\u00f6rdert. Ziel ist es, Sch\u00fclerinnen und Sch\u00fclern nachhaltige Lernerfahrungen zu erm\u00f6glichen und sie in ihrer Entwicklung zu verantwortungsbewussten, reflektierten und engagierten Mitgliedern der Gesellschaft zu st\u00e4rken.<\/p>\n","protected":false},"excerpt":{"rendered":"<p>Das Kreismuseum Wewelsburg und das Goerdeler-Gymnasium verbindet seit vielen Jahren eine vertrauensvolle und kontinuierliche Zusammenarbeit im Bereich der historisch-politischen Bildung. Diese Kooperation wurde im FEbruar 2026 durch das Unterzeichnen der Vereinbarung Bildungspartner NRW \u201eGedenkst\u00e4tte und Schule\u201c weiter gefestigt. Regelm\u00e4\u00dfig besuchen die Sch\u00fclerinnen und Sch\u00fcler der 10. Klassen des Goerdeler-Gymnasiums die Gedenkst\u00e4tte Wewelsburg im Rahmen des [&hellip;]<\/p>\n","protected":false},"author":14,"featured_media":0,"parent":0,"menu_order":0,"comment_status":"closed","ping_status":"closed","template":"","meta":{"_themeisle_gutenberg_block_has_review":false,"_mc_calendar":[],"footnotes":""},"class_list":["post-19277","page","type-page","status-publish","hentry"],"_links":{"self":[{"href":"https:\/\/goerdeler.lspb.de\/wordpress\/wp-json\/wp\/v2\/pages\/19277","targetHints":{"allow":["GET"]}}],"collection":[{"href":"https:\/\/goerdeler.lspb.de\/wordpress\/wp-json\/wp\/v2\/pages"}],"about":[{"href":"https:\/\/goerdeler.lspb.de\/wordpress\/wp-json\/wp\/v2\/types\/page"}],"author":[{"embeddable":true,"href":"https:\/\/goerdeler.lspb.de\/wordpress\/wp-json\/wp\/v2\/users\/14"}],"replies":[{"embeddable":true,"href":"https:\/\/goerdeler.lspb.de\/wordpress\/wp-json\/wp\/v2\/comments?post=19277"}],"version-history":[{"count":1,"href":"https:\/\/goerdeler.lspb.de\/wordpress\/wp-json\/wp\/v2\/pages\/19277\/revisions"}],"predecessor-version":[{"id":19278,"href":"https:\/\/goerdeler.lspb.de\/wordpress\/wp-json\/wp\/v2\/pages\/19277\/revisions\/19278"}],"wp:attachment":[{"href":"https:\/\/goerdeler.lspb.de\/wordpress\/wp-json\/wp\/v2\/media?parent=19277"}],"curies":[{"name":"wp","href":"https:\/\/api.w.org\/{rel}","templated":true}]}}