{"id":19280,"date":"2026-02-23T13:47:57","date_gmt":"2026-02-23T12:47:57","guid":{"rendered":"https:\/\/goerdeler.lspb.de\/wordpress\/?page_id=19280"},"modified":"2026-02-23T13:47:57","modified_gmt":"2026-02-23T12:47:57","slug":"malteser-borchen","status":"publish","type":"page","link":"https:\/\/goerdeler.lspb.de\/wordpress\/malteser-borchen\/","title":{"rendered":"Malteser Borchen"},"content":{"rendered":"\n<p>Seit mehr als 20 Jahren bilden die Malteser aus Borchen Sch\u00fcler:innen am Goerdeler-Gymnasium zu Schulsanit\u00e4ter:innen aus. Die enge Zusammenarbeit wurde Ende 2025 mit der Unterzeichnung eines Kooperationsvertrages nochmals betont und f\u00fcr die Zukunft festgeschrieben.<\/p>\n\n\n\n<p>Neben der Ausbildung pr\u00e4sentieren sich die Malteser auch auf Tagen-der-offenen-T\u00fcr am Gymnasium und unterst\u00fctzen bei den regelm\u00e4\u00dfigen SSD-Treffen. Damit ist der Schulsanit\u00e4tsdienst nicht nur f\u00fcr die Malteser eine Win-win-Situation: Die jungen Menschen erfahren sich als wichtige und kompetente Personen und Teil des Systems. Die Schule hat einen verl\u00e4sslich funktionierenden Sanit\u00e4tsdienst und in manchen F\u00e4llen wird hier bereits der erste Grundstock f\u00fcr einen Berufsweg im medizinischen oder pflegerischen Bereich gelegt. <br><\/p>\n\n\n\n<figure class=\"wp-block-image size-full\"><a href=\"https:\/\/goerdeler.lspb.de\/wordpress\/wp-content\/uploads\/2025-10-11_Koop-Goerdeler-Malteser-2025.jpg\"><img loading=\"lazy\" decoding=\"async\" width=\"900\" height=\"675\" src=\"https:\/\/goerdeler.lspb.de\/wordpress\/wp-content\/uploads\/2025-10-11_Koop-Goerdeler-Malteser-2025.jpg\" alt=\"\" class=\"wp-image-18852\" srcset=\"https:\/\/goerdeler.lspb.de\/wordpress\/wp-content\/uploads\/2025-10-11_Koop-Goerdeler-Malteser-2025.jpg 900w, https:\/\/goerdeler.lspb.de\/wordpress\/wp-content\/uploads\/2025-10-11_Koop-Goerdeler-Malteser-2025-300x225.jpg 300w, https:\/\/goerdeler.lspb.de\/wordpress\/wp-content\/uploads\/2025-10-11_Koop-Goerdeler-Malteser-2025-768x576.jpg 768w, https:\/\/goerdeler.lspb.de\/wordpress\/wp-content\/uploads\/2025-10-11_Koop-Goerdeler-Malteser-2025-585x440.jpg 585w, https:\/\/goerdeler.lspb.de\/wordpress\/wp-content\/uploads\/2025-10-11_Koop-Goerdeler-Malteser-2025-230x172.jpg 230w\" sizes=\"auto, (max-width: 900px) 100vw, 900px\" \/><\/a><\/figure>\n","protected":false},"excerpt":{"rendered":"<p>Seit mehr als 20 Jahren bilden die Malteser aus Borchen Sch\u00fcler:innen am Goerdeler-Gymnasium zu Schulsanit\u00e4ter:innen aus. Die enge Zusammenarbeit wurde Ende 2025 mit der Unterzeichnung eines Kooperationsvertrages nochmals betont und f\u00fcr die Zukunft festgeschrieben. Neben der Ausbildung pr\u00e4sentieren sich die Malteser auch auf Tagen-der-offenen-T\u00fcr am Gymnasium und unterst\u00fctzen bei den regelm\u00e4\u00dfigen SSD-Treffen. Damit ist der [&hellip;]<\/p>\n","protected":false},"author":14,"featured_media":0,"parent":0,"menu_order":0,"comment_status":"closed","ping_status":"closed","template":"","meta":{"_themeisle_gutenberg_block_has_review":false,"_mc_calendar":[],"footnotes":""},"class_list":["post-19280","page","type-page","status-publish","hentry"],"_links":{"self":[{"href":"https:\/\/goerdeler.lspb.de\/wordpress\/wp-json\/wp\/v2\/pages\/19280","targetHints":{"allow":["GET"]}}],"collection":[{"href":"https:\/\/goerdeler.lspb.de\/wordpress\/wp-json\/wp\/v2\/pages"}],"about":[{"href":"https:\/\/goerdeler.lspb.de\/wordpress\/wp-json\/wp\/v2\/types\/page"}],"author":[{"embeddable":true,"href":"https:\/\/goerdeler.lspb.de\/wordpress\/wp-json\/wp\/v2\/users\/14"}],"replies":[{"embeddable":true,"href":"https:\/\/goerdeler.lspb.de\/wordpress\/wp-json\/wp\/v2\/comments?post=19280"}],"version-history":[{"count":1,"href":"https:\/\/goerdeler.lspb.de\/wordpress\/wp-json\/wp\/v2\/pages\/19280\/revisions"}],"predecessor-version":[{"id":19281,"href":"https:\/\/goerdeler.lspb.de\/wordpress\/wp-json\/wp\/v2\/pages\/19280\/revisions\/19281"}],"wp:attachment":[{"href":"https:\/\/goerdeler.lspb.de\/wordpress\/wp-json\/wp\/v2\/media?parent=19280"}],"curies":[{"name":"wp","href":"https:\/\/api.w.org\/{rel}","templated":true}]}}