{"id":3247,"date":"2007-05-31T09:46:53","date_gmt":"2007-05-31T07:46:53","guid":{"rendered":"http:\/\/goerdeler.lspb.de\/wordpress\/kollegiumsliste\/"},"modified":"2026-01-13T12:55:50","modified_gmt":"2026-01-13T11:55:50","slug":"kollegium","status":"publish","type":"page","link":"https:\/\/goerdeler.lspb.de\/wordpress\/personen\/kollegium\/","title":{"rendered":"Kollegium"},"content":{"rendered":"\n<p>Zurzeit unterrichten folgende Lehrerinnen und Lehrer am Goerdeler-Gymnasium (<a href=\"#faecher\" target=\"_self\" rel=\"noopener noreferrer\">F\u00e4cherk\u00fcrzel<\/a> in Klammern). Sie k\u00f6nnen die Lehrkr\u00e4fte durch einen Klick auf den entsprechenden Namen per E-Mail erreichen. Eine \u00dcbersicht \u00fcber die aktuellen Sprechstundenzeiten finden Sie <a href=\"https:\/\/goerdeler.lspb.de\/wordpress\/wp-content\/uploads\/Sprechstunden-Lehrer-SJ-2025-2026.pdf\">hier<\/a>. Die Anmeldung zu den Sprechzeiten kann bei der jeweiligen Lehrkraft per E-Mail oder \u00fcber das <a href=\"https:\/\/goerdeler.lspb.de\/wordpress\/wp-content\/uploads\/GG-Anmeldung_Sprechstunde-1.pdf\">Anmeldeformular<\/a> erfolgen. <br><\/p>\n\n\n\n\n\n<p><strong>Schulleiterin:<\/strong> <a href=\"mailto:mziemer2@lspb.de\">Frau Ziemer<\/a> <br><strong>Stellvertretender<\/strong> <strong>Schulleiter:<\/strong> <a href=\"mailto:shauk1@lspb.de\" target=\"_self\" rel=\"noopener noreferrer\">Herr Hauk<\/a><\/p>\n\n\n\n<p>Zu unserem Kollegium geh\u00f6ren folgende Lehrerinnen und Lehrer:<\/p>\n\n\n\n<ul class=\"wp-block-list\">\n<li><a href=\"mailto:lacar1@lspb.de\" data-type=\"mailto\">Frau Acar<\/a> (BI; M)<\/li>\n\n\n\n<li><a href=\"mailto:mbaaske1@lspb.de\" target=\"_self\" rel=\"noopener noreferrer\">Herr Baaske<\/a> (GE; KR)<\/li>\n\n\n\n<li><a href=\"mailto:sbauer1@lspb.de\">Frau Bauer <\/a>(GE; KR)<\/li>\n\n\n\n<li><a href=\"mailto:fbayerl1@lspb.de\">Herr Bayerle<\/a> (CH; S)<\/li>\n\n\n\n<li><a href=\"mailto:sbarth1@lspb.de\">Frau Barth<\/a> (D; BI)<\/li>\n\n\n\n<li><a href=\"mailto:mberger1@lspb.de\">Frau Berger<\/a> (D; E)<\/li>\n\n\n\n<li><a rel=\"noopener noreferrer\" href=\"mailto:mbrink13@lspb.de\" target=\"_self\">Frau Brinkmann<\/a> (ER; KU)<\/li>\n\n\n\n<li><a rel=\"noopener noreferrer\" href=\"mailto:vbunse1@lspb.de\" target=\"_self\">Frau Bunse<\/a> (BI; SP)<\/li>\n\n\n\n<li><a href=\"mailto:jschnei5@lspb.de\">Frau Busche<\/a> (CH; D)<\/li>\n\n\n\n<li><a rel=\"noopener noreferrer\" href=\"mailto:kdahlha1@lspb.de\" target=\"_self\">Frau Dahlhaus<\/a> (KU; PA)<\/li>\n\n\n\n<li><a href=\"mailto:mdelgad1@lspb.de\" target=\"_self\" rel=\"noopener noreferrer\">Frau Delgado<\/a> (E; S)<\/li>\n\n\n\n<li><a href=\"mailto:adellae1@lspb.de\">Herr Dr. Dell`Aere<\/a> (M; PH)<\/li>\n\n\n\n<li><a href=\"mailto:edohman1@lspb.de\" target=\"_self\" rel=\"noopener noreferrer\">Frau Dohmann<\/a> (M; PH)<\/li>\n\n\n\n<li><a href=\"mailto:seikel2@lspb.de\">Frau Eikel<\/a> (KR; L)<\/li>\n\n\n\n<li><a href=\"mailto:iengelb1@lspb.de\">Frau Engelbert<\/a> (M; SW)<\/li>\n\n\n\n<li><a href=\"mailto:jfritz3@lspb.de\">Herr Fritz<\/a> (E, M)<\/li>\n\n\n\n<li><a href=\"mailto:dgierse1@lspb.de\">Frau Gierse<\/a> (F; PL)<\/li>\n\n\n\n<li><a href=\"mailto:sglasch1@lspb.de\">Frau Glaschick<\/a> (M; PH)<\/li>\n\n\n\n<li><a href=\"mailto:sglitz2@lspb.de\" target=\"_self\" rel=\"noopener noreferrer\">Frau Glitz<\/a>&nbsp;(L; FR)<\/li>\n\n\n\n<li><a href=\"mailto:mgosman1@lspb.de\">Frau Gosman-Yang<\/a> (MU, BI)<\/li>\n\n\n\n<li><a href=\"mailto:rhartma1@lspb.de\">Herr Hartmann<\/a> \u00a0(CH; M)<\/li>\n\n\n\n<li><a rel=\"noopener noreferrer\" href=\"mailto:shauk1@lspb.de\" target=\"_self\">Herr Hauk<\/a> &nbsp;(CH; M)<\/li>\n\n\n\n<li><a href=\"mailto:uhilwer1@lspb.de\">Herr Hilwerling<\/a> (IF; PH)<\/li>\n\n\n\n<li><a href=\"mailto:dhovest1@lspb.de\">Frau&nbsp;Hovestadt<\/a> (D; KU)<\/li>\n\n\n\n<li><a href=\"mailto:sjaeger2@lspb.de\">Frau J\u00e4ger-Zinkh\u00f6fer<\/a> (KR; L; PP)<\/li>\n\n\n\n<li><a href=\"mailto:ckaiser1@lspb.de\">Herr Kaiser<\/a> (E; M; PP)<\/li>\n\n\n\n<li><a href=\"mailto:akemper2@lspb.de\">Frau Kemper<\/a> (CH; F; KR)<\/li>\n\n\n\n<li><a href=\"mailto:ikeikut1@lspb.de\">Frau Dr. Keikutt<\/a> (D, MU)<\/li>\n\n\n\n<li><a rel=\"noopener noreferrer\" href=\"mailto:skost1@lspb.de\" target=\"_self\">Herr Kost<\/a> (E; SP)<\/li>\n\n\n\n<li><a href=\"mailto:skoster1@lspb.de\">Frau&nbsp;Koster<\/a> (M; SW)<\/li>\n\n\n\n<li><a rel=\"noopener noreferrer\" href=\"mailto:mkumleh1@lspb.de\" target=\"_self\">Frau Kumlehn<\/a> (EK; F)<\/li>\n\n\n\n<li><a href=\"mailto:klackma3@lspb.de\" target=\"_self\" rel=\"noopener noreferrer\">Frau Lackmann<\/a> &nbsp;(S; D)<\/li>\n\n\n\n<li><a rel=\"noopener noreferrer\" href=\"mailto:nlamber1@lspb.de\" target=\"_self\">Frau Lamberty-Freckmann<\/a> &nbsp;(D; KR)<\/li>\n\n\n\n<li><a href=\"mailto:gbueker1@lspb.de\">Frau Lambrechts<\/a> (E; GE)<\/li>\n\n\n\n<li><a rel=\"noopener noreferrer\" href=\"mailto:klanger1@lspb.de\" target=\"_self\">Frau Langer<\/a> (M; BI)<\/li>\n\n\n\n<li><a rel=\"noopener noreferrer\" href=\"mailto:yleeste1@lspb.de\" target=\"_self\">Frau Dr. Lee-Steink\u00e4mper<\/a> (M; IF)<\/li>\n\n\n\n<li><a href=\"mailto:ilehner1@lspb.de\">Frau Lehnert<\/a> (KU; S)<\/li>\n\n\n\n<li><a rel=\"noopener noreferrer\" href=\"mailto:ileubec1@lspb.de\" target=\"_self\">Frau Leubecher<\/a> (BI; FR)<\/li>\n\n\n\n<li><a href=\"mailto:aloewen1@lspb.de\">Frau L\u00f6wen<\/a> (GE; SPA)<\/li>\n\n\n\n<li><a href=\"mailto:jlucas1@lspb.de\">Herr Lucas<\/a> (EK, SP)<\/li>\n\n\n\n<li><a href=\"mailto:pmasuko1@lspb.de\" target=\"_self\" rel=\"noopener noreferrer\">Frau Masukowitz<\/a> (EK; SP)<\/li>\n\n\n\n<li><a rel=\"noopener noreferrer\" href=\"mailto:rmichel1@lspb.de\" target=\"_self\">Herr Dr. Michel<\/a> &nbsp;(CH; PH)<\/li>\n\n\n\n<li><a rel=\"noopener noreferrer\" href=\"mailto:smichel1@lspb.de\" target=\"_self\">Frau Michels<\/a> (M; F)<\/li>\n\n\n\n<li><a href=\"mailto:mmohrin1@lspb.de\">Herr Mohring<\/a> (M; EK)<\/li>\n\n\n\n<li><a href=\"mailto:tmorste1@lspb.de\">Frau Morstein<\/a> (D, GE)<\/li>\n\n\n\n<li><a rel=\"noopener noreferrer\" href=\"mailto:sniggem4@lspb.de\" target=\"_self\">Herr Niggemann<\/a> (D; SW)<\/li>\n\n\n\n<li><a href=\"mailto:ddoerin1@lspb.de\">Frau Nolte<\/a> (E; S)<\/li>\n\n\n\n<li><a rel=\"noopener noreferrer\" href=\"mailto:unowakb1@lspb.de\" target=\"_self\">Frau Nowak-Borgmeier<\/a> (D; BI)<\/li>\n\n\n\n<li><a href=\"mailto:ioffele1@lspb.de\" target=\"_self\" rel=\"noopener noreferrer\">Frau Offele<\/a> (D; SW)<\/li>\n\n\n\n<li><a href=\"mailto:jpanten2@lspb.de\">Frau Panten<\/a> (D, GE)<\/li>\n\n\n\n<li><a href=\"mailto:cpruhs1@lspb.de\">Frau Pruhs<\/a> (M; SP)<\/li>\n\n\n\n<li><a rel=\"noopener noreferrer\" href=\"mailto:hrehber1@lspb.de\" target=\"_self\">Herr Rehberg<\/a>&nbsp;(SP; D)<\/li>\n\n\n\n<li><a href=\"mailto:hreinek2@lspb.de\">Frau Reineke<\/a> (D; E)<\/li>\n\n\n\n<li><a href=\"mailto:mrethme1@lspb.de\">Frau Rethmeier<\/a> (E; ER)<\/li>\n\n\n\n<li><a href=\"mailto:krossma1@lspb.de\">Frau Rossmann<\/a> (D; PA)<\/li>\n\n\n\n<li><a href=\"mailto:mschae22@lspb.de\">Frau&nbsp;Sch\u00e4fer<\/a>&nbsp;(KU)<\/li>\n\n\n\n<li><a rel=\"noopener noreferrer\" href=\"mailto:cschaef2@lspb.de\" target=\"_self\">Frau Dr. Sch\u00e4fers<\/a> (M; BI)<\/li>\n\n\n\n<li><a href=\"mailto:bschmid5@lspb.de\">Frau Schmidt<\/a> (D; L)<\/li>\n\n\n\n<li><a href=\"mailto:tschulz3@lspb.de\">Herr Schulze-Athens<\/a> (MU, ER)<\/li>\n\n\n\n<li><a href=\"mailto:tschult1@lspb.de\">Herr Schultz<\/a> (PH; IF; SW)<\/li>\n\n\n\n<li><a href=\"mailto:fschuma1@lspb.de\" target=\"_self\" rel=\"noopener noreferrer\">Herr Schumacher, F.<\/a> &nbsp;(E; SP)<\/li>\n\n\n\n<li><a href=\"mailto:sseiger1@lspb.de\">Frau Seiger<\/a> (E; GE)<\/li>\n\n\n\n<li><a href=\"mailto:mstrotm1@lspb.de\">Herr Strotmann<\/a> (D; SP)<\/li>\n\n\n\n<li><a href=\"mailto:kstuke1@lspb.de\">Frau Stuke<\/a> (E; SW)<\/li>\n\n\n\n<li><a href=\"mailto:dszyman1@lspb.de\">Herr Szymanski<\/a> (M; SP)<\/li>\n\n\n\n<li><a href=\"mailto:rteschn1@lspb.de\">Herr Teschner<\/a> (M; IF)<\/li>\n\n\n\n<li><a href=\"mailto:dwahl1@lspb.de\">Herr Wahl<\/a> (D; GE; SW)<\/li>\n\n\n\n<li><a href=\"mailto:nweber3@lspb.de\" target=\"_self\" rel=\"noopener noreferrer\">Frau Weber<\/a> (F; E; PP)<\/li>\n\n\n\n<li><a href=\"mailto:cwitte2@lspb.de\">Frau Witte<\/a> (BI; SP)<\/li>\n\n\n\n<li><a href=\"mailto:mziemer2@lspb.de\">Frau Ziemer<\/a> (D; ER; GE)<\/li>\n<\/ul>\n\n\n\n<p>&#8230;und folgende Referendarinnen und Referendare:<\/p>\n\n\n\n<p><\/p>\n\n\n\n<ul class=\"wp-block-list\">\n<li><a href=\"mailto:jharmse2@lspb.de\">Frau Harmsen<\/a> (KR; PH)<\/li>\n\n\n\n<li><a href=\"mailto:chennec2@lspb.de\">Frau Hennecke<\/a> (D; SP)<\/li>\n\n\n\n<li><a href=\"mailto:lkamp3@lspb.de\">Frau Kamp<\/a> (CH; SP)<\/li>\n\n\n\n<li><a href=\"mailto:clindne2@lspb.de\">Frau Lindner<\/a> (D; GE)<\/li>\n\n\n\n<li><a href=\"mailto:jmair1@lspb.de\">Frau Mair<\/a> (E; SP)<\/li>\n\n\n\n<li><a href=\"mailto:lniehof1@lspb.de\">Herr Niehof<\/a> (M; GE)<\/li>\n\n\n\n<li><a href=\"mailto:sschaef1@lspb.de\">Frau Sch\u00e4fer, S.<\/a> (D; E)<\/li>\n\n\n\n<li><a href=\"mailto:jzelder1@lspb.de\">Frau Zelder<\/a> (F; PL)<\/li>\n<\/ul>\n\n\n\n<p><a title=\"faecher\" name=\"faecher\"><\/a>K\u00fcrzel der Unterrichtsf\u00e4cher<\/p>\n\n\n\n<ul class=\"wp-block-list\">\n<li>BI = Biologie<\/li>\n\n\n\n<li>CH = Chemie<\/li>\n\n\n\n<li>D = Deutsch<\/li>\n\n\n\n<li>E = Englisch<\/li>\n\n\n\n<li>EK = Erdkunde<\/li>\n\n\n\n<li>ER = Evangelische Religion<\/li>\n\n\n\n<li>F = Franz\u00f6sisch<\/li>\n\n\n\n<li>GE = Geschichte<\/li>\n\n\n\n<li>IF = Informatik<\/li>\n\n\n\n<li>KR = Katholische Religion<\/li>\n\n\n\n<li>KU = Kunst<\/li>\n\n\n\n<li>L = Latein<\/li>\n\n\n\n<li>M = Mathematik<\/li>\n\n\n\n<li>MU = Musik<\/li>\n\n\n\n<li>PL = Philosophie<\/li>\n\n\n\n<li>PP = Praktische Philosophie<\/li>\n\n\n\n<li>PA = P\u00e4dagogik<\/li>\n\n\n\n<li>PH = Physik<\/li>\n\n\n\n<li>PK = Politik<\/li>\n\n\n\n<li>S = Spanisch<\/li>\n\n\n\n<li>SP = Sport<\/li>\n\n\n\n<li>SW = Sozialwissenschaften<\/li>\n<\/ul>\n\n\n\n<p>*EZU = Erziehungsurlaub<\/p>\n","protected":false},"excerpt":{"rendered":"<p>Zurzeit unterrichten folgende Lehrerinnen und Lehrer am Goerdeler-Gymnasium (F\u00e4cherk\u00fcrzel in Klammern). Sie k\u00f6nnen die Lehrkr\u00e4fte durch einen Klick auf den entsprechenden Namen per E-Mail erreichen. Eine \u00dcbersicht \u00fcber die aktuellen Sprechstundenzeiten finden Sie hier. Die Anmeldung zu den Sprechzeiten kann bei der jeweiligen Lehrkraft per E-Mail oder \u00fcber das Anmeldeformular erfolgen. Schulleiterin: Frau Ziemer Stellvertretender [&hellip;]<\/p>\n","protected":false},"author":11,"featured_media":0,"parent":4221,"menu_order":90,"comment_status":"closed","ping_status":"closed","template":"","meta":{"_themeisle_gutenberg_block_has_review":false,"_mc_calendar":[],"footnotes":""},"class_list":["post-3247","page","type-page","status-publish","hentry"],"_links":{"self":[{"href":"https:\/\/goerdeler.lspb.de\/wordpress\/wp-json\/wp\/v2\/pages\/3247","targetHints":{"allow":["GET"]}}],"collection":[{"href":"https:\/\/goerdeler.lspb.de\/wordpress\/wp-json\/wp\/v2\/pages"}],"about":[{"href":"https:\/\/goerdeler.lspb.de\/wordpress\/wp-json\/wp\/v2\/types\/page"}],"author":[{"embeddable":true,"href":"https:\/\/goerdeler.lspb.de\/wordpress\/wp-json\/wp\/v2\/users\/11"}],"replies":[{"embeddable":true,"href":"https:\/\/goerdeler.lspb.de\/wordpress\/wp-json\/wp\/v2\/comments?post=3247"}],"version-history":[{"count":116,"href":"https:\/\/goerdeler.lspb.de\/wordpress\/wp-json\/wp\/v2\/pages\/3247\/revisions"}],"predecessor-version":[{"id":19005,"href":"https:\/\/goerdeler.lspb.de\/wordpress\/wp-json\/wp\/v2\/pages\/3247\/revisions\/19005"}],"up":[{"embeddable":true,"href":"https:\/\/goerdeler.lspb.de\/wordpress\/wp-json\/wp\/v2\/pages\/4221"}],"wp:attachment":[{"href":"https:\/\/goerdeler.lspb.de\/wordpress\/wp-json\/wp\/v2\/media?parent=3247"}],"curies":[{"name":"wp","href":"https:\/\/api.w.org\/{rel}","templated":true}]}}