{"id":3291,"date":"2007-08-17T09:01:39","date_gmt":"2007-08-17T07:01:39","guid":{"rendered":"http:\/\/goerdeler.lspb.de\/wordpress\/beschwerdemanagment\/"},"modified":"2016-02-13T10:19:13","modified_gmt":"2016-02-13T09:19:13","slug":"beschwerdemanagment","status":"publish","type":"page","link":"https:\/\/goerdeler.lspb.de\/wordpress\/unsere-schule\/beschwerdemanagment\/","title":{"rendered":"Beschwerdemanagment"},"content":{"rendered":"<div align=\"left\">\n<div class=\"page\" title=\"Page 1\">\n<div class=\"layoutArea\">\n<div class=\"column\">\n<h1>Ein Leitfaden zum konstruktiven und transparenten Umgang mit Beschwerden<\/h1>\n<p>Am Goerdeler-Gymnasium wirken Sch\u00fclerinnen und Sch\u00fcler, Eltern, Lehrerinnen und Lehrer und nichtlehrendes Personal zusammen, um den Erziehungs- und Bildungsauftrag zu erf\u00fcllen. Im t\u00e4glichen Umgang miteinander k\u00f6nnen aus oft sehr unterschiedlichen Erwartungen, Anspr\u00fcchen und Zielen, aber auch aus problembehaftetem Verhalten, Konflikte entstehen. Dar\u00fcber hinaus werden durch die Schule vielf\u00e4ltige Entscheidungen getroffen, die den Betroffenen m\u00f6glicherweise nicht immer transparent genug erscheinen und Widerspruch hervorrufen k\u00f6nnen. Konflikte und Beschwerden sind daher nichts Ungew\u00f6hnliches. Ein professioneller Umgang mit Problemen und Beschwerden steigert die Zufriedenheit und tr\u00e4gt zu einem positiven Schulklima bei, das allen an Schule beteiligten Personen zugutekommt. Entscheidend f\u00fcr den Umgang mit Beschwerden ist, dass Verfahren vereinbart werden und diese f\u00fcr alle Beteiligten transparent sind und bekanntgemacht werden. Wenn alle die notwendige Selbstverpflichtung auf die vereinbarten Verfahrensregeln ernst nehmen und diese einhalten, verlieren Beschwerden viel von ihrem Schrecken und k\u00f6nnen als Ausdruck eines konstruktiven Umgangs miteinander gesehen und als Ansatzpunkt f\u00fcr Schulentwicklungs- aktivit\u00e4ten nutzbar gemacht werden.<\/p>\n<p>Mit den vereinbarten Verfahrensregeln wollen wir dazu beitragen, dass Konflikte und Beschwerden nicht zur Eskalation f\u00fchren, sondern einer konstruktiven Regelung zugef\u00fchrt werden.<\/p>\n<p>Wir hoffen, dass dieser Leitfaden dazu beitragen wird, an unserer Schule (noch) besser zusammenzuarbeiten und zu kommunizieren.<\/p>\n<div class=\"page\" title=\"Page 6\">\n<div class=\"layoutArea\">\n<div class=\"column\">\n<h3>Verfahrensablauf bei Beschwerden in Kurzform<\/h3>\n<p>Konflikte und Beschwerden sollen dort bearbeitet werden, wo sie auftreten und die n\u00e4chste Ebene wird erst dann eingeschaltet, wenn die Situation nicht angemessen gekl\u00e4rt werden konnte.<\/p>\n<\/div>\n<\/div>\n<\/div>\n<\/div>\n<div class=\"page\" title=\"Page 6\">\n<table>\n<colgroup>\n<col \/>\n<col \/>\n<col \/>\n<col \/>\n<col \/> <\/colgroup>\n<tbody>\n<tr>\n<td>\n<div class=\"layoutArea\">\n<div class=\"column\">\n<p>Problem<\/p>\n<\/div>\n<\/div>\n<\/td>\n<td>\n<div class=\"layoutArea\">\n<div class=\"column\">\n<p>Beschwerde- f\u00fchrer<\/p>\n<\/div>\n<\/div>\n<\/td>\n<td>\n<div class=\"layoutArea\">\n<div class=\"column\">\n<p>1. Ebene<\/p>\n<\/div>\n<\/div>\n<\/td>\n<td>\n<div class=\"layoutArea\">\n<div class=\"column\">\n<p>2. Ebene<\/p>\n<\/div>\n<\/div>\n<\/td>\n<td>\n<div class=\"layoutArea\">\n<div class=\"column\">\n<p>3. Ebene<\/p>\n<\/div>\n<\/div>\n<\/td>\n<\/tr>\n<tr>\n<td>\n<div class=\"layoutArea\">\n<div class=\"column\">\n<p>Einzelner Sch\u00fcler hat Problem mit einem Lehrer<\/p>\n<\/div>\n<\/div>\n<\/td>\n<td>\n<div class=\"layoutArea\">\n<div class=\"column\">\n<p>Sch\u00fcler Eltern<\/p>\n<\/div>\n<\/div>\n<\/td>\n<td>\n<div class=\"layoutArea\">\n<div class=\"column\">\n<p>Lehrer<\/p>\n<\/div>\n<\/div>\n<\/td>\n<td>\n<div class=\"layoutArea\">\n<div class=\"column\">\n<p>Klassenlehrer\/Jahrgangsstufen- leitung; Koordinatoren Vertrauens- und Beratungslehrer<\/p>\n<\/div>\n<\/div>\n<\/td>\n<td>\n<div class=\"layoutArea\">\n<div class=\"column\">\n<p>Schulleitung<\/p>\n<\/div>\n<\/div>\n<\/td>\n<\/tr>\n<tr>\n<td>\n<div class=\"layoutArea\">\n<div class=\"column\">\n<p>Sch\u00fclergruppe hat Probleme mit einem Lehrer<\/p>\n<\/div>\n<\/div>\n<\/td>\n<td>\n<div class=\"layoutArea\">\n<div class=\"column\">\n<p>Sch\u00fcler Eltern<\/p>\n<\/div>\n<\/div>\n<\/td>\n<td>\n<div class=\"layoutArea\">\n<div class=\"column\">\n<p>Pflegschaftsvorsitz \uf022 Lehrer<\/p>\n<\/div>\n<\/div>\n<\/td>\n<td>\n<div class=\"layoutArea\">\n<div class=\"column\">\n<p>Klassenlehrer\/Jahrgangsstufen- leitung<br \/>\nKoordinatoren Verbindungslehrer<\/p>\n<\/div>\n<\/div>\n<\/td>\n<td>\n<div class=\"layoutArea\">\n<div class=\"column\">\n<p>Schulleitung<\/p>\n<\/div>\n<\/div>\n<\/td>\n<\/tr>\n<tr>\n<td>\n<div class=\"layoutArea\">\n<div class=\"column\">\n<p>Streit unter Sch\u00fclern<\/p>\n<\/div>\n<\/div>\n<\/td>\n<td>\n<div class=\"layoutArea\">\n<div class=\"column\">\n<p>Sch\u00fcler<\/p>\n<\/div>\n<\/div>\n<\/td>\n<td>\n<div class=\"layoutArea\">\n<div class=\"column\">\n<p>Mitsch\u00fcler<\/p>\n<\/div>\n<\/div>\n<\/td>\n<td>\n<div class=\"layoutArea\">\n<div class=\"column\">\n<p>Klassenlehrer\/Jahrgangsstufenleitung Evtl. Klassenrat<\/p>\n<\/div>\n<\/div>\n<\/td>\n<td>\n<div class=\"layoutArea\">\n<div class=\"column\">\n<p>Schulleitung<\/p>\n<\/div>\n<\/div>\n<\/td>\n<\/tr>\n<tr>\n<td>\n<div class=\"layoutArea\">\n<div class=\"column\">\n<p>Probleme (allg.) eines Sch\u00fclers in der Klasse<\/p>\n<\/div>\n<\/div>\n<\/td>\n<td>\n<div class=\"layoutArea\">\n<div class=\"column\">\n<p>Sch\u00fcler Eltern<\/p>\n<\/div>\n<\/div>\n<\/td>\n<td>\n<div class=\"layoutArea\">\n<div class=\"column\">\n<p>Klassenleitung Beratungslehrer Verbindungslehrer<\/p>\n<\/div>\n<\/div>\n<\/td>\n<td>\n<div class=\"layoutArea\">\n<div class=\"column\">\n<p>Pflegschaftsvorsitz + Klassenlehrer \/ Jahrgangsstufenleitung<\/p>\n<\/div>\n<\/div>\n<\/td>\n<td>\n<div class=\"layoutArea\">\n<div class=\"column\">\n<p>Schulleitung<\/p>\n<\/div>\n<\/div>\n<\/td>\n<\/tr>\n<tr>\n<td>\n<div class=\"layoutArea\">\n<div class=\"column\">\n<p>Mobbing unter Sch\u00fclern<\/p>\n<\/div>\n<\/div>\n<\/td>\n<td>\n<div class=\"layoutArea\">\n<div class=\"column\">\n<p>Sch\u00fcler Eltern<\/p>\n<\/div>\n<\/div>\n<\/td>\n<td>\n<div class=\"layoutArea\">\n<div class=\"column\">\n<p>Klassenleitung\/Jahrgangsstufenleitung \uf022 Anti-Mobbing-Ma\u00dfnahmen<\/p>\n<\/div>\n<\/div>\n<\/td>\n<td>\n<div class=\"layoutArea\">\n<div class=\"column\">\n<p>Beratungslehrkraft Schulleitung<\/p>\n<\/div>\n<\/div>\n<\/td>\n<td>\n<div class=\"layoutArea\">\n<div class=\"column\">\n<p>Externe Partner<\/p>\n<\/div>\n<\/div>\n<\/td>\n<\/tr>\n<tr>\n<td>\n<div class=\"layoutArea\">\n<div class=\"column\">\n<p>Beschwerde gegen Ordnungsma\u00dfnahme<\/p>\n<\/div>\n<\/div>\n<\/td>\n<td>\n<div class=\"layoutArea\">\n<div class=\"column\">\n<p>Eltern Sch\u00fcler (vollj\u00e4hrig)<\/p>\n<\/div>\n<\/div>\n<\/td>\n<td>\n<div class=\"layoutArea\">\n<div class=\"column\">\n<p>Teilkonferenz und\/oder Schulleitung<\/p>\n<\/div>\n<\/div>\n<\/td>\n<td>\n<div class=\"layoutArea\">\n<div class=\"column\">\n<p>Schulaufsicht<\/p>\n<\/div>\n<\/div>\n<\/td>\n<td>\n<div class=\"layoutArea\">\n<div class=\"column\">\n<p>Verwaltungsgericht<\/p>\n<\/div>\n<\/div>\n<\/td>\n<\/tr>\n<tr>\n<td>\n<div class=\"layoutArea\">\n<div class=\"column\">\n<p>Beschwerde gegen individuelle Leistungsbewertung<\/p>\n<\/div>\n<\/div>\n<\/td>\n<td>\n<div class=\"layoutArea\">\n<div class=\"column\">\n<p>Sch\u00fcler Eltern<\/p>\n<\/div>\n<\/div>\n<\/td>\n<td>\n<div class=\"layoutArea\">\n<div class=\"column\">\n<p>Fachlehrer<\/p>\n<\/div>\n<\/div>\n<\/td>\n<td>\n<div class=\"layoutArea\">\n<div class=\"column\">\n<p>Schulleitung<\/p>\n<\/div>\n<\/div>\n<\/td>\n<td>\n<div class=\"layoutArea\">\n<div class=\"column\">\n<p>Schulaufsicht<\/p>\n<\/div>\n<\/div>\n<\/td>\n<\/tr>\n<tr>\n<td>\n<div class=\"layoutArea\">\n<div class=\"column\">\n<p>Lehrer &#8211; Problem mit Sch\u00fcler\/n<\/p>\n<\/div>\n<\/div>\n<\/td>\n<td>\n<div class=\"layoutArea\">\n<div class=\"column\">\n<p>Lehrer<\/p>\n<\/div>\n<\/div>\n<\/td>\n<td>\n<div class=\"layoutArea\">\n<div class=\"column\">\n<p>Sch\u00fcler und Eltern<\/p>\n<\/div>\n<\/div>\n<\/td>\n<td>\n<div class=\"layoutArea\">\n<div class=\"column\">\n<p>Klassenkonferenz Beratungslehrkraft Koordinatoren<\/p>\n<\/div>\n<\/div>\n<\/td>\n<td>\n<div class=\"layoutArea\">\n<div class=\"column\">\n<p>Schulleitung<\/p>\n<\/div>\n<\/div>\n<\/td>\n<\/tr>\n<tr>\n<td>\n<div class=\"layoutArea\">\n<div class=\"column\">\n<p>Lehrer \u2013 Problem mit Kollegen<\/p>\n<\/div>\n<\/div>\n<\/td>\n<td>\n<div class=\"layoutArea\">\n<div class=\"column\">\n<p>Lehrer<\/p>\n<\/div>\n<\/div>\n<\/td>\n<td>\n<div class=\"layoutArea\">\n<div class=\"column\">\n<p>Kollege<\/p>\n<\/div>\n<\/div>\n<\/td>\n<td>\n<div class=\"layoutArea\">\n<div class=\"column\">\n<p>Lehrerrat<\/p>\n<\/div>\n<\/div>\n<\/td>\n<td>\n<div class=\"layoutArea\">\n<div class=\"column\">\n<p>Schulleitung<\/p>\n<\/div>\n<\/div>\n<\/td>\n<\/tr>\n<tr>\n<td>\n<div class=\"layoutArea\">\n<div class=\"column\">\n<p>Lehrer \u2013 Problem mit der Schulleitung<\/p>\n<\/div>\n<\/div>\n<\/td>\n<td>\n<div class=\"layoutArea\">\n<div class=\"column\">\n<p>Lehrer<\/p>\n<\/div>\n<\/div>\n<\/td>\n<td>\n<div class=\"layoutArea\">\n<div class=\"column\">\n<p>Schulleitung<\/p>\n<\/div>\n<\/div>\n<\/td>\n<td>\n<div class=\"layoutArea\">\n<div class=\"column\">\n<p>Lehrerrat<br \/>\nLehrerrat + Schulleitung<\/p>\n<\/div>\n<\/div>\n<\/td>\n<td>\n<div class=\"layoutArea\">\n<div class=\"column\">\n<p>Schulaufsicht<\/p>\n<\/div>\n<\/div>\n<\/td>\n<\/tr>\n<\/tbody>\n<\/table>\n<\/div>\n<\/div>\n<\/div>\n<h2>Download der Komplettfassung<\/h2>\n<p>Auf dieser Seite lesen Sie nur die Kurzfassung. <a href=\"https:\/\/bid.lspb.de\/Download\/Document\/1190003\/\">Laden Sie sich hier den\u00a0 vollst\u00e4ndigen Leitfaden zum Beschwerdemanagement herunter<\/a> (PDF-Datei).<\/p>\n<\/div>\n","protected":false},"excerpt":{"rendered":"<p>Ein Leitfaden zum konstruktiven und transparenten Umgang mit Beschwerden Am Goerdeler-Gymnasium wirken Sch\u00fclerinnen und Sch\u00fcler, Eltern, Lehrerinnen und Lehrer und nichtlehrendes Personal zusammen, um den Erziehungs- und Bildungsauftrag zu erf\u00fcllen. Im t\u00e4glichen Umgang miteinander k\u00f6nnen aus oft sehr unterschiedlichen Erwartungen, Anspr\u00fcchen und Zielen, aber auch aus problembehaftetem Verhalten, Konflikte entstehen. Dar\u00fcber hinaus werden durch die [&hellip;]<\/p>\n","protected":false},"author":2,"featured_media":0,"parent":4252,"menu_order":111,"comment_status":"closed","ping_status":"closed","template":"","meta":{"_themeisle_gutenberg_block_has_review":false,"_mc_calendar":[],"footnotes":""},"class_list":["post-3291","page","type-page","status-publish","hentry"],"_links":{"self":[{"href":"https:\/\/goerdeler.lspb.de\/wordpress\/wp-json\/wp\/v2\/pages\/3291","targetHints":{"allow":["GET"]}}],"collection":[{"href":"https:\/\/goerdeler.lspb.de\/wordpress\/wp-json\/wp\/v2\/pages"}],"about":[{"href":"https:\/\/goerdeler.lspb.de\/wordpress\/wp-json\/wp\/v2\/types\/page"}],"author":[{"embeddable":true,"href":"https:\/\/goerdeler.lspb.de\/wordpress\/wp-json\/wp\/v2\/users\/2"}],"replies":[{"embeddable":true,"href":"https:\/\/goerdeler.lspb.de\/wordpress\/wp-json\/wp\/v2\/comments?post=3291"}],"version-history":[{"count":3,"href":"https:\/\/goerdeler.lspb.de\/wordpress\/wp-json\/wp\/v2\/pages\/3291\/revisions"}],"predecessor-version":[{"id":4892,"href":"https:\/\/goerdeler.lspb.de\/wordpress\/wp-json\/wp\/v2\/pages\/3291\/revisions\/4892"}],"up":[{"embeddable":true,"href":"https:\/\/goerdeler.lspb.de\/wordpress\/wp-json\/wp\/v2\/pages\/4252"}],"wp:attachment":[{"href":"https:\/\/goerdeler.lspb.de\/wordpress\/wp-json\/wp\/v2\/media?parent=3291"}],"curies":[{"name":"wp","href":"https:\/\/api.w.org\/{rel}","templated":true}]}}