{"id":3355,"date":"2007-09-06T16:01:19","date_gmt":"2007-09-06T14:01:19","guid":{"rendered":"http:\/\/goerdeler.lspb.de\/wordpress\/projekt-blaeserklasse\/"},"modified":"2024-11-27T19:51:42","modified_gmt":"2024-11-27T18:51:42","slug":"blaeserklasse","status":"publish","type":"page","link":"https:\/\/goerdeler.lspb.de\/wordpress\/unsere-schule\/blaeserklasse\/","title":{"rendered":"Bl\u00e4serklasse"},"content":{"rendered":"<p><a href=\"http:\/\/goerdeler.lspb.de\/wordpress\/wp-content\/uploads\/Foto-Musik-2-Projekte-Bl\u00e4serband-1.jpg\" rel=\"attachment wp-att-4606\"><img loading=\"lazy\" decoding=\"async\" class=\"wp-image-4606  aligncenter\" src=\"http:\/\/goerdeler.lspb.de\/wordpress\/wp-content\/uploads\/Foto-Musik-2-Projekte-Bl\u00e4serband-1.jpg\" alt=\"Musikunterricht mit dem Instrument in der Hand!\" width=\"764\" height=\"545\" srcset=\"https:\/\/goerdeler.lspb.de\/wordpress\/wp-content\/uploads\/Foto-Musik-2-Projekte-Bl\u00e4serband-1.jpg 872w, https:\/\/goerdeler.lspb.de\/wordpress\/wp-content\/uploads\/Foto-Musik-2-Projekte-Bl\u00e4serband-1-300x214.jpg 300w, https:\/\/goerdeler.lspb.de\/wordpress\/wp-content\/uploads\/Foto-Musik-2-Projekte-Bl\u00e4serband-1-421x300.jpg 421w\" sizes=\"auto, (max-width: 764px) 100vw, 764px\" \/><\/a><\/p>\n<h3>Was ist eine Bl\u00e4serKlasse?<\/h3>\n<p>Die Bl\u00e4serKlasse ist das Angebot eines ganz besonderen Musikunterrichtes f\u00fcr die Klassen 5 und 6: zusammen mit Klassenkameraden\u00a0 kann\u00a0 man\u00a0 ein Blasinstrument neu erlernen und diese F\u00e4higkeit gleich in der Klassenbigband einsetzen, denn im Musikunterricht der Klasse steht das gemeinsame Musizieren von Anfang an im Mittelpunkt!<\/p>\n<h3>Warum Bl\u00e4serKlasse?<\/h3>\n<p>Ein Instrument zu erlernen bedeutet: Steigerung von Konzentration und Disziplin sowie die St\u00e4rkung von Selbstvertrauen und Selbstbewusstsein durch Erfolgserlebnisse. Gemeinsames \u00a0Musizieren in der Klassengemeinschaft f\u00f6rdert den Teamgeist und motiviert durch das tolle Klangerlebnis\u00a0 von Anfang an.<\/p>\n<h3>Wie funktioniert das?<\/h3>\n<p>Die Sch\u00fcler leihen ein Instrument von der Schule aus und haben w\u00e4hrend des regul\u00e4ren Musikunterrichts praktisches Musizieren mit den Instrumenten in der \u201eKlassenband\u201c. Der Unterricht am neu zu erlernenden Instrument findet in Kooperation mit der St\u00e4dtischen Musikschule Paderborn in einer zus\u00e4tzlichen Stunde im Goerdeler statt.<\/p>\n<h3>Wer kann teilnehmen?<\/h3>\n<p>Alle, die\u00a0 Interesse am Erlernen eines Blasinstrumentes haben und sich w\u00fcnschen, dass es von Anfang an gut klingt. Es sind keine Vorkenntnisse erforderlich! Wer bereits ein Instrument spielt, kann sich auch anmelden und wird weiter von seinem eigenen Instrumentallehrer unterrichtet, so dass der zus\u00e4tzliche Instrumentalunterricht durch die Musikschule entf\u00e4llt.<\/p>\n<h3>Kosten und Zeitaufwand?<\/h3>\n<p>Der Zeitaufwand ist minimal, da der Instrumentalunterricht in der Schule und die Bandproben im Musikunterricht stattfinden. Die Kosten (monatlich) setzen sich zusammen aus der Leihgeb\u00fchr f\u00fcr das Instrument und den Instrumentalunterricht (ca. 30 \u20ac).<\/p>\n<p style=\"text-align: center;\"><a href=\"http:\/\/goerdeler.lspb.de\/wordpress\/wp-content\/uploads\/Foto-Musik-8-Projekte-Young-Band.jpg\" rel=\"attachment wp-att-4612\"><img loading=\"lazy\" decoding=\"async\" class=\"aligncenter size-full wp-image-4612\" src=\"http:\/\/goerdeler.lspb.de\/wordpress\/wp-content\/uploads\/Foto-Musik-8-Projekte-Young-Band.jpg\" alt=\"Young Band\" width=\"756\" height=\"496\" srcset=\"https:\/\/goerdeler.lspb.de\/wordpress\/wp-content\/uploads\/Foto-Musik-8-Projekte-Young-Band.jpg 756w, https:\/\/goerdeler.lspb.de\/wordpress\/wp-content\/uploads\/Foto-Musik-8-Projekte-Young-Band-300x197.jpg 300w, https:\/\/goerdeler.lspb.de\/wordpress\/wp-content\/uploads\/Foto-Musik-8-Projekte-Young-Band-457x300.jpg 457w\" sizes=\"auto, (max-width: 756px) 100vw, 756px\" \/><\/a><\/p>\n<h3>Wie kann es weitergehen?<\/h3>\n<p>Nach den Klassen 5 und 6 k\u00f6nnen die Sch\u00fclerinnen und Sch\u00fcler der Bl\u00e4serKlasse ihr Instrument in der AG Young Band weiterspielen. Das Instrument kann weiter ausgeliehen oder erworben werden. Wer \u201edranbleibt\u201c, kann ab der Klasse 8 in der AG Big Band mitspielen. Wir musizieren nicht nur innerhalb der Schule bei Konzerten und Abiturfeiern, sondern treten auch in der Paderborner \u00d6ffentlichkeit,\u00a0 z.B. bei Preisverleihungen, auf.<\/p>\n<h3>Wo gibt es weitere Informationen?<\/h3>\n<p>Einen ersten Eindruck von der Arbeit in den Bl\u00e4serKlassen kann man j\u00e4hrlich an unserem \u201eTag der offenen T\u00fcr&#8220; im Dezember bekommen: es gibt eine Aulainformation, ein Instrumentenkarussell und Infost\u00e4nde, an denen Eltern der aktuellen Bl\u00e4serKlassen das Projekt vorstellen.<\/p>\n<p>Nach den Anmeldungen f\u00fcr die f\u00fcnften Klassen gibt ein besonderer Informationsnachmittag im Januar den Kindern die Gelegenheit, sich drei Lieblingsinstrumente zum Erlernen auszusuchen. Die Eltern bekommen hier alle notwendigen organisatorischen Hinweise sowie die M\u00f6glichkeit\u00a0 pers\u00f6nliche Fragen zu stellen. Eine verbindliche Anmeldung f\u00fcr das Projekt kann an oder nach diesem Nachmittag erfolgen.<\/p>\n<p>F\u00fcr weitere Informationen und Fragen zur Bl\u00e4serKlasse steht Ihnen der Koordinatorin des Projektes, <a href=\"mailto:tschulz3@lspb.de\">Herr Schulze-Athens<\/a>, gerne zur Verf\u00fcgung.<\/p>\n","protected":false},"excerpt":{"rendered":"<p>\nSeit 2003 bieten wir das Projekt &bdquo;Bl&auml;serKlasse&ldquo; an: Zwei Jahre lang erlernen die Sch&uuml;ler und Sch&uuml;lerinnen im normalen Musikunterricht ein von der Schule ausgeliehenes Blasinstrument (Fl&ouml;te, Klarinette, Saxophon, Trompete, Posaune, Euphonium oder Schlagzeug). Im Mittelpunkt der Arbeit steht das praktische Musizieren in der Klassenbigband. Neben dem Spa&szlig; am Instrumentalspiel und dem Klangergebnis werden hier auch Teamgeist, Konzentrationsf&auml;higkeit, Anstrengungsbereitschaft und R&uuml;cksichtnahme geschult.\n<\/p>\n<p style=\"margin: 0cm 0cm 0pt\" class=\"MsoNormal\">\nDie Arbeit im Klassenverband wird erg&auml;nzt durch eine Stunde&nbsp;Instrumentalunterricht bei Lehrern der St&auml;dt. Musikschule, die Donnerstags in der 6. Stunde (in der Schule) die einzelnen Instrumentengruppen schulen. Notenkenntnisse oder Kenntnisse auf einem Instrument sind nicht Voraussetzung f&uuml;r die Aufnahme in die Bl&auml;serKlasse!\n<\/p>\n<div style=\"text-align: center\">\n<img loading=\"lazy\" decoding=\"async\" style=\"margin: 5px; width: 400px; height: 265px\" src=\"http:\/\/goerdeler.lspb.de\/wordpress\/wp-content\/uploads\/Blaeser02.JPG\" alt=\"Blaeser02.JPG\" title=\"Blaeser02.JPG\" width=\"400\" height=\"265\" \/>\n<\/div>\n<div>\nDie Bl&auml;serKlassen-Auftritte sind ein festes Element in jedem Schulkonzert. Desweiteren treten die Klassen zu diversen Gelegenheiten in der Schule (Grundschultag, Instrumenteninfo, Schulfeste) und au&szlig;erhalb der Schule auf (Liborie-Galerie, Veranstaltungen von Stadt und Kreis, private Anfragen &#8230;)\n<\/div>\n<div style=\"text-align: center\">\n<img loading=\"lazy\" decoding=\"async\" style=\"margin: 5px; width: 400px; height: 266px\" src=\"http:\/\/goerdeler.lspb.de\/wordpress\/wp-content\/uploads\/Blaeser01.JPG\" alt=\"Blaeser01.JPG\" title=\"Blaeser01.JPG\" width=\"400\" height=\"266\" align=\"middle\" \/>\n<\/div>\n","protected":false},"author":2,"featured_media":0,"parent":4252,"menu_order":113,"comment_status":"closed","ping_status":"closed","template":"","meta":{"_themeisle_gutenberg_block_has_review":false,"_mc_calendar":[],"footnotes":""},"class_list":["post-3355","page","type-page","status-publish","hentry"],"_links":{"self":[{"href":"https:\/\/goerdeler.lspb.de\/wordpress\/wp-json\/wp\/v2\/pages\/3355","targetHints":{"allow":["GET"]}}],"collection":[{"href":"https:\/\/goerdeler.lspb.de\/wordpress\/wp-json\/wp\/v2\/pages"}],"about":[{"href":"https:\/\/goerdeler.lspb.de\/wordpress\/wp-json\/wp\/v2\/types\/page"}],"author":[{"embeddable":true,"href":"https:\/\/goerdeler.lspb.de\/wordpress\/wp-json\/wp\/v2\/users\/2"}],"replies":[{"embeddable":true,"href":"https:\/\/goerdeler.lspb.de\/wordpress\/wp-json\/wp\/v2\/comments?post=3355"}],"version-history":[{"count":8,"href":"https:\/\/goerdeler.lspb.de\/wordpress\/wp-json\/wp\/v2\/pages\/3355\/revisions"}],"predecessor-version":[{"id":16720,"href":"https:\/\/goerdeler.lspb.de\/wordpress\/wp-json\/wp\/v2\/pages\/3355\/revisions\/16720"}],"up":[{"embeddable":true,"href":"https:\/\/goerdeler.lspb.de\/wordpress\/wp-json\/wp\/v2\/pages\/4252"}],"wp:attachment":[{"href":"https:\/\/goerdeler.lspb.de\/wordpress\/wp-json\/wp\/v2\/media?parent=3355"}],"curies":[{"name":"wp","href":"https:\/\/api.w.org\/{rel}","templated":true}]}}