{"id":3413,"date":"2007-11-06T10:31:52","date_gmt":"2007-11-06T09:31:52","guid":{"rendered":"http:\/\/goerdeler.lspb.de\/wordpress\/erprobungsstufe\/"},"modified":"2025-09-16T09:09:52","modified_gmt":"2025-09-16T07:09:52","slug":"erprobungsstufe","status":"publish","type":"page","link":"https:\/\/goerdeler.lspb.de\/wordpress\/unsere-schule\/erprobungsstufe\/","title":{"rendered":"Erprobungsstufe"},"content":{"rendered":"\n<h2 class=\"wp-block-heading\"><strong>Begleiteter \u00dcbergang<\/strong><\/h2>\n\n\n\n<p>Zur Erleichterung des \u00dcberganges und zur F\u00f6rderung der sozialen Integration k\u00f6nnen sich die Sch\u00fclerinnen und Sch\u00fcler schon vor den Sommerferien mit unserer Schule an einem Kennenlern-Nachmittag vertraut machen und somit erste <strong>Br\u00fccken schaffen und Unsicherheiten abbauen.<br><\/strong>Bei der Zusammensetzung der neuen f\u00fcnften Klassen achten wir auf ein ausgewogenes Geschlechterverh\u00e4ltnis und ber\u00fccksichtigen auch W\u00fcnsche der Kinder in Bezug auf Klassenkameraden. In der Regel bleibt der Klassenverband bis zum Ende der Sekundarstufe I bestehen.<br>Paten betreuen die Neuen regelm\u00e4\u00dfig mit und bereiten gemeinsame Aktivit\u00e4ten vor, wodurch sie dazu beitragen, dass das Goerdeler-Gymnasium schnell zu ihrer Schule wird.<br>F\u00fcr einen guten und <strong>sanften \u00dcbergang von der Grundschule zum Goerdeler-Gymnasium <\/strong>sorgt ein besonderer Plan in der ersten Schulwoche: Fachunterricht sowie zahlreiche Klassenleitungsstunden und Soziales Lernen finden ihren Abschluss in einem gemeinsamen Ausflug der Jahrgangsstufe zum \u201eTeambuilding\u201c. Die Zusammenarbeit mit Organisationen aus dem Bereich der Erlebnisp\u00e4dagogik hilft bei der Entwicklung der Pers\u00f6nlichkeit sowie des Klassen- und Teamgeistes.<br>Besondere externe p\u00e4dagogische Angebote dienen der abwechslungsreichen Erg\u00e4nzung zum Fremd- und Sprachenunterricht und vermitteln theaterp\u00e4dagogische Einblicke.<\/p>\n\n\n\n<h2 class=\"wp-block-heading\"><strong>Leben und Lernen am Goerdeler-Gymnasium<\/strong><\/h2>\n\n\n\n<p>Die Klassen 5 und 6 bilden als Erprobungsstufe eine besondere p\u00e4dagogische Einheit, in der die Lehrerinnen und Lehrer die Kinder vor dem Hintergrund der Lernerfahrungen in der Grundschule an die F\u00e4cher und Lernangebote,<br>Unsere Schule bietet in ruhiger, aber dennoch zentraler Lage auf einem gro\u00dfz\u00fcgigen Schulgel\u00e4nde mit Mensa, gro\u00dffl\u00e4chigen Sportanlagen, modernen Fachr\u00e4umen gute Bedingungen f\u00fcr eine gymnasiale Ausbildung.<\/p>\n\n\n\n<p>Schrittweise werden die Kinder im Unterricht vor dem Hintergrund der Lernerfahrungen in der Grundschule an die F\u00e4cher, Lernangebote und Anforderungen des Gymnasiums mit Feingef\u00fchl vertraut gemacht. Unsere <strong>Profilklassen \u201eBl\u00e4serKlasse\u201c oder \u201eNaWi\u201c-Klasse<\/strong> verstehen sich als ideales Angebot zur individuellen Neigungsf\u00f6rderung sowie zur Schulung des Teamgeistes, der Anstrengungsbereitschaft und Experimentierfreude.<br>Engagierte P\u00e4dagogen begleiten die Kinder und sind wichtige Bezugspersonen und Ansprechpartner. Nach M\u00f6glichkeit geben die Klassenleitungen mehr als ein Fach, sodass die Lehrerteams einer Klasse klein gehalten werden.<\/p>\n\n\n\n<p>Das 5. und 6. Schuljahr bilden eine besondere <strong>p\u00e4dagogische Einheit<\/strong>, die Sch\u00fclerinnen und Sch\u00fcler gehen ohne Versetzungsentscheidung von der Klasse 5 in die Klasse 6 \u00fcber.<br>Die Erprobungsstufe \u00fcbernimmt somit eine Br\u00fcckenfunktion zwischen Grundschule und Gymnasium und zum \u00dcbergang in die Mittelstufe des Gymnasiums nach Best\u00e4tigung der Eignung f\u00fcr das Gymnasium durch die Zeugniskonferenz am Ende der Klasse 6.<\/p>\n\n\n\n<p>Ein Bild von der vielf\u00e4ltigen organisatorischen und p\u00e4dagogischen Arbeit in der Erprobungsstufe erhalten Sie&nbsp; hier in einer <a href=\"https:\/\/goerdeler.lspb.de\/wordpress\/wp-content\/uploads\/2023_-Homepage_Schullaufbahn_Erprobungsstufe.pdf\">tabellarischen \u00dcbersicht<\/a>.<\/p>\n\n\n\n\n\n<h2 class=\"wp-block-heading\"><strong>Aktuelles<\/strong><\/h2>\n\n\n\n<p>Eine Kurzfassung wichtiger Hinweise zur Erprobungsstufe finden Sie in unserem <a href=\"https:\/\/goerdeler.lspb.de\/wordpress\/wp-content\/uploads\/GG_2024_Grundschulen_Flyer-1.pdf\"><a href=\"https:\/\/goerdeler.lspb.de\/wordpress\/wp-content\/uploads\/GG_2024_Grundschulen_Flyer.pdf\">Flyer f\u00fcr zuk\u00fcnftige F\u00fcnftkl\u00e4ssler<\/a><\/a>.<\/p>\n\n\n\n<p><strong><a href=\"https:\/\/goerdeler.lspb.de\/wordpress\/wp-content\/uploads\/2025_5er_Klassenpflegschaft.pdf\" data-type=\"link\" data-id=\"https:\/\/goerdeler.lspb.de\/wordpress\/wp-content\/uploads\/2023_5er_Klassenpflegschaft_PP_Stand_1-Sept23.pdf\">Zentrale Information der Klassen 5<\/a><\/strong><\/p>\n\n\n\n<p><strong><a href=\"https:\/\/goerdeler.lspb.de\/wordpress\/wp-content\/uploads\/2025_6er_Klassenpflegschaft.pdf\">Zentrale Information der Klassen 6<\/a><\/strong><\/p>\n\n\n\n<h2 class=\"wp-block-heading\"><strong>Ansprechpartner f\u00fcr die Erprobungsstufe<\/strong><\/h2>\n\n\n\n<p>Frau Lambrechts, Koordination Erprobungsstufe (<a href=\"mailto:g.lambrechts@paderborn.de\">g.lambrechts@paderborn.de<\/a>)<br>Frau Busche, Beratungslehrerin &#8211; Begabtenf\u00f6rderung (<a href=\"mailto:gduhe1@lspb.de\">gduhe1@lspb.de<\/a>)<br>Frau Glitz, GoerdeLernTeams (ehemals &#8222;Sch\u00fcler helfen Sch\u00fclern&#8220;) (<a href=\"mailto:sglitz2@lspb.de\">sglitz2@lspb.de<\/a>)<br>Frau Oschecker, Sozialarbeiterin (<a href=\"mailto:soschec1@lspb.de\">soschec1@lspb.de<\/a>)<\/p>\n\n\n\n<p>und die Klassenleitungsteams der jeweiligen Klassen.<\/p>\n\n\n\n\n\n<h2 class=\"wp-block-heading\"><\/h2>\n","protected":false},"excerpt":{"rendered":"<p>Begleiteter \u00dcbergang Zur Erleichterung des \u00dcberganges und zur F\u00f6rderung der sozialen Integration k\u00f6nnen sich die Sch\u00fclerinnen und Sch\u00fcler schon vor den Sommerferien mit unserer Schule an einem Kennenlern-Nachmittag vertraut machen und somit erste Br\u00fccken schaffen und Unsicherheiten abbauen.Bei der Zusammensetzung der neuen f\u00fcnften Klassen achten wir auf ein ausgewogenes Geschlechterverh\u00e4ltnis und ber\u00fccksichtigen auch W\u00fcnsche der [&hellip;]<\/p>\n","protected":false},"author":2,"featured_media":14237,"parent":4252,"menu_order":125,"comment_status":"closed","ping_status":"closed","template":"","meta":{"_themeisle_gutenberg_block_has_review":false,"_mc_calendar":[],"footnotes":""},"class_list":["post-3413","page","type-page","status-publish","has-post-thumbnail","hentry"],"_links":{"self":[{"href":"https:\/\/goerdeler.lspb.de\/wordpress\/wp-json\/wp\/v2\/pages\/3413","targetHints":{"allow":["GET"]}}],"collection":[{"href":"https:\/\/goerdeler.lspb.de\/wordpress\/wp-json\/wp\/v2\/pages"}],"about":[{"href":"https:\/\/goerdeler.lspb.de\/wordpress\/wp-json\/wp\/v2\/types\/page"}],"author":[{"embeddable":true,"href":"https:\/\/goerdeler.lspb.de\/wordpress\/wp-json\/wp\/v2\/users\/2"}],"replies":[{"embeddable":true,"href":"https:\/\/goerdeler.lspb.de\/wordpress\/wp-json\/wp\/v2\/comments?post=3413"}],"version-history":[{"count":39,"href":"https:\/\/goerdeler.lspb.de\/wordpress\/wp-json\/wp\/v2\/pages\/3413\/revisions"}],"predecessor-version":[{"id":18142,"href":"https:\/\/goerdeler.lspb.de\/wordpress\/wp-json\/wp\/v2\/pages\/3413\/revisions\/18142"}],"up":[{"embeddable":true,"href":"https:\/\/goerdeler.lspb.de\/wordpress\/wp-json\/wp\/v2\/pages\/4252"}],"wp:featuredmedia":[{"embeddable":true,"href":"https:\/\/goerdeler.lspb.de\/wordpress\/wp-json\/wp\/v2\/media\/14237"}],"wp:attachment":[{"href":"https:\/\/goerdeler.lspb.de\/wordpress\/wp-json\/wp\/v2\/media?parent=3413"}],"curies":[{"name":"wp","href":"https:\/\/api.w.org\/{rel}","templated":true}]}}