{"id":3513,"date":"2008-09-15T20:48:19","date_gmt":"2008-09-15T18:48:19","guid":{"rendered":"http:\/\/goerdeler.lspb.de\/wordpress\/unterrichtsfaecher-in-it\/"},"modified":"2026-01-16T09:35:06","modified_gmt":"2026-01-16T08:35:06","slug":"informatik","status":"publish","type":"page","link":"https:\/\/goerdeler.lspb.de\/wordpress\/unterricht\/informatik\/","title":{"rendered":"Informatik"},"content":{"rendered":"\n<p>&#8222;Informatik&#8220; &#8211; das klingt zun\u00e4chst einfach nach &#8222;Programmieren lernen&#8220;. Diese Zeiten sind jedoch schon lange vorbei. Der sichere Umgang mit Betriebssytemen und B\u00fcro-, Autoren- und Projektplanungssoftware ist mittlerweile eine Kulturfertigkeit. Algorithmisches Denken und strukturiertes Arbeiten sind weder nur im Rahmen des Faches Informatik an der Schule, noch in der Arbeitswelt nur bei Leuten gefragt, die sich f\u00fcr das Programmieren interessieren. Sie sind, sicher auch gepr\u00e4gt durch den durchgehenden Einsatz von Informationssystemen, l\u00e4ngst eine wichtige Voraussetzung f\u00fcr alles Lernen und gro\u00dfe Teile der Arbeitswelt.<\/p>\n\n\n\n<p>Aber es geht ja nicht nur darum, in diesem Fach die Bedienung und die Struktur der universellsten aller Maschinen, die die Menschheit erfunden hat, kennen zu lernen. Vielmehr r\u00fccken in den letzten Jahren vermehrt auch Aspekte des Datenschutzes, der informationellen Selbstbestimmung und der Sozialwissenschaften ins Blickfeld der Informatik, die folgerichtig sowohl in der Mittelstufe als auch in der Oberstufe Bestandteil unserer Curricula sind.<\/p>\n\n\n\n<p>Nicht zuletzt setzt bei vielen Jugendlichen eine technische Begeisterung ein, indem sie lernen, Roboter und \/ oder Kleinstcomputer zu programmieren. Die Schulgruppen, die erfolgreich an Wettbewerben wie der First Lego League oder dem zdi-Wettbewerb teilnehmen, zeugen davon.<\/p>\n\n\n\n<h2 class=\"wp-block-heading\">Sekundarstufe I<\/h2>\n\n\n\n<p>Die Informationstechnologie ist ein weites Feld. Im Bereich der Sekundarstufe I r\u00fccken neben den bedientechnischen Kompetenzen auch zunehmend gesellschaftliche und juristische Aspekte in den Vordergrund. Die Auseinandersetzung mit der Bedienung von Office-Produkten, Suchmaschinenrecherche, Grafikbearbeitung, Internetbrowser, E-Mail usw. wird am Goerdeler-Gymnasium gleicher Rang einger\u00e4umt wie der Diskussion \u00fcber Vereinsamungsgefahr, Cybermobbing, Kostenfallen, Datenschutz, Urheberrechtsfragen etc.<\/p>\n\n\n<div class=\"wp-block-image\">\n<figure class=\"aligncenter\"><a href=\"http:\/\/goerdeler.lspb.de\/wordpress\/wp-content\/uploads\/Medienkompetenzen.png\" rel=\"attachment wp-att-3509\"><img loading=\"lazy\" decoding=\"async\" width=\"1024\" height=\"585\" src=\"http:\/\/goerdeler.lspb.de\/wordpress\/wp-content\/uploads\/Medienkompetenzen-1024x585.png\" alt=\"IT-Kompetenzen Sek. I\" class=\"wp-image-3509\" srcset=\"https:\/\/goerdeler.lspb.de\/wordpress\/wp-content\/uploads\/Medienkompetenzen-1024x585.png 1024w, https:\/\/goerdeler.lspb.de\/wordpress\/wp-content\/uploads\/Medienkompetenzen-300x171.png 300w, https:\/\/goerdeler.lspb.de\/wordpress\/wp-content\/uploads\/Medienkompetenzen-500x285.png 500w, https:\/\/goerdeler.lspb.de\/wordpress\/wp-content\/uploads\/Medienkompetenzen.png 1135w\" sizes=\"(max-width: 1024px) 100vw, 1024px\" \/><\/a><\/figure>\n<\/div>\n\n\n<p>Im Differenzierungskurs Informationstechnologie wird der Schwerpunkt im Wesentlichen auf die technischen Grundlagen der IT gelegt. Die Sch\u00fclerinnen und Sch\u00fcler erlernen hier fundamentale Prinzipien der Informatik. Dazu geh\u00f6ren z.B. Aspekte wie Problemanalyse, Nutzung von Vorlagen (Klassen), Messen\/Steuern\/Regeln-Kreise, Steuerzeichen, Rekursion, Verschl\u00fcsselung usw. Diese fachlichen Inhalte werden eingebunden in das Kennenlernen fachspezifischer Techniken wie dem Gestalten von HTML-Seiten, Steuerung von Robotern mit grafischen Programmierumgebungen oder einer nicht objektorientierten Programmiersprache (z.B. Pascal oder JavaScript) und fortgeschrittenem Umgang mit Tabellenkalkulationen.<\/p>\n\n\n\n<h3 class=\"wp-block-heading\">Curricula Sekundarstufe I<\/h3>\n\n\n\n<p>Klicken Sie\u00a0<a href=\"https:\/\/goerdeler.lspb.de\/wordpress\/wp-content\/uploads\/GG_SiLP_G9_Informatik56_2026_01_04.pdf\">hier zum Anzeigen \/ Download des Curriculums f\u00fcr den Informatik-Regelunterricht<\/a>.<\/p>\n\n\n\n<p>Klicken Sie&nbsp;<a rel=\"noreferrer noopener\" href=\"https:\/\/bid.lspb.de\/Download\/Document\/1489218\/\" target=\"_blank\">hier zum Anzeigen \/ Download des Curriculums f\u00fcr den Wahlpflichbereich (WPII)<\/a>.<\/p>\n\n\n\n<h3 class=\"wp-block-heading\"><a id=\"LehrmittelSI\"><\/a>Lehr- und Lernmittel<\/h3>\n\n\n\n<p>In der Mittelstufe verwenden wir selbst erstellte Materialien und verschiedenste Hard- und Software. Dazu z\u00e4hlen insbesondere:<\/p>\n\n\n\n<ul class=\"wp-block-list\">\n<li><a rel=\"noopener noreferrer\" href=\"http:\/\/de.openoffice.org\" target=\"_blank\">OpenOffice <\/a>\/ <a rel=\"noopener noreferrer\" href=\"http:\/\/de.libreoffice.org\" target=\"_blank\">LibreOffice<\/a><\/li>\n\n\n\n<li><a rel=\"noopener noreferrer\" href=\"http:\/\/www.gimp.org\" target=\"_blank\">GIMP<\/a><\/li>\n\n\n\n<li>Verschiedene frei im Web verf\u00fcgbare Simulationen<\/li>\n\n\n\n<li><a rel=\"noopener noreferrer\" href=\"http:\/\/scratch.mit.edu\" target=\"_blank\">Scratch<\/a><\/li>\n\n\n\n<li>JavaScript oder <a rel=\"noopener noreferrer\" href=\"http:\/\/www.lazarus-ide.org\/\" target=\"_blank\">Pascal<\/a><\/li>\n<\/ul>\n\n\n\n<p>Lehrb\u00fccher, die die Vielzahl der von uns abgedeckten Themen ad\u00e4quat abdecken, sind f\u00fcr die Mittelstufe nicht verf\u00fcgbar.<\/p>\n\n\n\n<h2 class=\"wp-block-heading\">Sekundarstufe II<\/h2>\n\n\n\n<p>Als Lehrwerk setzen wir Band 1 und 2 des<a href=\"https:\/\/www.westermann.de\/artikel\/978-3-14-037126-1\/Informatik-Lehrwerk-fuer-die-gymnasiale-Oberstufe-Ausgabe-2014-Schuelerband-1\" target=\"_blank\" rel=\"noreferrer noopener\"> Informatik-Lehrbuches von Sch\u00f6ningh<\/a> ein.<\/p>\n\n\n\n<h3 class=\"wp-block-heading\">Curriculum Sekundarstufe II<\/h3>\n\n\n\n<p>Klicken Sie <a href=\"https:\/\/bid.lspb.de\/Download\/Document\/1186548\/\" target=\"_blank\" rel=\"noopener noreferrer\">hier zum Anzeigen \/ Download der PDF-Datei<\/a>.<\/p>\n\n\n\n<h2 class=\"wp-block-heading\"><a id=\"Leistungsbewertung\"><\/a>Leistungsbewertungskonzept<\/h2>\n\n\n\n<p>Grundz\u00fcge der Leistungsbewertung sind in unseren Curricula (s.o.)&nbsp;beschrieben.<\/p>\n\n\n\n<h2 class=\"wp-block-heading\"><a id=\"Lehrer\"><\/a>Lehrerinnen und Lehrer<\/h2>\n\n\n\n<p>Das Fach Informatik unterrichten<\/p>\n\n\n\n<ul class=\"wp-block-list\">\n<li><a rel=\"noopener noreferrer\" href=\"mailto:uhilwer1@lspb.de\" target=\"_blank\">Herr Hilwerling<\/a><\/li>\n\n\n\n<li><a rel=\"noopener noreferrer\" href=\"mailto:yleeste1@lspb.de\" target=\"_blank\">Frau Lee-Steink\u00e4mper<\/a><\/li>\n\n\n\n<li><a href=\"mailto:tschult1@lspb.de\">Herr Schultz<\/a><\/li>\n\n\n\n<li><a rel=\"noopener noreferrer\" href=\"mailto:rteschn1@lspb.de\" target=\"_blank\">Herr Teschner<\/a><\/li>\n<\/ul>\n\n\n\n<h2 class=\"wp-block-heading\"><a id=\"Fachraeume\"><\/a>Fachr\u00e4ume<\/h2>\n\n\n\n<p>Das Goerdeler-Gymnasium verf\u00fcgt \u00fcber 2 Informatik-Fachr\u00e4ume mit jeweils 16 Sch\u00fcler-Arbeitsstationen. Ein Raum ist mit nativen Windows-Desktop-PCs ausgestattet, der andere verwendet Terminalclients, die eine Windows-Oberfl\u00e4che bieten.<\/p>\n\n\n\n<h2 class=\"wp-block-heading\"><a id=\"Wettbewerbe\"><\/a>Wettbewerbe<\/h2>\n\n\n\n<p>Das Goerdeler-Gymnasium regt seine Informatiksch\u00fclerinnen und -sch\u00fcler regelm\u00e4\u00dfig zur Teilnahme am Bundeswettbewerb Informatik, zur Teilnahme am zdi-Roboterwettbewerb NRW und am Informatik-Biber an und begleitet deren Wettbewerbsfortschritte aktiv. Dieses Engagement wurde im Jahr 2014 durch einen <a href=\"http:\/\/goerdeler.lspb.de\/wordpress\/profil\/wettbewerbe\/bwinf\/\">Bundessieger im Bundeswettbewerb Informatik<\/a> belohnt.<\/p>\n\n\n\n<h2 class=\"wp-block-heading\">Veranstaltungen und Ereignisse<\/h2>\n\n\n<div class=\"wp-block-themeisle-blocks-posts-grid\" id=\"wp-block-themeisle-blocks-posts-grid-4a68ffaa\"><div class=\"is-list\"><div class=\"o-posts-grid-post-blog o-posts-grid-post-plain\"><div class=\"o-posts-grid-post\"><div class=\"o-posts-grid-post-image\"><a href=\"https:\/\/goerdeler.lspb.de\/wordpress\/grosse-erfolge-beim-informatik-biber\/\"><img loading=\"lazy\" decoding=\"async\" width=\"900\" height=\"675\" src=\"https:\/\/goerdeler.lspb.de\/wordpress\/wp-content\/uploads\/2029-01-29_Informatikbiber_HP.jpg\" class=\"attachment-full size-full\" alt=\"Gro\u00dfe Erfolge beim \u201eInformatik-Biber\u201c\" srcset=\"https:\/\/goerdeler.lspb.de\/wordpress\/wp-content\/uploads\/2029-01-29_Informatikbiber_HP.jpg 900w, https:\/\/goerdeler.lspb.de\/wordpress\/wp-content\/uploads\/2029-01-29_Informatikbiber_HP-300x225.jpg 300w, https:\/\/goerdeler.lspb.de\/wordpress\/wp-content\/uploads\/2029-01-29_Informatikbiber_HP-768x576.jpg 768w, https:\/\/goerdeler.lspb.de\/wordpress\/wp-content\/uploads\/2029-01-29_Informatikbiber_HP-585x440.jpg 585w, https:\/\/goerdeler.lspb.de\/wordpress\/wp-content\/uploads\/2029-01-29_Informatikbiber_HP-230x172.jpg 230w\" sizes=\"(max-width: 900px) 100vw, 900px\" \/><\/a><\/div><div class=\"o-posts-grid-post-body\"><h4 class=\"o-posts-grid-post-title\"><a href=\"https:\/\/goerdeler.lspb.de\/wordpress\/grosse-erfolge-beim-informatik-biber\/\">Gro\u00dfe Erfolge beim \u201eInformatik-Biber\u201c<\/a><\/h4><div class=\"o-posts-grid-post-description\"><p>Der Wettbewerb \u201eInformatik-Biber\u201c fand in diesem Schuljahr vom 10. &#8211; 21. November 2025 statt.\u00a0 580.960 Kinder und Jugendliche haben teilgenommen: ein neuer Rekordwert! Auch am Goerdeler-Gymnasium stellten sich 410 Teilnehmer:innen aus den Klass\u2026<\/p><\/div><\/div><\/div><\/div><div class=\"o-posts-grid-post-blog o-posts-grid-post-plain\"><div class=\"o-posts-grid-post\"><div class=\"o-posts-grid-post-image\"><a href=\"https:\/\/goerdeler.lspb.de\/wordpress\/ifb-unterricht-exkursion-des-jg-7-zur-stadtbibliothek\/\"><img loading=\"lazy\" decoding=\"async\" width=\"900\" height=\"675\" src=\"https:\/\/goerdeler.lspb.de\/wordpress\/wp-content\/uploads\/2025-07-02_Stabi_1-1.jpg\" class=\"attachment-full size-full\" alt=\"IFB-Unterricht: Exkursion des Jg. 7 zur Stadtbibliothek\u00a0\u00a0\" srcset=\"https:\/\/goerdeler.lspb.de\/wordpress\/wp-content\/uploads\/2025-07-02_Stabi_1-1.jpg 900w, https:\/\/goerdeler.lspb.de\/wordpress\/wp-content\/uploads\/2025-07-02_Stabi_1-1-300x225.jpg 300w, https:\/\/goerdeler.lspb.de\/wordpress\/wp-content\/uploads\/2025-07-02_Stabi_1-1-768x576.jpg 768w, https:\/\/goerdeler.lspb.de\/wordpress\/wp-content\/uploads\/2025-07-02_Stabi_1-1-585x440.jpg 585w, https:\/\/goerdeler.lspb.de\/wordpress\/wp-content\/uploads\/2025-07-02_Stabi_1-1-230x172.jpg 230w\" sizes=\"(max-width: 900px) 100vw, 900px\" \/><\/a><\/div><div class=\"o-posts-grid-post-body\"><h4 class=\"o-posts-grid-post-title\"><a href=\"https:\/\/goerdeler.lspb.de\/wordpress\/ifb-unterricht-exkursion-des-jg-7-zur-stadtbibliothek\/\">IFB-Unterricht: Exkursion des Jg. 7 zur Stadtbibliothek\u00a0\u00a0<\/a><\/h4><div class=\"o-posts-grid-post-description\"><p>Nachdem im Mai die Klassen 7c und 7d im Rahmen des IFB-Unterrichtes Exkursionen in der Stadtbibliothek unternommen hatten, waren j\u00fcngst die Klassen 7a und 7b an der Reihe. Zu Fu\u00df ging es bei gutem Wetter an der Pader entlang bis zur Stadtbibliothek. \u2026<\/p><\/div><\/div><\/div><\/div><div class=\"o-posts-grid-post-blog o-posts-grid-post-plain\"><div class=\"o-posts-grid-post\"><div class=\"o-posts-grid-post-image\"><a href=\"https:\/\/goerdeler.lspb.de\/wordpress\/informatikkurs-der-ef-besucht-connext-vivendi\/\"><img loading=\"lazy\" decoding=\"async\" width=\"900\" height=\"464\" src=\"https:\/\/goerdeler.lspb.de\/wordpress\/wp-content\/uploads\/2025-06-17_Connext_1.jpg\" class=\"attachment-full size-full\" alt=\"Informatikkurs der EF besucht Connext Vivendi\" srcset=\"https:\/\/goerdeler.lspb.de\/wordpress\/wp-content\/uploads\/2025-06-17_Connext_1.jpg 900w, https:\/\/goerdeler.lspb.de\/wordpress\/wp-content\/uploads\/2025-06-17_Connext_1-300x155.jpg 300w, https:\/\/goerdeler.lspb.de\/wordpress\/wp-content\/uploads\/2025-06-17_Connext_1-768x396.jpg 768w\" sizes=\"(max-width: 900px) 100vw, 900px\" \/><\/a><\/div><div class=\"o-posts-grid-post-body\"><h4 class=\"o-posts-grid-post-title\"><a href=\"https:\/\/goerdeler.lspb.de\/wordpress\/informatikkurs-der-ef-besucht-connext-vivendi\/\">Informatikkurs der EF besucht Connext Vivendi<\/a><\/h4><div class=\"o-posts-grid-post-description\"><p>Am 17. Juni 2025 unternahm der Informatikkurs der Jahrgangsstufe EF des Goerdeler-Gymnasiums eine Exkursion zur Firma Connext Vivendi in Paderborn.Der Besuch wurde von der Fachhochschule der Wirtschaft (FHDW), die sich seit Jahren f\u00fcr die F\u00f6rderung v\u2026<\/p><\/div><\/div><\/div><\/div><div class=\"o-posts-grid-post-blog o-posts-grid-post-plain\"><div class=\"o-posts-grid-post\"><div class=\"o-posts-grid-post-image\"><a href=\"https:\/\/goerdeler.lspb.de\/wordpress\/workshops-zur-digitalen-sicherheit-in-der-stadtbibliothek\/\"><img loading=\"lazy\" decoding=\"async\" width=\"900\" height=\"675\" src=\"https:\/\/goerdeler.lspb.de\/wordpress\/wp-content\/uploads\/2025-05-25_WorkshopStadtbibliothek_1.jpg\" class=\"attachment-full size-full\" alt=\"Workshops zur digitalen Sicherheit in der Stadtbibliothek\" srcset=\"https:\/\/goerdeler.lspb.de\/wordpress\/wp-content\/uploads\/2025-05-25_WorkshopStadtbibliothek_1.jpg 900w, https:\/\/goerdeler.lspb.de\/wordpress\/wp-content\/uploads\/2025-05-25_WorkshopStadtbibliothek_1-300x225.jpg 300w, https:\/\/goerdeler.lspb.de\/wordpress\/wp-content\/uploads\/2025-05-25_WorkshopStadtbibliothek_1-768x576.jpg 768w, https:\/\/goerdeler.lspb.de\/wordpress\/wp-content\/uploads\/2025-05-25_WorkshopStadtbibliothek_1-585x440.jpg 585w, https:\/\/goerdeler.lspb.de\/wordpress\/wp-content\/uploads\/2025-05-25_WorkshopStadtbibliothek_1-230x172.jpg 230w\" sizes=\"(max-width: 900px) 100vw, 900px\" \/><\/a><\/div><div class=\"o-posts-grid-post-body\"><h4 class=\"o-posts-grid-post-title\"><a href=\"https:\/\/goerdeler.lspb.de\/wordpress\/workshops-zur-digitalen-sicherheit-in-der-stadtbibliothek\/\">Workshops zur digitalen Sicherheit in der Stadtbibliothek<\/a><\/h4><div class=\"o-posts-grid-post-description\"><p>Im Rahmen des IFB-Unterrichtes (IFB = Informatische Grundbildung) nahmen die Klassen 7 k\u00fcrzlich an verschiedenen Workshops zur digitalen Sicherheit in der Stadtbibliothek teil. Im Workshop \u201eDer gl\u00e4serne Mensch\u201c erfuhren die Teilnehmenden, wie viele p\u2026<\/p><\/div><\/div><\/div><\/div><div class=\"o-posts-grid-post-blog o-posts-grid-post-plain\"><div class=\"o-posts-grid-post\"><div class=\"o-posts-grid-post-image\"><a href=\"https:\/\/goerdeler.lspb.de\/wordpress\/erfolge-beim-informatik-biber-2024-25\/\"><img loading=\"lazy\" decoding=\"async\" width=\"900\" height=\"611\" src=\"https:\/\/goerdeler.lspb.de\/wordpress\/wp-content\/uploads\/2025-01-27_Informatikbiber_HP.jpg\" class=\"attachment-full size-full\" alt=\"Erfolge beim \u201eInformatik-Biber\u201c 2024\/25\" srcset=\"https:\/\/goerdeler.lspb.de\/wordpress\/wp-content\/uploads\/2025-01-27_Informatikbiber_HP.jpg 900w, https:\/\/goerdeler.lspb.de\/wordpress\/wp-content\/uploads\/2025-01-27_Informatikbiber_HP-300x204.jpg 300w, https:\/\/goerdeler.lspb.de\/wordpress\/wp-content\/uploads\/2025-01-27_Informatikbiber_HP-768x521.jpg 768w\" sizes=\"(max-width: 900px) 100vw, 900px\" \/><\/a><\/div><div class=\"o-posts-grid-post-body\"><h4 class=\"o-posts-grid-post-title\"><a href=\"https:\/\/goerdeler.lspb.de\/wordpress\/erfolge-beim-informatik-biber-2024-25\/\">Erfolge beim \u201eInformatik-Biber\u201c 2024\/25<\/a><\/h4><div class=\"o-posts-grid-post-description\"><p>Der Wettbewerb \u201eInformatik-Biber\u201c fand in diesem Schuljahr vom 4. bis 15. November 2024 statt. 542.997 Kindern und Jugendlichen aus \u00fcber 2700 Schulen haben teilgenommen: ein neuer Rekordwert! Auch am Goerdeler-Gymnasium stellten sich insgesamt 357 Te\u2026<\/p><\/div><\/div><\/div><\/div><div class=\"o-posts-grid-post-blog o-posts-grid-post-plain\"><div class=\"o-posts-grid-post\"><div class=\"o-posts-grid-post-image\"><a href=\"https:\/\/goerdeler.lspb.de\/wordpress\/tolle-leistungen-beim-informatik-biber\/\"><img loading=\"lazy\" decoding=\"async\" width=\"900\" height=\"600\" src=\"https:\/\/goerdeler.lspb.de\/wordpress\/wp-content\/uploads\/2024-02-01_Informatikbiber.jpg\" class=\"attachment-full size-full\" alt=\"Tolle Leistungen beim \u201eInformatik-Biber\u201c\" srcset=\"https:\/\/goerdeler.lspb.de\/wordpress\/wp-content\/uploads\/2024-02-01_Informatikbiber.jpg 900w, https:\/\/goerdeler.lspb.de\/wordpress\/wp-content\/uploads\/2024-02-01_Informatikbiber-300x200.jpg 300w, https:\/\/goerdeler.lspb.de\/wordpress\/wp-content\/uploads\/2024-02-01_Informatikbiber-768x512.jpg 768w\" sizes=\"(max-width: 900px) 100vw, 900px\" \/><\/a><\/div><div class=\"o-posts-grid-post-body\"><h4 class=\"o-posts-grid-post-title\"><a href=\"https:\/\/goerdeler.lspb.de\/wordpress\/tolle-leistungen-beim-informatik-biber\/\">Tolle Leistungen beim \u201eInformatik-Biber\u201c<\/a><\/h4><div class=\"o-posts-grid-post-description\"><p>Der Wettbewerb \u201eInformatik-Biber\u201c fand in diesem Schuljahr vom 6. bis 17. November 2023 statt.&nbsp; Etwa 517.000 Kinder und Jugendliche aus \u00fcber 2700 Schulen haben teilgenommen: ein neuer Rekordwert! Auch am Goerdeler-Gymnasium stellten sich die Tei\u2026<\/p><\/div><\/div><\/div><\/div><\/div> <\/div>","protected":false},"excerpt":{"rendered":"<p>&#8222;Informatik&#8220; &#8211; das klingt zun\u00e4chst einfach nach &#8222;Programmieren lernen&#8220;. Diese Zeiten sind jedoch schon lange vorbei. Der sichere Umgang mit Betriebssytemen und B\u00fcro-, Autoren- und Projektplanungssoftware ist mittlerweile eine Kulturfertigkeit. Algorithmisches Denken und strukturiertes Arbeiten sind weder nur im Rahmen des Faches Informatik an der Schule, noch in der Arbeitswelt nur bei Leuten gefragt, die [&hellip;]<\/p>\n","protected":false},"author":2,"featured_media":0,"parent":4384,"menu_order":123,"comment_status":"closed","ping_status":"closed","template":"","meta":{"_themeisle_gutenberg_block_has_review":false,"_mc_calendar":[],"footnotes":""},"class_list":["post-3513","page","type-page","status-publish","hentry"],"_links":{"self":[{"href":"https:\/\/goerdeler.lspb.de\/wordpress\/wp-json\/wp\/v2\/pages\/3513","targetHints":{"allow":["GET"]}}],"collection":[{"href":"https:\/\/goerdeler.lspb.de\/wordpress\/wp-json\/wp\/v2\/pages"}],"about":[{"href":"https:\/\/goerdeler.lspb.de\/wordpress\/wp-json\/wp\/v2\/types\/page"}],"author":[{"embeddable":true,"href":"https:\/\/goerdeler.lspb.de\/wordpress\/wp-json\/wp\/v2\/users\/2"}],"replies":[{"embeddable":true,"href":"https:\/\/goerdeler.lspb.de\/wordpress\/wp-json\/wp\/v2\/comments?post=3513"}],"version-history":[{"count":38,"href":"https:\/\/goerdeler.lspb.de\/wordpress\/wp-json\/wp\/v2\/pages\/3513\/revisions"}],"predecessor-version":[{"id":19019,"href":"https:\/\/goerdeler.lspb.de\/wordpress\/wp-json\/wp\/v2\/pages\/3513\/revisions\/19019"}],"up":[{"embeddable":true,"href":"https:\/\/goerdeler.lspb.de\/wordpress\/wp-json\/wp\/v2\/pages\/4384"}],"wp:attachment":[{"href":"https:\/\/goerdeler.lspb.de\/wordpress\/wp-json\/wp\/v2\/media?parent=3513"}],"curies":[{"name":"wp","href":"https:\/\/api.w.org\/{rel}","templated":true}]}}