{"id":3908,"date":"2013-02-26T11:25:07","date_gmt":"2013-02-26T10:25:07","guid":{"rendered":"http:\/\/goerdeler.lspb.de\/wordpress\/die-schuelervertretung-des-goerdeler-gymnasiums\/"},"modified":"2025-11-10T14:20:08","modified_gmt":"2025-11-10T13:20:08","slug":"sv","status":"publish","type":"page","link":"https:\/\/goerdeler.lspb.de\/wordpress\/personen\/sv\/","title":{"rendered":"Sch\u00fclervertretung"},"content":{"rendered":"\n<p>Die Sch\u00fclervertretung (SV) bildet den Vorsitz des Sch\u00fclerrates des&nbsp;Goerdeler-Gymnasiums. Dieser wird gebildet durch die gew\u00e4hlten Vertreter der&nbsp;Klassen (Klassensprecher) und Jahrg\u00e4nge (Jahrgangsstufensprecher). W\u00e4hrend der&nbsp;ersten Sch\u00fclerratssitzung des Schuljahres werden der Sch\u00fclersprecher, die&nbsp;Verbindungslehrer sowie die Vertreter f\u00fcr Schulkonferenz gew\u00e4hlt.<\/p>\n\n\n\n<figure class=\"wp-block-image size-full\"><img loading=\"lazy\" decoding=\"async\" width=\"900\" height=\"675\" src=\"https:\/\/goerdeler.lspb.de\/wordpress\/wp-content\/uploads\/2025-09-29_neue_SV.jpg\" alt=\"\" class=\"wp-image-18316\" srcset=\"https:\/\/goerdeler.lspb.de\/wordpress\/wp-content\/uploads\/2025-09-29_neue_SV.jpg 900w, https:\/\/goerdeler.lspb.de\/wordpress\/wp-content\/uploads\/2025-09-29_neue_SV-300x225.jpg 300w, https:\/\/goerdeler.lspb.de\/wordpress\/wp-content\/uploads\/2025-09-29_neue_SV-768x576.jpg 768w, https:\/\/goerdeler.lspb.de\/wordpress\/wp-content\/uploads\/2025-09-29_neue_SV-585x440.jpg 585w, https:\/\/goerdeler.lspb.de\/wordpress\/wp-content\/uploads\/2025-09-29_neue_SV-230x172.jpg 230w\" sizes=\"auto, (max-width: 900px) 100vw, 900px\" \/><\/figure>\n\n\n\n<p><em>Die Sch\u00fclersprecherin Adelina Altajev (Mitte) mit ihren beiden Stellvertretern Abiraami Alageswaran<\/em> <em>und Jonanthan Buddensiek sowie den Verbindungslehrkr\u00e4ften Florian Schumacher (links) und Bernadette Schmidt (rechts) im September 2025.<\/em><\/p>\n\n\n\n<p>Die SV des Goerdeler-Gymnasiums bietet interessierten Sch\u00fclern die M\u00f6glichkeit, sich au\u00dferunterrichtlich zu engagieren. Jeder Sch\u00fcler ist daher willkommen! Die Mitglieder der SV machen sich f\u00fcr die Belange der gesamten Sch\u00fclerschaft stark. So vertritt die SV die Interessen und Rechte der Sch\u00fcler und bietet ihnen jederzeit ein Forum zur freien Meinungs\u00e4u\u00dferung.<\/p>\n\n\n\n<p>Die Mitglieder der SV sind somit Ansprechpartner f\u00fcr die Probleme und Anliegen der Sch\u00fcler. Dabei versteht sie sich z.B. als Mittler bei Konflikten unter Sch\u00fclern, aber auch als Ansprechpartner bei Problemen zwischen Sch\u00fclerschaft und Lehrerschaft.<\/p>\n\n\n\n<p>Dar\u00fcber hinaus wirkt die SV in verschiedenen Bereichen aktiv bei der Gestaltung des Schullebens mit. So besteht z.B. eine wesentliche Aufgabe der SV darin, die Sch\u00fclerschaft in der Schulkonferenz zu vertreten und dort gemeinsam mit Eltern, Lehrern und Schulleitung \u00fcber die wichtigen Fragen des Schulalltags abzustimmen.<\/p>\n\n\n\n<p>Ein weiteres Anliegen der Goerdeler-SV ist, Neuank\u00f6mmlingen an unserer Schule unterst\u00fctzend zur Seite zu stehen. Daf\u00fcr suchen wir in jedem Fr\u00fchjahr Sch\u00fcler aus den h\u00f6heren Klassen, die eine \u201ePatenschaft\u201c f\u00fcr die Sch\u00fcler der f\u00fcnften Klassen \u00fcbernehmen m\u00f6chten, um diesen das \u201eAnkommen\u201c an unserer Schule zu erleichtern und ihnen mit Rat und Tat zur Seite zu stehen.<\/p>\n\n\n\n<p>Die Arbeit der SV zeichnet sich zus\u00e4tzlich durch soziales Engagement aus. Die SV organisiert regelm\u00e4\u00dfig schulinterne Projekte (z.B. \u201ePfand f\u00fcr Peru\u201c), kooperiert aber auch mit anderen Paderborner Schulen (z.B. Sammelaktionen f\u00fcr die Paderborner Tafel). Auch an \u00fcberregionalen Projekten sind wir beteiligt. So engagiert sich die Sch\u00fclervertretung des Goerdeler-Gymnasiums seit vielen Jahren gegen Rassismus jeglicher Art. Um diesen Gedanken zu f\u00f6rdern, wurde unserer Schule im Dezember 2010 die Auszeichnung \u201eSchule ohne Rassismus \u2013 Schule mit Courage\u201c verliehen. In diesem Zusammenhang finden regelm\u00e4\u00dfige Aktionen gegen Diskriminierung statt.<\/p>\n\n\n\n<p>Im laufenden Schuljahr 2025\/26 wurde Adelina Altajev aus der Jahrgangsstufe EF zur neuen Sch\u00fclersprecherin gew\u00e4hlt. Ihr zur Seite steht Abiraami Alageswaran (auch EF) als stellvertretende Sch\u00fclersprecherin. Zum zweiten stellvertretenden Sch\u00fclersprecher wurde Jonathan Buddensiek aus der Q1 gew\u00e4hlt, der im letzten Schuljahr das Amt des Sch\u00fclersprechers bekleidet hatte. <br>Zudem unterst\u00fctzen Frau Schmidt und Herr Schumacher als VerbindungslehrerInnen die Arbeit der SV.<\/p>\n\n\n\n<p>Zurzeit trifft sich die SV jeden Montag in der 7. Stunde im Demokratieraum, in dem wir eine Anlaufstelle f\u00fcr die Belangen der Sch\u00fcler sind. Alle interessierten Sch\u00fclerinnen und Sch\u00fcler sind herzlich f\u00fcr Anregungen und Mitarbeit in der SV willkommen!<\/p>\n\n\n\n<figure class=\"wp-block-image size-full\"><a href=\"https:\/\/goerdeler.lspb.de\/wordpress\/wp-content\/uploads\/2025-11-10_SV_HP.jpg\"><img loading=\"lazy\" decoding=\"async\" width=\"900\" height=\"600\" src=\"https:\/\/goerdeler.lspb.de\/wordpress\/wp-content\/uploads\/2025-11-10_SV_HP.jpg\" alt=\"\" class=\"wp-image-18584\" srcset=\"https:\/\/goerdeler.lspb.de\/wordpress\/wp-content\/uploads\/2025-11-10_SV_HP.jpg 900w, https:\/\/goerdeler.lspb.de\/wordpress\/wp-content\/uploads\/2025-11-10_SV_HP-300x200.jpg 300w, https:\/\/goerdeler.lspb.de\/wordpress\/wp-content\/uploads\/2025-11-10_SV_HP-768x512.jpg 768w\" sizes=\"auto, (max-width: 900px) 100vw, 900px\" \/><\/a><\/figure>\n\n\n\n<p><em>Die aktive SV im Schuljahr 2025\/26.<\/em><\/p>\n","protected":false},"excerpt":{"rendered":"<p>Die Sch\u00fclervertretung (SV) bildet den Vorsitz des Sch\u00fclerrates des&nbsp;Goerdeler-Gymnasiums. Dieser wird gebildet durch die gew\u00e4hlten Vertreter der&nbsp;Klassen (Klassensprecher) und Jahrg\u00e4nge (Jahrgangsstufensprecher). W\u00e4hrend der&nbsp;ersten Sch\u00fclerratssitzung des Schuljahres werden der Sch\u00fclersprecher, die&nbsp;Verbindungslehrer sowie die Vertreter f\u00fcr Schulkonferenz gew\u00e4hlt. Die Sch\u00fclersprecherin Adelina Altajev (Mitte) mit ihren beiden Stellvertretern Abiraami Alageswaran und Jonanthan Buddensiek sowie den Verbindungslehrkr\u00e4ften Florian Schumacher [&hellip;]<\/p>\n","protected":false},"author":11,"featured_media":0,"parent":4221,"menu_order":86,"comment_status":"closed","ping_status":"closed","template":"","meta":{"_themeisle_gutenberg_block_has_review":false,"_mc_calendar":[],"footnotes":""},"class_list":["post-3908","page","type-page","status-publish","hentry"],"_links":{"self":[{"href":"https:\/\/goerdeler.lspb.de\/wordpress\/wp-json\/wp\/v2\/pages\/3908","targetHints":{"allow":["GET"]}}],"collection":[{"href":"https:\/\/goerdeler.lspb.de\/wordpress\/wp-json\/wp\/v2\/pages"}],"about":[{"href":"https:\/\/goerdeler.lspb.de\/wordpress\/wp-json\/wp\/v2\/types\/page"}],"author":[{"embeddable":true,"href":"https:\/\/goerdeler.lspb.de\/wordpress\/wp-json\/wp\/v2\/users\/11"}],"replies":[{"embeddable":true,"href":"https:\/\/goerdeler.lspb.de\/wordpress\/wp-json\/wp\/v2\/comments?post=3908"}],"version-history":[{"count":32,"href":"https:\/\/goerdeler.lspb.de\/wordpress\/wp-json\/wp\/v2\/pages\/3908\/revisions"}],"predecessor-version":[{"id":18586,"href":"https:\/\/goerdeler.lspb.de\/wordpress\/wp-json\/wp\/v2\/pages\/3908\/revisions\/18586"}],"up":[{"embeddable":true,"href":"https:\/\/goerdeler.lspb.de\/wordpress\/wp-json\/wp\/v2\/pages\/4221"}],"wp:attachment":[{"href":"https:\/\/goerdeler.lspb.de\/wordpress\/wp-json\/wp\/v2\/media?parent=3908"}],"curies":[{"name":"wp","href":"https:\/\/api.w.org\/{rel}","templated":true}]}}