{"id":3997,"date":"2013-11-13T00:00:00","date_gmt":"2013-11-12T23:00:00","guid":{"rendered":"http:\/\/goerdeler.lspb.de\/wordpress\/foerderverein-2\/"},"modified":"2023-12-18T16:10:25","modified_gmt":"2023-12-18T15:10:25","slug":"foerderverein","status":"publish","type":"page","link":"https:\/\/goerdeler.lspb.de\/wordpress\/personen\/foerderverein\/","title":{"rendered":"F\u00f6rderverein"},"content":{"rendered":"<p>Bereits im Jahre 1969, zwei Jahre nach Gr\u00fcndung der Schule, wurde der F\u00f6rderverein f\u00fcr das Goerdeler-Gymnasium ins Leben gerufen. Das satzungsgem\u00e4\u00dfe Ziel des Vereins ist die Bereitstellung von Mitteln zum Ausbau schulischer Einrichtungen und zur F\u00f6rderung der Sch\u00fcler und ihrer Ausbildung, soweit \u00f6ffentliche Gelder nicht vorhanden sind. Wir merken jedoch an, dass wir uns nicht als L\u00fcckenb\u00fc\u00dfer bei Ausfall \u00f6ffentlicher Mittel f\u00fcr den ureigentlichen Schulbedarf sehen. Uns geht es um zus\u00e4tzliche Chancen f\u00fcr unsere Kinder.<\/p>\n<table class=\" aligncenter\" style=\"border-color: #ffffff;\">\n<tbody>\n<tr>\n<td style=\"border-color: #ffffff;\">Daher unterst\u00fctzen wir u.a.<\/p>\n<ul>\n<li>den Goerdeler Schulchor<\/li>\n<li>die Big-Band des Goerdeler-Gymnasiums<\/li>\n<li>Sch\u00fcler-Arbeitsgruppen au\u00dferhalb des Regelunterrichts<\/li>\n<li>Teilnahmen an Sch\u00fcler-Wettbewerben<\/li>\n<li>Fachexkursionen durch Zusch\u00fcsse<\/li>\n<li>den regelm\u00e4\u00dfigen Sch\u00fcleraustausch mit der John Buchan School<\/li>\n<li>die Anschaffung spezieller Unterrichtsmaterialien, die nicht durch den Schuletat gedeckt sind<\/li>\n<li>Klassenfahrten in H\u00e4rtef\u00e4llen<\/li>\n<\/ul>\n<p>Aktuelle Einzelanschaffungen durch den F\u00f6rderverein waren zum Beispiel Gr\u00fcnpflanzen und gro\u00dfe Blument\u00f6pfe f\u00fcr die Pausenhalle sowie die Neubepflanzung des Schulteiches. Auch die Schulsanit\u00e4ter- und die Sporthelferausbildung sind mitfinanziert worden.<br \/>\nGerne nehmen wir auch immer kreative Vorschl\u00e4ge f\u00fcr F\u00f6rderma\u00dfnahmen von den Sch\u00fclerinnen und Sch\u00fclern, vom Kollegium und auch von den Eltern an. Jede beantragte F\u00f6rderung wird im Vorstand beraten und per Mehrheitsbeschluss entschieden.<\/p>\n<p>Sie k\u00f6nnen einfach und effektiv durch eine Mitgliedschaft an\u00a0 der Unterst\u00fctzung unserer \u00a0Kinder teilhaben und das schon ab umgerechnet 1,50 Euro pro Monat. Dabei wollen wir es Ihnen so einfach wie m\u00f6glich machen, indem Sie einen Dauerauftrag zu Gunsten des F\u00f6rdervereins einrichten oder uns ein Lastschriftsmandat erteilen. Ihre Mitgliedschaft endet automatisch bei Einstellung der Zahlungen, eine gesonderte K\u00fcndigung ist nicht notwendig.<\/p>\n<p>Bis zu einer H\u00f6he von 200,- Euro pro Jahr sind Spenden auch ohne Zuwendungsbest\u00e4tigung steuerlich absetzbar. Der F\u00f6rderverein ist als gemeinn\u00fctzig und besonders f\u00f6rderungsw\u00fcrdig anerkannt. Die bezahlten Betr\u00e4ge sind steuerlich abzugsf\u00e4hig. Die Beitrittserkl\u00e4rung k\u00f6nnen Sie uns auch \u00fcber das Schulsekretariat oder die Klassenleitung ihres Kindes zukommen lassen.<\/p>\n<p>Das Formular f\u00fcr Ihre Beitrittserkl\u00e4rung (inkl. SEPA-Lastschriftsmandat) k\u00f6nnen Sie hier herunterladen:<\/p>\n<ul>\n<li><a href=\"https:\/\/goerdeler.lspb.de\/wordpress\/wp-content\/uploads\/Beitrittserklaerung_mit_Lastschrift.pdf\">Formular: Beitrittserkl\u00e4rung F\u00f6rderverein<\/a><\/li>\n<\/ul>\n<p>Sie k\u00f6nnen uns per E-mail unter <a href=\"mailto:foerderverein@goerdeler-gymnasium.de\">foerderverein@goerdeler-gymnasium.de<\/a> erreichen.<\/p>\n<p style=\"text-align: left;\"><em>Der Vorstand des F\u00f6rdervereins<br \/>\n<\/em><em>Dr. Wiebke Jensen (Vorsitzende)<br \/>\nReinhard Engels \u00a0(stellv. Vors. und Kassenwart)<br \/>\nThorsten Bunse (stellv. Vors. und Schriftf\u00fchrer)<\/em><\/p>\n<\/td>\n<td style=\"width: 33%; border-color: #ffffff;\">\n<div id=\"attachment_5597\" style=\"width: 310px\" class=\"wp-caption aligncenter\"><a href=\"http:\/\/goerdeler.lspb.de\/wordpress\/wp-content\/uploads\/2015-11-30BetreuungIMG_0039.jpg\" rel=\"attachment wp-att-5597\"><img loading=\"lazy\" decoding=\"async\" aria-describedby=\"caption-attachment-5597\" class=\"wp-image-5597 size-medium\" src=\"http:\/\/goerdeler.lspb.de\/wordpress\/wp-content\/uploads\/2015-11-30BetreuungIMG_0039-300x208.jpg\" alt=\"Spiele f\u00fcr die \u00dcbermittagsbetreuung\" width=\"300\" height=\"208\" srcset=\"https:\/\/goerdeler.lspb.de\/wordpress\/wp-content\/uploads\/2015-11-30BetreuungIMG_0039-300x208.jpg 300w, https:\/\/goerdeler.lspb.de\/wordpress\/wp-content\/uploads\/2015-11-30BetreuungIMG_0039-768x533.jpg 768w, https:\/\/goerdeler.lspb.de\/wordpress\/wp-content\/uploads\/2015-11-30BetreuungIMG_0039.jpg 1011w\" sizes=\"auto, (max-width: 300px) 100vw, 300px\" \/><\/a><p id=\"caption-attachment-5597\" class=\"wp-caption-text\">Spiele f\u00fcr die \u00dcbermittagsbetreuung<\/p><\/div>\n<div id=\"attachment_5594\" style=\"width: 310px\" class=\"wp-caption aligncenter\"><a href=\"http:\/\/goerdeler.lspb.de\/wordpress\/wp-content\/uploads\/2014-05-10Biolabor_Gruppenbild.jpg\" rel=\"attachment wp-att-5594\"><img loading=\"lazy\" decoding=\"async\" aria-describedby=\"caption-attachment-5594\" class=\"size-medium wp-image-5594\" src=\"http:\/\/goerdeler.lspb.de\/wordpress\/wp-content\/uploads\/2014-05-10Biolabor_Gruppenbild-300x150.jpg\" alt=\"Zuschuss f\u00fcr Fachexkursionen\" width=\"300\" height=\"150\" srcset=\"https:\/\/goerdeler.lspb.de\/wordpress\/wp-content\/uploads\/2014-05-10Biolabor_Gruppenbild-300x150.jpg 300w, https:\/\/goerdeler.lspb.de\/wordpress\/wp-content\/uploads\/2014-05-10Biolabor_Gruppenbild-768x383.jpg 768w, https:\/\/goerdeler.lspb.de\/wordpress\/wp-content\/uploads\/2014-05-10Biolabor_Gruppenbild.jpg 1024w\" sizes=\"auto, (max-width: 300px) 100vw, 300px\" \/><\/a><p id=\"caption-attachment-5594\" class=\"wp-caption-text\">Zuschuss f\u00fcr Fachexkursionen<\/p><\/div>\n<div id=\"attachment_5596\" style=\"width: 310px\" class=\"wp-caption aligncenter\"><a href=\"http:\/\/goerdeler.lspb.de\/wordpress\/wp-content\/uploads\/2015-06-17Austauschfahrt_JohnBuchan_Berlebeck.jpg\" rel=\"attachment wp-att-5596\"><img loading=\"lazy\" decoding=\"async\" aria-describedby=\"caption-attachment-5596\" class=\"wp-image-5596 size-medium\" src=\"http:\/\/goerdeler.lspb.de\/wordpress\/wp-content\/uploads\/2015-06-17Austauschfahrt_JohnBuchan_Berlebeck-300x194.jpg\" alt=\"Unterst\u00fctzung des Austauschprogramms\" width=\"300\" height=\"194\" srcset=\"https:\/\/goerdeler.lspb.de\/wordpress\/wp-content\/uploads\/2015-06-17Austauschfahrt_JohnBuchan_Berlebeck-300x194.jpg 300w, https:\/\/goerdeler.lspb.de\/wordpress\/wp-content\/uploads\/2015-06-17Austauschfahrt_JohnBuchan_Berlebeck-768x497.jpg 768w, https:\/\/goerdeler.lspb.de\/wordpress\/wp-content\/uploads\/2015-06-17Austauschfahrt_JohnBuchan_Berlebeck.jpg 1024w\" sizes=\"auto, (max-width: 300px) 100vw, 300px\" \/><\/a><p id=\"caption-attachment-5596\" class=\"wp-caption-text\">Unterst\u00fctzung des Austauschprogramms<\/p><\/div>\n<div id=\"attachment_5593\" style=\"width: 310px\" class=\"wp-caption aligncenter\"><a href=\"http:\/\/goerdeler.lspb.de\/wordpress\/wp-content\/uploads\/0_2012-12-12_20-14-04goerdeler_2-1.png\" rel=\"attachment wp-att-5593\"><img loading=\"lazy\" decoding=\"async\" aria-describedby=\"caption-attachment-5593\" class=\"size-medium wp-image-5593\" src=\"http:\/\/goerdeler.lspb.de\/wordpress\/wp-content\/uploads\/0_2012-12-12_20-14-04goerdeler_2-1-300x200.png\" alt=\"F\u00f6rderung der Musikgruppen (Bands und Chor)\" width=\"300\" height=\"200\" srcset=\"https:\/\/goerdeler.lspb.de\/wordpress\/wp-content\/uploads\/0_2012-12-12_20-14-04goerdeler_2-1-300x200.png 300w, https:\/\/goerdeler.lspb.de\/wordpress\/wp-content\/uploads\/0_2012-12-12_20-14-04goerdeler_2-1.png 720w\" sizes=\"auto, (max-width: 300px) 100vw, 300px\" \/><\/a><p id=\"caption-attachment-5593\" class=\"wp-caption-text\">F\u00f6rderung der Musikgruppen (Bands und Chor)<\/p><\/div>\n<p><a href=\"http:\/\/goerdeler.lspb.de\/wordpress\/wp-content\/uploads\/2014-12-12GoerdsonSong.png\" rel=\"attachment wp-att-5595\"><img loading=\"lazy\" decoding=\"async\" class=\"size-medium wp-image-5595\" src=\"http:\/\/goerdeler.lspb.de\/wordpress\/wp-content\/uploads\/2014-12-12GoerdsonSong-300x200.png\" alt=\"F\u00f6rderung der Musikgruppen (Bands und Chor)\" width=\"300\" height=\"200\" srcset=\"https:\/\/goerdeler.lspb.de\/wordpress\/wp-content\/uploads\/2014-12-12GoerdsonSong-300x200.png 300w, https:\/\/goerdeler.lspb.de\/wordpress\/wp-content\/uploads\/2014-12-12GoerdsonSong.png 720w\" sizes=\"auto, (max-width: 300px) 100vw, 300px\" \/><\/a><\/td>\n<\/tr>\n<\/tbody>\n<\/table>\n<p><em>\u00a0<\/em><\/p>\n","protected":false},"excerpt":{"rendered":"<h1>Der F&ouml;rderverein des GG <\/h1>\n<p>\n1. Vorsitzender:\n<\/p>\n<div>\nHerr Reimann\n<\/div>\n<div>\n<a href=\"mailto:foerderverein@goerdeler-gymnasium.de\">foerderverein@goerdeler-gymnasium.de<\/a>\n<\/div>\n","protected":false},"author":11,"featured_media":0,"parent":4221,"menu_order":118,"comment_status":"closed","ping_status":"closed","template":"","meta":{"_themeisle_gutenberg_block_has_review":false,"_mc_calendar":[],"footnotes":""},"class_list":["post-3997","page","type-page","status-publish","hentry"],"_links":{"self":[{"href":"https:\/\/goerdeler.lspb.de\/wordpress\/wp-json\/wp\/v2\/pages\/3997","targetHints":{"allow":["GET"]}}],"collection":[{"href":"https:\/\/goerdeler.lspb.de\/wordpress\/wp-json\/wp\/v2\/pages"}],"about":[{"href":"https:\/\/goerdeler.lspb.de\/wordpress\/wp-json\/wp\/v2\/types\/page"}],"author":[{"embeddable":true,"href":"https:\/\/goerdeler.lspb.de\/wordpress\/wp-json\/wp\/v2\/users\/11"}],"replies":[{"embeddable":true,"href":"https:\/\/goerdeler.lspb.de\/wordpress\/wp-json\/wp\/v2\/comments?post=3997"}],"version-history":[{"count":27,"href":"https:\/\/goerdeler.lspb.de\/wordpress\/wp-json\/wp\/v2\/pages\/3997\/revisions"}],"predecessor-version":[{"id":15087,"href":"https:\/\/goerdeler.lspb.de\/wordpress\/wp-json\/wp\/v2\/pages\/3997\/revisions\/15087"}],"up":[{"embeddable":true,"href":"https:\/\/goerdeler.lspb.de\/wordpress\/wp-json\/wp\/v2\/pages\/4221"}],"wp:attachment":[{"href":"https:\/\/goerdeler.lspb.de\/wordpress\/wp-json\/wp\/v2\/media?parent=3997"}],"curies":[{"name":"wp","href":"https:\/\/api.w.org\/{rel}","templated":true}]}}