{"id":4027,"date":"2014-01-20T15:22:33","date_gmt":"2014-01-20T14:22:33","guid":{"rendered":"http:\/\/goerdeler.lspb.de\/wordpress\/nawi-klasse\/"},"modified":"2019-09-12T12:22:51","modified_gmt":"2019-09-12T10:22:51","slug":"mint","status":"publish","type":"page","link":"https:\/\/goerdeler.lspb.de\/wordpress\/unsere-schule\/mint\/","title":{"rendered":"MINT"},"content":{"rendered":"\n<p>2016 wurde das Goerdeler-Gymnasium bereits als \u201eMINT-freundliche Schule\u201c zertifiziert, nun folgt ein weiteres Qualit\u00e4tssiegel.&nbsp;Das Goerdeler-Gymnasium wurde am 02. November 2018 als eine von 24 neuen Schulen in das nationale Excellence-Schulnetzwerk MINT-EC aufgenommen.&nbsp;<\/p>\n\n\n\n<p>F\u00fcr das Excellence-Netzwerk konnte das Goerdeler besonders \u00fcberzeugen mit seinem in Paderborn einzigartigen Angebot einer naturwissenschaftlichen Profilklasse in den Jahrg\u00e4ngen 5 und 6. \u201eGerade der fr\u00fche Kontakt mit entdeckendem und forschendem Lernen im MINT-Bereich ist wichtig und hat zur Folge, dass sich Kinder zuk\u00fcnftig mit einem weit gr\u00f6\u00dferen Selbstvertrauen den Herausforderungen einer Welt ann\u00e4hern, die von rasanten technischen Ver\u00e4nderungen gepr\u00e4gt ist\u201c, erl\u00e4utert Biologielehrerin Uta Nowak-Borgmeier, die gemeinsam mit Dr. Reinhard Michel den MINT-Bereich der Schule koordiniert. Der Chemie- und Physiklehrer f\u00fchrt weiter aus: \u201eDar\u00fcber hinaus \u00fcberzeugten die Jury&nbsp; das praxisbezogene und&nbsp; vielf\u00e4ltige Lernen in den MINT-F\u00e4chern, die anspruchsvollen und erfolgreichen Wettbewerbe, die MINT-Berufsorientierung und M\u00e4dchenf\u00f6rderung sowie die vielf\u00e4ltigen zus\u00e4tzlichen Angebote, die der Goerdeler-Sch\u00fclerschaft durch unsere Kooperationspartner er\u00f6ffnet werden.\u201c<\/p>\n\n\n\n<div class=\"wp-block-image\"><figure class=\"aligncenter is-resized\"><img loading=\"lazy\" decoding=\"async\" src=\"http:\/\/goerdeler.lspb.de\/wordpress\/wp-content\/uploads\/MINT12-1.jpg\" alt=\"\" class=\"wp-image-8191\" width=\"461\" height=\"293\" srcset=\"https:\/\/goerdeler.lspb.de\/wordpress\/wp-content\/uploads\/MINT12-1.jpg 921w, https:\/\/goerdeler.lspb.de\/wordpress\/wp-content\/uploads\/MINT12-1-300x191.jpg 300w, https:\/\/goerdeler.lspb.de\/wordpress\/wp-content\/uploads\/MINT12-1-768x489.jpg 768w\" sizes=\"auto, (max-width: 461px) 100vw, 461px\" \/><\/figure><\/div>\n\n\n\n<p>Von der f\u00fcnften Klasse bis zum Abitur werden Mathematik und nahezu durchgehend mindestens zwei weitere Naturwissenschaften (Biologie, Chemie, Physik, Informatik) unterrichtet.<\/p>\n\n\n\n<p>Naturwissenschaftlich interessierte Sch\u00fclerinnen und Sch\u00fcler k\u00f6nnen ihr Wissen und ihre F\u00e4higkeiten durch die Differenzierungskurse Bio-Chemie und Informatik sowie die naturwissenschaftlichen Erg\u00e4nzungsstunden in den Klassen 8 und 9 vertiefen. In der Oberstufe werden zus\u00e4tzlich zum Fach Mathematik Biologie, Chemie, Physik und Informatik zur Fachwahl angeboten. Daraus ergeben sich in der Qualifikationsphase im Allgemeinen ein Mathematik-Leistungskurs sowie zwei weitere naturwissenschaftliche Leistungskurse.<\/p>\n\n\n\n<p><strong>Weiter zu&#8230;<\/strong><\/p>\n\n\n\n<ul class=\"wp-block-list\"><li><a href=\"http:\/\/goerdeler.lspb.de\/wordpress\/unsere-schule\/mint\/nawi-klasse-2\/\">Nawi-Klasse<\/a><\/li><li><a href=\"http:\/\/goerdeler.lspb.de\/wordpress\/mint-ec\/\">MINT-EC<\/a><\/li><li><a href=\"http:\/\/goerdeler.lspb.de\/wordpress\/unsere-schule\/mint\/mint-arbeitsgemeinschaften\/\">MINT-Arbeitsgemeinschaften<\/a><\/li><li><a href=\"http:\/\/goerdeler.lspb.de\/wordpress\/unsere-schule\/mint\/mint-berufsorientierung\/\">MINT-Berufsorientierung<\/a><\/li><li><a href=\"http:\/\/goerdeler.lspb.de\/wordpress\/unsere-schule\/mint\/mint-ansprechpartner\/\">MINT-Ansprechpartner<\/a><\/li><li><a href=\"http:\/\/goerdeler.lspb.de\/wordpress\/unsere-schule\/mint\/mint-fahrplan\/\">MINT-Fahrplan<\/a><\/li><\/ul>\n\n\n\n<p><\/p>\n","protected":false},"excerpt":{"rendered":"<p>2016 wurde das Goerdeler-Gymnasium bereits als \u201eMINT-freundliche Schule\u201c zertifiziert, nun folgt ein weiteres Qualit\u00e4tssiegel.&nbsp;Das Goerdeler-Gymnasium wurde am 02. November 2018 als eine von 24 neuen Schulen in das nationale Excellence-Schulnetzwerk MINT-EC aufgenommen.&nbsp; F\u00fcr das Excellence-Netzwerk konnte das Goerdeler besonders \u00fcberzeugen mit seinem in Paderborn einzigartigen Angebot einer naturwissenschaftlichen Profilklasse in den Jahrg\u00e4ngen 5 und 6. [&hellip;]<\/p>\n","protected":false},"author":2,"featured_media":0,"parent":4252,"menu_order":75,"comment_status":"closed","ping_status":"closed","template":"","meta":{"_themeisle_gutenberg_block_has_review":false,"_mc_calendar":[],"footnotes":""},"class_list":["post-4027","page","type-page","status-publish","hentry"],"_links":{"self":[{"href":"https:\/\/goerdeler.lspb.de\/wordpress\/wp-json\/wp\/v2\/pages\/4027","targetHints":{"allow":["GET"]}}],"collection":[{"href":"https:\/\/goerdeler.lspb.de\/wordpress\/wp-json\/wp\/v2\/pages"}],"about":[{"href":"https:\/\/goerdeler.lspb.de\/wordpress\/wp-json\/wp\/v2\/types\/page"}],"author":[{"embeddable":true,"href":"https:\/\/goerdeler.lspb.de\/wordpress\/wp-json\/wp\/v2\/users\/2"}],"replies":[{"embeddable":true,"href":"https:\/\/goerdeler.lspb.de\/wordpress\/wp-json\/wp\/v2\/comments?post=4027"}],"version-history":[{"count":18,"href":"https:\/\/goerdeler.lspb.de\/wordpress\/wp-json\/wp\/v2\/pages\/4027\/revisions"}],"predecessor-version":[{"id":9202,"href":"https:\/\/goerdeler.lspb.de\/wordpress\/wp-json\/wp\/v2\/pages\/4027\/revisions\/9202"}],"up":[{"embeddable":true,"href":"https:\/\/goerdeler.lspb.de\/wordpress\/wp-json\/wp\/v2\/pages\/4252"}],"wp:attachment":[{"href":"https:\/\/goerdeler.lspb.de\/wordpress\/wp-json\/wp\/v2\/media?parent=4027"}],"curies":[{"name":"wp","href":"https:\/\/api.w.org\/{rel}","templated":true}]}}