{"id":4112,"date":"2013-10-09T00:00:00","date_gmt":"2013-10-08T22:00:00","guid":{"rendered":"http:\/\/goerdeler.lspb.de\/wordpress\/vorsitzende-der-schulpflegschaft-im-schuljahr-20132014\/"},"modified":"2022-11-09T08:04:51","modified_gmt":"2022-11-09T07:04:51","slug":"schulpflegschaft","status":"publish","type":"page","link":"https:\/\/goerdeler.lspb.de\/wordpress\/personen\/schulpflegschaft\/","title":{"rendered":"Schulpflegschaft"},"content":{"rendered":"\n<p>Die Schulpflegschaft ist laut Schulmitwirkungsgesetz die Versammlung aller Klassenpflegschaftsvorsitzenden und deren Stellvertreter. An den drei Sitzungen im Schuljahr nimmt die Schulleitung teil, um \u00fcber die jeweils aktuellen schulischen Entwicklungen zu informieren.<\/p>\n\n\n\n<p>Zu Beginn eines Schuljahres w\u00e4hlt die Schulpflegschaft aus ihrer Mitte eine(n) Vorsitzende(n) und bis zu drei Stellvertrete\/innen. Die Schulpflegschaft ist das oberste Elterngremium auf der Ebene der Schule. Sie soll die Interessen aller Eltern der Schule vertreten. Sie ist weiterhin ein Diskussionsforum, um unterschiedliche Auffassungen und Interessen der Eltern abzustimmen. Sie kann Antr\u00e4ge an die Schulkonferenz formulieren.<\/p>\n\n\n\n<p>Zu den Aufgaben der Schulpflegschaft geh\u00f6rt auch die Wahl der Elternvertreter f\u00fcr die Schulkonferenz und die Fachkonferenzen.<\/p>\n\n\n\n<h2 class=\"wp-block-heading\">Schulpflegschaft im Schuljahr 2022\/2023<\/h2>\n\n\n\n<figure class=\"wp-block-table\"><table><tbody><tr><td><strong>Schulpflegschaftsvorsitzende<\/strong><\/td><td><a href=\"mueller.schulpflegschaft@gmail.com\">Frau M\u00fcller<\/a><\/td><\/tr><tr><td><\/td><td><\/td><\/tr><tr><td><strong>Stellvertreter\/innen<\/strong><\/td><td><a href=\"olaf@bonorden.org\">Herr Bonorden<\/a><\/td><\/tr><tr><td><\/td><td>Frau Dohle<\/td><\/tr><tr><td><\/td><td><a href=\"s.frey-schulpflegschaft@magenta.de\">Frau Frey<\/a><\/td><\/tr><\/tbody><\/table><\/figure>\n\n\n\n<p>F\u00fcr die Klassenpflegschafts- und die Schulpflegschaftssitzungen &nbsp;steht eine Vorlage f\u00fcr das <a href=\"https:\/\/bid.lspb.de\/Download\/Document\/1189954\/\">Ergebnisprotokoll&nbsp; im&nbsp;PDF-Format<\/a> oder als <a href=\"https:\/\/bid.lspb.de\/Download\/Document\/1189955\/\">Word-Dokument<\/a> zur Verf\u00fcgung.<\/p>\n\n\n\n<h2 class=\"wp-block-heading\">Stadtschulpflegschaft Paderborner Schulen<\/h2>\n\n\n\n<p>Die Stadtschulpflegschaft Paderborn ist eine Interessengemeinschaft, die schulform\u00fcbergreifend Belange aller Paderborner Schulpflegschaften gegen\u00fcber dem Schultr\u00e4ger und anderen f\u00fcr die Interessensvertretung relevanten Institutionen vertritt. Dar\u00fcber hinaus beteiligt sich die Stadtschulpflegschaft an Zusammenschl\u00fcssen auf \u00fcber\u00f6rtlicher Ebene.<\/p>\n\n\n\n<p>Zwei gew\u00e4hlte Vertreter\/innen der Schulpflegschaft des Goerdeler-Gymnasiums sind Mitglieder der Stadtschulpflegschaft Paderborn.<\/p>\n\n\n\n<p>Weitere Informationen finden Sie unter <a href=\"http:\/\/www.stadtschulpflegschaft-paderborn.de\/\">www.stadtschulpflegschaft-paderborn.de<\/a><\/p>\n","protected":false},"excerpt":{"rendered":"<p>Die Schulpflegschaft ist laut Schulmitwirkungsgesetz die Versammlung aller Klassenpflegschaftsvorsitzenden und deren Stellvertreter. An den drei Sitzungen im Schuljahr nimmt die Schulleitung teil, um \u00fcber die jeweils aktuellen schulischen Entwicklungen zu informieren. Zu Beginn eines Schuljahres w\u00e4hlt die Schulpflegschaft aus ihrer Mitte eine(n) Vorsitzende(n) und bis zu drei Stellvertrete\/innen. Die Schulpflegschaft ist das oberste Elterngremium auf [&hellip;]<\/p>\n","protected":false},"author":11,"featured_media":0,"parent":4221,"menu_order":87,"comment_status":"closed","ping_status":"closed","template":"","meta":{"_themeisle_gutenberg_block_has_review":false,"_mc_calendar":[],"footnotes":""},"class_list":["post-4112","page","type-page","status-publish","hentry"],"_links":{"self":[{"href":"https:\/\/goerdeler.lspb.de\/wordpress\/wp-json\/wp\/v2\/pages\/4112","targetHints":{"allow":["GET"]}}],"collection":[{"href":"https:\/\/goerdeler.lspb.de\/wordpress\/wp-json\/wp\/v2\/pages"}],"about":[{"href":"https:\/\/goerdeler.lspb.de\/wordpress\/wp-json\/wp\/v2\/types\/page"}],"author":[{"embeddable":true,"href":"https:\/\/goerdeler.lspb.de\/wordpress\/wp-json\/wp\/v2\/users\/11"}],"replies":[{"embeddable":true,"href":"https:\/\/goerdeler.lspb.de\/wordpress\/wp-json\/wp\/v2\/comments?post=4112"}],"version-history":[{"count":15,"href":"https:\/\/goerdeler.lspb.de\/wordpress\/wp-json\/wp\/v2\/pages\/4112\/revisions"}],"predecessor-version":[{"id":13017,"href":"https:\/\/goerdeler.lspb.de\/wordpress\/wp-json\/wp\/v2\/pages\/4112\/revisions\/13017"}],"up":[{"embeddable":true,"href":"https:\/\/goerdeler.lspb.de\/wordpress\/wp-json\/wp\/v2\/pages\/4221"}],"wp:attachment":[{"href":"https:\/\/goerdeler.lspb.de\/wordpress\/wp-json\/wp\/v2\/media?parent=4112"}],"curies":[{"name":"wp","href":"https:\/\/api.w.org\/{rel}","templated":true}]}}