{"id":4175,"date":"2014-11-09T10:17:51","date_gmt":"2014-11-09T09:17:51","guid":{"rendered":"http:\/\/goerdeler.lspb.de\/wordpress\/?page_id=4175"},"modified":"2025-09-16T13:25:43","modified_gmt":"2025-09-16T11:25:43","slug":"schuldaten","status":"publish","type":"page","link":"https:\/\/goerdeler.lspb.de\/wordpress\/unsere-schule\/schuldaten\/","title":{"rendered":"Schuldaten"},"content":{"rendered":"\n<figure class=\"wp-block-image is-resized\"><img loading=\"lazy\" decoding=\"async\" width=\"1024\" height=\"268\" src=\"http:\/\/goerdeler.lspb.de\/wordpress\/wp-content\/uploads\/goe_logo_komplett_CMYK_300DPI-1024x268.png\" alt=\"\" class=\"wp-image-5468\" style=\"aspect-ratio:3.854368932038835;width:767px;height:auto\" srcset=\"https:\/\/goerdeler.lspb.de\/wordpress\/wp-content\/uploads\/goe_logo_komplett_CMYK_300DPI-1024x268.png 1024w, https:\/\/goerdeler.lspb.de\/wordpress\/wp-content\/uploads\/goe_logo_komplett_CMYK_300DPI-300x79.png 300w, https:\/\/goerdeler.lspb.de\/wordpress\/wp-content\/uploads\/goe_logo_komplett_CMYK_300DPI-768x201.png 768w\" sizes=\"auto, (max-width: 1024px) 100vw, 1024px\" \/><\/figure>\n\n\n\n<div style=\"height:29px\" aria-hidden=\"true\" class=\"wp-block-spacer\"><\/div>\n\n\n\n<p>Sekundarstufe I und II<br>Gymnasium der Stadt Paderborn<br>Telefon \u00a0\u00a0\u00a0\u00a0 05251 &#8211; 88 14 35 0<br><br>E-Mail \u00a0 \u00a0 \u00a0\u00a0 <a href=\"mailto:goerdeler@paderborn.de\">goerdeler@paderborn.de<\/a><br>Internet \u00a0\u00a0 <a href=\"http:\/\/www.goerdeler-gymnasium.de\">goerdeler-gymnasium.de<\/a><\/p>\n\n\n\n<p><strong>Unsere Schule heute<\/strong><\/p>\n\n\n\n<p>befindet sich, gemeinsam mit allen Beteiligten Eltern, Sch\u00fclerinnen und Sch\u00fcler, Kollegium, best\u00e4ndig auf dem Weg der Schulentwicklung. Im Entwurf des <strong><a href=\"https:\/\/goerdeler.lspb.de\/wordpress\/wp-content\/uploads\/SP_GG_beschlussfassung_13_06_24.pdf\">Schulprogramms<\/a><\/strong>&nbsp;k\u00f6nnen unsere Arbeitsfelder eingesehen werden.<\/p>\n\n\n\n<p>Gegr\u00fcndet im Jahr 1967 ist das Goerdeler-Gymnasium das zweitj\u00fcngste Gymnasium der Stadt Paderborn und steht f\u00fcr eine moderne, ganzheitliche Bildung und Erziehung. Wir akzeptieren die Kinder so wie sie sind und sehen unsere Aufgabe darin, Lernen so anzulegen, das f\u00fcr jedes Kind daraus Bildung werden kann.<\/p>\n\n\n\n<p>Innovative Konzepte zur Individualisierung der Sch\u00fclerlaufbahnen gem\u00e4\u00df unserem <a href=\"http:\/\/goerdeler.lspb.de\/wordpress\/unsere-schule\/leitbild\/\"><strong>Leitbild<\/strong><\/a> &#8222;Leben \u2013 Lernen \u2013 Kooperieren &#8211; \u00a0gestatten es unseren Sch\u00fclern, ihre St\u00e4rken, Interessen und Talente in einem dem Prinzip der Individualisierung verpflichteten Unterricht, sowie \u00a0in speziellen Angeboten (Begabten- und Begabungsf\u00f6rderung, Arbeitsgemeinschaften, Profilklassen, Erg\u00e4nzungsstunden, F\u00f6rderunterricht und Neigungsgruppen),\u00a0zu entwickeln.<\/p>\n\n\n\n<p>W\u00e4hrend der 55-min\u00fctigen Mittagspause bietet unsere Mensa warme Mahlzeiten und &nbsp;die Cafeteria Br\u00f6tchen und Geb\u00e4ck &nbsp;an. Wer m\u00f6chte, kann sich in dieser Zeit auch sportlich bet\u00e4tigen und an einer unserer Arbeitsgemeinschaften teilnehmen. Unser Kooperationspartner AWO gestaltete &nbsp;<a href=\"http:\/\/goerdeler.lspb.de\/wordpress\/profil\/paed-uebermittagsbetreuung\/\"><strong>\u00dcbermittag- und Hausaufgabenbetreuung<\/strong><\/a> rundet das Angebot ab.<\/p>\n\n\n\n<p>Wir freuen uns \u00fcber Ihr Interesse an unserer Schule und laden Sie herzlich ein, sich anhand der Website einen ersten Eindruck \u00fcber das Schulleben und das Lernen am Goerdeler-Gymnasium zu verschaffen.<\/p>\n\n\n\n<p>Scheuen Sie sich nicht sich bei Fragen an unsere Ansprechpartner zu wenden!<\/p>\n\n\n\n<p><strong>Unsere Schule kurz und \u00fcbersichtlich<\/strong><\/p>\n\n\n\n<ul class=\"wp-block-list\">\n<li>1967 als erstes koedukativ gef\u00fchrtes Gymnasium in Paderborn gegr\u00fcndet<\/li>\n\n\n\n<li>dreiz\u00fcgige Sekundarstufe I<\/li>\n\n\n\n<li>gro\u00dfz\u00fcgiges Schulgel\u00e4nde<\/li>\n\n\n\n<li>p\u00e4dagogische \u00dcbermittagsbetreuung<\/li>\n\n\n\n<li>differenzierte Oberstufe mit breitem F\u00e4cherangebot f\u00fcr Grund- und Leistungskurse<\/li>\n\n\n\n<li>Sch\u00fclerzahl: 894 (Stand 09.2025)<\/li>\n\n\n\n<li>Lehrkr\u00e4fte: 77<\/li>\n<\/ul>\n\n\n\n<p><strong>Leitungsteam:<\/strong><\/p>\n\n\n\n<ul class=\"wp-block-list\">\n<li>Schulleiterin: OStD&#8216; Manuela Ziemer<\/li>\n\n\n\n<li>Stellvertretender Schulleiter: StD Stephan Hauk<\/li>\n\n\n\n<li>Koordinatorin der Erprobungsstufe:  StD\u2018 G. Lambrechts<\/li>\n\n\n\n<li>Koordinatorin der Mittelstufe:&nbsp; StD\u2018 M. Berger<\/li>\n\n\n\n<li>Koordinator der Oberstufe:\u00a0StD Sven Kost<\/li>\n\n\n\n<li>Koordinator f\u00fcr Schulentwicklungsvorhaben: StD Sebastian Niggemann<\/li>\n<\/ul>\n\n\n\n<p><strong>&nbsp;Profilklassen in der Erprobungsstufe:<\/strong><\/p>\n\n\n\n<ul class=\"wp-block-list\">\n<li>Bl\u00e4serKlasse<\/li>\n\n\n\n<li>Naturwissenschaft-Klasse (NaWi-Klasse)<\/li>\n<\/ul>\n\n\n\n<p><strong>Sprachenangebot:<\/strong><\/p>\n\n\n\n<ul class=\"wp-block-list\">\n<li>Englisch (ab Klasse 5)<\/li>\n\n\n\n<li>Latein oder Franz\u00f6sisch (ab Klasse 7)<\/li>\n\n\n\n<li>Spanisch (ab Klasse 9)<\/li>\n\n\n\n<li>als neueinsetzende Fremdsprache wird in der  EF Spanisch angeboten<\/li>\n<\/ul>\n\n\n\n<p><strong>Wahlpflichtangebote (Jahrgang 9):<\/strong><\/p>\n\n\n\n<ul class=\"wp-block-list\">\n<li>dritte Fremdsprache: Spanisch<\/li>\n\n\n\n<li>Gesellschaftswissenschaft: Medienerziehung\/ Politik\/ Geschichte\/ Erdkunde&nbsp; (&#8222;Aktiv werden? &#8211; Verantwortung \u00fcbernehmen: gestern \u2013 heute \u2013 morgen&#8220;)\u202f&nbsp;<\/li>\n\n\n\n<li>Naturwissenschaften (&#8222;Jugend pr\u00e4sentiert: nachhaltig pr\u00e4sentieren \u2013 umweltbewusst leben&#8220;)<\/li>\n\n\n\n<li>Informationstechnik<\/li>\n<\/ul>\n\n\n\n<p><strong>Wander- und Studienfahrten:<\/strong><\/p>\n\n\n\n<ul class=\"wp-block-list\">\n<li>Jahrgangsstufe 6: viert\u00e4gige Klassenfahrt<\/li>\n\n\n\n<li>Jahrgangsstufe 7: f\u00fcnf Tage auf dem Schulbauernhof Hardehausen<\/li>\n\n\n\n<li>Jahrgangsstufe 9: viert\u00e4gige Stufenfahrt nach Berlin <\/li>\n\n\n\n<li>Jahrgangsstufe EF: vier Tage religi\u00f6ser Orientierung in Hardehausen (optional)<\/li>\n\n\n\n<li>Jahrgangsstufe Q2: f\u00fcnft\u00e4gige Studienfahrt ins In- oder Ausland<\/li>\n<\/ul>\n\n\n\n<p><strong>Auszeichnungen:<\/strong><\/p>\n\n\n\n<ul class=\"wp-block-list\">\n<li>MINT-freundliche Schule<\/li>\n\n\n\n<li>Digitale Schule<\/li>\n\n\n\n<li>Medienscouts NRW-Schule<\/li>\n\n\n\n<li>Schule ohne Rassismus-Schule mit Courage<\/li>\n\n\n\n<li>Schule der Vielfalt<\/li>\n\n\n\n<li>Lernpotenziale &#8211; Individuell f\u00f6rdern im Gymnasium<\/li>\n\n\n\n<li>Jugend debattiert-Schule<\/li>\n\n\n\n<li>Referenzschule Netzwerk Zukunftsschulen<\/li>\n\n\n\n<li>Jugend pr\u00e4sentiert &#8211; Schule<\/li>\n\n\n\n<li>Verbraucherschule Silber 2022\/23<\/li>\n\n\n\n<li>Verbraucherschule Gold 2023-2025<\/li>\n<\/ul>\n\n\n\n<p><strong>Ausstattung:<\/strong><\/p>\n\n\n\n<ul class=\"wp-block-list\">\n<li>gro\u00dfz\u00fcgiges Schulgel\u00e4nde<\/li>\n\n\n\n<li>eigene Au\u00dfensportanlagen mit Rasenplatz, 400m Laufbahn und Hartplatz<\/li>\n\n\n\n<li>Dreifachsporthalle<\/li>\n\n\n\n<li>schuleigenes Biotop<\/li>\n\n\n\n<li>alle Fach- und Klassenr\u00e4ume mit digitaler Pr\u00e4sentationseinheit und WLan<\/li>\n\n\n\n<li>moderne naturwissenschaftliche Fachr\u00e4ume (Biologie, Chemie, Physik)<\/li>\n\n\n\n<li>zwei voll ausgestattete IT-R\u00e4ume<\/li>\n\n\n\n<li>Fachr\u00e4ume f\u00fcr Sprachen, Musik, Kunst, Erdkunde, Geschichte, Religion<\/li>\n\n\n\n<li>Sch\u00fcler:innenb\u00fccherei<\/li>\n\n\n\n<li>Gro\u00dfe Aula mit B\u00fchne<\/li>\n\n\n\n<li>modernes Mensageb\u00e4ude und Cafeteria<\/li>\n\n\n\n<li>alle Lehrkr\u00e4fte sind mit mobilen Endger\u00e4ten ausgestattet<\/li>\n\n\n\n<li>Koffer mit mobilen Endger\u00e4ten zum Einsatz f\u00fcr Sch\u00fcler:innen<\/li>\n<\/ul>\n\n\n\n<p><strong>Au\u00dferunterrichtliche Angebote<\/strong> (Auswahl)<\/p>\n\n\n\n<ul class=\"wp-block-list\">\n<li>Sprachzertifikate<\/li>\n\n\n\n<li>Jugend debattiert<\/li>\n\n\n\n<li>Jugend forscht \/ Sch\u00fcler:innen experimentieren<\/li>\n\n\n\n<li>Sch\u00fcler:innenaustausch<\/li>\n\n\n\n<li>YoungBand<\/li>\n\n\n\n<li>BigBand<\/li>\n\n\n\n<li>Sport<\/li>\n\n\n\n<li>Jugend pr\u00e4sentiert<\/li>\n\n\n\n<li>Medienscouts<\/li>\n\n\n\n<li>Gemeinsame Arbeitskreise (Eltern, Sch\u00fcler:innen, Lehrk\u00e4fte)<\/li>\n<\/ul>\n","protected":false},"excerpt":{"rendered":"<p>Sekundarstufe I und IIGymnasium der Stadt PaderbornTelefon \u00a0\u00a0\u00a0\u00a0 05251 &#8211; 88 14 35 0 E-Mail \u00a0 \u00a0 \u00a0\u00a0 goerdeler@paderborn.deInternet \u00a0\u00a0 goerdeler-gymnasium.de Unsere Schule heute befindet sich, gemeinsam mit allen Beteiligten Eltern, Sch\u00fclerinnen und Sch\u00fcler, Kollegium, best\u00e4ndig auf dem Weg der Schulentwicklung. Im Entwurf des Schulprogramms&nbsp;k\u00f6nnen unsere Arbeitsfelder eingesehen werden. Gegr\u00fcndet im Jahr 1967 ist das [&hellip;]<\/p>\n","protected":false},"author":2,"featured_media":0,"parent":4252,"menu_order":73,"comment_status":"closed","ping_status":"closed","template":"","meta":{"_themeisle_gutenberg_block_has_review":false,"_mc_calendar":[],"footnotes":""},"class_list":["post-4175","page","type-page","status-publish","hentry"],"_links":{"self":[{"href":"https:\/\/goerdeler.lspb.de\/wordpress\/wp-json\/wp\/v2\/pages\/4175","targetHints":{"allow":["GET"]}}],"collection":[{"href":"https:\/\/goerdeler.lspb.de\/wordpress\/wp-json\/wp\/v2\/pages"}],"about":[{"href":"https:\/\/goerdeler.lspb.de\/wordpress\/wp-json\/wp\/v2\/types\/page"}],"author":[{"embeddable":true,"href":"https:\/\/goerdeler.lspb.de\/wordpress\/wp-json\/wp\/v2\/users\/2"}],"replies":[{"embeddable":true,"href":"https:\/\/goerdeler.lspb.de\/wordpress\/wp-json\/wp\/v2\/comments?post=4175"}],"version-history":[{"count":73,"href":"https:\/\/goerdeler.lspb.de\/wordpress\/wp-json\/wp\/v2\/pages\/4175\/revisions"}],"predecessor-version":[{"id":18157,"href":"https:\/\/goerdeler.lspb.de\/wordpress\/wp-json\/wp\/v2\/pages\/4175\/revisions\/18157"}],"up":[{"embeddable":true,"href":"https:\/\/goerdeler.lspb.de\/wordpress\/wp-json\/wp\/v2\/pages\/4252"}],"wp:attachment":[{"href":"https:\/\/goerdeler.lspb.de\/wordpress\/wp-json\/wp\/v2\/media?parent=4175"}],"curies":[{"name":"wp","href":"https:\/\/api.w.org\/{rel}","templated":true}]}}