{"id":4243,"date":"2015-02-20T09:59:17","date_gmt":"2015-02-20T08:59:17","guid":{"rendered":"http:\/\/goerdeler.lspb.de\/wordpress\/?page_id=4243"},"modified":"2025-11-10T14:43:56","modified_gmt":"2025-11-10T13:43:56","slug":"schulkonferenz","status":"publish","type":"page","link":"https:\/\/goerdeler.lspb.de\/wordpress\/personen\/schulkonferenz\/","title":{"rendered":"Schulkonferenz"},"content":{"rendered":"\n<p>Die Schulkonferenz ist das oberste Mitwirkungsgremium der Schule, in dem alle an der Bildungs- und Erziehungsarbeit der Schule Beteiligten zusammenwirken. Sie ber\u00e4t in grunds\u00e4tzlichen Angelegenheiten der Schule, vermittelt bei Konflikten innerhalb der Schule und kann Vorschl\u00e4ge und Anregungen an den Schultr\u00e4ger und an die Schulaufsichtsbeh\u00f6rde richten.<\/p>\n\n\n\n<p>Mitglieder der Schulkonferenz sind die Schulleiterin oder der Schulleiter sowie die gew\u00e4hlte Vertretung der Lehrerinnen und Lehrer, Eltern, Sch\u00fclerinnen und Sch\u00fcler im Verh\u00e4ltnis 1 :1 : 1. Am Goerdeler-Gymnasium hat die Schulkonferenz 18 Mitglieder, also jeweils 6 Elternvertreter, 6 Sch\u00fcler\/-innen und 6 Lehrer\/-innen.<\/p>\n\n\n\n<h2 class=\"wp-block-heading\">Mitglieder der Schulkonferenz 2025\/2026<\/h2>\n\n\n\n<figure class=\"wp-block-table\"><table><tbody><tr><td><strong>Lehrer\/innen<\/strong><\/td><td><strong>Eltern<\/strong><\/td><td><strong>Sch\u00fcler\/innen<\/strong><\/td><\/tr><tr><td>Herr Baaske<\/td><td>Herr Bonorden<\/td><td>A. Alageswaren EF<\/td><\/tr><tr><td>Frau Berger<\/td><td>Frau Dr. Jensen<\/td><td>A. Altajev EF<\/td><\/tr><tr><td>Frau Bunse<\/td><td>Frau M\u00fcller<\/td><td>J. Buddensiek Q1<\/td><\/tr><tr><td>Herr Fritz<\/td><td>Frau Pollmann<\/td><td>M. Hampel Q1<\/td><\/tr><tr><td>Herr Niggemann<\/td><td>Frau Schmidt<\/td><td>J. Pollmann EF<\/td><\/tr><tr><td>Frau Nowak-Borgmeier<\/td><td>Herr Th\u00f6ne<\/td><td>C. Warsitz 10c<\/td><\/tr><\/tbody><\/table><\/figure>\n\n\n\n<p><\/p>\n","protected":false},"excerpt":{"rendered":"<p>Die Schulkonferenz ist das oberste Mitwirkungsgremium der Schule, in dem alle an der Bildungs- und Erziehungsarbeit der Schule Beteiligten zusammenwirken. Sie ber\u00e4t in grunds\u00e4tzlichen Angelegenheiten der Schule, vermittelt bei Konflikten innerhalb der Schule und kann Vorschl\u00e4ge und Anregungen an den Schultr\u00e4ger und an die Schulaufsichtsbeh\u00f6rde richten. Mitglieder der Schulkonferenz sind die Schulleiterin oder der Schulleiter [&hellip;]<\/p>\n","protected":false},"author":2,"featured_media":0,"parent":4221,"menu_order":52,"comment_status":"closed","ping_status":"closed","template":"","meta":{"_themeisle_gutenberg_block_has_review":false,"_mc_calendar":[],"footnotes":""},"class_list":["post-4243","page","type-page","status-publish","hentry"],"_links":{"self":[{"href":"https:\/\/goerdeler.lspb.de\/wordpress\/wp-json\/wp\/v2\/pages\/4243","targetHints":{"allow":["GET"]}}],"collection":[{"href":"https:\/\/goerdeler.lspb.de\/wordpress\/wp-json\/wp\/v2\/pages"}],"about":[{"href":"https:\/\/goerdeler.lspb.de\/wordpress\/wp-json\/wp\/v2\/types\/page"}],"author":[{"embeddable":true,"href":"https:\/\/goerdeler.lspb.de\/wordpress\/wp-json\/wp\/v2\/users\/2"}],"replies":[{"embeddable":true,"href":"https:\/\/goerdeler.lspb.de\/wordpress\/wp-json\/wp\/v2\/comments?post=4243"}],"version-history":[{"count":17,"href":"https:\/\/goerdeler.lspb.de\/wordpress\/wp-json\/wp\/v2\/pages\/4243\/revisions"}],"predecessor-version":[{"id":18588,"href":"https:\/\/goerdeler.lspb.de\/wordpress\/wp-json\/wp\/v2\/pages\/4243\/revisions\/18588"}],"up":[{"embeddable":true,"href":"https:\/\/goerdeler.lspb.de\/wordpress\/wp-json\/wp\/v2\/pages\/4221"}],"wp:attachment":[{"href":"https:\/\/goerdeler.lspb.de\/wordpress\/wp-json\/wp\/v2\/media?parent=4243"}],"curies":[{"name":"wp","href":"https:\/\/api.w.org\/{rel}","templated":true}]}}