{"id":4276,"date":"2015-02-20T10:34:52","date_gmt":"2015-02-20T09:34:52","guid":{"rendered":"http:\/\/goerdeler.lspb.de\/wordpress\/?page_id=4276"},"modified":"2026-03-17T08:36:01","modified_gmt":"2026-03-17T07:36:01","slug":"mittelstufe","status":"publish","type":"page","link":"https:\/\/goerdeler.lspb.de\/wordpress\/unsere-schule\/mittelstufe\/","title":{"rendered":"Mittelstufe"},"content":{"rendered":"\n<h2 class=\"wp-block-heading\">Allgemeines<\/h2>\n\n\n\n<p>Die Mittelstufe f\u00fchrt die in der Erprobungsstufe angelegten Lern- und Entwicklungsprozesse fort und bereitet auf den \u00dcbergang zur Oberstufe vor. Sie umfasst am Goerdeler-Gymnasium die Jahrg\u00e4nge 7 bis 10 (G9).<\/p>\n\n\n\n<h2 class=\"wp-block-heading\">Gestaltung des \u00dcbergangs<\/h2>\n\n\n\n<p>Die Mittelstufe ist das Bindeglied zwischen der Erprobungsstufe und der Oberstufe. Die Klassen wechseln nach der r\u00e4umlichen Kontinuit\u00e4t in der Erprobungsstufe 5\/6 id.R. in einen neuen Klassenraum. Der neue Abschnitt ab Klasse 7 mit seinen neuen Herausforderungen wird im ersten Jahr weiter vom Klasssenleitungsteam der Erprobungsstufe begleitet, um p\u00e4dagogische Kontinuit\u00e4t zu gew\u00e4hrleisten. Neue Fachlehrer und -lehrerinnen, die die Lerngruppen dann teils \u00fcber die gesamte Mittelstufe begleiten, kommen hinzu. F\u00fcr die Klassen 8-10 ist dann ein neues Klassenleitungsteam zust\u00e4ndig, das die Sch\u00fcler und Sch\u00fclerinnen bis zum Abschluss der Mittelstufe eng begleitet.<br>Besonderes Augenmerk wird bei jedem Wechsel auf die Gestaltung der \u00dcberg\u00e4nge zwischen den Jahrgangsstufen gelegt. So finden zu Beginn jeden Schuljahres \u00dcbergabekonferenzen statt, in denen das jeweilige Klassenleitungsteam alle Fachlehrkr\u00e4fte \u00fcber die Situation der Klasse und \u00fcber Sch\u00fcler und Sch\u00fclerinnen informiert. <a><\/a><\/p>\n\n\n\n<p>Im Bereich der Studien- und Berufsorientierung setzen ab Klasse 8 die ersten Module ein, um den Blick f\u00fcr berufliche Orientierung zu \u00f6ffnen.<br>Methodisch und inhaltlich werden die Sch\u00fcler und Sch\u00fclerinnen schrittweise auf die Oberstufe vorbereitet.<\/p>\n\n\n\n<p class=\"has-text-align-left\">Einen \u00dcberblick \u00fcber die p\u00e4dagogische und organisatorische Arbeit in den einzelnen Jahrg\u00e4ngen der Mittelstufe erhalten Sie in dieser <a href=\"https:\/\/goerdeler.lspb.de\/wordpress\/wp-content\/uploads\/2024_-Homepage_Schullaufbahn_Mittelstufe.pdf\"><strong>tabellarischen \u00dcbersicht.<\/strong><\/a><\/p>\n\n\n\n<h2 class=\"wp-block-heading\">&nbsp;<\/h2>\n\n\n\n<figure class=\"wp-block-gallery has-nested-images columns-default is-cropped wp-block-gallery-1 is-layout-flex wp-block-gallery-is-layout-flex\"><\/figure>\n\n\n\n<h2 class=\"wp-block-heading\">Ansprechpartner f\u00fcr die Mittelstufe<\/h2>\n\n\n\n<p>Frau Berger, Koordination Mittelstufe (<a href=\"mailto:m.berger@paderborn.de\">m.berger@paderborn.de<\/a>)<\/p>\n\n\n\n<p>Frau Oschecker, Sozialarbeiterin (<a href=\"mailto:soschec1@lspb.de\">soschec1@lspb.de<\/a>)<br>Frau Busche, Beratungslehrerin &#8211; Begabtenf\u00f6rderung (<a href=\"mailto:jschnei5@lspb.de\">jschnei5@lspb.de<\/a>)<br>Frau Kemper und Herr Bayerle, Studien- und Berufsberatung (<a href=\"mailto:akemper2@lspb.de\">akemper2@lspb.de<\/a> und <a href=\"mailto:fbayerl1@lspb.de\">fbayerl1@lspb.de<\/a>)<br>Frau Glitz, GoerdeLernTeams (ehemals &#8222;Sch\u00fcler helfen Sch\u00fclern&#8220;) (<a href=\"mailto:sglitz2@lspb.de\">sglitz2@lspb.de<\/a>)<\/p>\n\n\n\n<p>und die Klassenleitungsteams der jeweiligen Klassen.<\/p>\n\n\n\n<h2 class=\"wp-block-heading\" style=\"font-size:26px\">Aktuelles<\/h2>\n\n\n\n<p><a href=\"https:\/\/goerdeler.lspb.de\/wordpress\/wp-content\/uploads\/Klassenpflegschaft_7_2025_26-1.pdf\">Zentrale Information der Klassen 7<\/a><\/p>\n\n\n\n<p><a href=\"https:\/\/goerdeler.lspb.de\/wordpress\/wp-content\/uploads\/Informationen-der-Medienscouts_24_25.pdf\">Information der Medienscouts<\/a><\/p>\n\n\n\n<p><a href=\"https:\/\/goerdeler.lspb.de\/wordpress\/wp-content\/uploads\/Klassenpflegschaft_8-G9_2023_24.pdf\"><\/a><a href=\"https:\/\/goerdeler.lspb.de\/wordpress\/wp-content\/uploads\/Klassenpflegschaft_8_2025_26-1.pdf\">Zentrale Information der Klassen 8<\/a><\/p>\n\n\n\n<p><a href=\"https:\/\/goerdeler.lspb.de\/wordpress\/wp-content\/uploads\/Klassenpflegschaft_9-G9_2023_24.pdf\"><\/a><a href=\"https:\/\/goerdeler.lspb.de\/wordpress\/wp-content\/uploads\/Klassenpflegschaft_9_2025_26.pdf\">Zentrale Information der Klassen 9<\/a><\/p>\n\n\n\n<p><a href=\"https:\/\/goerdeler.lspb.de\/wordpress\/wp-content\/uploads\/Info-WPII-Faecher-2026_Informationsvortrag_16_03.pdf\">Information WPII-F\u00e4cher 2026<\/a><\/p>\n\n\n\n<p><a href=\"https:\/\/goerdeler.lspb.de\/wordpress\/wp-content\/uploads\/Klassenpflegschaft_10_2025_26-1.pdf\">Zentrale Information der Klassen 10<\/a><\/p>\n\n\n\n<p><a href=\"https:\/\/goerdeler.lspb.de\/wordpress\/wp-content\/uploads\/Schueler_inneninformation_ZP_10_2026.pdf\">Information ZP10<\/a><\/p>\n\n\n\n<p><a href=\"https:\/\/goerdeler.lspb.de\/wordpress\/wp-content\/uploads\/Informationen-SchuBS-fuer-9-und-10.pdf\">SchuBS &#8211; Schule und Beruf am Samstag<\/a><\/p>\n\n\n\n<p><a href=\"https:\/\/goerdeler.lspb.de\/wordpress\/wp-content\/uploads\/Austausch_Chile_PPP_Elternabend_25_26.pdf\" data-type=\"link\" data-id=\"https:\/\/goerdeler.lspb.de\/wordpress\/wp-content\/uploads\/Schueler_inneninformation_ZP_10.pdf\">Information Austausch Chile<\/a><\/p>\n\n\n","protected":false},"excerpt":{"rendered":"<p>Allgemeines Die Mittelstufe f\u00fchrt die in der Erprobungsstufe angelegten Lern- und Entwicklungsprozesse fort und bereitet auf den \u00dcbergang zur Oberstufe vor. Sie umfasst am Goerdeler-Gymnasium die Jahrg\u00e4nge 7 bis 10 (G9). Gestaltung des \u00dcbergangs Die Mittelstufe ist das Bindeglied zwischen der Erprobungsstufe und der Oberstufe. Die Klassen wechseln nach der r\u00e4umlichen Kontinuit\u00e4t in der Erprobungsstufe [&hellip;]<\/p>\n","protected":false},"author":2,"featured_media":11829,"parent":4252,"menu_order":43,"comment_status":"closed","ping_status":"closed","template":"","meta":{"_themeisle_gutenberg_block_has_review":false,"_mc_calendar":[],"footnotes":""},"class_list":["post-4276","page","type-page","status-publish","has-post-thumbnail","hentry"],"_links":{"self":[{"href":"https:\/\/goerdeler.lspb.de\/wordpress\/wp-json\/wp\/v2\/pages\/4276","targetHints":{"allow":["GET"]}}],"collection":[{"href":"https:\/\/goerdeler.lspb.de\/wordpress\/wp-json\/wp\/v2\/pages"}],"about":[{"href":"https:\/\/goerdeler.lspb.de\/wordpress\/wp-json\/wp\/v2\/types\/page"}],"author":[{"embeddable":true,"href":"https:\/\/goerdeler.lspb.de\/wordpress\/wp-json\/wp\/v2\/users\/2"}],"replies":[{"embeddable":true,"href":"https:\/\/goerdeler.lspb.de\/wordpress\/wp-json\/wp\/v2\/comments?post=4276"}],"version-history":[{"count":44,"href":"https:\/\/goerdeler.lspb.de\/wordpress\/wp-json\/wp\/v2\/pages\/4276\/revisions"}],"predecessor-version":[{"id":19378,"href":"https:\/\/goerdeler.lspb.de\/wordpress\/wp-json\/wp\/v2\/pages\/4276\/revisions\/19378"}],"up":[{"embeddable":true,"href":"https:\/\/goerdeler.lspb.de\/wordpress\/wp-json\/wp\/v2\/pages\/4252"}],"wp:featuredmedia":[{"embeddable":true,"href":"https:\/\/goerdeler.lspb.de\/wordpress\/wp-json\/wp\/v2\/media\/11829"}],"wp:attachment":[{"href":"https:\/\/goerdeler.lspb.de\/wordpress\/wp-json\/wp\/v2\/media?parent=4276"}],"curies":[{"name":"wp","href":"https:\/\/api.w.org\/{rel}","templated":true}]}}