{"id":4313,"date":"2015-03-10T16:10:44","date_gmt":"2015-03-10T15:10:44","guid":{"rendered":"http:\/\/goerdeler.lspb.de\/wordpress\/?page_id=4313"},"modified":"2025-09-28T09:53:07","modified_gmt":"2025-09-28T07:53:07","slug":"paed-uebermittagsbetreuung","status":"publish","type":"page","link":"https:\/\/goerdeler.lspb.de\/wordpress\/profil\/paed-uebermittagsbetreuung\/","title":{"rendered":"P\u00e4dagogische \u00dcbermittagsbetreuung"},"content":{"rendered":"\n<h2 class=\"wp-block-heading\">\u00dcbermittagsbetreuung am Goerdeler-Gymnasium<\/h2>\n\n\n\n<p>Das Goerdeler-Gymnasium bietet<strong> montags bis donnerstags von 13:00-15:30 Uhr<\/strong> und <strong>freitags von 13:00-15:00 Uhr<\/strong> f\u00fcr alle interessierten Sch\u00fclerinnen und Sch\u00fcler der Klassen 5 bis 9 verschiedene Spiel-, Bastel- und Sportm\u00f6glichkeiten am Nachmittag an.<\/p>\n\n\n\n<p>Ebenso nehmen alle in der \u201e\u00dcMi\u201c anwesenden Sch\u00fcler*innen an der Hausaufgabenzeit von 14 bis maximal 15 Uhr teil.<\/p>\n\n\n\n<p>Die Angebote der \u00dcbermittagsbetreuung werden in Zusammenarbeit mit unserem langj\u00e4hrigen Kooperationspartner AWO organisiert und von einem Team aus Betreuern, das meist&nbsp;aus Lehramts- bzw. P\u00e4dagogik-Studenten fortgeschrittener Semester besteht, begleitet.<\/p>\n\n\n\n<p>Am Nachmittag haben die Sch\u00fclerinnen und Sch\u00fcler die M\u00f6glichkeit, zwischen verschiedenen betreuten Aufenthaltsm\u00f6glichkeiten zu w\u00e4hlen. Dabei stehen als Aufenthaltsorte grunds\u00e4tzlich immer die Cafeteria, der Schulhof mit Tischtennisplatten, die Pausenhalle, z.T. die Sch\u00fclerbibliothek und der Sportplatz zur Verf\u00fcgung. <br>Die Teilnahme an allen Angeboten der \u00dcbermittagsbetreuung erfolgt an unserer Schule kostenlos und flexibel, nach kurzer schriftlicher Anmeldung (siehe unten).\u00a0<\/p>\n\n\n\n<p>Die Eltern unserer Sch\u00fclerinnen und Sch\u00fcler k\u00f6nnen \u00fcber Dauer, Tag und Frequenz des Betreuungsangebots t\u00e4glich neu entscheiden, wie es ihren und den Bed\u00fcrfnissen des Kindes am besten entspricht.<br>Wir bitten bei einmaliger \u00c4nderung der Betreuungszeiten aber um kurze Benachrichtigung \u00fcber den Schulplaner (ab Seite 126), bei dauerhafter \u00c4nderung \u00fcber das Anmeldeformular. Wenn Sie Ihr Kind morgens telefonisch im Sekretariat krank melden, so wird diese Information auch an die Betreuung weitergeleitet.<\/p>\n\n\n\n<p>Hier geht es zum <a href=\"https:\/\/goerdeler.lspb.de\/wordpress\/wp-content\/uploads\/anmeldung_uemibetr_25_26.pdf\"><strong>Anmeldeformular f\u00fcr die \u00dcbermittagsbetreuung<\/strong> <\/a><\/p>\n\n\n\n<p>Im Rahmen der \u00dcbermittagsbetreuung oder auch unabh\u00e4ngig davon kann jede\/r Sch\u00fcler*in selbstst\u00e4ndig ein <a href=\"https:\/\/goerdeler.lspb.de\/wordpress\/service\/mittagessen\/\"><strong>Mittagessen in der Mensa<\/strong><\/a>&nbsp; einnehmen.<\/p>\n\n\n\n<figure class=\"wp-block-gallery has-nested-images columns-default is-cropped wp-block-gallery-1 is-layout-flex wp-block-gallery-is-layout-flex\">\n<figure class=\"wp-block-image size-full\"><a href=\"https:\/\/goerdeler.lspb.de\/wordpress\/wp-content\/uploads\/UeMiRaum3.jpg\"><img loading=\"lazy\" decoding=\"async\" width=\"640\" height=\"480\" data-id=\"12658\" src=\"https:\/\/goerdeler.lspb.de\/wordpress\/wp-content\/uploads\/UeMiRaum3.jpg\" alt=\"\" class=\"wp-image-12658\" srcset=\"https:\/\/goerdeler.lspb.de\/wordpress\/wp-content\/uploads\/UeMiRaum3.jpg 640w, https:\/\/goerdeler.lspb.de\/wordpress\/wp-content\/uploads\/UeMiRaum3-300x225.jpg 300w, https:\/\/goerdeler.lspb.de\/wordpress\/wp-content\/uploads\/UeMiRaum3-585x440.jpg 585w, https:\/\/goerdeler.lspb.de\/wordpress\/wp-content\/uploads\/UeMiRaum3-230x172.jpg 230w\" sizes=\"auto, (max-width: 640px) 100vw, 640px\" \/><\/a><\/figure>\n\n\n\n<figure class=\"wp-block-image size-full\"><a href=\"https:\/\/goerdeler.lspb.de\/wordpress\/wp-content\/uploads\/UeMiRaum4.jpg\"><img loading=\"lazy\" decoding=\"async\" width=\"640\" height=\"480\" data-id=\"12659\" src=\"https:\/\/goerdeler.lspb.de\/wordpress\/wp-content\/uploads\/UeMiRaum4.jpg\" alt=\"\" class=\"wp-image-12659\" srcset=\"https:\/\/goerdeler.lspb.de\/wordpress\/wp-content\/uploads\/UeMiRaum4.jpg 640w, https:\/\/goerdeler.lspb.de\/wordpress\/wp-content\/uploads\/UeMiRaum4-300x225.jpg 300w, https:\/\/goerdeler.lspb.de\/wordpress\/wp-content\/uploads\/UeMiRaum4-585x440.jpg 585w, https:\/\/goerdeler.lspb.de\/wordpress\/wp-content\/uploads\/UeMiRaum4-230x172.jpg 230w\" sizes=\"auto, (max-width: 640px) 100vw, 640px\" \/><\/a><\/figure>\n\n\n\n<figure class=\"wp-block-image size-large\"><a href=\"https:\/\/goerdeler.lspb.de\/wordpress\/wp-content\/uploads\/UeMiRaum2.jpg\"><img loading=\"lazy\" decoding=\"async\" width=\"640\" height=\"480\" data-id=\"12657\" src=\"https:\/\/goerdeler.lspb.de\/wordpress\/wp-content\/uploads\/UeMiRaum2.jpg\" alt=\"\" class=\"wp-image-12657\" srcset=\"https:\/\/goerdeler.lspb.de\/wordpress\/wp-content\/uploads\/UeMiRaum2.jpg 640w, https:\/\/goerdeler.lspb.de\/wordpress\/wp-content\/uploads\/UeMiRaum2-300x225.jpg 300w, https:\/\/goerdeler.lspb.de\/wordpress\/wp-content\/uploads\/UeMiRaum2-585x440.jpg 585w, https:\/\/goerdeler.lspb.de\/wordpress\/wp-content\/uploads\/UeMiRaum2-230x172.jpg 230w\" sizes=\"auto, (max-width: 640px) 100vw, 640px\" \/><\/a><\/figure>\n\n\n\n<figure class=\"wp-block-image size-full\"><a href=\"https:\/\/goerdeler.lspb.de\/wordpress\/wp-content\/uploads\/UeMi-1-Tafel.jpg\"><img loading=\"lazy\" decoding=\"async\" width=\"615\" height=\"439\" data-id=\"12655\" src=\"https:\/\/goerdeler.lspb.de\/wordpress\/wp-content\/uploads\/UeMi-1-Tafel.jpg\" alt=\"\" class=\"wp-image-12655\" srcset=\"https:\/\/goerdeler.lspb.de\/wordpress\/wp-content\/uploads\/UeMi-1-Tafel.jpg 615w, https:\/\/goerdeler.lspb.de\/wordpress\/wp-content\/uploads\/UeMi-1-Tafel-300x214.jpg 300w\" sizes=\"auto, (max-width: 615px) 100vw, 615px\" \/><\/a><\/figure>\n\n\n\n<figure class=\"wp-block-image size-full\"><a href=\"https:\/\/goerdeler.lspb.de\/wordpress\/wp-content\/uploads\/UeMiRaum1.jpg\"><img loading=\"lazy\" decoding=\"async\" width=\"640\" height=\"480\" data-id=\"12656\" src=\"https:\/\/goerdeler.lspb.de\/wordpress\/wp-content\/uploads\/UeMiRaum1.jpg\" alt=\"\" class=\"wp-image-12656\" srcset=\"https:\/\/goerdeler.lspb.de\/wordpress\/wp-content\/uploads\/UeMiRaum1.jpg 640w, https:\/\/goerdeler.lspb.de\/wordpress\/wp-content\/uploads\/UeMiRaum1-300x225.jpg 300w, https:\/\/goerdeler.lspb.de\/wordpress\/wp-content\/uploads\/UeMiRaum1-585x440.jpg 585w, https:\/\/goerdeler.lspb.de\/wordpress\/wp-content\/uploads\/UeMiRaum1-230x172.jpg 230w\" sizes=\"auto, (max-width: 640px) 100vw, 640px\" \/><\/a><\/figure>\n<\/figure>\n\n\n\n<h2 class=\"wp-block-heading\">AGs<\/h2>\n\n\n\n<p>Zus\u00e4tzlich zu der Nachmittagsbetreuung haben die Sch\u00fcler*innen die M\u00f6glichkeit, aus dem <a href=\"http:\/\/goerdeler.lspb.de\/wordpress\/profil\/arbeitsgemeinschaften\/\">breit gef\u00e4cherten AG-Angebot<\/a>&nbsp;des Goerdeler-Gymnasiums eine Besch\u00e4ftigung nach ihren Interessen auszuw\u00e4hlen. Diese Arbeitsgemeinschaften werden meistens von Lehrern geleitet. Nach einigen Schnupperstunden verpflichtet sich ihr Kind zumindest f\u00fcr ein halbes Jahr, regelm\u00e4\u00dfig an dieser AG teilzunehmen.<\/p>\n\n\n\n<h2 class=\"wp-block-heading\">Qualit\u00e4tssicherung<\/h2>\n\n\n\n<p>An der Gestaltung des Nachmittags am Goerdeler Gymnasium sind viele verschiedene Menschen und Institutionen beteiligt: Sch\u00fcler, Lehrer, Stadtverwaltung, Firmen (Esslust und AllerhandArbeit) sowie der Wohlfahrtspflegeverband AWO und das Team der AWO vor Ort. Das Goerdeler-Gymnasium hat daher Ma\u00dfnahmen getroffen, um die Abl\u00e4ufe zu koordinieren und die Qualit\u00e4t des Mittagessens und der Betreuung zu sichern und immer weiter zu verbessern. Transparente Kommunikation steht dabei im Vordergrund:<\/p>\n\n\n\n<ul class=\"wp-block-list\">\n<li>Bei der <a href=\"https:\/\/www.paderborn.de\/bildung-universitaet\/schulen\/kontakt.php\"><strong>Stadtverwaltung<\/strong><\/a> k\u00fcmmern sich engagierte Mitarbeiterinnen in Zusammenarbeit mit der ViPaS (Versorgung in Paderborner Schulen)-Beauftragten der Schule um Ihre Anmerkungen, W\u00fcnsche, Beschwerden in Bezug auf das Mittagessen an der Schule.&nbsp; Regelm\u00e4\u00dfig finden ViPaS-Sitzungen<strong> <\/strong>statt, an denen Mitarbeiter der Stadt, die ViPaS-Beauftragten der Schulen, Mitarbeiter und Leiter der Firmen Esslust und AllerhandArbeit teilnehmen. Sie haben das Ziel, die Qualit\u00e4t des Mittagessens an den Paderborner Schulen zu sichern und weiter zu optimieren.<\/li>\n\n\n\n<li>In regelm\u00e4\u00dfigen Teamsitzungen mit den BetreuerInnen der AWO werden Abl\u00e4ufe in der \u00dcbermittagsbetreuung evaluiert und optimiert, um den Nachmittag an der Schule f\u00fcr die Sch\u00fclerinnen und Sch\u00fcler sinnvoll und angenehm zu gestalten.<br>Frau OStR\u00b4 <a href=\"mailto:cschaef2@lspb.de\">Dr. Christine Sch\u00e4fers<\/a> ist an der Schule die Ansprechpartnerin f\u00fcr Fragen rund um den Nachmittag am Goerdeler-Gymnasium, v.a. die \u00dcbermittagsbetreuung und die Mensa (ViPaS-Beauftragte der Schule) sowie Koordination der verschiedenen an der Gestaltung des Nachmittags beteiligten Personen und Institutionen.<\/li>\n<\/ul>\n\n\n\n<p><\/p>\n","protected":false},"excerpt":{"rendered":"<p>\u00dcbermittagsbetreuung am Goerdeler-Gymnasium Das Goerdeler-Gymnasium bietet montags bis donnerstags von 13:00-15:30 Uhr und freitags von 13:00-15:00 Uhr f\u00fcr alle interessierten Sch\u00fclerinnen und Sch\u00fcler der Klassen 5 bis 9 verschiedene Spiel-, Bastel- und Sportm\u00f6glichkeiten am Nachmittag an. Ebenso nehmen alle in der \u201e\u00dcMi\u201c anwesenden Sch\u00fcler*innen an der Hausaufgabenzeit von 14 bis maximal 15 Uhr teil. Die [&hellip;]<\/p>\n","protected":false},"author":2,"featured_media":0,"parent":4304,"menu_order":44,"comment_status":"closed","ping_status":"closed","template":"","meta":{"_themeisle_gutenberg_block_has_review":false,"_mc_calendar":[],"footnotes":""},"class_list":["post-4313","page","type-page","status-publish","hentry"],"_links":{"self":[{"href":"https:\/\/goerdeler.lspb.de\/wordpress\/wp-json\/wp\/v2\/pages\/4313","targetHints":{"allow":["GET"]}}],"collection":[{"href":"https:\/\/goerdeler.lspb.de\/wordpress\/wp-json\/wp\/v2\/pages"}],"about":[{"href":"https:\/\/goerdeler.lspb.de\/wordpress\/wp-json\/wp\/v2\/types\/page"}],"author":[{"embeddable":true,"href":"https:\/\/goerdeler.lspb.de\/wordpress\/wp-json\/wp\/v2\/users\/2"}],"replies":[{"embeddable":true,"href":"https:\/\/goerdeler.lspb.de\/wordpress\/wp-json\/wp\/v2\/comments?post=4313"}],"version-history":[{"count":59,"href":"https:\/\/goerdeler.lspb.de\/wordpress\/wp-json\/wp\/v2\/pages\/4313\/revisions"}],"predecessor-version":[{"id":18287,"href":"https:\/\/goerdeler.lspb.de\/wordpress\/wp-json\/wp\/v2\/pages\/4313\/revisions\/18287"}],"up":[{"embeddable":true,"href":"https:\/\/goerdeler.lspb.de\/wordpress\/wp-json\/wp\/v2\/pages\/4304"}],"wp:attachment":[{"href":"https:\/\/goerdeler.lspb.de\/wordpress\/wp-json\/wp\/v2\/media?parent=4313"}],"curies":[{"name":"wp","href":"https:\/\/api.w.org\/{rel}","templated":true}]}}