{"id":4503,"date":"2015-04-29T15:46:02","date_gmt":"2015-04-29T13:46:02","guid":{"rendered":"http:\/\/goerdeler.lspb.de\/wordpress\/?page_id=4503"},"modified":"2025-09-29T17:01:24","modified_gmt":"2025-09-29T15:01:24","slug":"erdkunde","status":"publish","type":"page","link":"https:\/\/goerdeler.lspb.de\/wordpress\/unterricht\/erdkunde\/","title":{"rendered":"Erdkunde"},"content":{"rendered":"\n<p>Willkommen auf den Seiten der kleinen, aber feinen Fachschaft Erdkunde\/Geographie des Goerdeler Gymnasiums.<\/p>\n\n\n\n<p><strong>Erdkunde\/Geographie = Wie hei\u00dft die Hauptstadt von Burkina Faso? <\/strong><\/p>\n\n\n\n<p>Oftmals wird Erdkunde\/Geographie missverstanden als \u201eStadt-Land-Fluss\u201c Fach.&nbsp; Was nat\u00fcrlich nicht hei\u00dfen soll, dass man nicht trotzdem lernen kann, wie die Hauptstadt von Burkina Faso hei\u00dft. Wen es interessiert: Ouagadougou!<\/p>\n\n\n\n<p>Wir verstehen unser Fach aber vielmehr als wichtige Instanz den Sch\u00fclerinnen und Sch\u00fclern einen Einblick in die immer komplexeren Zusammenh\u00e4nge unserer globalisierten Welt zu erm\u00f6glichen und ihr eigenes Zutun zum Wandel unserer Welt und Weltgesellschaft zu beleuchten. Hier einige Beispiele, die zeigen welche manchmal auf den ersten Blick verr\u00fcckten Zusammenh\u00e4nge wir auf unsere Erde vorfinden und im Unterricht thematisieren:<\/p>\n\n\n\n<p>In keinem anderen Fach erfahren die Sch\u00fcler zum Beispiel was ihr Bratw\u00fcrstchen und&nbsp; das Verschwinden kleiner Inselstaaten wie den Malediven miteinander zu tun haben, warum das Leben eines amerikanischen Jurastudenten und das eines afrikanischen Fahrradh\u00e4ndlers miteinander verwoben sind, wieso unser Waschmittel f\u00fcr das Sterben von Tieren in Asien verantwortlich ist und warum China uns n\u00e4her ist, als wir bei etwa 7.500km Entfernung&nbsp; vermuten w\u00fcrden.<\/p>\n\n\n\n<p>Wer Lust&nbsp; auf noch mehr \u201everr\u00fcckte\u201c Fragen und Zusammenh\u00e4nge hat, der ist im Erdkunde\/Geographieunterricht des 21. Jahrhunderts gut aufgehoben und lernt neben topographischen Grundkenntnissen&nbsp; ganz nebenbei noch vernetztes Denken!<br><\/p>\n\n\n\n<figure class=\"wp-block-gallery has-nested-images columns-default is-cropped wp-block-gallery-1 is-layout-flex wp-block-gallery-is-layout-flex\"><\/figure>\n\n\n\n<h2 class=\"wp-block-heading\">Sekundarstufe I<\/h2>\n\n\n\n<h3 class=\"wp-block-heading\">Curriculum Klassen 5-10<\/h3>\n\n\n\n<ul class=\"wp-block-list\">\n<li>Klicken Sie&nbsp;<a href=\"https:\/\/goerdeler.lspb.de\/wordpress\/wp-content\/uploads\/GG-Erdkunde-Curriculum-5-10.pdf\">hier zum Anzeigen \/ Download der PDF-Datei<\/a> (G9 &#8211; aufsteigend)<\/li>\n<\/ul>\n\n\n\n<h3 class=\"wp-block-heading\"><a id=\"LehrmittelSI\"><\/a>Lehr- und Lernmittel<\/h3>\n\n\n\n<p>Laut Stundentafel wird Erdkunde in den Jahrgangsstufen 5, 7 und 9 zweist\u00fcndig und in der Jahrgangsstufe 10 einst\u00fcndig unterrichtet. Im Unterricht verwenden wir die neuen B\u00e4nde DIERCKE Praxis des Westermann-Verlages: Band 1 in Klasse 5, Band 2 in Klasse 7 und Band 3 in den Klassen 9 und 10.<\/p>\n\n\n\n<figure class=\"wp-block-image size-full\"><a href=\"https:\/\/goerdeler.lspb.de\/wordpress\/wp-content\/uploads\/Erdkunde_SekI.jpg\"><img loading=\"lazy\" decoding=\"async\" width=\"900\" height=\"380\" src=\"https:\/\/goerdeler.lspb.de\/wordpress\/wp-content\/uploads\/Erdkunde_SekI.jpg\" alt=\"\" class=\"wp-image-14420\" srcset=\"https:\/\/goerdeler.lspb.de\/wordpress\/wp-content\/uploads\/Erdkunde_SekI.jpg 900w, https:\/\/goerdeler.lspb.de\/wordpress\/wp-content\/uploads\/Erdkunde_SekI-300x127.jpg 300w, https:\/\/goerdeler.lspb.de\/wordpress\/wp-content\/uploads\/Erdkunde_SekI-768x324.jpg 768w\" sizes=\"(max-width: 900px) 100vw, 900px\" \/><\/a><\/figure>\n\n\n\n<p>In der 5. Klasse kann auch das Buch \u201eUnsere Erde\u201c des Cornelsen-Verlages zum Einsatz kommen. Zu Beginn der Klasse 5 wird von allen Sch\u00fclerinnen und Sch\u00fclern im Rahmen des Elternanteils der DIERCKE-Weltatlas angeschafft, im Schuljahr 2023\/24 erstmalig die Neuauflage mit der Bestellnummer 978-3-14-100900-2.<\/p>\n\n\n\n<figure class=\"wp-block-image size-full\"><a href=\"https:\/\/goerdeler.lspb.de\/wordpress\/wp-content\/uploads\/ERdkunde_SekI_2.jpg\"><img loading=\"lazy\" decoding=\"async\" width=\"900\" height=\"385\" src=\"https:\/\/goerdeler.lspb.de\/wordpress\/wp-content\/uploads\/ERdkunde_SekI_2.jpg\" alt=\"\" class=\"wp-image-14425\" srcset=\"https:\/\/goerdeler.lspb.de\/wordpress\/wp-content\/uploads\/ERdkunde_SekI_2.jpg 900w, https:\/\/goerdeler.lspb.de\/wordpress\/wp-content\/uploads\/ERdkunde_SekI_2-300x128.jpg 300w, https:\/\/goerdeler.lspb.de\/wordpress\/wp-content\/uploads\/ERdkunde_SekI_2-768x329.jpg 768w\" sizes=\"(max-width: 900px) 100vw, 900px\" \/><\/a><\/figure>\n\n\n\n<h2 class=\"wp-block-heading\">Sekundarstufe II<\/h2>\n\n\n\n<p><\/p>\n\n\n\n<h3 class=\"wp-block-heading\">Curriculum&nbsp;<\/h3>\n\n\n\n<p>Klicken Sie <a href=\"https:\/\/bid.lspb.de\/Download\/Document\/1196573\/\">hier zum Anzeigen \/ Download der PDF-Datei.<\/a><\/p>\n\n\n\n<h3 class=\"wp-block-heading\">Lehr- und Lernmittel<\/h3>\n\n\n\n<p>In der Qualifikationsphase verwenden wir die aktuellen B\u00e4nde des Lehrwerkes DIERCKE Praxis des Westermann-Verlages sowie den Atlas des gleichen Verlages. Dar\u00fcber hinaus stehen erg\u00e4nzende Materialien zum Teil in Klassensatzst\u00e4rke (DIERCKE Modellregister) zur Verf\u00fcgung.<\/p>\n\n\n\n<figure class=\"wp-block-image size-full\"><a href=\"https:\/\/goerdeler.lspb.de\/wordpress\/wp-content\/uploads\/ERdkunde_SekII-1.jpg\"><img loading=\"lazy\" decoding=\"async\" width=\"900\" height=\"372\" src=\"https:\/\/goerdeler.lspb.de\/wordpress\/wp-content\/uploads\/ERdkunde_SekII-1.jpg\" alt=\"\" class=\"wp-image-14422\" srcset=\"https:\/\/goerdeler.lspb.de\/wordpress\/wp-content\/uploads\/ERdkunde_SekII-1.jpg 900w, https:\/\/goerdeler.lspb.de\/wordpress\/wp-content\/uploads\/ERdkunde_SekII-1-300x124.jpg 300w, https:\/\/goerdeler.lspb.de\/wordpress\/wp-content\/uploads\/ERdkunde_SekII-1-768x317.jpg 768w\" sizes=\"(max-width: 900px) 100vw, 900px\" \/><\/a><\/figure>\n\n\n\n<h2 class=\"wp-block-heading\">Leistungsbewertungskonzept<\/h2>\n\n\n\n<p>Das Leistungsbewertungskonzept haben wir in einer gesonderten Datei zusammengefasst, die Sie&nbsp;<a href=\"https:\/\/bid.lspb.de\/Download\/Document\/1158077\/\">hier herunterladen<\/a>&nbsp;k\u00f6nnen.<\/p>\n\n\n\n<h2 class=\"wp-block-heading\">Lehrerinnen und Lehrer<\/h2>\n\n\n\n<p>Zurzeit unterrichten folgende Lehrerinnen und Lehrer&nbsp;das Fach Erdkunde&nbsp;an unserer Schule:<\/p>\n\n\n\n<ul class=\"wp-block-list\">\n<li>Frau Berger<\/li>\n\n\n\n<li>Herr Fritz<\/li>\n\n\n\n<li>Herr Lucas<\/li>\n\n\n\n<li>Frau Kumlehn<\/li>\n\n\n\n<li>Frau Masukowitz<\/li>\n\n\n\n<li>Herr Mohring<\/li>\n<\/ul>\n\n\n\n<h2 class=\"wp-block-heading\">Fachr\u00e4ume und Ausstattung \/ Lernorte<\/h2>\n\n\n<div class=\"wp-block-image\">\n<figure class=\"aligncenter\"><a href=\"http:\/\/goerdeler.lspb.de\/wordpress\/wp-content\/uploads\/Fachraum-EK-2.jpg\"><img loading=\"lazy\" decoding=\"async\" width=\"300\" height=\"225\" src=\"http:\/\/goerdeler.lspb.de\/wordpress\/wp-content\/uploads\/Fachraum-EK-2-300x225.jpg\" alt=\"Fachraum EK 2\" class=\"wp-image-4509\" srcset=\"https:\/\/goerdeler.lspb.de\/wordpress\/wp-content\/uploads\/Fachraum-EK-2-300x225.jpg 300w, https:\/\/goerdeler.lspb.de\/wordpress\/wp-content\/uploads\/Fachraum-EK-2-1024x768.jpg 1024w, https:\/\/goerdeler.lspb.de\/wordpress\/wp-content\/uploads\/Fachraum-EK-2-400x300.jpg 400w\" sizes=\"(max-width: 300px) 100vw, 300px\" \/><\/a><figcaption class=\"wp-element-caption\">Fachraum Erdkunde<\/figcaption><\/figure>\n<\/div>\n\n<div class=\"wp-block-image\">\n<figure class=\"aligncenter\"><a href=\"http:\/\/goerdeler.lspb.de\/wordpress\/wp-content\/uploads\/Fachraum-EK-1.jpg\"><img loading=\"lazy\" decoding=\"async\" width=\"300\" height=\"225\" src=\"http:\/\/goerdeler.lspb.de\/wordpress\/wp-content\/uploads\/Fachraum-EK-1-300x225.jpg\" alt=\"Fachraum EK 1\" class=\"wp-image-4508\" srcset=\"https:\/\/goerdeler.lspb.de\/wordpress\/wp-content\/uploads\/Fachraum-EK-1-300x225.jpg 300w, https:\/\/goerdeler.lspb.de\/wordpress\/wp-content\/uploads\/Fachraum-EK-1-1024x768.jpg 1024w, https:\/\/goerdeler.lspb.de\/wordpress\/wp-content\/uploads\/Fachraum-EK-1-400x300.jpg 400w\" sizes=\"(max-width: 300px) 100vw, 300px\" \/><\/a><figcaption class=\"wp-element-caption\">Fachraum Erdkunde<\/figcaption><\/figure>\n<\/div>\n\n\n<h2 class=\"wp-block-heading\"><a id=\"Links\"><\/a>Links<\/h2>\n\n\n\n<ul class=\"wp-block-list\">\n<li><a href=\"http:\/\/www.diercke.de\">www.diercke.de<\/a><\/li>\n\n\n\n<li><a href=\"http:\/\/www.klett.de\">www.klett.de<\/a><\/li>\n<\/ul>\n\n\n\n<h2 class=\"wp-block-heading\">Veranstaltungen und Ereignisse<\/h2>\n\n\n<div class=\"wp-block-themeisle-blocks-posts-grid\" id=\"wp-block-themeisle-blocks-posts-grid-4a68ffaa\"><div class=\"is-list\"><div class=\"o-posts-grid-post-blog o-posts-grid-post-plain\"><div class=\"o-posts-grid-post\"><div class=\"o-posts-grid-post-image\"><a href=\"https:\/\/goerdeler.lspb.de\/wordpress\/geographen-zu-gast-im-goerdeler\/\"><img loading=\"lazy\" decoding=\"async\" width=\"900\" height=\"600\" src=\"https:\/\/goerdeler.lspb.de\/wordpress\/wp-content\/uploads\/2023-08-23_Schulgeographen_Goerdeler_1.jpg\" class=\"attachment-full size-full\" alt=\"Geographen zu Gast im Goerdeler\" srcset=\"https:\/\/goerdeler.lspb.de\/wordpress\/wp-content\/uploads\/2023-08-23_Schulgeographen_Goerdeler_1.jpg 900w, https:\/\/goerdeler.lspb.de\/wordpress\/wp-content\/uploads\/2023-08-23_Schulgeographen_Goerdeler_1-300x200.jpg 300w, https:\/\/goerdeler.lspb.de\/wordpress\/wp-content\/uploads\/2023-08-23_Schulgeographen_Goerdeler_1-768x512.jpg 768w\" sizes=\"(max-width: 900px) 100vw, 900px\" \/><\/a><\/div><div class=\"o-posts-grid-post-body\"><h4 class=\"o-posts-grid-post-title\"><a href=\"https:\/\/goerdeler.lspb.de\/wordpress\/geographen-zu-gast-im-goerdeler\/\">Geographen zu Gast im Goerdeler<\/a><\/h4><div class=\"o-posts-grid-post-description\"><p>Unsere Schule war am 23.08.2023 Gastgeber und Tagungsort f\u00fcr den diesj\u00e4hrigen Landesschulgeographentag. Der Einladung des Verbandes deutscher Schulgeographen NRW waren \u00fcber 80 Erdkundelehrer gefolgt. In das Tagungsthema \u201eBildung f\u00fcr nachhaltige Entwi\u2026<\/p><\/div><\/div><\/div><\/div><\/div> <\/div>","protected":false},"excerpt":{"rendered":"<p>Willkommen auf den Seiten der kleinen, aber feinen Fachschaft Erdkunde\/Geographie des Goerdeler Gymnasiums. Erdkunde\/Geographie = Wie hei\u00dft die Hauptstadt von Burkina Faso? Oftmals wird Erdkunde\/Geographie missverstanden als \u201eStadt-Land-Fluss\u201c Fach.&nbsp; Was nat\u00fcrlich nicht hei\u00dfen soll, dass man nicht trotzdem lernen kann, wie die Hauptstadt von Burkina Faso hei\u00dft. Wen es interessiert: Ouagadougou! Wir verstehen unser Fach [&hellip;]<\/p>\n","protected":false},"author":2,"featured_media":0,"parent":4384,"menu_order":96,"comment_status":"closed","ping_status":"closed","template":"","meta":{"_themeisle_gutenberg_block_has_review":false,"_mc_calendar":[],"footnotes":""},"class_list":["post-4503","page","type-page","status-publish","hentry"],"_links":{"self":[{"href":"https:\/\/goerdeler.lspb.de\/wordpress\/wp-json\/wp\/v2\/pages\/4503","targetHints":{"allow":["GET"]}}],"collection":[{"href":"https:\/\/goerdeler.lspb.de\/wordpress\/wp-json\/wp\/v2\/pages"}],"about":[{"href":"https:\/\/goerdeler.lspb.de\/wordpress\/wp-json\/wp\/v2\/types\/page"}],"author":[{"embeddable":true,"href":"https:\/\/goerdeler.lspb.de\/wordpress\/wp-json\/wp\/v2\/users\/2"}],"replies":[{"embeddable":true,"href":"https:\/\/goerdeler.lspb.de\/wordpress\/wp-json\/wp\/v2\/comments?post=4503"}],"version-history":[{"count":34,"href":"https:\/\/goerdeler.lspb.de\/wordpress\/wp-json\/wp\/v2\/pages\/4503\/revisions"}],"predecessor-version":[{"id":18321,"href":"https:\/\/goerdeler.lspb.de\/wordpress\/wp-json\/wp\/v2\/pages\/4503\/revisions\/18321"}],"up":[{"embeddable":true,"href":"https:\/\/goerdeler.lspb.de\/wordpress\/wp-json\/wp\/v2\/pages\/4384"}],"wp:attachment":[{"href":"https:\/\/goerdeler.lspb.de\/wordpress\/wp-json\/wp\/v2\/media?parent=4503"}],"curies":[{"name":"wp","href":"https:\/\/api.w.org\/{rel}","templated":true}]}}