{"id":4587,"date":"2015-06-03T08:15:21","date_gmt":"2015-06-03T06:15:21","guid":{"rendered":"http:\/\/goerdeler.lspb.de\/wordpress\/?page_id=4587"},"modified":"2025-11-13T09:39:18","modified_gmt":"2025-11-13T08:39:18","slug":"mathematik","status":"publish","type":"page","link":"https:\/\/goerdeler.lspb.de\/wordpress\/unterricht\/mathematik\/","title":{"rendered":"Mathematik"},"content":{"rendered":"\n<p class=\"has-text-align-center\">&nbsp;<em>&#8222;Eine mathematische Aufgabe kann manchmal genauso unterhaltsam sein wie ein Kreuzwortr\u00e4tsel<br>und angespannte geistige Arbeit kann eine ebenso w\u00fcnschenswerte \u00dcbung sein wie ein schnelles Tennisspiel.\u201c &nbsp; <\/em><\/p>\n\n\n\n<p class=\"has-text-align-center\"><a href=\"http:\/\/de.wikipedia.org\/wiki\/George_P\u00f3lya\" target=\"_blank\" rel=\"noopener noreferrer\">George Polya<br><\/a>Ungarischer Mathematiker (1887-1985)<\/p>\n\n\n\n<h2 class=\"wp-block-heading\">Sekundarstufe I<\/h2>\n\n\n\n<h3 class=\"wp-block-heading\">Curricula <\/h3>\n\n\n\n<ul class=\"wp-block-list\">\n<li>Klicken Sie&nbsp;<a href=\"https:\/\/goerdeler.lspb.de\/wordpress\/wp-content\/uploads\/SiLP_GG_Mathematik_SI_G9-13.3.20251.pdf\">hier zum Anzeigen \/ Download der PDF-Datei<\/a><\/li>\n<\/ul>\n\n\n<div class=\"wp-block-image\">\n<figure class=\"alignright size-full is-resized\"><a href=\"https:\/\/goerdeler.lspb.de\/wordpress\/wp-content\/uploads\/Lehrwerk-Mathematik-Foto.jpg\"><img loading=\"lazy\" decoding=\"async\" width=\"900\" height=\"638\" src=\"https:\/\/goerdeler.lspb.de\/wordpress\/wp-content\/uploads\/Lehrwerk-Mathematik-Foto.jpg\" alt=\"\" class=\"wp-image-14399\" style=\"width:245px;height:322px\" srcset=\"https:\/\/goerdeler.lspb.de\/wordpress\/wp-content\/uploads\/Lehrwerk-Mathematik-Foto.jpg 900w, https:\/\/goerdeler.lspb.de\/wordpress\/wp-content\/uploads\/Lehrwerk-Mathematik-Foto-300x213.jpg 300w, https:\/\/goerdeler.lspb.de\/wordpress\/wp-content\/uploads\/Lehrwerk-Mathematik-Foto-768x544.jpg 768w\" sizes=\"(max-width: 900px) 100vw, 900px\" \/><\/a><\/figure>\n<\/div>\n\n\n<h3 class=\"wp-block-heading\"><a id=\"LehrmittelSI\"><\/a><br>Lehr- und Lernmittel<\/h3>\n\n\n\n<figure class=\"wp-block-gallery has-nested-images columns-default is-cropped wp-block-gallery-1 is-layout-flex wp-block-gallery-is-layout-flex\"><\/figure>\n\n\n\n<p>In der Sekundarstufe I wird das Lehrwerk &#8222;Lambacher Schweizer&#8220; des Klett Verlags&nbsp;eingesetzt. Ab der 7. Jahrgangsstufe ist ein wissenschaftlicher Taschenrechner im Mathematikunterricht zugelassen. Durch den Einsatz des Taschenrechners wird das Aufgabenspektrum um viele spannende mathematische Problemstellungen erweitert und die schulische Ausbildung im Fach Mathematik auf im sp\u00e4teren Berufsleben ben\u00f6tigte Schl\u00fcsselqualifikationen hin ausgerichtet.<\/p>\n\n\n\n<p>Im Unterricht kommen au\u00dferdem n\u00fctzliche Mathematik-Programme zum Einsatz, wie Geometrie-Software und Tabellenkalkulationsprogramme.<\/p>\n\n\n\n<h2 class=\"wp-block-heading\">Sekundarstufe II<a id=\"CurriculumSII\"><\/a><\/h2>\n\n\n\n<h3 class=\"wp-block-heading\">Curricula<\/h3>\n\n\n\n<p><em>Einf\u00fchrungsphase EF : KLicken Sie <a href=\"https:\/\/goerdeler.lspb.de\/wordpress\/wp-content\/uploads\/SiLP_GG_Mathematik_OS_EF-13.3.20251.pdf\">hier zum Anzeigen\/Download der PDF-Datei.<\/a><\/em><br><br><em>Grundkurse\/Leistungskurse (in \u00dcberarbeitung): Klicken Sie <a href=\"https:\/\/bid.lspb.de\/Download\/Document\/1213043\/\">hier zum Anzeigen \/ Download der PDF-Datei<\/a>.<\/em><\/p>\n\n\n\n<p><em>Vertiefungskurse: Klicken Sie <a href=\"https:\/\/bid.lspb.de\/Download\/Document\/1310221\/\">hier zum Anzeigen \/ Download der PDF-Datei<\/a>.<\/em><\/p>\n\n\n\n<h2 class=\"wp-block-heading\"><a id=\"LehrmittelSI\"><\/a>Lehr- und Lernmittel<\/h2>\n\n\n\n<p>In der Oberstufe arbeiten wir mit dem Lehrwerk &#8222;Lambacher Schweizer&#8220; des Klett Verlags.<\/p>\n\n\n\n<p>Auch im Unterricht der Sekundarstufe II arbeiten die Sch\u00fclerinnen und Sch\u00fcler mit zeitgem\u00e4\u00dfer Geometrie-Software und Tabellenkalkulationsprogrammen.<\/p>\n\n\n\n<h2 class=\"wp-block-heading\"><a id=\"Leistungsbewertung\"><\/a>Leistungsbewertungskonzept<\/h2>\n\n\n\n<p>Klicken Sie <a href=\"https:\/\/goerdeler.lspb.de\/wordpress\/wp-content\/uploads\/Fachspezif_Leistungskonzept_Mathematik_GG-28.10.2025-1.pdf\">hier zum Anzeigen \/ Download der PDF-Datei.<\/a><\/p>\n\n\n\n<h2 class=\"wp-block-heading\">F\u00f6rderkonzept<\/h2>\n\n\n\n<p>Klicken Sie <a href=\"https:\/\/goerdeler.lspb.de\/wordpress\/wp-content\/uploads\/Foerderkonzept-Mathematik.pdf\">hier zum Anzeigen \/ Download der PDF-Datei.<\/a><\/p>\n\n\n\n<h2 class=\"wp-block-heading\">Lehrerinnen und Lehrer<\/h2>\n\n\n\n<figure class=\"wp-block-table\"><table><tbody><tr><td>Frau Acar<\/td><td>Mathematik, Biologie<\/td><\/tr><tr><td>Herr Dr. Dell&#8216; Aere<\/td><td>Mathematik, Physik<\/td><\/tr><tr><td>Frau Dohmann<\/td><td>Mathematik, Physik<\/td><\/tr><tr><td>Herr Fritz<\/td><td>Mathematik, Englisch<\/td><\/tr><tr><td>Frau Glaschick<\/td><td>Mathematik, Physik<\/td><\/tr><tr><td>Herr Hauk<\/td><td>Mathematik, Chemie<\/td><\/tr><tr><td>Herr Kaiser<\/td><td>Mathematik, Englisch, Philosophie<\/td><\/tr><tr><td>Frau Koster<\/td><td>Mathematik, Sozialwissenschaft<\/td><\/tr><tr><td>Frau Langer<\/td><td>Mathematik, Biologie<\/td><\/tr><tr><td>Frau Dr. Lee-Steink\u00e4mper<\/td><td>Mathematik, Informatik<\/td><\/tr><tr><td>Frau Michels<\/td><td>Mathematik, Franz\u00f6sisch<\/td><\/tr><tr><td>Herr Mohring<\/td><td>Mathematik, Erdkunde<\/td><\/tr><tr><td>Frau Pruhs<\/td><td>Mathematik, Sport<\/td><\/tr><tr><td>Frau Dr. Sch\u00e4fers<\/td><td>Mathematik, Biologie<\/td><\/tr><tr><td>Herr Szymanski<\/td><td>Mathematik, Sport<\/td><\/tr><tr><td>Herr Teschner<\/td><td>Mathematik, Informatik<\/td><\/tr><\/tbody><\/table><\/figure>\n\n\n\n<h2 class=\"wp-block-heading\"><a id=\"Fachraeume\"><\/a>Fachr\u00e4ume und Ausstattung \/ Lernorte<\/h2>\n\n\n\n<p>Die Fachschaft Mathematik verf\u00fcgt \u00fcber einen eigenen Fachraum, in welchem der Mathematikunterricht der Oberstufe stattfindet.<br><\/p>\n\n\n\n<figure class=\"wp-block-gallery has-nested-images columns-default is-cropped wp-block-gallery-2 is-layout-flex wp-block-gallery-is-layout-flex\"><\/figure>\n\n\n\n<h2 class=\"wp-block-heading\"><a id=\"Projekte\"><\/a>Projekte<\/h2>\n\n\n\n<p>Das schulinterne Curriculum sieht folgende Projekte\/au\u00dferunterrichtliche Aktivit\u00e4ten f\u00fcr die Sekundarstufe I vor:<\/p>\n\n\n\n<figure class=\"wp-block-table\"><table><tbody><tr><td><strong>Stufe<\/strong><\/td><td><strong>Unterrichtsthema<\/strong><\/td><td><strong>Projekt<\/strong><\/td><\/tr><tr><td>5<\/td><td>Gr\u00f6\u00dfen, K\u00f6rper<\/td><td>Messen auf dem Schulgel\u00e4nde, Kantenmodelle bauen<\/td><\/tr><tr><td>7<\/td><td>Zuordnung, Statistik<\/td><td>Tabellenkalkulation, Erhebung und Auswertung von Daten (Umfrage)<\/td><\/tr><tr><td>8<\/td><td>Fl\u00e4chenberechnung<\/td><td>Experimentelle Erkundung von Umfang und Fl\u00e4cheninhalt von Kreisen<\/td><\/tr><\/tbody><\/table><\/figure>\n\n\n\n<p>Des Weiteren besuchen wir aktuelle Ausstellungen und Veranstaltungen im HNF und in der Universit\u00e4t Paderborn.<\/p>\n\n\n\n<h2 class=\"wp-block-heading\"><a id=\"Wettbewerbe\"><\/a>Wettbewerbe<\/h2>\n\n\n\n<figure class=\"wp-block-gallery has-nested-images columns-default is-cropped wp-block-gallery-3 is-layout-flex wp-block-gallery-is-layout-flex\"><\/figure>\n\n\n\n<p>An folgenden Wettbewerben nehmen unsere Sch\u00fclerinnen und Sch\u00fcler regelm\u00e4\u00dfig und erfolgreich teil:<\/p>\n\n\n\n<ul class=\"wp-block-list\">\n<li><a href=\"http:\/\/goerdeler.lspb.de\/wordpress\/profil\/wettbewerbe\/mathematik-olympiade\/\">Mathematik-Olympiade<\/a><\/li>\n\n\n\n<li><a href=\"http:\/\/goerdeler.lspb.de\/wordpress\/profil\/wettbewerbe\/kaenguru-wettbewerb\/\">K\u00e4nguru-Wettbewerb<\/a><\/li>\n\n\n\n<li><a href=\"http:\/\/goerdeler.lspb.de\/wordpress\/profil\/wettbewerbe\/problem-des-monats\/\">PdM &#8211; Problem des Monats<\/a><\/li>\n<\/ul>\n\n\n\n<h2 class=\"wp-block-heading\">Veranstaltungen und Ereignisse<\/h2>\n\n\n<div class=\"wp-block-themeisle-blocks-posts-grid\" id=\"wp-block-themeisle-blocks-posts-grid-4a68ffaa\"><div class=\"is-list\"><div class=\"o-posts-grid-post-blog o-posts-grid-post-plain\"><div class=\"o-posts-grid-post\"><div class=\"o-posts-grid-post-image\"><a href=\"https:\/\/goerdeler.lspb.de\/wordpress\/gute-ergebnisse-beim-kaenguru-wettbewerb-2025\/\"><img loading=\"lazy\" decoding=\"async\" width=\"900\" height=\"675\" src=\"https:\/\/goerdeler.lspb.de\/wordpress\/wp-content\/uploads\/2025-05_23_Kaenguru.jpg\" class=\"attachment-full size-full\" alt=\"Gute Ergebnisse beim K\u00e4nguru-Wettbewerb 2025\" srcset=\"https:\/\/goerdeler.lspb.de\/wordpress\/wp-content\/uploads\/2025-05_23_Kaenguru.jpg 900w, https:\/\/goerdeler.lspb.de\/wordpress\/wp-content\/uploads\/2025-05_23_Kaenguru-300x225.jpg 300w, https:\/\/goerdeler.lspb.de\/wordpress\/wp-content\/uploads\/2025-05_23_Kaenguru-768x576.jpg 768w, https:\/\/goerdeler.lspb.de\/wordpress\/wp-content\/uploads\/2025-05_23_Kaenguru-585x440.jpg 585w, https:\/\/goerdeler.lspb.de\/wordpress\/wp-content\/uploads\/2025-05_23_Kaenguru-230x172.jpg 230w\" sizes=\"(max-width: 900px) 100vw, 900px\" \/><\/a><\/div><div class=\"o-posts-grid-post-body\"><h4 class=\"o-posts-grid-post-title\"><a href=\"https:\/\/goerdeler.lspb.de\/wordpress\/gute-ergebnisse-beim-kaenguru-wettbewerb-2025\/\">Gute Ergebnisse beim K\u00e4nguru-Wettbewerb 2025<\/a><\/h4><div class=\"o-posts-grid-post-description\"><p>Am 20. M\u00e4rz fand in diesem Jahr der internationale K\u00e4nguru-Wettbewerb des Faches Mathematik statt. 83 Sch\u00fclerinnen und Sch\u00fcler unserer Schule stellten sich 75 Minuten den Herausforderungen des kniffligen Multiple Choice Tests. Sie hatten mit einer Ko\u2026<\/p><\/div><\/div><\/div><\/div><div class=\"o-posts-grid-post-blog o-posts-grid-post-plain\"><div class=\"o-posts-grid-post\"><div class=\"o-posts-grid-post-image\"><a href=\"https:\/\/goerdeler.lspb.de\/wordpress\/gute-ergebnisse-beim-kaenguru-wettbewerb-2024\/\"><img loading=\"lazy\" decoding=\"async\" width=\"900\" height=\"675\" src=\"https:\/\/goerdeler.lspb.de\/wordpress\/wp-content\/uploads\/2024-06_15_Kaenguru_IMG_5872.jpg\" class=\"attachment-full size-full\" alt=\"Gute Ergebnisse beim K\u00e4nguru-Wettbewerb 2024\" srcset=\"https:\/\/goerdeler.lspb.de\/wordpress\/wp-content\/uploads\/2024-06_15_Kaenguru_IMG_5872.jpg 900w, https:\/\/goerdeler.lspb.de\/wordpress\/wp-content\/uploads\/2024-06_15_Kaenguru_IMG_5872-300x225.jpg 300w, https:\/\/goerdeler.lspb.de\/wordpress\/wp-content\/uploads\/2024-06_15_Kaenguru_IMG_5872-768x576.jpg 768w, https:\/\/goerdeler.lspb.de\/wordpress\/wp-content\/uploads\/2024-06_15_Kaenguru_IMG_5872-585x440.jpg 585w, https:\/\/goerdeler.lspb.de\/wordpress\/wp-content\/uploads\/2024-06_15_Kaenguru_IMG_5872-230x172.jpg 230w\" sizes=\"(max-width: 900px) 100vw, 900px\" \/><\/a><\/div><div class=\"o-posts-grid-post-body\"><h4 class=\"o-posts-grid-post-title\"><a href=\"https:\/\/goerdeler.lspb.de\/wordpress\/gute-ergebnisse-beim-kaenguru-wettbewerb-2024\/\">Gute Ergebnisse beim K\u00e4nguru-Wettbewerb 2024<\/a><\/h4><div class=\"o-posts-grid-post-description\"><p>Am 18. April fand in diesem Jahr der internationale K\u00e4nguru-Wettbewerb des Faches Mathematik statt. Sage und schreibe 123 Sch\u00fclerinnen und Sch\u00fcler unserer Schule stellten sich 75 Minuten den Herausforderungen des kniffligen Multiple Choice Tests. Die\u2026<\/p><\/div><\/div><\/div><\/div><\/div> <\/div>","protected":false},"excerpt":{"rendered":"<p>&nbsp;&#8222;Eine mathematische Aufgabe kann manchmal genauso unterhaltsam sein wie ein Kreuzwortr\u00e4tselund angespannte geistige Arbeit kann eine ebenso w\u00fcnschenswerte \u00dcbung sein wie ein schnelles Tennisspiel.\u201c &nbsp; George PolyaUngarischer Mathematiker (1887-1985) Sekundarstufe I Curricula Lehr- und Lernmittel In der Sekundarstufe I wird das Lehrwerk &#8222;Lambacher Schweizer&#8220; des Klett Verlags&nbsp;eingesetzt. Ab der 7. Jahrgangsstufe ist ein wissenschaftlicher Taschenrechner [&hellip;]<\/p>\n","protected":false},"author":2,"featured_media":0,"parent":4384,"menu_order":98,"comment_status":"closed","ping_status":"closed","template":"","meta":{"_themeisle_gutenberg_block_has_review":false,"_mc_calendar":[],"footnotes":""},"class_list":["post-4587","page","type-page","status-publish","hentry"],"_links":{"self":[{"href":"https:\/\/goerdeler.lspb.de\/wordpress\/wp-json\/wp\/v2\/pages\/4587","targetHints":{"allow":["GET"]}}],"collection":[{"href":"https:\/\/goerdeler.lspb.de\/wordpress\/wp-json\/wp\/v2\/pages"}],"about":[{"href":"https:\/\/goerdeler.lspb.de\/wordpress\/wp-json\/wp\/v2\/types\/page"}],"author":[{"embeddable":true,"href":"https:\/\/goerdeler.lspb.de\/wordpress\/wp-json\/wp\/v2\/users\/2"}],"replies":[{"embeddable":true,"href":"https:\/\/goerdeler.lspb.de\/wordpress\/wp-json\/wp\/v2\/comments?post=4587"}],"version-history":[{"count":66,"href":"https:\/\/goerdeler.lspb.de\/wordpress\/wp-json\/wp\/v2\/pages\/4587\/revisions"}],"predecessor-version":[{"id":18596,"href":"https:\/\/goerdeler.lspb.de\/wordpress\/wp-json\/wp\/v2\/pages\/4587\/revisions\/18596"}],"up":[{"embeddable":true,"href":"https:\/\/goerdeler.lspb.de\/wordpress\/wp-json\/wp\/v2\/pages\/4384"}],"wp:attachment":[{"href":"https:\/\/goerdeler.lspb.de\/wordpress\/wp-json\/wp\/v2\/media?parent=4587"}],"curies":[{"name":"wp","href":"https:\/\/api.w.org\/{rel}","templated":true}]}}