{"id":4596,"date":"2015-06-02T10:22:10","date_gmt":"2015-06-02T08:22:10","guid":{"rendered":"http:\/\/goerdeler.lspb.de\/wordpress\/?page_id=4596"},"modified":"2025-10-01T18:59:28","modified_gmt":"2025-10-01T16:59:28","slug":"mathematik-olympiade","status":"publish","type":"page","link":"https:\/\/goerdeler.lspb.de\/wordpress\/profil\/wettbewerbe\/mathematik-olympiade\/","title":{"rendered":"Mathematik-Olympiade"},"content":{"rendered":"\n<p>Jedes Jahr findet im September bundesweit die Mathematikolympiade statt.<\/p>\n\n\n\n<p>Die Mathematikolympiade bietet allen interessierten Sch\u00fclerinnen und Sch\u00fclern die M\u00f6glichkeit, ihre besondere Leistungsf\u00e4higkeit auf mathematischem Gebiet unter Beweis zu stellen. Der Wettbewerb erfordert logisches Denken, Kombinationsf\u00e4higkeit und kreativen Umgang mit mathematischen Methoden. In der ersten Runde haben die Sch\u00fclerinnen und Sch\u00fcler die M\u00f6glichkeit vier Aufgaben, je nach Altersklasse gestaffelt, in zwei Wochen zu Hause zu bearbeiten. Bei erfolgreicher Teilnahme kann man weiter in die Regional-, Landes- oder sogar Bundesebene aufsteigen. Diese Runden werden dann als Klausurwettbewerb gestaltet.<br>Weitere Informationen gibt es auf der Wettbewerbsseite des Vereins &#8222;Mathematikolympiaden e.v.&#8220; (<a href=\"https:\/\/www.mathematik-olympiaden.de\/\">hier<\/a>). <\/p>\n\n\n\n<p><\/p>\n","protected":false},"excerpt":{"rendered":"<p>Jedes Jahr findet im September bundesweit die Mathematikolympiade statt. Die Mathematikolympiade bietet allen interessierten Sch\u00fclerinnen und Sch\u00fclern die M\u00f6glichkeit, ihre besondere Leistungsf\u00e4higkeit auf mathematischem Gebiet unter Beweis zu stellen. Der Wettbewerb erfordert logisches Denken, Kombinationsf\u00e4higkeit und kreativen Umgang mit mathematischen Methoden. In der ersten Runde haben die Sch\u00fclerinnen und Sch\u00fcler die M\u00f6glichkeit vier Aufgaben, je [&hellip;]<\/p>\n","protected":false},"author":2,"featured_media":0,"parent":3419,"menu_order":42,"comment_status":"closed","ping_status":"closed","template":"","meta":{"_themeisle_gutenberg_block_has_review":false,"_mc_calendar":[],"footnotes":""},"class_list":["post-4596","page","type-page","status-publish","hentry"],"_links":{"self":[{"href":"https:\/\/goerdeler.lspb.de\/wordpress\/wp-json\/wp\/v2\/pages\/4596","targetHints":{"allow":["GET"]}}],"collection":[{"href":"https:\/\/goerdeler.lspb.de\/wordpress\/wp-json\/wp\/v2\/pages"}],"about":[{"href":"https:\/\/goerdeler.lspb.de\/wordpress\/wp-json\/wp\/v2\/types\/page"}],"author":[{"embeddable":true,"href":"https:\/\/goerdeler.lspb.de\/wordpress\/wp-json\/wp\/v2\/users\/2"}],"replies":[{"embeddable":true,"href":"https:\/\/goerdeler.lspb.de\/wordpress\/wp-json\/wp\/v2\/comments?post=4596"}],"version-history":[{"count":6,"href":"https:\/\/goerdeler.lspb.de\/wordpress\/wp-json\/wp\/v2\/pages\/4596\/revisions"}],"predecessor-version":[{"id":18335,"href":"https:\/\/goerdeler.lspb.de\/wordpress\/wp-json\/wp\/v2\/pages\/4596\/revisions\/18335"}],"up":[{"embeddable":true,"href":"https:\/\/goerdeler.lspb.de\/wordpress\/wp-json\/wp\/v2\/pages\/3419"}],"wp:attachment":[{"href":"https:\/\/goerdeler.lspb.de\/wordpress\/wp-json\/wp\/v2\/media?parent=4596"}],"curies":[{"name":"wp","href":"https:\/\/api.w.org\/{rel}","templated":true}]}}