{"id":4598,"date":"2015-06-03T08:10:02","date_gmt":"2015-06-03T06:10:02","guid":{"rendered":"http:\/\/goerdeler.lspb.de\/wordpress\/?page_id=4598"},"modified":"2025-09-28T09:50:29","modified_gmt":"2025-09-28T07:50:29","slug":"kaenguru-wettbewerb","status":"publish","type":"page","link":"https:\/\/goerdeler.lspb.de\/wordpress\/profil\/wettbewerbe\/kaenguru-wettbewerb\/","title":{"rendered":"K\u00e4nguru-Wettbewerb"},"content":{"rendered":"<p>Ein K\u00e4nguru fordert zu mathematischen H\u00f6chstleistungen heraus. Dritter Donnerstag im M\u00e4rz \u2013 nicht nur am Goerdeler, sondern in ganz Europa und inzwischen auch vielen L\u00e4ndern aus Amerika und Asien &#8211; stellen sich Sch\u00fcler:innen der Klassen 5 bis 13 jedes Jahr mathematischen Heraus\u00adforderungen.<\/p>\n<p>Das Mitmachen an diesem urspr\u00fcnglich aus Australien stammenden Wettbewerb ist freiwillig. Bei 24 bzw. 30 Aufgaben unterschiedlichen Schwierigkeitsgrads gilt es, jeweils aus f\u00fcnf vorgegebenen L\u00f6sungsm\u00f6glichkeiten inner\u00adhalb von 75 Minuten eine \u2013 einzig richtige \u2013 herauszufinden. Um die Aufgaben des Wettbewerbs zu bew\u00e4ltigen, sind sowohl Grundkenntnisse aus dem Mathematikunterricht als auch tieferes Verst\u00e4ndnis des Gelernten und der kreative Umgang damit notwendig. Dar\u00fcber hinaus sind etwas Pfiffigkeit und gesunder Menschen\u00adverstand gefragt. Gleichzeit trainieren die Teilnehmer:innen ihre mathematische Arbeitsweise. Ziel des Wettbewerbs ist es, Freude am mathematischen Denken und Arbeiten zu unterst\u00fctzen und zu wecken.<\/p>\n<p>Die Aufgaben regen zum Knobeln, Gr\u00fcbeln, Rechnen und Sch\u00e4tzen an. Die bei einigen Sch\u00fcler:innen vorhandene Furcht vor dem Ernsthaften, Strengen, Trockenen der Mathematik kann auf diese Weise aufgebrochen werden.<br \/>\nAlle Teilnehmer:innen werden neben einer Urkunde mit einem Teilnehmerpreis geehrt. An jeder Schule erh\u00e4lt die Teilnehmer:in mit dem weitesten K\u00e4ngurusprung (d.h. die meisten in Folge richtig gel\u00f6sten Aufgaben) ein T-Shirt. Au\u00dferdem gibt es besondere Preise (Spiele, B\u00fccher) f\u00fcr Teilnehmer:innen, die sehr viele Punkte erzielt haben.<\/p>\n<p>Weitere Informationen gibt es auf der Wettbewerbsseite des Vereins &#8222;Mathematikwettbewerb K\u00e4nguru e.V.&#8220; (<a href=\"https:\/\/www.mathe-kaenguru.de\/\">hier<\/a>).<\/p>\n","protected":false},"excerpt":{"rendered":"<p>Ein K\u00e4nguru fordert zu mathematischen H\u00f6chstleistungen heraus. Dritter Donnerstag im M\u00e4rz \u2013 nicht nur am Goerdeler, sondern in ganz Europa und inzwischen auch vielen L\u00e4ndern aus Amerika und Asien &#8211; stellen sich Sch\u00fcler:innen der Klassen 5 bis 13 jedes Jahr mathematischen Heraus\u00adforderungen. Das Mitmachen an diesem urspr\u00fcnglich aus Australien stammenden Wettbewerb ist freiwillig. Bei 24 [&hellip;]<\/p>\n","protected":false},"author":2,"featured_media":0,"parent":3419,"menu_order":35,"comment_status":"closed","ping_status":"closed","template":"","meta":{"_themeisle_gutenberg_block_has_review":false,"_mc_calendar":[],"footnotes":""},"class_list":["post-4598","page","type-page","status-publish","hentry"],"_links":{"self":[{"href":"https:\/\/goerdeler.lspb.de\/wordpress\/wp-json\/wp\/v2\/pages\/4598","targetHints":{"allow":["GET"]}}],"collection":[{"href":"https:\/\/goerdeler.lspb.de\/wordpress\/wp-json\/wp\/v2\/pages"}],"about":[{"href":"https:\/\/goerdeler.lspb.de\/wordpress\/wp-json\/wp\/v2\/types\/page"}],"author":[{"embeddable":true,"href":"https:\/\/goerdeler.lspb.de\/wordpress\/wp-json\/wp\/v2\/users\/2"}],"replies":[{"embeddable":true,"href":"https:\/\/goerdeler.lspb.de\/wordpress\/wp-json\/wp\/v2\/comments?post=4598"}],"version-history":[{"count":5,"href":"https:\/\/goerdeler.lspb.de\/wordpress\/wp-json\/wp\/v2\/pages\/4598\/revisions"}],"predecessor-version":[{"id":18285,"href":"https:\/\/goerdeler.lspb.de\/wordpress\/wp-json\/wp\/v2\/pages\/4598\/revisions\/18285"}],"up":[{"embeddable":true,"href":"https:\/\/goerdeler.lspb.de\/wordpress\/wp-json\/wp\/v2\/pages\/3419"}],"wp:attachment":[{"href":"https:\/\/goerdeler.lspb.de\/wordpress\/wp-json\/wp\/v2\/media?parent=4598"}],"curies":[{"name":"wp","href":"https:\/\/api.w.org\/{rel}","templated":true}]}}