{"id":4714,"date":"2016-01-14T15:42:16","date_gmt":"2016-01-14T14:42:16","guid":{"rendered":"http:\/\/goerdeler.lspb.de\/wordpress\/?page_id=4714"},"modified":"2026-03-26T08:57:09","modified_gmt":"2026-03-26T07:57:09","slug":"englisch","status":"publish","type":"page","link":"https:\/\/goerdeler.lspb.de\/wordpress\/unterricht\/englisch\/","title":{"rendered":"Englisch"},"content":{"rendered":"\n<h2 class=\"wp-block-heading has-text-align-left\"><strong><em>Englisch am Goerdeler-Gymnasium: Sprache verbindet die Welt<\/em><\/strong><\/h2>\n\n\n\n<p class=\"has-text-align-left\"><strong>Willkommen im Fachbereich Englisch!&nbsp;<\/strong><br>Englisch ist die Weltsprache des 21. Jahrhunderts und \u00f6ffnet unseren Sch\u00fcler:innen T\u00fcren zu internationaler Kommunikation, Kultur und Karriere. Am Goerdeler-Gymnasium legen wir gro\u00dfen Wert darauf, dass unsere Sch\u00fcler:innen nicht nur sprachliche Kompetenzen erlernen sondern auch interkulturelles Verst\u00e4ndnis entwickeln.<\/p>\n\n\n\n<p>Was macht unseren Englischunterricht besonders?<\/p>\n\n\n\n<p>&#8211; <strong>Sprachliche Kompetenz:<\/strong> Ab der 5. Klasse begleiten wir unsere Sch\u00fcler:innen auf ihrem Weg, Englisch als zweite Weltsprache sicher und souver\u00e4n zu beherrschen. Neben Grammatik und Vokabular legen wir besonderen Fokus auf das freie Sprechen und Schreiben.<\/p>\n\n\n\n<p>&#8211; <strong>Kommunikative F\u00e4higkeiten:<\/strong> In interaktiven \u00dcbungen wie Rollenspielen, Diskussionen und Pr\u00e4sentationen wird die Sprache lebendig und praxisnah vermittelt. So werden Selbstbewusstsein und die Freude am Sprechen gef\u00f6rdert.<\/p>\n\n\n\n<p>&#8211; <strong>Literatur und Kultur:<\/strong> Durch spannende Lekt\u00fcren, Filmprojekte und Diskussionen lernen unsere Sch\u00fcler:innen nicht nur die Sprache, sondern auch die englischsprachige Kultur und Geschichte kennen. Von Klassikern der britischen und amerikanischen Literatur bis hin zu aktuellen Themen.<\/p>\n\n\n\n<p>&#8211; <strong>Sch\u00fcleraustausch<\/strong>: Unsere besondere Schulpartnerschaft mit der Attenborough School in Sennelager und interessante Austauschprogramme ins europ\u00e4ische Ausland durch das Erasmus+ Programm bieten die M\u00f6glichkeit, Land und Leute hautnah zu erleben, sowie die englische Sprache authentisch zu nutzen. Die interkulturellen Erfahrungen sind unvergesslich und helfen, die Sprachkenntnisse weiter zu vertiefen.<\/p>\n\n\n\n<p>&#8211; <strong>Fokus auf Pr\u00fcfungen<\/strong>: Egal ob Abitur oder Sprachzertifikate wie das Cambridge Certificate \u2013 wir bereiten unsere Sch\u00fcler:innen gezielt auf alle Anforderungen vor und begleiten sie auf dem Weg zum erfolgreichen Abschluss.<\/p>\n\n\n\n<p>Englisch ist mehr als ein Schulfach \u2013 es ist der Schl\u00fcssel zur globalen Welt. Wir am Goerdeler-Gymnasium vermitteln nicht nur Sprachkenntnisse, sondern auch Weltoffenheit und Neugierde auf internationale Zusammenh\u00e4nge.&nbsp;<\/p>\n\n\n\n<h2 class=\"wp-block-heading has-text-align-center\"><strong><em>Let\u2019s get started \u2013 join us on the journey of mastering English!<\/em><\/strong><br><\/h2>\n\n\n\n<p><\/p>\n\n\n\n<h2 class=\"wp-block-heading\">Sekundarstufe I<\/h2>\n\n\n\n<h3 class=\"wp-block-heading\">Curriculum der Klassen 5-10 mit Leistungsbewertungskonzept<\/h3>\n\n\n\n<p>Klicken Sie\u00a0<a href=\"https:\/\/goerdeler.lspb.de\/wordpress\/wp-content\/uploads\/SiLP_S-I_GG_Englisch_Stand_2026_03_17.pdf\">hier zum Anzeigen \/ Download der PDF-Datei<\/a>.<\/p>\n\n\n\n<p><\/p>\n\n\n\n<h3 class=\"wp-block-heading\"><a id=\"LehrmittelSI\"><\/a>Lehr- und Lernmittel<\/h3>\n\n\n\n<p>Lehrwek:  English G Access G9 (Cornelsen)<\/p>\n\n\n\n<h2 class=\"wp-block-heading\">Sekundarstufe II<\/h2>\n\n\n\n<h3 class=\"wp-block-heading\">Curriculum der Jahrgangsstufen EF, Q1, Q2<\/h3>\n\n\n\n<p>Klicken Sie <a href=\"https:\/\/goerdeler.lspb.de\/wordpress\/wp-content\/uploads\/SiLP_S-II_Englisch_Stand_2025_03_11.pdf\">hier zum Anzeigen \/ Download der PDF-Datei<\/a>.<\/p>\n\n\n\n<figure class=\"wp-block-gallery has-nested-images columns-default is-cropped wp-block-gallery-1 is-layout-flex wp-block-gallery-is-layout-flex\"><\/figure>\n\n\n\n<h3 class=\"wp-block-heading\"><a id=\"LehrmittelSII\"><\/a>Lehr- und Lernmittel<\/h3>\n\n\n\n<p>In den Jahrgangsstufen Q1 und Q2 werden die Themen des Zentralabiturs durch ausgew\u00e4hlte, aktuelle Unterrichtsmaterialien vermittelt.<\/p>\n\n\n\n<p><\/p>\n\n\n\n<h2 class=\"wp-block-heading\"><a id=\"Lehrer\"><\/a>Lehrerinnen und Lehrer<\/h2>\n\n\n\n<ul class=\"wp-block-list\">\n<li>Frau Berger<\/li>\n\n\n\n<li>Frau Delgado<\/li>\n\n\n\n<li>Herr Fritz<\/li>\n\n\n\n<li>Herr Kaiser<\/li>\n\n\n\n<li>Herr Kost<\/li>\n\n\n\n<li>Frau Lambrechts<\/li>\n\n\n\n<li>Frau Nolte<\/li>\n\n\n\n<li>Frau Reineke<\/li>\n\n\n\n<li>Frau Rethmeier<\/li>\n\n\n\n<li>Herr Schumacher, F.<\/li>\n\n\n\n<li>Frau Stuke<\/li>\n\n\n\n<li>Frau Weber<\/li>\n<\/ul>\n\n\n\n<h2 class=\"wp-block-heading\"><a id=\"Fachraeume\"><\/a><\/h2>\n\n\n\n<h2 class=\"wp-block-heading\"><a id=\"Projekte\"><\/a>Projekte<\/h2>\n\n\n\n<h3 class=\"wp-block-heading\">Austauschprogramm f\u00fcr die Klasse 6 des Goerdeler-Gymnasiums&nbsp;mit der Attenborough School in Sennelager<\/h3>\n\n\n\n<p><br>Wir haben einen lebendigen Austausch  mit der englischen Attenborough School in Sennelager.<br>N\u00e4here Inhormationen und Einblicke finden sich <a href=\"https:\/\/goerdeler.lspb.de\/wordpress\/profil\/schueleraustausch\/attenborough-school-in-sennelager\/\">hier.<\/a><\/p>\n\n\n\n<h3 class=\"wp-block-heading\">Cambridge-Sprachzertifikat<\/h3>\n\n\n\n<p>Am Goerdeler-Gymnasium werden Vorbereitungskurse f\u00fcr das &#8222;Cambridge Certificate&#8220; angeboten. Genauere Informationen dazu finden Sie <u><a href=\"https:\/\/goerdeler.lspb.de\/wordpress\/profil\/arbeitsgemeinschaften\/ag-cambridge-sprachzertifikat\/\">hier.<\/a><\/u><\/p>\n\n\n\n<h2 class=\"wp-block-heading\">Veranstaltungen und Ereignisse<\/h2>\n\n\n<div class=\"wp-block-themeisle-blocks-posts-grid\" id=\"wp-block-themeisle-blocks-posts-grid-4a68ffaa\"><div class=\"is-list\"><div class=\"o-posts-grid-post-blog o-posts-grid-post-plain\"><div class=\"o-posts-grid-post\"><div class=\"o-posts-grid-post-image\"><a href=\"https:\/\/goerdeler.lspb.de\/wordpress\/wildwest-feeling-in-unserer-aula-das-phoenix-theatre-zu-gas\/\"><img loading=\"lazy\" decoding=\"async\" width=\"900\" height=\"600\" src=\"https:\/\/goerdeler.lspb.de\/wordpress\/wp-content\/uploads\/1_PhoenixTheatre.jpg\" class=\"attachment-full size-full\" alt=\"Wildwest-Feeling in unserer Aula \u2013 das Phoenix Theatre zu Gast\" srcset=\"https:\/\/goerdeler.lspb.de\/wordpress\/wp-content\/uploads\/1_PhoenixTheatre.jpg 900w, https:\/\/goerdeler.lspb.de\/wordpress\/wp-content\/uploads\/1_PhoenixTheatre-300x200.jpg 300w, https:\/\/goerdeler.lspb.de\/wordpress\/wp-content\/uploads\/1_PhoenixTheatre-768x512.jpg 768w\" sizes=\"(max-width: 900px) 100vw, 900px\" \/><\/a><\/div><div class=\"o-posts-grid-post-body\"><h4 class=\"o-posts-grid-post-title\"><a href=\"https:\/\/goerdeler.lspb.de\/wordpress\/wildwest-feeling-in-unserer-aula-das-phoenix-theatre-zu-gas\/\">Wildwest-Feeling in unserer Aula \u2013 das Phoenix Theatre zu Gast<\/a><\/h4><div class=\"o-posts-grid-post-description\"><p>Die Fachschaft Englisch freut sich sehr, dass sie auch in diesem Jahr wieder das englischsprachige Theaterensemble des Phoenix Theatre an unserer Schule begr\u00fc\u00dfen durfte. Am 01. Oktober 2025 verwandelte sich unsere Aula in eine Westernb\u00fchne: Sheriff P\u2026<\/p><\/div><\/div><\/div><\/div><div class=\"o-posts-grid-post-blog o-posts-grid-post-plain\"><div class=\"o-posts-grid-post\"><div class=\"o-posts-grid-post-image\"><a href=\"https:\/\/goerdeler.lspb.de\/wordpress\/reading-royalty-in-year-6-vorlesewettbewerb-der-paderborner-gymnasien\/\"><img loading=\"lazy\" decoding=\"async\" width=\"900\" height=\"675\" src=\"https:\/\/goerdeler.lspb.de\/wordpress\/wp-content\/uploads\/2025-06-29_Vorlesewettbewerb_1.jpg\" class=\"attachment-full size-full\" alt=\"\u201cReading Royalty in Year 6\u201c\u2013Vorlesewettbewerb der Paderborner Gymnasien\" srcset=\"https:\/\/goerdeler.lspb.de\/wordpress\/wp-content\/uploads\/2025-06-29_Vorlesewettbewerb_1.jpg 900w, https:\/\/goerdeler.lspb.de\/wordpress\/wp-content\/uploads\/2025-06-29_Vorlesewettbewerb_1-300x225.jpg 300w, https:\/\/goerdeler.lspb.de\/wordpress\/wp-content\/uploads\/2025-06-29_Vorlesewettbewerb_1-768x576.jpg 768w, https:\/\/goerdeler.lspb.de\/wordpress\/wp-content\/uploads\/2025-06-29_Vorlesewettbewerb_1-585x440.jpg 585w, https:\/\/goerdeler.lspb.de\/wordpress\/wp-content\/uploads\/2025-06-29_Vorlesewettbewerb_1-230x172.jpg 230w\" sizes=\"(max-width: 900px) 100vw, 900px\" \/><\/a><\/div><div class=\"o-posts-grid-post-body\"><h4 class=\"o-posts-grid-post-title\"><a href=\"https:\/\/goerdeler.lspb.de\/wordpress\/reading-royalty-in-year-6-vorlesewettbewerb-der-paderborner-gymnasien\/\">\u201cReading Royalty in Year 6\u201c\u2013Vorlesewettbewerb der Paderborner Gymnasien<\/a><\/h4><div class=\"o-posts-grid-post-description\"><p>Am heutigen Samstag, den 28.06.2025 wurde es spannend f\u00fcr acht Sechstkl\u00e4ssler:innen aus dem Stadt- und Kreisgebiet Paderborn: Beim allj\u00e4hrlichen Vorlesewettbewerb des Anglo-German Club im gro\u00dfen Saal des Paderborner Rathauses traten die besten jungen\u2026<\/p><\/div><\/div><\/div><\/div><div class=\"o-posts-grid-post-blog o-posts-grid-post-plain\"><div class=\"o-posts-grid-post\"><div class=\"o-posts-grid-post-image\"><a href=\"https:\/\/goerdeler.lspb.de\/wordpress\/training-day-mit-den-paderborn-dolphins\/\"><img loading=\"lazy\" decoding=\"async\" width=\"900\" height=\"675\" src=\"https:\/\/goerdeler.lspb.de\/wordpress\/wp-content\/uploads\/2025-05-22_Attenborough_1.jpg\" class=\"attachment-full size-full\" alt=\"Training-Day mit den Paderborn Dolphins\" srcset=\"https:\/\/goerdeler.lspb.de\/wordpress\/wp-content\/uploads\/2025-05-22_Attenborough_1.jpg 900w, https:\/\/goerdeler.lspb.de\/wordpress\/wp-content\/uploads\/2025-05-22_Attenborough_1-300x225.jpg 300w, https:\/\/goerdeler.lspb.de\/wordpress\/wp-content\/uploads\/2025-05-22_Attenborough_1-768x576.jpg 768w, https:\/\/goerdeler.lspb.de\/wordpress\/wp-content\/uploads\/2025-05-22_Attenborough_1-585x440.jpg 585w, https:\/\/goerdeler.lspb.de\/wordpress\/wp-content\/uploads\/2025-05-22_Attenborough_1-230x172.jpg 230w\" sizes=\"(max-width: 900px) 100vw, 900px\" \/><\/a><\/div><div class=\"o-posts-grid-post-body\"><h4 class=\"o-posts-grid-post-title\"><a href=\"https:\/\/goerdeler.lspb.de\/wordpress\/training-day-mit-den-paderborn-dolphins\/\">Training-Day mit den Paderborn Dolphins<\/a><\/h4><div class=\"o-posts-grid-post-description\"><p>Am 22.Mai waren wieder unsere Freunde von der Attenborough School in Sennelager bei uns zu Gast. Auf dem Aktivit\u00e4tenplan stand etwas ganz Besonderes: ein American Football Training mit zwei Spielern der Paderborn Dolphins, die mit unserer Schule eine\u2026<\/p><\/div><\/div><\/div><\/div><div class=\"o-posts-grid-post-blog o-posts-grid-post-plain\"><div class=\"o-posts-grid-post\"><div class=\"o-posts-grid-post-image\"><a href=\"https:\/\/goerdeler.lspb.de\/wordpress\/englischer-vorlesewettbewerb\/\"><img loading=\"lazy\" decoding=\"async\" width=\"900\" height=\"675\" src=\"https:\/\/goerdeler.lspb.de\/wordpress\/wp-content\/uploads\/2025-04-30_Vorlesewettbewerb_Englisch.jpg\" class=\"attachment-full size-full\" alt=\"Englischer Vorlesewettbewerb\" srcset=\"https:\/\/goerdeler.lspb.de\/wordpress\/wp-content\/uploads\/2025-04-30_Vorlesewettbewerb_Englisch.jpg 900w, https:\/\/goerdeler.lspb.de\/wordpress\/wp-content\/uploads\/2025-04-30_Vorlesewettbewerb_Englisch-300x225.jpg 300w, https:\/\/goerdeler.lspb.de\/wordpress\/wp-content\/uploads\/2025-04-30_Vorlesewettbewerb_Englisch-768x576.jpg 768w, https:\/\/goerdeler.lspb.de\/wordpress\/wp-content\/uploads\/2025-04-30_Vorlesewettbewerb_Englisch-585x440.jpg 585w, https:\/\/goerdeler.lspb.de\/wordpress\/wp-content\/uploads\/2025-04-30_Vorlesewettbewerb_Englisch-230x172.jpg 230w\" sizes=\"(max-width: 900px) 100vw, 900px\" \/><\/a><\/div><div class=\"o-posts-grid-post-body\"><h4 class=\"o-posts-grid-post-title\"><a href=\"https:\/\/goerdeler.lspb.de\/wordpress\/englischer-vorlesewettbewerb\/\">Englischer Vorlesewettbewerb<\/a><\/h4><div class=\"o-posts-grid-post-description\"><p>Zum ersten Mal fand am 29. April 2025 am Goerdeler-Gymnasium ein englischer Vorlesewettbewerb f\u00fcr die sechsten Klassen statt. In einem spannenden Durchgang traten die Klassensieger:innen gegeneinander an. Jede Teilnehmerin und jeder Teilnehmer las zu\u2026<\/p><\/div><\/div><\/div><\/div><div class=\"o-posts-grid-post-blog o-posts-grid-post-plain\"><div class=\"o-posts-grid-post\"><div class=\"o-posts-grid-post-image\"><a href=\"https:\/\/goerdeler.lspb.de\/wordpress\/austauschtag-mit-der-attenborough-school\/\"><img loading=\"lazy\" decoding=\"async\" width=\"900\" height=\"675\" src=\"https:\/\/goerdeler.lspb.de\/wordpress\/wp-content\/uploads\/2025-03-10_Attenborough_1.jpg\" class=\"attachment-full size-full\" alt=\"Austauschtag mit der Attenborough School\" srcset=\"https:\/\/goerdeler.lspb.de\/wordpress\/wp-content\/uploads\/2025-03-10_Attenborough_1.jpg 900w, https:\/\/goerdeler.lspb.de\/wordpress\/wp-content\/uploads\/2025-03-10_Attenborough_1-300x225.jpg 300w, https:\/\/goerdeler.lspb.de\/wordpress\/wp-content\/uploads\/2025-03-10_Attenborough_1-768x576.jpg 768w, https:\/\/goerdeler.lspb.de\/wordpress\/wp-content\/uploads\/2025-03-10_Attenborough_1-585x440.jpg 585w, https:\/\/goerdeler.lspb.de\/wordpress\/wp-content\/uploads\/2025-03-10_Attenborough_1-230x172.jpg 230w\" sizes=\"(max-width: 900px) 100vw, 900px\" \/><\/a><\/div><div class=\"o-posts-grid-post-body\"><h4 class=\"o-posts-grid-post-title\"><a href=\"https:\/\/goerdeler.lspb.de\/wordpress\/austauschtag-mit-der-attenborough-school\/\">Austauschtag mit der Attenborough School<\/a><\/h4><div class=\"o-posts-grid-post-description\"><p>Am 6. M\u00e4rz war es wieder soweit: eine Gruppe von 15 Sch\u00fcler:innen unserer 6. Klassen fuhr zu ihrer Partnerschule, der Attenborough School, nach Sennelager, um dort gemeinsam einen Tag zu verbringen. Bei strahlendem Sonnenschein und fr\u00fchlingshaften Te\u2026<\/p><\/div><\/div><\/div><\/div><div class=\"o-posts-grid-post-blog o-posts-grid-post-plain\"><div class=\"o-posts-grid-post\"><div class=\"o-posts-grid-post-image\"><a href=\"https:\/\/goerdeler.lspb.de\/wordpress\/welcome-to-goerdeler-austausch-mit-der-attenborough-school\/\"><img loading=\"lazy\" decoding=\"async\" width=\"900\" height=\"675\" src=\"https:\/\/goerdeler.lspb.de\/wordpress\/wp-content\/uploads\/2024-09-26_Attenborough_1.jpg\" class=\"attachment-full size-full\" alt=\"Welcome to Goerdeler! \u00a0&#8211; Austausch mit der Attenborough School\" srcset=\"https:\/\/goerdeler.lspb.de\/wordpress\/wp-content\/uploads\/2024-09-26_Attenborough_1.jpg 900w, https:\/\/goerdeler.lspb.de\/wordpress\/wp-content\/uploads\/2024-09-26_Attenborough_1-300x225.jpg 300w, https:\/\/goerdeler.lspb.de\/wordpress\/wp-content\/uploads\/2024-09-26_Attenborough_1-768x576.jpg 768w, https:\/\/goerdeler.lspb.de\/wordpress\/wp-content\/uploads\/2024-09-26_Attenborough_1-585x440.jpg 585w, https:\/\/goerdeler.lspb.de\/wordpress\/wp-content\/uploads\/2024-09-26_Attenborough_1-230x172.jpg 230w\" sizes=\"(max-width: 900px) 100vw, 900px\" \/><\/a><\/div><div class=\"o-posts-grid-post-body\"><h4 class=\"o-posts-grid-post-title\"><a href=\"https:\/\/goerdeler.lspb.de\/wordpress\/welcome-to-goerdeler-austausch-mit-der-attenborough-school\/\">Welcome to Goerdeler! \u00a0&#8211; Austausch mit der Attenborough School<\/a><\/h4><div class=\"o-posts-grid-post-description\"><p>Am 26. September konnten wir zum ersten Mal in diesem Schuljahr unsere Freunde von der Attenborough School bei uns an der Schule begr\u00fc\u00dfen. Insgesamt 32 Sch\u00fcler:innen beider Schulen waren sehr gespannt auf diesen Tag und auf die jeweiligen Austauschpa\u2026<\/p><\/div><\/div><\/div><\/div><\/div> <\/div>","protected":false},"excerpt":{"rendered":"<p>Englisch am Goerdeler-Gymnasium: Sprache verbindet die Welt Willkommen im Fachbereich Englisch!&nbsp;Englisch ist die Weltsprache des 21. Jahrhunderts und \u00f6ffnet unseren Sch\u00fcler:innen T\u00fcren zu internationaler Kommunikation, Kultur und Karriere. Am Goerdeler-Gymnasium legen wir gro\u00dfen Wert darauf, dass unsere Sch\u00fcler:innen nicht nur sprachliche Kompetenzen erlernen sondern auch interkulturelles Verst\u00e4ndnis entwickeln. Was macht unseren Englischunterricht besonders? &#8211; Sprachliche [&hellip;]<\/p>\n","protected":false},"author":2,"featured_media":0,"parent":4384,"menu_order":93,"comment_status":"closed","ping_status":"closed","template":"","meta":{"_themeisle_gutenberg_block_has_review":false,"_mc_calendar":[],"footnotes":""},"class_list":["post-4714","page","type-page","status-publish","hentry"],"_links":{"self":[{"href":"https:\/\/goerdeler.lspb.de\/wordpress\/wp-json\/wp\/v2\/pages\/4714","targetHints":{"allow":["GET"]}}],"collection":[{"href":"https:\/\/goerdeler.lspb.de\/wordpress\/wp-json\/wp\/v2\/pages"}],"about":[{"href":"https:\/\/goerdeler.lspb.de\/wordpress\/wp-json\/wp\/v2\/types\/page"}],"author":[{"embeddable":true,"href":"https:\/\/goerdeler.lspb.de\/wordpress\/wp-json\/wp\/v2\/users\/2"}],"replies":[{"embeddable":true,"href":"https:\/\/goerdeler.lspb.de\/wordpress\/wp-json\/wp\/v2\/comments?post=4714"}],"version-history":[{"count":58,"href":"https:\/\/goerdeler.lspb.de\/wordpress\/wp-json\/wp\/v2\/pages\/4714\/revisions"}],"predecessor-version":[{"id":19434,"href":"https:\/\/goerdeler.lspb.de\/wordpress\/wp-json\/wp\/v2\/pages\/4714\/revisions\/19434"}],"up":[{"embeddable":true,"href":"https:\/\/goerdeler.lspb.de\/wordpress\/wp-json\/wp\/v2\/pages\/4384"}],"wp:attachment":[{"href":"https:\/\/goerdeler.lspb.de\/wordpress\/wp-json\/wp\/v2\/media?parent=4714"}],"curies":[{"name":"wp","href":"https:\/\/api.w.org\/{rel}","templated":true}]}}